{"id":18592,"date":"2022-12-12T16:14:41","date_gmt":"2022-12-14T12:54:27","guid":{"rendered":"https:\/\/www.swisstabletennis.ch\/?post_type=product&#038;p=18592"},"modified":"2023-07-13T22:18:39","modified_gmt":"2023-07-13T20:18:39","slug":"donic-sac-a-dos-rhythm","status":"publish","type":"product","link":"https:\/\/www.swisstabletennistest.ch\/fr\/produit\/donic-sac-a-dos-rhythm\/","title":{"rendered":"Donic Sac \u00e0 dos Rhythm"},"content":{"rendered":"<p>Compartiment principal spacieux et poche frontale zipp\u00e9e.<br \/>\nMat\u00e9riau de haute qualit\u00e9 en polyester 600D m\u00e9lang\u00e9.<\/p>\n<p>Taille : env. 45 x 32 x 19 cm<\/p>\n","protected":false},"excerpt":{"rendered":"<p>Compartiment principal spacieux et poche frontale zipp\u00e9e. Mat\u00e9riau de haute qualit\u00e9 en polyester 600D m\u00e9lang\u00e9. Taille : env. 45 x&hellip;<\/p>\n","protected":false},"featured_media":18493,"template":"","meta":{"_monsterinsights_skip_tracking":false,"_monsterinsights_sitenote_active":false,"_monsterinsights_sitenote_note":"","_monsterinsights_sitenote_category":0},"product_brand":[],"product_cat":[130],"product_tag":[],"class_list":{"0":"post-18592","1":"product","2":"type-product","3":"status-publish","4":"has-post-thumbnail","6":"product_cat-vetements-pour-cadres-avant-saison-nouveau","8":"first","9":"instock","10":"shipping-taxable","11":"purchasable","12":"product-type-simple"},"_links":{"self":[{"href":"https:\/\/www.swisstabletennistest.ch\/fr\/wp-json\/wp\/v2\/product\/18592","targetHints":{"allow":["GET"]}}],"collection":[{"href":"https:\/\/www.swisstabletennistest.ch\/fr\/wp-json\/wp\/v2\/product"}],"about":[{"href":"https:\/\/www.swisstabletennistest.ch\/fr\/wp-json\/wp\/v2\/types\/product"}],"wp:featuredmedia":[{"embeddable":true,"href":"https:\/\/www.swisstabletennistest.ch\/fr\/wp-json\/wp\/v2\/media\/18493"}],"wp:attachment":[{"href":"https:\/\/www.swisstabletennistest.ch\/fr\/wp-json\/wp\/v2\/media?parent=18592"}],"wp:term":[{"taxonomy":"product_brand","embeddable":true,"href":"https:\/\/www.swisstabletennistest.ch\/fr\/wp-json\/wp\/v2\/product_brand?post=18592"},{"taxonomy":"product_cat","embeddable":true,"href":"https:\/\/www.swisstabletennistest.ch\/fr\/wp-json\/wp\/v2\/product_cat?post=18592"},{"taxonomy":"product_tag","embeddable":true,"href":"https:\/\/www.swisstabletennistest.ch\/fr\/wp-json\/wp\/v2\/product_tag?post=18592"}],"curies":[{"name":"wp","href":"https:\/\/api.w.org\/{rel}","templated":true}]}}