{"id":18588,"date":"2022-12-12T15:35:08","date_gmt":"2022-12-14T12:54:58","guid":{"rendered":"https:\/\/www.swisstabletennis.ch\/?post_type=product&#038;p=18588"},"modified":"2022-12-14T13:54:58","modified_gmt":"2022-12-14T12:54:58","slug":"donic-chaussettes-courtes-rivoli","status":"publish","type":"product","link":"https:\/\/www.swisstabletennistest.ch\/fr\/produit\/donic-chaussettes-courtes-rivoli\/","title":{"rendered":"Donic Chaussettes courtes Rivoli"},"content":{"rendered":"<p>Combinaison de mat\u00e9riaux avec un renfort au niveau des orteils et de la semelle. Tige tr\u00e8s courte.<br \/>\nMat\u00e9riau : coton\/\u00e9lasthanne<\/p>\n<p>Taille: 41-46<br \/>\nMat\u00e9riaux : coton\/\u00e9lasthanne<\/p>\n","protected":false},"excerpt":{"rendered":"<p>Combinaison de mat\u00e9riaux avec un renfort au niveau des orteils et de la semelle. Tige tr\u00e8s courte. Mat\u00e9riau : coton\/\u00e9lasthanne&hellip;<\/p>\n","protected":false},"featured_media":18489,"template":"","meta":{"_monsterinsights_skip_tracking":false,"_monsterinsights_sitenote_active":false,"_monsterinsights_sitenote_note":"","_monsterinsights_sitenote_category":0},"product_brand":[],"product_cat":[130],"product_tag":[],"class_list":{"0":"post-18588","1":"product","2":"type-product","3":"status-publish","4":"has-post-thumbnail","6":"product_cat-vetements-pour-cadres-avant-saison-nouveau","8":"first","9":"instock","10":"shipping-taxable","11":"purchasable","12":"product-type-simple"},"_links":{"self":[{"href":"https:\/\/www.swisstabletennistest.ch\/fr\/wp-json\/wp\/v2\/product\/18588","targetHints":{"allow":["GET"]}}],"collection":[{"href":"https:\/\/www.swisstabletennistest.ch\/fr\/wp-json\/wp\/v2\/product"}],"about":[{"href":"https:\/\/www.swisstabletennistest.ch\/fr\/wp-json\/wp\/v2\/types\/product"}],"wp:featuredmedia":[{"embeddable":true,"href":"https:\/\/www.swisstabletennistest.ch\/fr\/wp-json\/wp\/v2\/media\/18489"}],"wp:attachment":[{"href":"https:\/\/www.swisstabletennistest.ch\/fr\/wp-json\/wp\/v2\/media?parent=18588"}],"wp:term":[{"taxonomy":"product_brand","embeddable":true,"href":"https:\/\/www.swisstabletennistest.ch\/fr\/wp-json\/wp\/v2\/product_brand?post=18588"},{"taxonomy":"product_cat","embeddable":true,"href":"https:\/\/www.swisstabletennistest.ch\/fr\/wp-json\/wp\/v2\/product_cat?post=18588"},{"taxonomy":"product_tag","embeddable":true,"href":"https:\/\/www.swisstabletennistest.ch\/fr\/wp-json\/wp\/v2\/product_tag?post=18588"}],"curies":[{"name":"wp","href":"https:\/\/api.w.org\/{rel}","templated":true}]}}