{"id":14341,"date":"2022-01-31T15:46:41","date_gmt":"2022-07-06T11:11:42","guid":{"rendered":"https:\/\/swisstabletennis.ch\/neu\/product\/paquet-doursons-en-gomme\/"},"modified":"2023-06-02T13:38:08","modified_gmt":"2023-06-02T11:38:08","slug":"diplom-a4-kopie-2","status":"publish","type":"product","link":"https:\/\/www.swisstabletennistest.ch\/fr\/produit\/diplom-a4-kopie-2\/","title":{"rendered":"Paquet d&rsquo;oursons en gomme"},"content":{"rendered":"<p>Les oursons en gomme ne peuvent \u00eatre command\u00e9s que jusqu&rsquo;\u00e0 fin mai dans le contexte d&rsquo;un \u00e9v\u00e9nement du Gubler School Trophy.<\/p>\n","protected":false},"excerpt":{"rendered":"<p>Les oursons en gomme ne peuvent \u00eatre command\u00e9s que jusqu&rsquo;\u00e0 fin mai dans le contexte d&rsquo;un \u00e9v\u00e9nement du Gubler School&hellip;<\/p>\n","protected":false},"featured_media":1303,"template":"","meta":{"_monsterinsights_skip_tracking":false,"_monsterinsights_sitenote_active":false,"_monsterinsights_sitenote_note":"","_monsterinsights_sitenote_category":0},"product_brand":[],"product_cat":[125],"product_tag":[],"class_list":{"0":"post-14341","1":"product","2":"type-product","3":"status-publish","4":"has-post-thumbnail","6":"product_cat-gubler-school-trophy-fr","8":"first","9":"instock","10":"shipping-taxable","11":"purchasable","12":"product-type-simple"},"_links":{"self":[{"href":"https:\/\/www.swisstabletennistest.ch\/fr\/wp-json\/wp\/v2\/product\/14341","targetHints":{"allow":["GET"]}}],"collection":[{"href":"https:\/\/www.swisstabletennistest.ch\/fr\/wp-json\/wp\/v2\/product"}],"about":[{"href":"https:\/\/www.swisstabletennistest.ch\/fr\/wp-json\/wp\/v2\/types\/product"}],"wp:featuredmedia":[{"embeddable":true,"href":"https:\/\/www.swisstabletennistest.ch\/fr\/wp-json\/wp\/v2\/media\/1303"}],"wp:attachment":[{"href":"https:\/\/www.swisstabletennistest.ch\/fr\/wp-json\/wp\/v2\/media?parent=14341"}],"wp:term":[{"taxonomy":"product_brand","embeddable":true,"href":"https:\/\/www.swisstabletennistest.ch\/fr\/wp-json\/wp\/v2\/product_brand?post=14341"},{"taxonomy":"product_cat","embeddable":true,"href":"https:\/\/www.swisstabletennistest.ch\/fr\/wp-json\/wp\/v2\/product_cat?post=14341"},{"taxonomy":"product_tag","embeddable":true,"href":"https:\/\/www.swisstabletennistest.ch\/fr\/wp-json\/wp\/v2\/product_tag?post=14341"}],"curies":[{"name":"wp","href":"https:\/\/api.w.org\/{rel}","templated":true}]}}