{"id":785,"date":"2021-07-19T15:02:29","date_gmt":"2021-07-19T14:02:29","guid":{"rendered":"https:\/\/swisstabletennis.ch\/neu\/?page_id=785"},"modified":"2023-07-17T14:23:04","modified_gmt":"2023-07-17T12:23:04","slug":"gubler-school-trophy-infos-joueurs","status":"publish","type":"page","link":"https:\/\/www.swisstabletennistest.ch\/fr\/gubler-school-trophy-infos-joueurs\/","title":{"rendered":"Gubler School Trophy: Infos joueurs"},"content":{"rendered":"<p>Le <a href=\"http:\/\/www.gubler.ch\/\">Gubler<\/a>\u00a0School Trophy ou\u00a0autrement dit le championnat des \u00e9coliers suisse est la plus grande manifestation de tennis de table organis\u00e9e par Swiss Table Tennis. Plus de 2300 non-licenci\u00e9s, filles et gar\u00e7ons en provenance de toute la Suisse, prennent part chaque ann\u00e9e \u00e0 des qualifications locales et essaient ainsi de se qualifier pour la finale cantonale et la finale suisse.\u00a0Chaque ann\u00e9e, pr\u00e8s de 200 futurs talents se qualifient pour cette manifestation afin de se disputer le titre de champion\/-ne suisse chez les personnes sans licence. Chaque participant(e) du Gubler School Trophy recevra un prix int\u00e9ressant. De plus, Swiss Table Tennis offre une licence gratuite pour la prochaine saison \u00e0 chaque participant et \u00e0 chaque participante de la Finale\u00a0Suisse du Gubler School trophy. Les six titres du School Trophy se disputeront et seront d\u00e9cern\u00e9s le\u00a0<strong>16 juin 2024 \u00e0 Domdidier (FR)<\/strong>. Cela vaut vraiment la peine d&rsquo;y participer.<\/p>\n<p>Les organisateurs d&rsquo;une qualification locale ou cantonales trouvent plus des informations\u00a0<a href=\"https:\/\/www.swisstabletennistest.ch\/fr\/gubler-school-trophy-infos-organisateurs\/\">ici<\/a>.<\/p>\n<div>\n<p><a href=\"https:\/\/www.swisstabletennistest.ch\/fr\/finale-suisse-du-gubler-school-trophy-2023\/\">Article et photos Finale Suisse 2023<\/a><\/p>\n<p>(Reportage sur le Gubler School Trophy de\u00a0<a href=\"http:\/\/www.youreport.ch\/\">YouReport<\/a>)<\/p>\n<p><img fetchpriority=\"high\" decoding=\"async\" class=\"alignnone wp-image-14037 size-large\" src=\"https:\/\/www.swisstabletennistest.ch\/wp-content\/uploads\/2022\/06\/DSCF0660-1024x577.jpg\" alt=\"\" width=\"1024\" height=\"577\" srcset=\"https:\/\/www.swisstabletennistest.ch\/wp-content\/uploads\/2022\/06\/DSCF0660-1024x577.jpg 1024w, https:\/\/www.swisstabletennistest.ch\/wp-content\/uploads\/2022\/06\/DSCF0660-600x338.jpg 600w, https:\/\/www.swisstabletennistest.ch\/wp-content\/uploads\/2022\/06\/DSCF0660-300x169.jpg 300w, https:\/\/www.swisstabletennistest.ch\/wp-content\/uploads\/2022\/06\/DSCF0660-768x433.jpg 768w, https:\/\/www.swisstabletennistest.ch\/wp-content\/uploads\/2022\/06\/DSCF0660-1536x866.jpg 1536w, https:\/\/www.swisstabletennistest.ch\/wp-content\/uploads\/2022\/06\/DSCF0660-2048x1155.jpg 2048w, https:\/\/www.swisstabletennistest.ch\/wp-content\/uploads\/2022\/06\/DSCF0660-500x282.jpg 500w, https:\/\/www.swisstabletennistest.ch\/wp-content\/uploads\/2022\/06\/DSCF0660-400x225.jpg 400w, https:\/\/www.swisstabletennistest.ch\/wp-content\/uploads\/2022\/06\/DSCF0660-32x18.jpg 32w, https:\/\/www.swisstabletennistest.ch\/wp-content\/uploads\/2022\/06\/DSCF0660-370x209.jpg 370w, https:\/\/www.swisstabletennistest.ch\/wp-content\/uploads\/2022\/06\/DSCF0660-1278x719.jpg 1278w, https:\/\/www.swisstabletennistest.ch\/wp-content\/uploads\/2022\/06\/DSCF0660-818x461.jpg 818w, https:\/\/www.swisstabletennistest.ch\/wp-content\/uploads\/2022\/06\/DSCF0660-406x229.jpg 406w, https:\/\/www.swisstabletennistest.ch\/wp-content\/uploads\/2022\/06\/DSCF0660-270x152.jpg 270w\" sizes=\"(max-width: 1024px) 100vw, 1024px\" \/><\/p>\n<p>&nbsp;<\/p>\n<p><strong>Droit de participation<\/strong><\/p>\n<p>1. des filles et gar\u00e7ons qui suivent leur scolarit\u00e9 obligatoire en Suisse et\/ou sont de nationalit\u00e9 Suisse.<br \/>\n2. sont n\u00e9(e)s apr\u00e8s le 1er janvier 2009.<br \/>\n3. n&rsquo;ont jamais \u00e9t\u00e9 en possession d&rsquo;une licence ou T-Card de Swiss Table Tennis ou d&rsquo;une autre f\u00e9d\u00e9ration de tennis de table.<\/p>\n<p><strong>Cat\u00e9gories d&rsquo;\u00e2ge (filles et gar\u00e7ons jouent s\u00e9par\u00e9ment)<\/strong><\/p>\n<p>U15: 2009-2010<br \/>\nU13: 2011-2012<br \/>\nU11: 2013-2014<br \/>\nU9: 2015 et plus jeunes<\/p>\n<p><strong>Inscription<\/strong><\/p>\n<p>Pour t&rsquo;inscrire au Gubler School Trophy, informe-toi et inscrit-toi aux \u00e9liminatoires locales qui ont lieu dans ta r\u00e9gion en cliquant sur ce lien : <a href=\"https:\/\/www.swisstabletennistest.ch\/fr\/mec-category\/gubler-school-trophy-eliminations-locales\/\">Gubler School Trophy &#8211; \u00c9liminations locales<\/a><\/p>\n<p><strong>Finale nationale \u00e0 Domdidier (FR)<br \/>\n<\/strong><\/p>\n<p><strong>Date:<\/strong> Dimanche, 16 juin 2024<\/p>\n<p>Invitation Final Gubler School Trophy 2024 (\u00e0 suivre&#8230;)<\/p>\n<p>\u00c9tat : 17.07.2023<\/p>\n<p><img decoding=\"async\" class=\"alignnone wp-image-14039 size-large\" src=\"https:\/\/www.swisstabletennistest.ch\/wp-content\/uploads\/2022\/06\/DSCF1702-1024x577.jpg\" alt=\"\" width=\"1024\" height=\"577\" srcset=\"https:\/\/www.swisstabletennistest.ch\/wp-content\/uploads\/2022\/06\/DSCF1702-1024x577.jpg 1024w, https:\/\/www.swisstabletennistest.ch\/wp-content\/uploads\/2022\/06\/DSCF1702-600x338.jpg 600w, https:\/\/www.swisstabletennistest.ch\/wp-content\/uploads\/2022\/06\/DSCF1702-300x169.jpg 300w, https:\/\/www.swisstabletennistest.ch\/wp-content\/uploads\/2022\/06\/DSCF1702-768x433.jpg 768w, https:\/\/www.swisstabletennistest.ch\/wp-content\/uploads\/2022\/06\/DSCF1702-1536x866.jpg 1536w, https:\/\/www.swisstabletennistest.ch\/wp-content\/uploads\/2022\/06\/DSCF1702-2048x1155.jpg 2048w, https:\/\/www.swisstabletennistest.ch\/wp-content\/uploads\/2022\/06\/DSCF1702-500x282.jpg 500w, https:\/\/www.swisstabletennistest.ch\/wp-content\/uploads\/2022\/06\/DSCF1702-400x226.jpg 400w, https:\/\/www.swisstabletennistest.ch\/wp-content\/uploads\/2022\/06\/DSCF1702-32x18.jpg 32w, https:\/\/www.swisstabletennistest.ch\/wp-content\/uploads\/2022\/06\/DSCF1702-370x209.jpg 370w, https:\/\/www.swisstabletennistest.ch\/wp-content\/uploads\/2022\/06\/DSCF1702-1278x719.jpg 1278w, https:\/\/www.swisstabletennistest.ch\/wp-content\/uploads\/2022\/06\/DSCF1702-818x461.jpg 818w, https:\/\/www.swisstabletennistest.ch\/wp-content\/uploads\/2022\/06\/DSCF1702-406x229.jpg 406w, https:\/\/www.swisstabletennistest.ch\/wp-content\/uploads\/2022\/06\/DSCF1702-270x152.jpg 270w\" sizes=\"(max-width: 1024px) 100vw, 1024px\" \/><\/p>\n<\/div>\n","protected":false},"excerpt":{"rendered":"<p>Le Gubler\u00a0School Trophy ou\u00a0autrement dit le championnat des \u00e9coliers suisse est la plus grande manifestation de tennis de table organis\u00e9e&hellip;<\/p>\n","protected":false},"author":16,"featured_media":669,"parent":0,"menu_order":0,"comment_status":"closed","ping_status":"closed","template":"","meta":{"_monsterinsights_skip_tracking":false,"_monsterinsights_sitenote_active":false,"_monsterinsights_sitenote_note":"","_monsterinsights_sitenote_category":0,"footnotes":""},"class_list":["post-785","page","type-page","status-publish","has-post-thumbnail","hentry"],"_links":{"self":[{"href":"https:\/\/www.swisstabletennistest.ch\/fr\/wp-json\/wp\/v2\/pages\/785","targetHints":{"allow":["GET"]}}],"collection":[{"href":"https:\/\/www.swisstabletennistest.ch\/fr\/wp-json\/wp\/v2\/pages"}],"about":[{"href":"https:\/\/www.swisstabletennistest.ch\/fr\/wp-json\/wp\/v2\/types\/page"}],"author":[{"embeddable":true,"href":"https:\/\/www.swisstabletennistest.ch\/fr\/wp-json\/wp\/v2\/users\/16"}],"replies":[{"embeddable":true,"href":"https:\/\/www.swisstabletennistest.ch\/fr\/wp-json\/wp\/v2\/comments?post=785"}],"version-history":[{"count":0,"href":"https:\/\/www.swisstabletennistest.ch\/fr\/wp-json\/wp\/v2\/pages\/785\/revisions"}],"wp:featuredmedia":[{"embeddable":true,"href":"https:\/\/www.swisstabletennistest.ch\/fr\/wp-json\/wp\/v2\/media\/669"}],"wp:attachment":[{"href":"https:\/\/www.swisstabletennistest.ch\/fr\/wp-json\/wp\/v2\/media?parent=785"}],"curies":[{"name":"wp","href":"https:\/\/api.w.org\/{rel}","templated":true}]}}