{"id":541,"date":"2021-03-04T11:33:38","date_gmt":"2021-03-04T10:33:38","guid":{"rendered":"https:\/\/swisstabletennis.ch\/neu\/ja-a-formation\/"},"modified":"2022-06-15T08:12:19","modified_gmt":"2022-06-15T07:12:19","slug":"ja-a-formation","status":"publish","type":"page","link":"https:\/\/www.swisstabletennistest.ch\/fr\/ja-a-formation\/","title":{"rendered":"Formation IA\/JA\/A"},"content":{"rendered":"<h2>Formation IA\/JA\/A<\/h2>\n<p>&nbsp;<\/p>\n<p><strong>Formation\/Examen<\/strong><\/p>\n<table border=\"1\" cellpadding=\"3\">\n<tbody>\n<tr>\n<td><\/td>\n<td>Exigences<\/td>\n<td>T\u00e2ches<\/td>\n<\/tr>\n<tr>\n<td>Arbitre<\/td>\n<td>Avoir 18 ans r\u00e9volus<\/p>\n<p>Etre membre d&rsquo;un club de STT<\/p>\n<p>&nbsp;<\/td>\n<td>Direction de comp\u00e9titions<\/p>\n<p>(Application des r\u00e8gles de jeu)<\/p>\n<p>Propagation des connaissances des r\u00e8gles dans les clubs<\/td>\n<\/tr>\n<tr>\n<td>Juge-arbitre<\/td>\n<td>Etre titulaire du permis d&rsquo;arbitre depuis au moins 2 ans<\/p>\n<p>Etre membre d&rsquo;un club de STT<\/p>\n<p>&nbsp;<\/td>\n<td>Direction de manifestations<\/p>\n<p>(Application et la bonne interpr\u00e9tation des r\u00e8gles de jeu, des r\u00e8glements sportifs et des statuts STT)<\/p>\n<p>&nbsp;<\/td>\n<\/tr>\n<\/tbody>\n<\/table>\n<p>&nbsp;<\/p>\n<p>D&rsquo;une mani\u00e8re g\u00e9n\u00e9rale, les cours de formation sont organis\u00e9s par les associations r\u00e9gionales, qui peuvent donner des renseignements concernant les dates d&rsquo;inscriptions Il est en outre possible que les arbitres suivent la formation de STT.<br \/>\nLes examens consistent en une partie th\u00e9orique, pour les arbitres en plus en une partie pratique. Ils sont organis\u00e9s par STT (Dates selon calendrier JA\/A STT).<\/p>\n<p>Celui qui voudrait suivre une formation d&rsquo;arbitre international doit \u00eatre titulaire du permis d&rsquo;arbitre (depuis au moins 3 ans) ou du permis de juge-arbitre. On demande un engagement extraordinaire ainsi que des connaissances suffisantes d&rsquo;une langue \u00e9trang\u00e8re (de pr\u00e9f\u00e9rence l&rsquo;anglais). L&rsquo;habit officiel et les engagements \u00e0 l&rsquo;\u00e9tranger vont \u00e0 la charge de l&rsquo;arbitre international lui-m\u00eame. STT est responsable de la formation; l&rsquo;examen se passe selon le questionnaire de l&rsquo;ITTF.<\/p>\n<p>&nbsp;<\/p>\n<p>Les indemnit\u00e9s sont fix\u00e9es dans le r\u00e8glement financier STT; lors d&rsquo;engagements \u00e0 l&rsquo;\u00e9tranger les arbitres internationaux sont indemnis\u00e9s selon les r\u00e8glements de l&rsquo;ITTF et l&rsquo;ETTU.<\/p>\n<p>&nbsp;<\/p>\n<p><strong>Engagements<\/strong><br \/>\nUn nombre minimal d&rsquo;engagements doit \u00eatre assum\u00e9 par saison selon les convocations de STT ou de l&rsquo;association r\u00e9gionale (Manifestations: une journ\u00e9e enti\u00e8re pour les juges-arbitres, deux demi-jours pour les arbitres ou, d&rsquo;une mani\u00e8re g\u00e9n\u00e9rale, quatre manifestations d&rsquo;une demi-journ\u00e9e).<br \/>\nLes arbitres internationaux peuvent \u00eatre convoqu\u00e9s \u00e0 l&rsquo;\u00e9tranger selon la convocation de l&rsquo;ITTF, de l&rsquo;ETTU ou, lors d&rsquo;invitations pour des manifestations internationales, par d\u00e9cision de la commission JA\/A STT.<\/p>\n<p>&nbsp;<\/p>\n<p><strong>Formation continue<\/strong><br \/>\nPour ne pas perdre la reconnaissance, chaque arbitre doit participer \u00e0 un cours de formation continue toutes les deux saisons:<br \/>\nPour les arbitres ce sont les associations r\u00e9gionales qui organisent des cours d&rsquo;une demi-journ\u00e9e ou d&rsquo;une soir\u00e9e. Il est aussi possible de fr\u00e9quenter le cours de formation continue aupr\u00e8s d&rsquo;une autre association r\u00e9gionale.<br \/>\nQuant aux juge-arbitres, seuls les s\u00e9minaires journaliers organis\u00e9s ou reconnus par STT sont mis en compte.<br \/>\nLe lieu d&rsquo;inscription et les dates sont publi\u00e9s dans le calendrier JA\/A STT.<\/p>\n<p>&nbsp;<\/p>\n<p>Des informations suppl\u00e9mentaires se trouvent dans le r\u00e8glement arbitre STT resp. dans les directives formation, formation continue et engagements des JA et A STT (voir annuaire STT).<\/p>\n","protected":false},"excerpt":{"rendered":"<p>Formation IA\/JA\/A &nbsp; Formation\/Examen Exigences T\u00e2ches Arbitre Avoir 18 ans r\u00e9volus Etre membre d&rsquo;un club de STT &nbsp; Direction de&hellip;<\/p>\n","protected":false},"author":16,"featured_media":17270,"parent":0,"menu_order":0,"comment_status":"closed","ping_status":"closed","template":"","meta":{"_monsterinsights_skip_tracking":false,"_monsterinsights_sitenote_active":false,"_monsterinsights_sitenote_note":"","_monsterinsights_sitenote_category":0,"footnotes":""},"class_list":["post-541","page","type-page","status-publish","has-post-thumbnail","hentry"],"_links":{"self":[{"href":"https:\/\/www.swisstabletennistest.ch\/fr\/wp-json\/wp\/v2\/pages\/541","targetHints":{"allow":["GET"]}}],"collection":[{"href":"https:\/\/www.swisstabletennistest.ch\/fr\/wp-json\/wp\/v2\/pages"}],"about":[{"href":"https:\/\/www.swisstabletennistest.ch\/fr\/wp-json\/wp\/v2\/types\/page"}],"author":[{"embeddable":true,"href":"https:\/\/www.swisstabletennistest.ch\/fr\/wp-json\/wp\/v2\/users\/16"}],"replies":[{"embeddable":true,"href":"https:\/\/www.swisstabletennistest.ch\/fr\/wp-json\/wp\/v2\/comments?post=541"}],"version-history":[{"count":0,"href":"https:\/\/www.swisstabletennistest.ch\/fr\/wp-json\/wp\/v2\/pages\/541\/revisions"}],"wp:featuredmedia":[{"embeddable":true,"href":"https:\/\/www.swisstabletennistest.ch\/fr\/wp-json\/wp\/v2\/media\/17270"}],"wp:attachment":[{"href":"https:\/\/www.swisstabletennistest.ch\/fr\/wp-json\/wp\/v2\/media?parent=541"}],"curies":[{"name":"wp","href":"https:\/\/api.w.org\/{rel}","templated":true}]}}