{"id":515,"date":"2021-03-04T11:08:24","date_gmt":"2021-03-04T10:08:24","guid":{"rendered":"https:\/\/swisstabletennis.ch\/neu\/sidespin\/"},"modified":"2023-05-26T14:47:31","modified_gmt":"2023-05-26T12:47:31","slug":"sidespin","status":"publish","type":"page","link":"https:\/\/www.swisstabletennistest.ch\/fr\/sidespin\/","title":{"rendered":"Sidespin"},"content":{"rendered":"<p style=\"text-align: justify;\">Sur cette page vous trouverez un aper\u00e7u de toutes les \u00e9ditions de SIDESPIN, notre newsletter \u00e9lectronique.<\/p>\n<p style=\"text-align: justify;\"><strong><a href=\"https:\/\/swisstabletennis.us16.list-manage.com\/subscribe?u=804caa17f370e450cbd18df5c&amp;id=6c49fc2cc3\" target=\"_blank\" rel=\"noopener\">Inscrivez-vous ici!<\/a><\/strong><\/p>\n<p>&nbsp;<\/p>\n<p style=\"text-align: justify;\"><strong>Saison 2022\/23<\/strong><\/p>\n<p><a href=\"https:\/\/mailchi.mp\/swisstabletennis\/sidespin-mai-2023\">Mai 2023<\/a><\/p>\n<p><a href=\"https:\/\/mailchi.mp\/swisstabletennis\/sidespin-avril-2023\">Avril 2023<\/a><\/p>\n<p><a href=\"https:\/\/mailchi.mp\/swisstabletennis\/sidespin-mars-2023\">Mars 2023<\/a><\/p>\n<p><a href=\"https:\/\/mailchi.mp\/swisstabletennis\/sidespin-fvrier-2023\">F\u00e9vrier 2023<\/a><\/p>\n<p><a href=\"https:\/\/mailchi.mp\/swisstabletennis\/sidespin-janvier-2023\">Janvier 2023<\/a><\/p>\n<p><a href=\"https:\/\/mailchi.mp\/swisstabletennis\/sidespin-dcembre-2022\">D\u00e9cembre 2022<\/a><\/p>\n<p><a href=\"https:\/\/mailchi.mp\/swisstabletennis\/sidespin-novembre-2022\">Novembre 2022<\/a><\/p>\n<p><a href=\"https:\/\/mailchi.mp\/swisstabletennis\/sidespin-octobre-2022\">Octobre 2022<\/a><\/p>\n<p style=\"text-align: justify;\"><a href=\"http:\/\/mailchi.mp\/swisstabletennis\/sidespin-septembre-2022-f\">Septembre 2022<\/a><\/p>\n<p style=\"text-align: justify;\"><a href=\"http:\/\/mailchi.mp\/swisstabletennis\/sidespin-juilletauot-2022-fr\">Juillet\/Ao\u00fbt 2022<\/a><\/p>\n<p>&nbsp;<\/p>\n<p style=\"text-align: justify;\"><strong>Saison 2021\/22<\/strong><\/p>\n<p style=\"text-align: justify;\"><a href=\"http:\/\/mailchi.mp\/swisstabletennis\/sidespin-juin-2022-f\">Juin 2022<\/a><\/p>\n<p style=\"text-align: justify;\"><a href=\"https:\/\/mailchi.mp\/swisstabletennis\/sidespin-mars2022-13450911?fbclid=IwAR0Vp4HDU3WHAtwlZEU9AvVSV7-fzdir4UQyy0IlX_v0SHh1OJ1LUG3FnxM\">Mars 2022<\/a><\/p>\n<p style=\"text-align: justify;\"><a href=\"https:\/\/mailchi.mp\/swisstabletennis\/sidespin-fevrier2022\">F\u00e9vrier 2022<\/a><\/p>\n<p style=\"text-align: justify;\"><a href=\"https:\/\/mailchi.mp\/swisstabletennis\/sidespin-decembre2021janvier2022?fbclid=IwAR0znFYfq-Jq8SJvudEbq1M_GpZlydTa9Fo9tan77dHBgd_45G1mn-o_NZQ\">D\u00e9cembre\/Janvier 2022<\/a><\/p>\n<p style=\"text-align: justify;\"><a href=\"https:\/\/mailchi.mp\/swisstabletennis\/sidespin-novembre2021\">Novembre 2021<\/a><\/p>\n<p style=\"text-align: justify;\"><a href=\"https:\/\/mailchi.mp\/swisstabletennis\/sidespin-octobre2021\">Octobre 2021<\/a><\/p>\n<p style=\"text-align: justify;\"><a href=\"https:\/\/mailchi.mp\/swisstabletennis\/sidespin-septembre2021\">Septembre 2021<\/a><\/p>\n<p style=\"text-align: justify;\"><a href=\"https:\/\/mailchi.mp\/swisstabletennis\/sidespin-juillet-aout2021\">Juillet\/Ao\u00fbt 2021<\/a><\/p>\n<p>&nbsp;<\/p>\n<p style=\"text-align: justify;\"><strong>Saison 2020\/21<\/strong><\/p>\n<p style=\"text-align: justify;\"><a href=\"https:\/\/mailchi.mp\/swisstabletennis\/sidespin-juin2021\">Juin 2021<\/a><\/p>\n<p style=\"text-align: justify;\"><a href=\"https:\/\/mailchi.mp\/swisstabletennis\/sidespin-mai2021-f\">Mai 2021<\/a><\/p>\n<p style=\"text-align: justify;\"><a href=\"https:\/\/mailchi.mp\/swisstabletennis\/sidespin-avril2021\">Avril 2021<\/a><\/p>\n<p style=\"text-align: justify;\"><a href=\"https:\/\/mailchi.mp\/swisstabletennis\/sidespin-mars2021\">Mars 2021<\/a><\/p>\n<p style=\"text-align: justify;\"><a href=\"https:\/\/mailchi.mp\/swisstabletennis\/sidespin-fevrier2021\">F\u00e9vrier 2021<\/a><\/p>\n<p style=\"text-align: justify;\"><a href=\"https:\/\/mailchi.mp\/swisstabletennis\/sidespin-decembre2020-janvier2021\">D\u00e9cembre 2020\/Janvier 2021<\/a><\/p>\n<p style=\"text-align: justify;\"><a href=\"https:\/\/mailchi.mp\/swisstabletennis\/sidespin-novembre2020\">Novembre 2020<\/a><\/p>\n<p style=\"text-align: justify;\"><a href=\"https:\/\/mailchi.mp\/swisstabletennis\/sidespin-octobre2020\">Octobre 2020<\/a><\/p>\n<p style=\"text-align: justify;\"><a href=\"https:\/\/mailchi.mp\/swisstabletennis\/sidespin-septembre2020\">Septembre 2020<\/a><\/p>\n<p style=\"text-align: justify;\"><a href=\"https:\/\/mailchi.mp\/swisstabletennis\/sidespin-juilletaout2020\">Juillet\/Ao\u00fbt 2020<\/a><\/p>\n<p>&nbsp;<\/p>\n<p style=\"text-align: justify;\"><strong>Saison 2019\/20<\/strong><\/p>\n<p style=\"text-align: justify;\"><a href=\"https:\/\/mailchi.mp\/swisstabletennis\/sidespin-juin2020\">Juin 2020<\/a><\/p>\n<p style=\"text-align: justify;\"><a href=\"https:\/\/mailchi.mp\/swisstabletennis\/sidespin-mai2020\">Mai 2020<\/a><\/p>\n<p style=\"text-align: justify;\"><a href=\"https:\/\/mailchi.mp\/swisstabletennis\/sidespin-avril2020\">Avril 2020<\/a><\/p>\n<p style=\"text-align: justify;\"><a href=\"https:\/\/mailchi.mp\/swisstabletennis\/sidespin-mars2020?fbclid=IwAR09hC3j73ZpbU4bShvyj3iJI89MU4teKv9DxlkffaaE-6gLWzhdCN5DaRk\">Mars 2020<\/a><\/p>\n<p style=\"text-align: justify;\"><a href=\"https:\/\/mailchi.mp\/swisstabletennis\/sidespin-fevrier2020?fbclid=IwAR2WM3lU7NdSt1o6zHeRkBx1jTl3iFDJkmswChw-KwBL286_sCcfPOWleU0\">F\u00e9vrier 2020<\/a><\/p>\n<p style=\"text-align: justify;\"><a href=\"https:\/\/mailchi.mp\/swisstabletennis\/sidespin-decembre2019-janvier2020?fbclid=IwAR38CLSZLiOvsTXC9xKy_spQLwdHE7zCmqLQ9l3TFcpbgTPf5DzZJ6LcS4Y\">D\u00e9cembre 2019\/Janvier 2020<\/a><\/p>\n<p style=\"text-align: justify;\"><a href=\"https:\/\/mailchi.mp\/swisstabletennis\/sidespin-novembre-2019\">Novembre 2019<\/a><\/p>\n<p style=\"text-align: justify;\"><a href=\"https:\/\/mailchi.mp\/swisstabletennis\/sidespin-octobre-2019\">Octobre 2019<\/a><\/p>\n<p style=\"text-align: justify;\"><a href=\"https:\/\/us16.campaign-archive.com\/?u=804caa17f370e450cbd18df5c&amp;id=cc5a7e1801\">Septembre 2019<\/a><\/p>\n<p style=\"text-align: justify;\"><a href=\"https:\/\/mailchi.mp\/swisstabletennis\/sidespin-juillet-aot-2019\" target=\"_blank\" rel=\"noopener\">Juillet\/Ao\u00fbt 2019<\/a><\/p>\n<p>&nbsp;<\/p>\n<p style=\"text-align: justify;\"><strong>Saison 2018\/19<\/strong><\/p>\n<p style=\"text-align: justify;\"><a href=\"https:\/\/mailchi.mp\/swisstabletennis\/sidespin-juin-2019\" target=\"_blank\" rel=\"noopener\">Juin 2019<\/a><\/p>\n<p style=\"text-align: justify;\"><a href=\"https:\/\/mailchi.mp\/swisstabletennis\/sidespin-mai-2019fr\" target=\"_blank\" rel=\"noopener\">Mai 2019<\/a><\/p>\n<p style=\"text-align: justify;\"><a href=\"https:\/\/mailchi.mp\/swisstabletennis\/sidespin-avril-2504\">Avril 2019<\/a><\/p>\n<p style=\"text-align: justify;\"><a href=\"https:\/\/mailchi.mp\/swisstabletennis\/sidespin-mars19-447519\" target=\"_blank\" rel=\"noopener\">Mars 2019<\/a><\/p>\n<p style=\"text-align: justify;\"><a href=\"https:\/\/mailchi.mp\/swisstabletennis\/sidespin-februar-433779?fbclid=IwAR1c6K-W2mKvkRqRxZAsfMPxar4lqpZuRsnvQ44w4PZV4jhXwAYFwvOoqQ4\" target=\"_blank\" rel=\"noopener\">F\u00e9vrier 2019<\/a><\/p>\n<p style=\"text-align: justify;\"><a href=\"https:\/\/swisstabletennis.ch\/D%C3%A9cembre%202017\/Janvier%202018\">D\u00e9cembre 2018\/Janvier 2019<\/a><\/p>\n<p style=\"text-align: justify;\"><a href=\"https:\/\/mailchi.mp\/swisstabletennis\/sidespin-novembre-393815?fbclid=IwAR0tC0_qSjPelq0ulD21RD5mGzrb18A4r7hTGomMmYhfPBi9-EPhK09akXc\" target=\"_blank\" rel=\"noopener\">Novembre 2018<\/a><\/p>\n<p style=\"text-align: justify;\"><a href=\"https:\/\/mailchi.mp\/49f83f99665e\/sidespin-octobre-2018\" target=\"_blank\" rel=\"noopener\">Octobre 2018<\/a><\/p>\n<p style=\"text-align: justify;\"><a href=\"https:\/\/mailchi.mp\/4f623690855b\/xfkgqzaxf6\" target=\"_blank\" rel=\"noopener\">Septembre 2018<\/a><\/p>\n<p style=\"text-align: justify;\"><a href=\"https:\/\/mailchi.mp\/47f85fe3ab92\/sidespin-juilletaot\" target=\"_blank\" rel=\"noopener\">Juillet\/Ao\u00fbt 2018<\/a><\/p>\n<p>&nbsp;<\/p>\n<p style=\"text-align: justify;\"><strong>Saison 2017\/18<\/strong><\/p>\n<p style=\"text-align: justify;\"><a href=\"http:\/\/nema.swissolympic.ch\/stt\/home\/preview.aspx?mode=html&amp;z=gu2Huf8f\" target=\"_blank\" rel=\"noopener noreferrer\">Juin 2018<\/a><\/p>\n<p style=\"text-align: justify;\"><a href=\"http:\/\/nema.swissolympic.ch\/stt\/home\/preview.aspx?mode=html&amp;z=gu2Huf8f\" target=\"_blank\" rel=\"noopener noreferrer\">Mai 2018<\/a><\/p>\n<p style=\"text-align: justify;\"><a href=\"http:\/\/nema.swissolympic.ch\/stt\/home\/preview.aspx?mode=html&amp;z=gu2Huf8f\" target=\"_blank\" rel=\"noopener noreferrer\">Avril 2018<\/a><\/p>\n<p style=\"text-align: justify;\"><a href=\"http:\/\/nema.swissolympic.ch\/stt\/home\/preview.aspx?mode=html&amp;z=gu2Huf8f\" target=\"_blank\" rel=\"noopener noreferrer\">Mars 2018<\/a><\/p>\n<p style=\"text-align: justify;\"><a href=\"http:\/\/nema.swissolympic.ch\/stt\/home\/preview.aspx?mode=html&amp;z=gu2Huf8f\" target=\"_blank\" rel=\"noopener noreferrer\">F\u00e9vrier 2018<\/a><\/p>\n<p style=\"text-align: justify;\"><a href=\"http:\/\/nema.swissolympic.ch\/stt\/home\/preview.aspx?mode=html&amp;z=gu2Huf8f\" target=\"_blank\" rel=\"noopener noreferrer\">D\u00e9cembre 2017\/Janvier 2018<\/a><\/p>\n<p style=\"text-align: justify;\"><a href=\"http:\/\/nema.swissolympic.ch\/stt\/home\/preview.aspx?mode=html&amp;z=gu2Huf8f\" target=\"_blank\" rel=\"noopener noreferrer\">Novembre 2017<\/a><\/p>\n<p style=\"text-align: justify;\"><a href=\"http:\/\/nema.swissolympic.ch\/stt\/home\/preview.aspx?mode=html&amp;z=gu2Huf8f\" target=\"_blank\" rel=\"noopener noreferrer\">Octobre 2017<\/a><\/p>\n<p style=\"text-align: justify;\"><a href=\"http:\/\/nema.swissolympic.ch\/stt\/home\/preview.aspx?mode=html&amp;z=gu2Huf8f\" target=\"_blank\" rel=\"noopener noreferrer\">Septembre 2017<\/a><\/p>\n<p style=\"text-align: justify;\"><a href=\"http:\/\/nema.swissolympic.ch\/stt\/home\/preview.aspx?mode=html&amp;z=gu2Huf8f\" target=\"_blank\" rel=\"noopener noreferrer\">Juillet\/Ao\u00fbt 2017<\/a><\/p>\n<p>&nbsp;<\/p>\n<p style=\"text-align: justify;\"><strong>Saison 2016\/17<\/strong><\/p>\n<p style=\"text-align: justify;\"><a href=\"http:\/\/nema.swissolympic.ch\/stt\/home\/preview.aspx?mode=html&amp;z=gTNQ895T\" target=\"_blank\" rel=\"noopener noreferrer\">Juin 2017<\/a><\/p>\n<p style=\"text-align: justify;\"><a href=\"http:\/\/nema.swissolympic.ch\/stt\/home\/preview.aspx?i=PRUL3S45JE4B&amp;z=szlVCbpm\">Mai 2017<\/a><\/p>\n<p style=\"text-align: justify;\"><a href=\"http:\/\/nema.swissolympic.ch\/stt\/home\/preview.aspx?mode=html&amp;z=4jrR8a8l\">Avril 2017<\/a><\/p>\n<p style=\"text-align: justify;\"><a href=\"http:\/\/nema.swissolympic.ch\/stt\/home\/preview.aspx?i=ALheNNc7XIhK&amp;z=0tQyFyD7\">Mars 2017<\/a><\/p>\n<p style=\"text-align: justify;\"><a href=\"http:\/\/nema.swissolympic.ch\/stt\/home\/preview.aspx?i=bukVL2Sxs92o&amp;z=iTiNrvIp\">F\u00e9vrier 2017<\/a><\/p>\n<p style=\"text-align: justify;\"><a href=\"http:\/\/nema.swissolympic.ch\/stt\/home\/preview.aspx?mode=html&amp;z=Q2mXXr4x\">D\u00e9cembre 2016\/Janvier 2017<\/a><\/p>\n<p style=\"text-align: justify;\"><a href=\"http:\/\/nema.swissolympic.ch\/stt\/home\/preview.aspx?mode=html&amp;z=6rj4hq9l\">Novembre 2016<\/a><\/p>\n<p style=\"text-align: justify;\"><a href=\"http:\/\/nema.swissolympic.ch\/stt\/home\/preview.aspx?mode=html&amp;z=B1EWj9o6\">Octobre 2016<\/a><\/p>\n<p style=\"text-align: justify;\"><a href=\"http:\/\/nema.swissolympic.ch\/stt\/home\/preview.aspx?mode=html&amp;z=VMnea1bK\">Septembre 2016<\/a><\/p>\n<p style=\"text-align: justify;\"><a href=\"http:\/\/nema.swissolympic.ch\/stt\/home\/preview.aspx?mode=html&amp;z=rYOw9xUV\">Juillet\/Ao\u00fbt 2016<\/a><\/p>\n<p>&nbsp;<\/p>\n<p style=\"text-align: justify;\"><strong>Saison 2015\/16<\/strong><\/p>\n<p style=\"text-align: justify;\"><a href=\"http:\/\/nema.swissolympic.ch\/stt\/home\/preview.aspx?mode=html&amp;z=UEx9GE8A\">Juin 2016<\/a><\/p>\n<p style=\"text-align: justify;\"><a href=\"http:\/\/nema.swissolympic.ch\/stt\/home\/preview.aspx?mode=html&amp;z=Y5MiNRgj\">Mai 2016<\/a><\/p>\n<p style=\"text-align: justify;\"><a href=\"http:\/\/nema.swissolympic.ch\/stt\/home\/preview.aspx?mode=html&amp;z=r4Yw9LMW\">Avril 2016<\/a><\/p>\n<p style=\"text-align: justify;\"><a href=\"http:\/\/nema.swissolympic.ch\/stt\/home\/preview.aspx?mode=html&amp;z=J2KM9JH8\">Mars 2016<\/a><\/p>\n<p style=\"text-align: justify;\"><a href=\"http:\/\/nema.swissolympic.ch\/stt\/home\/preview.aspx?mode=html&amp;z=gAcyjise\">F\u00e9vrier 2016<\/a><\/p>\n<p style=\"text-align: justify;\"><a href=\"http:\/\/nema.swissolympic.ch\/stt\/home\/preview.aspx?mode=html&amp;z=Di1VPLEf\">D\u00e9cembre 2015\/Janvier 2016<\/a><\/p>\n<p style=\"text-align: justify;\"><a href=\"http:\/\/nema.swissolympic.ch\/stt\/home\/preview.aspx?mode=html&amp;z=pqeArTJV\">Novembre 2015<\/a><\/p>\n<p style=\"text-align: justify;\"><a href=\"http:\/\/nema.swissolympic.ch\/stt\/home\/preview.aspx?mode=html&amp;z=KvFAAsC3\">Octobre 2015<\/a><\/p>\n<p style=\"text-align: justify;\"><a href=\"http:\/\/nema.swissolympic.ch\/stt\/home\/preview.aspx?mode=html&amp;z=woOs0Kf1\">Septembre 2015<\/a><\/p>\n<p style=\"text-align: justify;\"><a href=\"http:\/\/nema.swissolympic.ch\/stt\/home\/preview.aspx?mode=html&amp;z=5B5BkxLz\">Juillet\/Ao\u00fbt 2015<\/a><\/p>\n<p>&nbsp;<\/p>\n<p style=\"text-align: justify;\"><strong>Saison 2014\/15<\/strong><\/p>\n<p style=\"text-align: justify;\"><a href=\"http:\/\/nema.swissolympic.ch\/stt\/home\/preview.aspx?mode=html&amp;z=T10T7iDb\">Juin 2015<\/a><\/p>\n<p style=\"text-align: justify;\"><a href=\"http:\/\/nema.swissolympic.ch\/stt\/home\/preview.aspx?mode=html&amp;z=mCwi9Uc6\">Mai 2015<\/a><\/p>\n<p style=\"text-align: justify;\"><a href=\"http:\/\/nema.swissolympic.ch\/stt\/home\/preview.aspx?i=mm967eStRHM7&amp;z=WNf84c6L\">Avril 2015<\/a><\/p>\n<p style=\"text-align: justify;\"><a href=\"http:\/\/nema.swissolympic.ch\/stt\/home\/preview.aspx?i=Fa1tZgzHsn12&amp;z=sesUlksS\">Mars 2015<\/a><\/p>\n<p style=\"text-align: justify;\"><a href=\"http:\/\/nema.swissolympic.ch\/stt\/home\/preview.aspx?i=KJdzkOvLpo43&amp;z=JJ1ohaix\">F\u00e9vrier 2015<\/a><\/p>\n<p style=\"text-align: justify;\"><a href=\"http:\/\/nema.swissolympic.ch\/stt\/home\/preview.aspx?mode=html&amp;z=CE5e175f\">D\u00e9cembre 2014\/Janvier 2015<\/a><\/p>\n<p style=\"text-align: justify;\"><a href=\"http:\/\/nema.swissolympic.ch\/stt\/home\/preview.aspx?mode=html&amp;z=QsknpgTy\">Novembre 2014<\/a><\/p>\n<p style=\"text-align: justify;\"><a href=\"http:\/\/nema.swissolympic.ch\/stt\/home\/preview.aspx?mode=html&amp;z=UzRPMaB2\">Octobre 2014<\/a><\/p>\n<p style=\"text-align: justify;\"><a href=\"http:\/\/nema.swissolympic.ch\/stt\/home\/preview.aspx?mode=html&amp;z=QVW4lx5d\">Septembre 2014<\/a><\/p>\n<p style=\"text-align: justify;\"><a href=\"http:\/\/nema.swissolympic.ch\/stt\/home\/preview.aspx?mode=html&amp;z=wIEhgYL6\">Juillet 2014<\/a><\/p>\n<p>&nbsp;<\/p>\n<p style=\"text-align: justify;\"><strong>Saison 2013\/14<\/strong><\/p>\n<p style=\"text-align: justify;\"><a href=\"http:\/\/nema.swissolympic.ch\/stt\/home\/preview.aspx?mode=html&amp;z=FTSURqCx\">Juin 2014<\/a><\/p>\n<p style=\"text-align: justify;\"><a href=\"http:\/\/nema.swissolympic.ch\/stt\/home\/preview.aspx?mode=html&amp;z=Li1118d4\">Mai 2014<\/a><\/p>\n<p style=\"text-align: justify;\"><a href=\"http:\/\/nema.swissolympic.ch\/stt\/home\/preview.aspx?mode=html&amp;z=ibdo9Ukg\">Avril 2014<\/a><\/p>\n<p style=\"text-align: justify;\"><a href=\"http:\/\/nema.swissolympic.ch\/stt\/home\/preview.aspx?mode=html&amp;z=HTk69MbX\">Mars 2014<\/a><\/p>\n<p style=\"text-align: justify;\"><a href=\"http:\/\/nema.swissolympic.ch\/stt\/home\/preview.aspx?mode=html&amp;z=sEVQa2RC\">F\u00e9vrier 2014<\/a><\/p>\n<p style=\"text-align: justify;\"><a href=\"http:\/\/nema.swissolympic.ch\/stt\/home\/preview.aspx?mode=html&amp;z=WVCTc1BB\">D\u00e9cembre 2013\/Janvier 2014<\/a><\/p>\n<p style=\"text-align: justify;\"><a href=\"http:\/\/nema.swissolympic.ch\/stt\/home\/preview.aspx?mode=html&amp;z=NJ6euF3M\">Novembre 2013<\/a><\/p>\n<p style=\"text-align: justify;\"><a href=\"http:\/\/nema.swissolympic.ch\/stt\/home\/preview.aspx?mode=html&amp;z=b7fXXA3s\">Octobre 2013<\/a><\/p>\n<p style=\"text-align: justify;\"><a href=\"http:\/\/nema.swissolympic.ch\/stt\/home\/preview.aspx?mode=html&amp;z=YEHBppQE\">Septembre 2013<\/a><\/p>\n<p style=\"text-align: justify;\"><a href=\"http:\/\/nema.swissolympic.ch\/stt\/home\/preview.aspx?mode=html&amp;z=BgIuFdDY\">Juillet\/Ao\u00fbt 2013<\/a><\/p>\n<p>&nbsp;<\/p>\n<p style=\"text-align: justify;\"><strong>Saison 2012\/13<br \/>\n<\/strong><\/p>\n<p style=\"text-align: justify;\"><a href=\"http:\/\/nema.swissolympic.ch\/stt\/home\/preview.aspx?mode=html&amp;z=NwQlZgWZ\">Juin 2013<\/a><\/p>\n<p style=\"text-align: justify;\"><a class=\"wf_file\" href=\"https:\/\/swisstabletennis.ch\/images\/8_Medien\/Sidespin\/Alte_PDF-Ausgaben\/Sidespin_Mai_2013_f.pdf\" target=\"_blank\" rel=\"noopener noreferrer\"><span class=\"wf_file_text\">Mai 2013 (PDF)<\/span><\/a><\/p>\n<p style=\"text-align: justify;\"><a class=\"wf_file\" href=\"https:\/\/swisstabletennis.ch\/images\/8_Medien\/Sidespin\/Alte_PDF-Ausgaben\/April_2013_f.pdf\" target=\"_blank\" rel=\"noopener noreferrer\"><span class=\"wf_file_text\">Avril 2013(PDF)<\/span><\/a><\/p>\n<p style=\"text-align: justify;\"><a class=\"wf_file\" href=\"https:\/\/swisstabletennis.ch\/images\/8_Medien\/Sidespin\/Alte_PDF-Ausgaben\/Marz_2013_f.pdf\" target=\"_blank\" rel=\"noopener noreferrer\"><span class=\"wf_file_text\">Mars 2013 (PDF)<\/span><\/a><\/p>\n<p style=\"text-align: justify;\"><a class=\"wf_file\" href=\"https:\/\/swisstabletennis.ch\/images\/8_Medien\/Sidespin\/Alte_PDF-Ausgaben\/Spezialausgabe_Februar_2013_f.pdf\" target=\"_blank\" rel=\"noopener noreferrer\"><span class=\"wf_file_text\">Edition extraordinaire (F\u00e9vrier 2013): Pr\u00e9visions championnats suisses (PDF)<\/span><\/a><\/p>\n<p style=\"text-align: justify;\"><a class=\"wf_file\" href=\"https:\/\/swisstabletennis.ch\/images\/8_Medien\/Sidespin\/Alte_PDF-Ausgaben\/Februar_2013_f.pdf\" target=\"_blank\" rel=\"noopener noreferrer\"><span class=\"wf_file_text\">F\u00e9vrier 2013 (PDF)<\/span><\/a><\/p>\n<p style=\"text-align: justify;\"><span class=\"wf_file_text\"><a class=\"wf_file\" href=\"https:\/\/swisstabletennis.ch\/images\/8_Medien\/Sidespin\/Alte_PDF-Ausgaben\/Dezember_2012_Januar_2013_f.pdf\" target=\"_blank\" rel=\"noopener noreferrer\">D\u00e9cembre 2012\/Janvier 2013 (PDF)<\/a><\/span><\/p>\n<p style=\"text-align: justify;\"><a class=\"wf_file\" href=\"https:\/\/swisstabletennis.ch\/images\/8_Medien\/Sidespin\/Alte_PDF-Ausgaben\/November_2012_f.pdf\" target=\"_blank\" rel=\"noopener noreferrer\"><span class=\"wf_file_text\">Novembre 2012 (PDF)<\/span><\/a><\/p>\n<p style=\"text-align: justify;\"><a class=\"wf_file\" href=\"https:\/\/swisstabletennis.ch\/images\/8_Medien\/Sidespin\/Alte_PDF-Ausgaben\/Oktober_2012_f.pdf\" target=\"_blank\" rel=\"noopener noreferrer\"><span class=\"wf_file_text\">Octobre 2012<\/span><\/a><\/p>\n<p style=\"text-align: justify;\"><a class=\"wf_file\" href=\"https:\/\/swisstabletennis.ch\/images\/8_Medien\/Sidespin\/Alte_PDF-Ausgaben\/September_2012_f.pdf\" target=\"_blank\" rel=\"noopener noreferrer\"><span class=\"wf_file_text\">Septembre 2012<\/span><\/a><\/p>\n<p style=\"text-align: justify;\"><a class=\"wf_file\" href=\"https:\/\/swisstabletennis.ch\/images\/8_Medien\/Sidespin\/Alte_PDF-Ausgaben\/Juli_August_2012_f.pdf\" target=\"_blank\" rel=\"noopener noreferrer\"><span class=\"wf_file_text\">Juillet\/Ao\u00fbt 2012<\/span><\/a><\/p>\n","protected":false},"excerpt":{"rendered":"<p>Sur cette page vous trouverez un aper\u00e7u de toutes les \u00e9ditions de SIDESPIN, notre newsletter \u00e9lectronique. Inscrivez-vous ici! &nbsp; Saison&hellip;<\/p>\n","protected":false},"author":16,"featured_media":9064,"parent":0,"menu_order":0,"comment_status":"closed","ping_status":"closed","template":"","meta":{"_monsterinsights_skip_tracking":false,"_monsterinsights_sitenote_active":false,"_monsterinsights_sitenote_note":"","_monsterinsights_sitenote_category":0,"footnotes":""},"class_list":["post-515","page","type-page","status-publish","has-post-thumbnail","hentry"],"_links":{"self":[{"href":"https:\/\/www.swisstabletennistest.ch\/fr\/wp-json\/wp\/v2\/pages\/515","targetHints":{"allow":["GET"]}}],"collection":[{"href":"https:\/\/www.swisstabletennistest.ch\/fr\/wp-json\/wp\/v2\/pages"}],"about":[{"href":"https:\/\/www.swisstabletennistest.ch\/fr\/wp-json\/wp\/v2\/types\/page"}],"author":[{"embeddable":true,"href":"https:\/\/www.swisstabletennistest.ch\/fr\/wp-json\/wp\/v2\/users\/16"}],"replies":[{"embeddable":true,"href":"https:\/\/www.swisstabletennistest.ch\/fr\/wp-json\/wp\/v2\/comments?post=515"}],"version-history":[{"count":0,"href":"https:\/\/www.swisstabletennistest.ch\/fr\/wp-json\/wp\/v2\/pages\/515\/revisions"}],"wp:featuredmedia":[{"embeddable":true,"href":"https:\/\/www.swisstabletennistest.ch\/fr\/wp-json\/wp\/v2\/media\/9064"}],"wp:attachment":[{"href":"https:\/\/www.swisstabletennistest.ch\/fr\/wp-json\/wp\/v2\/media?parent=515"}],"curies":[{"name":"wp","href":"https:\/\/api.w.org\/{rel}","templated":true}]}}