{"id":511,"date":"2021-03-04T11:05:03","date_gmt":"2021-03-04T10:05:03","guid":{"rendered":"https:\/\/swisstabletennis.ch\/neu\/documents\/"},"modified":"2023-07-19T14:39:47","modified_gmt":"2023-07-19T12:39:47","slug":"documents","status":"publish","type":"page","link":"https:\/\/www.swisstabletennistest.ch\/fr\/documents\/","title":{"rendered":"Formulaires"},"content":{"rendered":"<p><strong>Tournoi de classement \u00e9lite (jusqu&rsquo;au 30 juin 2023)<br \/>\n<\/strong><a class=\"wf_file\" href=\"https:\/\/www.swisstabletennistest.ch\/wp-content\/uploads\/2023\/06\/RLT-Elite-STT-Anmeldeformular-f.doc\" target=\"_blank\" rel=\"noopener\"><img decoding=\"async\" width=\"20\" height=\"20\" class=\" size-full wp-image-3293\" style=\"border: 0px; vertical-align: middle; max-width: inherit;\" src=\"https:\/\/www.swisstabletennistest.ch\/wp-content\/uploads\/2020\/03\/doc.png\" alt=\"doc\" \/>Formulaire d&rsquo;inscription<\/a><\/p>\n<p><strong>Demandes de licence<br \/>\n<\/strong><a class=\"wf_file\" href=\"https:\/\/www.swisstabletennistest.ch\/wp-content\/uploads\/2023\/07\/Demande_de_licence_CH_UE_AELE_Fr.pdf\" target=\"_blank\" rel=\"noopener\"><img decoding=\"async\" class=\"alignnone wp-image-3202 size-full\" src=\"https:\/\/www.swisstabletennistest.ch\/wp-content\/uploads\/2012\/12\/pdf.png\" alt=\"pdf\" width=\"20\" height=\"20\" \/><\/a><a href=\"https:\/\/www.swisstabletennistest.ch\/wp-content\/uploads\/2023\/07\/Demande_de_licence_CH_UE_AELE_Fr.pdf\">Demande de licence pour joueurs avec nationalit\u00e9 suisse ou ressortissants des pays de l&rsquo;UE et de l&rsquo;AELE<\/a><br \/>\n<a class=\"wf_file\" href=\"https:\/\/www.swisstabletennistest.ch\/wp-content\/uploads\/2023\/07\/Demande_de_licence_etranger_non_UE_AELE_fr.pdf\" target=\"_blank\" rel=\"noopener\"><img decoding=\"async\" class=\"alignnone wp-image-3202 size-full\" src=\"https:\/\/www.swisstabletennistest.ch\/wp-content\/uploads\/2012\/12\/pdf.png\" alt=\"pdf\" width=\"20\" height=\"20\" \/><\/a><a href=\"https:\/\/www.swisstabletennistest.ch\/wp-content\/uploads\/2023\/07\/Demande_de_licence_etranger_non_UE_AELE_fr.pdf\">Demande de licence pour joueuses et joueurs avec nationalit\u00e9 \u00e9trang\u00e8re hors des pays de l&rsquo;UE et de l&rsquo;AELE et avec autorisation de s\u00e9jour ou\/et travail en Suisse<\/a><\/p>\n<p><strong>Championnat par \u00e9quipe<br \/>\n<\/strong><a class=\"wf_file\" href=\"https:\/\/www.swisstabletennistest.ch\/wp-content\/uploads\/2022\/05\/matchblatt_stt_muster.pdf\" target=\"_blank\" rel=\"noopener noreferrer\"><img decoding=\"async\" width=\"20\" height=\"20\" class=\" size-full wp-image-3202\" style=\"border: 0px; vertical-align: middle;\" src=\"https:\/\/www.swisstabletennistest.ch\/wp-content\/uploads\/2012\/12\/pdf.png\" alt=\"pdf\" \/><span class=\"wf_file_text\">Feuille de match (exemple type)<\/span><\/a><br \/>\n<a class=\"wf_file\" href=\"https:\/\/www.swisstabletennistest.ch\/wp-content\/uploads\/2022\/05\/matchblatt_stt.pdf\" target=\"_blank\" rel=\"noopener noreferrer\"><img decoding=\"async\" width=\"20\" height=\"20\" class=\" size-full wp-image-3202\" style=\"border: 0px; vertical-align: middle;\" src=\"https:\/\/www.swisstabletennistest.ch\/wp-content\/uploads\/2012\/12\/pdf.png\" alt=\"pdf\" \/><span class=\"wf_file_text\">Feuille de match (exemple vide)<\/span><\/a><\/p>\n<p><strong>Ligue nationale<br \/>\n<\/strong><a class=\"wf_file\" href=\"https:\/\/www.swisstabletennistest.ch\/wp-content\/uploads\/2022\/05\/Trainerobligatorium_NL_2020_21.doc\" target=\"_blank\" rel=\"noopener\"><img decoding=\"async\" width=\"20\" height=\"20\" class=\" size-full wp-image-3293\" style=\"border: 0px; vertical-align: middle; max-width: inherit;\" src=\"https:\/\/www.swisstabletennistest.ch\/wp-content\/uploads\/2020\/03\/doc.png\" alt=\"doc\" \/><span class=\"wf_file_text\">Inscription entra\u00eeneur<\/span><\/a><br \/>\n<a class=\"wf_file\" href=\"https:\/\/www.swisstabletennistest.ch\/wp-content\/uploads\/2022\/05\/mannschaftsmeisterschafts-rapport.doc\" target=\"_blank\" rel=\"noopener noreferrer\"><img loading=\"lazy\" decoding=\"async\" width=\"20\" height=\"20\" class=\" size-full wp-image-3293\" style=\"border: 0px; vertical-align: middle;\" src=\"https:\/\/www.swisstabletennistest.ch\/wp-content\/uploads\/2020\/03\/doc.png\" alt=\"doc\" \/><span class=\"wf_file_text\">Rapport championnats par \u00e9quipes<\/span><\/a><br \/>\n<span class=\"wf_file_text\"><a class=\"wf_file\" href=\"https:\/\/www.swisstabletennistest.ch\/wp-content\/uploads\/2022\/05\/Schiedsrichterzettel.pdf\" target=\"_blank\" rel=\"noopener noreferrer\"><img decoding=\"async\" width=\"20\" height=\"20\" class=\" size-full wp-image-3202\" style=\"border: 0px; vertical-align: middle;\" src=\"https:\/\/www.swisstabletennistest.ch\/wp-content\/uploads\/2012\/12\/pdf.png\" alt=\"pdf\" \/><span class=\"wf_file_text\">Formulaire A<\/span><\/a> <\/span><\/p>\n<p><strong><span class=\"wf_file_text\">Coupe suisse<br \/>\n<\/span><\/strong><span class=\"wf_file_text\"><a class=\"wf_file\" href=\"https:\/\/www.swisstabletennistest.ch\/wp-content\/uploads\/2022\/05\/matchblatt_cup_muster.pdf\" target=\"_blank\" rel=\"noopener noreferrer\"><img decoding=\"async\" width=\"20\" height=\"20\" class=\" size-full wp-image-3202\" style=\"border: 0px; vertical-align: middle;\" src=\"https:\/\/www.swisstabletennistest.ch\/wp-content\/uploads\/2012\/12\/pdf.png\" alt=\"pdf\" \/>Feuille de match (exemple type)<\/a><br \/>\n<\/span><span class=\"wf_file_text\"><span class=\"wf_file_text\"><a class=\"wf_file\" href=\"https:\/\/www.swisstabletennistest.ch\/wp-content\/uploads\/2022\/05\/matchblatt_cup.pdf\" target=\"_blank\" rel=\"noopener noreferrer\"><img decoding=\"async\" width=\"20\" height=\"20\" class=\" size-full wp-image-3202\" style=\"border: 0px; vertical-align: middle;\" src=\"https:\/\/www.swisstabletennistest.ch\/wp-content\/uploads\/2012\/12\/pdf.png\" alt=\"pdf\" \/>Feuille de match (exemple vide)<\/a><\/span><\/span><\/p>\n<p><strong>Dopage<br \/>\n<\/strong><a class=\"wf_file\" href=\"https:\/\/www.swisstabletennistest.ch\/wp-content\/uploads\/2023\/07\/Dopingunterstellungserklaerung_f.pdf\" target=\"_blank\" rel=\"noopener noreferrer\"><img decoding=\"async\" class=\"alignnone wp-image-3202 size-full\" src=\"https:\/\/www.swisstabletennistest.ch\/wp-content\/uploads\/2012\/12\/pdf.png\" alt=\"pdf\" width=\"20\" height=\"20\" \/><\/a><a href=\"https:\/\/www.swisstabletennistest.ch\/wp-content\/uploads\/2023\/07\/Dopingunterstellungserklaerung_f.pdf\">D\u00e9claration de soumission<\/a><\/p>\n<p data-wp-editing=\"1\"><strong>Tournois<br \/>\n<\/strong><a class=\"wf_file\" href=\"https:\/\/www.swisstabletennistest.ch\/wp-content\/uploads\/2023\/01\/Antrag-auf-Turniergenehmigung_f.doc\" target=\"_blank\" rel=\"noopener\"><img loading=\"lazy\" decoding=\"async\" class=\"alignnone wp-image-3293 size-full\" src=\"https:\/\/www.swisstabletennistest.ch\/wp-content\/uploads\/2020\/03\/doc.png\" alt=\"doc\" width=\"20\" height=\"20\" \/><\/a><a href=\"https:\/\/www.swisstabletennistest.ch\/wp-content\/uploads\/2023\/01\/Antrag-auf-Turniergenehmigung_f.doc\">Autorisation de tournois pour les clubs<\/a><strong><br \/>\n<\/strong><a class=\"wf_file\" href=\"https:\/\/www.swisstabletennistest.ch\/wp-content\/uploads\/2022\/05\/abrechnung_turnierkarten_20151126.doc\" target=\"_blank\" rel=\"noopener noreferrer\"><img loading=\"lazy\" decoding=\"async\" width=\"20\" height=\"20\" class=\" size-full wp-image-3293\" style=\"border: 0px; vertical-align: middle;\" src=\"https:\/\/www.swisstabletennistest.ch\/wp-content\/uploads\/2020\/03\/doc.png\" alt=\"doc\" \/><span class=\"wf_file_text\">D\u00e9compte des taxes \u00e0 renverser \u00e0 STT des tournois internationaux, nationaux et interr\u00e9gionaux<\/span><\/a><\/p>\n<p><strong>D\u00e9compte de frais<br \/>\n<\/strong><a class=\"wf_file\" href=\"https:\/\/www.swisstabletennistest.ch\/wp-content\/uploads\/2022\/05\/spesenformular-funktionaere.xls\" target=\"_blank\" rel=\"noopener noreferrer\"><img loading=\"lazy\" decoding=\"async\" width=\"20\" height=\"20\" class=\" size-full wp-image-3571\" style=\"border: 0px; vertical-align: middle;\" src=\"https:\/\/www.swisstabletennistest.ch\/wp-content\/uploads\/2022\/05\/xls.png\" alt=\"xls\" \/><span class=\"wf_file_text\">D\u00e9compte de frais fonctionaires STT<\/span><\/a><br \/>\n<a class=\"wf_file\" href=\"https:\/\/www.swisstabletennistest.ch\/wp-content\/uploads\/2022\/05\/Spesenformular-Ausbildung.xls\" target=\"_blank\" rel=\"noopener\"><img loading=\"lazy\" decoding=\"async\" width=\"20\" height=\"20\" class=\" size-full wp-image-3571\" style=\"border: 0px; vertical-align: middle; max-width: inherit;\" src=\"https:\/\/www.swisstabletennistest.ch\/wp-content\/uploads\/2022\/05\/xls.png\" alt=\"xls\" \/><span class=\"wf_file_text\">D\u00e9compte de frais cadre formation STT<\/span><\/a><br \/>\n<a class=\"wf_file\" href=\"https:\/\/www.swisstabletennistest.ch\/wp-content\/uploads\/2022\/05\/Spesenabrechnung_Trainer_STT.xls\" target=\"_blank\" rel=\"noopener\"><img loading=\"lazy\" decoding=\"async\" width=\"20\" height=\"20\" class=\" size-full wp-image-3571\" style=\"border: 0px; vertical-align: middle; max-width: inherit;\" src=\"https:\/\/www.swisstabletennistest.ch\/wp-content\/uploads\/2022\/05\/xls.png\" alt=\"xls\" \/><span class=\"wf_file_text\">D\u00e9compte de frais entr\u00e2ineurs cadre STT<\/span><\/a><br \/>\n<span class=\"wf_file_text\"><a class=\"wf_file\" href=\"https:\/\/www.swisstabletennistest.ch\/wp-content\/uploads\/2023\/04\/Spesenformular-OSR-SR_elektronisch.xls\" target=\"_blank\" rel=\"noopener\"><img loading=\"lazy\" decoding=\"async\" class=\"alignnone wp-image-3571 size-full\" src=\"https:\/\/www.swisstabletennistest.ch\/wp-content\/uploads\/2022\/05\/xls.png\" alt=\"xls\" width=\"20\" height=\"20\" \/><\/a><a href=\"https:\/\/www.swisstabletennistest.ch\/wp-content\/uploads\/2023\/04\/Spesenformular-OSR-SR_elektronisch.xls\">D\u00e9compte de frais JA\/A STT<\/a><\/span><\/p>\n<p><strong>Clubs<br \/>\n<\/strong><a class=\"wf_file\" href=\"https:\/\/www.swisstabletennistest.ch\/wp-content\/uploads\/2022\/05\/Aufnahmegesuch_Club_f.doc\" target=\"_blank\" rel=\"noopener\"><img decoding=\"async\" width=\"20\" height=\"20\" class=\" size-full wp-image-3293\" style=\"border: 0px; vertical-align: middle; max-width: inherit;\" src=\"https:\/\/www.swisstabletennistest.ch\/wp-content\/uploads\/2020\/03\/doc.png\" alt=\"doc\" \/><span class=\"wf_file_text\">Demande d&rsquo;admission pour clubs<\/span><\/a><\/p>\n<p><strong>Cahiers des charges<\/strong><br \/>\nCahier des charges CS \u00e9lite avec annexes (suivra)<br \/>\n<a href=\"https:\/\/www.swisstabletennistest.ch\/wp-content\/uploads\/2023\/04\/Pflichtenheft-Schweizer-Meisterschaften-Nachwuchs-inklusive-Anhaenge-f.pdf\">Cahier des charges CS jeunesse avec annexes<\/a><\/p>\n","protected":false},"excerpt":{"rendered":"<p>Tournoi de classement \u00e9lite (jusqu&rsquo;au 30 juin 2023) Formulaire d&rsquo;inscription Demandes de licence Demande de licence pour joueurs avec nationalit\u00e9&hellip;<\/p>\n","protected":false},"author":16,"featured_media":18345,"parent":0,"menu_order":0,"comment_status":"closed","ping_status":"closed","template":"","meta":{"_monsterinsights_skip_tracking":false,"_monsterinsights_sitenote_active":false,"_monsterinsights_sitenote_note":"","_monsterinsights_sitenote_category":0,"footnotes":""},"class_list":["post-511","page","type-page","status-publish","has-post-thumbnail","hentry"],"_links":{"self":[{"href":"https:\/\/www.swisstabletennistest.ch\/fr\/wp-json\/wp\/v2\/pages\/511","targetHints":{"allow":["GET"]}}],"collection":[{"href":"https:\/\/www.swisstabletennistest.ch\/fr\/wp-json\/wp\/v2\/pages"}],"about":[{"href":"https:\/\/www.swisstabletennistest.ch\/fr\/wp-json\/wp\/v2\/types\/page"}],"author":[{"embeddable":true,"href":"https:\/\/www.swisstabletennistest.ch\/fr\/wp-json\/wp\/v2\/users\/16"}],"replies":[{"embeddable":true,"href":"https:\/\/www.swisstabletennistest.ch\/fr\/wp-json\/wp\/v2\/comments?post=511"}],"version-history":[{"count":0,"href":"https:\/\/www.swisstabletennistest.ch\/fr\/wp-json\/wp\/v2\/pages\/511\/revisions"}],"wp:featuredmedia":[{"embeddable":true,"href":"https:\/\/www.swisstabletennistest.ch\/fr\/wp-json\/wp\/v2\/media\/18345"}],"wp:attachment":[{"href":"https:\/\/www.swisstabletennistest.ch\/fr\/wp-json\/wp\/v2\/media?parent=511"}],"curies":[{"name":"wp","href":"https:\/\/api.w.org\/{rel}","templated":true}]}}