{"id":3137,"date":"2022-06-23T12:16:27","date_gmt":"2022-06-23T11:16:27","guid":{"rendered":"https:\/\/swisstabletennis.ch\/neu\/?page_id=3137"},"modified":"2022-07-13T11:15:43","modified_gmt":"2022-07-13T10:15:43","slug":"swaythling-ch","status":"publish","type":"page","link":"https:\/\/www.swisstabletennistest.ch\/fr\/swaythling-ch\/","title":{"rendered":"Swaythling CH"},"content":{"rendered":"<h2>Comit\u00e9 du Swaythling Club Suisse<\/h2>\n<table border=\"0\" data-mce-width=\"487\" data-mce-height=\"560\">\n<tbody>\n<tr>\n<td><a class=\"jcepopup jcemediabox-image\" href=\"https:\/\/www.swisstabletennistest.ch\/wp-content\/uploads\/images\/7_Organisation\/Swaythling_CH\/sadecki.jpg\" target=\"_blank\" rel=\"noopener noreferrer\"><span class=\"jcemediabox-zoom-span\"><img decoding=\"async\" src=\"https:\/\/www.swisstabletennistest.ch\/wp-content\/uploads\/images\/7_Organisation\/Swaythling_CH\/sadecki.jpg\" alt=\"Thomas Sadecky\" width=\"150\" height=\"201\" \/><\/span><\/a><\/td>\n<td><a class=\"jcepopup jcemediabox-image\" href=\"https:\/\/www.swisstabletennistest.ch\/wp-content\/uploads\/images\/7_Organisation\/Swaythling_CH\/Anton_Lehmann.JPG\" target=\"_blank\" rel=\"noopener noreferrer\" type=\"image\/jpeg\" data-mediabox=\"1\" data-mediabox-title=\"Anton Lehmann\"><span class=\"jcemediabox-zoom-span\"><img fetchpriority=\"high\" decoding=\"async\" src=\"https:\/\/www.swisstabletennistest.ch\/wp-content\/uploads\/images\/7_Organisation\/Swaythling_CH\/Anton_Lehmann.JPG\" alt=\"Anton Lehmann\" width=\"265\" height=\"200\" \/><\/span><\/a><\/td>\n<\/tr>\n<tr>\n<td><strong>\u00a0Pr\u00e9sident<\/strong>: Thomas Sadecky<\/td>\n<td>\u00a0<strong>Secr\u00e9taire<\/strong>: Anton Lehmann<\/td>\n<\/tr>\n<tr>\n<td>\u00a0<a class=\"jcepopup jcemediabox-image\" href=\"https:\/\/www.swisstabletennistest.ch\/wp-content\/uploads\/images\/7_Organisation\/Swaythling_CH\/michel_stirn-1.jpg\" target=\"_blank\" rel=\"noopener noreferrer\"><span class=\"jcemediabox-zoom-span\"><img decoding=\"async\" src=\"https:\/\/www.swisstabletennistest.ch\/wp-content\/uploads\/images\/7_Organisation\/Swaythling_CH\/michel_stirn-1.jpg\" alt=\"Mich\u00e8le Stirn\" width=\"150\" height=\"197\" \/><\/span><\/a><\/td>\n<td><\/td>\n<\/tr>\n<tr>\n<td><strong>Secr\u00e8taire<\/strong>: Mich\u00e8le Stirn<\/td>\n<td><\/td>\n<\/tr>\n<\/tbody>\n<\/table>\n<p>&nbsp;<\/p>\n<p><strong>News<\/strong><\/p>\n<p><a href=\"https:\/\/www.swisstabletennistest.ch\/fr\/10-sidespin\/3334-cs-championne-suisse\">Article \u00ab\u00a0nouvelle championne Suisse Elmira Antonyan\u00a0\u00bb<\/a><\/p>\n<p><a class=\"wf_file\" href=\"https:\/\/www.swisstabletennistest.ch\/wp-content\/uploads\/2022\/05\/Laszlo_Pal_27.3.1936_-_10.10.2021_francais.pdf\" target=\"_blank\" rel=\"noopener\"><span class=\"wf_file_text\">N\u00e9crologie Lazlo Pal<\/span><\/a><\/p>\n<p><a href=\"https:\/\/www.swisstabletennistest.ch\/fr\/news\/news-archive\/2971-jacques-secretin\">N\u00e9crologie Jacques Secr\u00e9tin<\/a><\/p>\n<p><a href=\"http:\/\/www.swisstabletennis.ch\/fr\/news\/news-archive\/128-stt\/2827-necrologie\">N\u00e9crologie Marie-Jeanne Urchetti<\/a><\/p>\n<p><a class=\"wf_file\" href=\"https:\/\/www.swisstabletennistest.ch\/wp-content\/uploads\/2022\/05\/Necrologie_Bernard_Chatton.pdf\" target=\"_blank\" rel=\"noopener\"><span class=\"wf_file_text\">N\u00e9crologie Bernard Chatton<\/span><\/a><\/p>\n<p><a href=\"https:\/\/www.swisstabletennistest.ch\/nachruf-mario-mariotti\/\" target=\"_blank\" rel=\"noopener\">N\u00e9crologie Mario Mariotti<\/a><\/p>\n<p><a class=\"wf_file\" href=\"https:\/\/www.swisstabletennistest.ch\/wp-content\/uploads\/2022\/05\/Werner_Schnyder.pdf\" target=\"_blank\" rel=\"noopener\"><span class=\"wf_file_text\">N\u00e9crologie Werner Schnyder<\/span><\/a><\/p>\n<p>&nbsp;<\/p>\n<p><a class=\"wf_file\" href=\"https:\/\/www.swisstabletennistest.ch\/wp-content\/uploads\/2022\/05\/SC_Swiss_2019_d__f.docx\" target=\"_blank\" rel=\"noopener\"><span class=\"wf_file_text\">Protocole AG 2019<\/span><\/a><\/p>\n<p><a class=\"wf_file\" href=\"https:\/\/www.swisstabletennistest.ch\/wp-content\/uploads\/2022\/05\/SC_Swiss_2018_d__f.docx\" target=\"_blank\" rel=\"noopener\"><span class=\"wf_file_text\">Protocole AG 2018<\/span><\/a><\/p>\n<p><a class=\"wf_file\" href=\"https:\/\/www.swisstabletennistest.ch\/wp-content\/uploads\/2022\/05\/Annual_Meeting_Swaythling_Club_Switzerland.docx\" target=\"_blank\" rel=\"noopener\"><span class=\"wf_file_text\">Article \u00ab\u00a0Annual Meeting Swaythling Club Switzerland\u00a0\u00bb<\/span><\/a> (En anglais)<\/p>\n<p>&nbsp;<\/p>\n<p><a href=\"https:\/\/www.swisstabletennistest.ch\/le-club-le-plus-exclusif-en-suisse\/?lang=fr\">Le club le plus exclusif en Suisse (mars 2016)<\/a><\/p>\n<p>&nbsp;<\/p>\n<p><strong>Archive<\/strong><\/p>\n<p><strong>\u00a0<\/strong><\/p>\n<p><strong>AG du Swaythling Club Suisse \u00e0 W\u00fcrenlos (10 septembre 2011)<\/strong><\/p>\n<p><a class=\"wf_file\" href=\"https:\/\/www.swisstabletennistest.ch\/wp-content\/uploads\/2022\/05\/protokoll_gv.pdf\" target=\"_blank\" rel=\"noopener\"><img loading=\"lazy\" decoding=\"async\" width=\"20\" height=\"20\" class=\" size-full wp-image-3202\" style=\"border: 0px; vertical-align: middle;\" src=\"https:\/\/www.swisstabletennistest.ch\/wp-content\/uploads\/2012\/12\/pdf.png\" alt=\"pdf\" \/><span class=\"wf_file_text\">Protocole (en allemand)<\/span><\/a><\/p>\n<p><a class=\"wf_file\" href=\"https:\/\/www.swisstabletennistest.ch\/wp-content\/uploads\/2022\/05\/GV_Swaythling_Club_Schweiz.pdf\" target=\"_blank\" rel=\"noopener\"><img loading=\"lazy\" decoding=\"async\" width=\"20\" height=\"20\" class=\" size-full wp-image-3202\" style=\"border: 0px; vertical-align: middle;\" src=\"https:\/\/www.swisstabletennistest.ch\/wp-content\/uploads\/2012\/12\/pdf.png\" alt=\"pdf\" \/><span class=\"wf_file_text\">Impressions<\/span><\/a><\/p>\n<p>&nbsp;<\/p>\n<p><strong><span class=\"wf_file_text\">Walk for Truce von Olympia nach London (14 novembre 2011)<\/span><\/strong><\/p>\n<p>&nbsp;<\/p>\n<p><strong>Quelques photos<\/strong><\/p>\n<table border=\"0\">\n<tbody>\n<tr>\n<td><a class=\"jcepopup\" href=\"https:\/\/www.swisstabletennistest.ch\/wp-content\/uploads\/2022\/05\/bundesratmaurerlszlofldy15.jpg\" target=\"_blank\" rel=\"title[Ueli Maurer avec Laszlo F\u00f6ldy] noopener\" type=\"image\"><img loading=\"lazy\" decoding=\"async\" class=\" alignleft size-full wp-image-4742\" style=\"margin-right: 20px; margin-bottom: 10px; float: left;\" src=\"https:\/\/www.swisstabletennistest.ch\/wp-content\/uploads\/2022\/05\/bundesratmaurerlszlofldy15.jpg\" alt=\"Ueli Maurer avec Laszlo F\u00f6ldy\" width=\"200\" height=\"150\" srcset=\"https:\/\/www.swisstabletennistest.ch\/wp-content\/uploads\/2022\/05\/bundesratmaurerlszlofldy15.jpg 800w, https:\/\/www.swisstabletennistest.ch\/wp-content\/uploads\/2022\/05\/bundesratmaurerlszlofldy15-600x450.jpg 600w\" sizes=\"(max-width: 200px) 100vw, 200px\" \/><\/a><\/td>\n<td><a class=\"jcepopup\" href=\"https:\/\/www.swisstabletennistest.ch\/wp-content\/uploads\/2022\/05\/lordmichaelbatesambassadorolympicons_8624.jpg\" target=\"_blank\" rel=\"title[La d\u00e9l\u00e9gation] noopener\" type=\"image\"><img loading=\"lazy\" decoding=\"async\" class=\" alignleft size-full wp-image-4744\" style=\"margin-right: 20px; margin-bottom: 10px; float: left;\" src=\"https:\/\/www.swisstabletennistest.ch\/wp-content\/uploads\/2022\/05\/lordmichaelbatesambassadorolympicons_8624.jpg\" alt=\"La d\u00e9l\u00e9gation\" width=\"200\" height=\"174\" srcset=\"https:\/\/www.swisstabletennistest.ch\/wp-content\/uploads\/2022\/05\/lordmichaelbatesambassadorolympicons_8624.jpg 800w, https:\/\/www.swisstabletennistest.ch\/wp-content\/uploads\/2022\/05\/lordmichaelbatesambassadorolympicons_8624-600x522.jpg 600w\" sizes=\"(max-width: 200px) 100vw, 200px\" \/><\/a><\/td>\n<\/tr>\n<tr>\n<td><a class=\"jcepopup\" href=\"https:\/\/www.swisstabletennistest.ch\/wp-content\/uploads\/2022\/05\/lordmichaelbatesbundesratulimaurer14.jpg\" target=\"_blank\" rel=\"title[Lord Michael Bates avec Ueli Maurer] noopener\" type=\"image\"><img loading=\"lazy\" decoding=\"async\" class=\" alignleft size-full wp-image-4746\" style=\"margin-right: 20px; margin-bottom: 10px; float: left;\" src=\"https:\/\/www.swisstabletennistest.ch\/wp-content\/uploads\/2022\/05\/lordmichaelbatesbundesratulimaurer14.jpg\" alt=\"Lord Michael Bates avec Ueli Maurer\" width=\"200\" height=\"246\" \/><\/a><\/td>\n<td><a class=\"jcepopup\" href=\"https:\/\/www.swisstabletennistest.ch\/wp-content\/uploads\/2022\/05\/lordmichaelbateslszlofldy09.jpg\" target=\"_blank\" rel=\"title[Lord Michael Bates avec Laszlo F\u00f6ldy] noopener\" type=\"image\"><img loading=\"lazy\" decoding=\"async\" class=\" alignleft size-full wp-image-4748\" style=\"margin-right: 20px; margin-bottom: 10px; float: left;\" src=\"https:\/\/www.swisstabletennistest.ch\/wp-content\/uploads\/2022\/05\/lordmichaelbateslszlofldy09.jpg\" alt=\"Lord Michael Bates avec Laszlo F\u00f6ldy\" width=\"200\" height=\"150\" srcset=\"https:\/\/www.swisstabletennistest.ch\/wp-content\/uploads\/2022\/05\/lordmichaelbateslszlofldy09.jpg 800w, https:\/\/www.swisstabletennistest.ch\/wp-content\/uploads\/2022\/05\/lordmichaelbateslszlofldy09-600x450.jpg 600w\" sizes=\"(max-width: 200px) 100vw, 200px\" \/><\/a><\/td>\n<\/tr>\n<\/tbody>\n<\/table>\n<p>&nbsp;<\/p>\n<p><strong><span class=\"wf_file_text\">CM \u00e0 Rotterdam (mai 2011)<\/span><\/strong><\/p>\n<p><span class=\"wf_file_text\"><a class=\"wf_file\" href=\"https:\/\/www.swisstabletennistest.ch\/wp-content\/uploads\/2022\/05\/WM_in_Rotterdam.pdf\" target=\"_blank\" rel=\"noopener\"><img loading=\"lazy\" decoding=\"async\" width=\"20\" height=\"20\" class=\" size-full wp-image-3202\" style=\"border: 0px; vertical-align: middle;\" src=\"https:\/\/www.swisstabletennistest.ch\/wp-content\/uploads\/2012\/12\/pdf.png\" alt=\"pdf\" \/><span class=\"wf_file_text\">Impressions<\/span><\/a><\/span><\/p>\n<p>&nbsp;<\/p>\n<p><strong><span class=\"wf_file_text\">CS Seniors \u00e0 Pully (1 mai 2011)<\/span><\/strong><\/p>\n<p><span class=\"wf_file_text\"><a class=\"wf_file\" href=\"https:\/\/www.swisstabletennistest.ch\/wp-content\/uploads\/2022\/05\/SM_Senioren_in_Pully.pdf\" target=\"_blank\" rel=\"noopener\"><img loading=\"lazy\" decoding=\"async\" width=\"20\" height=\"20\" class=\" size-full wp-image-3202\" style=\"border: 0px; vertical-align: middle;\" src=\"https:\/\/www.swisstabletennistest.ch\/wp-content\/uploads\/2012\/12\/pdf.png\" alt=\"pdf\" \/>Impressions <\/a><span class=\"wf_file\">(Photographe: Laszlo F\u00f6ldy)<\/span><\/span><\/p>\n<p><a class=\"wf_file\" href=\"https:\/\/www.swisstabletennistest.ch\/wp-content\/uploads\/2022\/05\/Zeitungsartikel_Foeldy.jpg\" target=\"_blank\" rel=\"noopener\"><img loading=\"lazy\" decoding=\"async\" width=\"20\" height=\"20\" class=\" size-full wp-image-3806\" style=\"border: 0px; vertical-align: middle;\" src=\"https:\/\/www.swisstabletennistest.ch\/wp-content\/uploads\/2022\/02\/jpg.png\" alt=\"jpg\" \/><span class=\"wf_file_text\">Article<\/span><\/a> sur Teri F\u00f6ldy (en allemand)<\/p>\n<p>&nbsp;<\/p>\n<p><strong>L&rsquo;histoire du club Swaythling<\/strong><\/p>\n<p><strong>\u00a0<\/strong><\/p>\n<p>Le <a href=\"https:\/\/swaythlingclub.com\/\">Swaythling Club International (SCI)<\/a> est une association internationale qui favorise en premier lieu le contact et l&rsquo;entretien de l&rsquo;amiti\u00e9 entre d&rsquo;anciens joueurs de pointe.<br \/>\nLe nom vient de Lady Swaythling \u2013 (dont le nom complet est Lady Gladys Goldsmid Montagu Swaythling (1879-1965)) \u2013 la m\u00e8re d&rsquo;Ivor Montagu, l&rsquo;organisateur de tournois des championnats du monde de tennis de table de 1926. Le Swaythling Club International (SCI) a \u00e9t\u00e9 fond\u00e9 le 20 avril 1967 \u00e0 Stockholm par 21 anciens participants aux championnats du monde de tennis de table qui ont ainsi mis en pratique une proposition de Zarko Dolinar. Parmi les membres fondateurs, on compte Laszlo F\u00f6ldy (Suisse), Guy Amouretti (France), Gosta Brolin (Su\u00e8de), Ron Crayden (Angleterre), Tage Flisberg (Su\u00e8de), Bill Gunn (USA), Vilmos Harangozo (Yougoslavie), Johnny Leach (Angleterre), Richard Miles (USA), George Roland (Belgique), Jupp Schlaf (RFA), Ferenc Sido (Hongrie) et Michael Thornhill (Angleterre). L&rsquo;Hongrois Victor Barna \u00e9tait le premier pr\u00e9sident et d\u00e9veloppait le club jusqu&rsquo;\u00e0 sa mort. En 1972, Joe Veselsky (Irlande) lui succ\u00e9da. Depuis l&rsquo;an 2000, Diane Sch\u00f6ler occupe la fonction.<\/p>\n<p>En Suisse, il existe \u00e9galement un club Swaythling qui a \u00e9t\u00e9 fond\u00e9 en 1967 par Hugo Urchetti, qui \u00e9tait ensuite pr\u00e9sident durant de longues ann\u00e9es. Le club Swaythling Suisse s&rsquo;engage pour diff\u00e9rents objectifs :<\/p>\n<p>&nbsp;<\/p>\n<p>&#8211; D\u00e9veloppement du jeu<br \/>\n&#8211; Promotion de l&rsquo;amiti\u00e9 internationale<br \/>\n&#8211; Aide r\u00e9ciproque dans la mesure du possible<br \/>\n&#8211; Rencontres fr\u00e9quentes<br \/>\n&#8211; Encouragement des jeunes joueurs<br \/>\n&#8211; Fair Play<br \/>\n&#8211; Promotion de la compr\u00e9hension de l&rsquo;importance du comportement sportif chez les jeunes g\u00e9n\u00e9rations<\/p>\n<p>&nbsp;<\/p>\n<p><strong>Championnats internationaux de tennis de table \u00e0 Lausanne, 1964<\/strong><\/p>\n<p><strong>\u00a0<\/strong><\/p>\n<table border=\"0\">\n<tbody>\n<tr>\n<td><a class=\"jcepopup\" href=\"https:\/\/www.swisstabletennistest.ch\/wp-content\/uploads\/2012\/12\/lausanne_eva_koczin_mit_hugo.jpg\" target=\"_blank\" rel=\"noopener\"><img loading=\"lazy\" decoding=\"async\" class=\" alignleft size-full wp-image-3206\" style=\"margin-right: 20px; margin-bottom: 10px; float: left;\" src=\"https:\/\/www.swisstabletennistest.ch\/wp-content\/uploads\/2012\/12\/lausanne_eva_koczin_mit_hugo.jpg\" alt=\"\" width=\"200\" height=\"209\" \/><\/a><\/td>\n<td><a class=\"jcepopup\" href=\"https:\/\/www.swisstabletennistest.ch\/wp-content\/uploads\/2012\/12\/laussane_1964.jpg\" target=\"_blank\" rel=\"noopener\"><img loading=\"lazy\" decoding=\"async\" class=\" alignleft size-full wp-image-3208\" style=\"margin-right: 20px; margin-bottom: 10px; float: left;\" src=\"https:\/\/www.swisstabletennistest.ch\/wp-content\/uploads\/2012\/12\/laussane_1964.jpg\" alt=\"\" width=\"200\" height=\"130\" \/><\/a><\/td>\n<\/tr>\n<tr>\n<td colspan=\"2\">Le President Hugo Urchetti remet les prix aux vainqueurs Kjell Johansson (Su\u00e8de) et Eva Koczi\u00e0n (Hongrie).<\/td>\n<\/tr>\n<\/tbody>\n<\/table>\n<p>&nbsp;<\/p>\n<p><strong>\u00catre membre du club Swaythling<\/strong><\/p>\n<p>L&rsquo;affiliation au SCI se fait \u00ab\u00a0sur invitation\u00a0\u00bb. En 1987, les exigences ont \u00e9t\u00e9 pr\u00e9cis\u00e9es : les membres doivent avoir gagn\u00e9 au moins un concours lors de championnats du monde de tennis de table ou avoir particip\u00e9 au moins \u00e0 deux championnats du monde ou avoir rempli la fonction de conseiller (\u00ab\u00a0non-playing team captain\u00a0\u00bb) lors de trois championnats du monde au moins.<\/p>\n<p>Chaque nation repr\u00e9sent\u00e9e par des membres au SCI, dispose d&rsquo;un repr\u00e9sentant national qui d\u00e9fend les principes SCI dans son pays. En particulier, il devrait organiser une rencontre des membres lors des championnats nationaux. En avril 2005, le SCI comptait 96 nations et totalisait 661 membres.<\/p>\n<p class=\"wf_file_text\"><a class=\"wf_file\" href=\"https:\/\/www.swisstabletennistest.ch\/wp-content\/uploads\/2012\/12\/Membres_Mitglieder_Swaythling_Club_Mai_2020.pdf\" target=\"_blank\" rel=\"noopener\"><img loading=\"lazy\" decoding=\"async\" width=\"20\" height=\"20\" class=\"wf_file_icon size-full wp-image-3202\" style=\"border: 0px; vertical-align: middle; max-width: inherit;\" src=\"https:\/\/www.swisstabletennistest.ch\/wp-content\/uploads\/2012\/12\/pdf.png\" alt=\"pdf\" \/><span class=\"wf_file_text\">Membres du Swaythling Club Suisse<\/span><\/a><\/p>\n<p>&nbsp;<\/p>\n<p><strong>Adresses de contact:<\/strong><\/p>\n<p>&nbsp;<\/p>\n<p>President:<\/p>\n<p><strong>Thomas Sadecky<\/strong><br \/>\nB\u00fcntenstrasse 29<br \/>\n5436 W\u00fcrenlos<br \/>\n056 424 30 27<br \/>\n<span id=\"cloak0c0356f8ddd9cbefc7e8a177959b21f9\"><a href=\"mailto:thomas.sadecky@bluewin.ch\" target=\"_blank\" rel=\"noopener\">thomas.sadecky#bluewin.ch<\/a><\/span><\/p>\n<p>Secretaire:<strong><br \/>\n<\/strong><br \/>\n<strong>Anton Lehmann<\/strong><br \/>\nLilienweg 2<br \/>\n3072 Ostermundigen<br \/>\n<span id=\"cloak75dd2236d3a6369d5cae1c82373f9242\"><a href=\"mailto:lehmann.anton@bluewin.ch\">lehmann.anton#bluewin.ch<\/a><\/span><\/p>\n<p>Caissi\u00e8re:<\/p>\n<p><strong>Mich\u00e8le Stirn<\/strong><br \/>\nChemin Vert-Pr\u00e9 4<br \/>\n1213 Petit-Lancy<br \/>\n022 792 68 14<br \/>\n<span id=\"cloake53aa66cbeb38e11021e6157a28b579d\"><a href=\"mailto:mi.sti@bluewin.ch\">mi.sti#bluewin.ch<\/a><\/span><\/p>\n","protected":false},"excerpt":{"rendered":"<p>Comit\u00e9 du Swaythling Club Suisse \u00a0Pr\u00e9sident: Thomas Sadecky \u00a0Secr\u00e9taire: Anton Lehmann \u00a0 Secr\u00e8taire: Mich\u00e8le Stirn &nbsp; News Article \u00ab\u00a0nouvelle championne&hellip;<\/p>\n","protected":false},"author":16,"featured_media":9064,"parent":0,"menu_order":0,"comment_status":"closed","ping_status":"closed","template":"","meta":{"_monsterinsights_skip_tracking":false,"_monsterinsights_sitenote_active":false,"_monsterinsights_sitenote_note":"","_monsterinsights_sitenote_category":0,"footnotes":""},"class_list":["post-3137","page","type-page","status-publish","has-post-thumbnail","hentry"],"_links":{"self":[{"href":"https:\/\/www.swisstabletennistest.ch\/fr\/wp-json\/wp\/v2\/pages\/3137","targetHints":{"allow":["GET"]}}],"collection":[{"href":"https:\/\/www.swisstabletennistest.ch\/fr\/wp-json\/wp\/v2\/pages"}],"about":[{"href":"https:\/\/www.swisstabletennistest.ch\/fr\/wp-json\/wp\/v2\/types\/page"}],"author":[{"embeddable":true,"href":"https:\/\/www.swisstabletennistest.ch\/fr\/wp-json\/wp\/v2\/users\/16"}],"replies":[{"embeddable":true,"href":"https:\/\/www.swisstabletennistest.ch\/fr\/wp-json\/wp\/v2\/comments?post=3137"}],"version-history":[{"count":0,"href":"https:\/\/www.swisstabletennistest.ch\/fr\/wp-json\/wp\/v2\/pages\/3137\/revisions"}],"wp:featuredmedia":[{"embeddable":true,"href":"https:\/\/www.swisstabletennistest.ch\/fr\/wp-json\/wp\/v2\/media\/9064"}],"wp:attachment":[{"href":"https:\/\/www.swisstabletennistest.ch\/fr\/wp-json\/wp\/v2\/media?parent=3137"}],"curies":[{"name":"wp","href":"https:\/\/api.w.org\/{rel}","templated":true}]}}