{"id":3111,"date":"2022-06-23T10:54:14","date_gmt":"2022-06-23T09:54:14","guid":{"rendered":"https:\/\/swisstabletennis.ch\/neu\/?page_id=3111"},"modified":"2023-07-20T10:38:15","modified_gmt":"2023-07-20T08:38:15","slug":"assemblee-ligue-nationale","status":"publish","type":"page","link":"https:\/\/www.swisstabletennistest.ch\/fr\/assemblee-ligue-nationale\/","title":{"rendered":"Assembl\u00e9e Ligue nationale"},"content":{"rendered":"\t\t<div data-elementor-type=\"wp-page\" data-elementor-id=\"3111\" class=\"elementor elementor-3111 elementor-254\" data-elementor-post-type=\"page\">\n\t\t\t\t\t\t<section class=\"elementor-section elementor-top-section elementor-element elementor-element-3d20d2e3 elementor-section-boxed elementor-section-height-default elementor-section-height-default\" data-id=\"3d20d2e3\" data-element_type=\"section\">\n\t\t\t\t\t\t<div class=\"elementor-container elementor-column-gap-extended\">\n\t\t\t\t\t<div class=\"elementor-column elementor-col-33 elementor-top-column elementor-element elementor-element-760d6fd3 sc_inner_width_none sc_layouts_column_icons_position_left\" data-id=\"760d6fd3\" data-element_type=\"column\">\n\t\t\t<div class=\"elementor-widget-wrap elementor-element-populated\">\n\t\t\t\t\t\t<div class=\"elementor-element elementor-element-f0beee7 sc_fly_static elementor-widget elementor-widget-image\" data-id=\"f0beee7\" data-element_type=\"widget\" data-widget_type=\"image.default\">\n\t\t\t\t<div class=\"elementor-widget-container\">\n\t\t\t\t\t\t\t\t\t\t\t\t\t\t\t<img decoding=\"async\" src=\"https:\/\/www.swisstabletennistest.ch\/wp-content\/uploads\/elementor\/thumbs\/z_Funktionare-STT-2022_originale-internet-1-e1665157753433-pvvbkz4nl4h8cq1jzukgwkdzetf9bgvr4ddea6v134.jpg\" title=\"z_Funktion\u00e4re STT 2022_originale internet (1)\" alt=\"z_Funktion\u00e4re STT 2022_originale internet (1)\" loading=\"lazy\" \/>\t\t\t\t\t\t\t\t\t\t\t\t\t\t\t<\/div>\n\t\t\t\t<\/div>\n\t\t\t\t<div class=\"elementor-element elementor-element-1e7feedb sc_fly_static elementor-widget elementor-widget-text-editor\" data-id=\"1e7feedb\" data-element_type=\"widget\" data-widget_type=\"text-editor.default\">\n\t\t\t\t<div class=\"elementor-widget-container\">\n\t\t\t\t\t\t\t\t\t<p><big><strong>Michel Tschanz<\/strong><\/big><\/p><p>Pr\u00e9sident &#8211;\u00a0Saison de transition<\/p>\t\t\t\t\t\t\t\t<\/div>\n\t\t\t\t<\/div>\n\t\t\t\t\t<\/div>\n\t\t<\/div>\n\t\t\t\t<div class=\"elementor-column elementor-col-33 elementor-top-column elementor-element elementor-element-2320d23d sc_inner_width_none sc_layouts_column_icons_position_left\" data-id=\"2320d23d\" data-element_type=\"column\">\n\t\t\t<div class=\"elementor-widget-wrap elementor-element-populated\">\n\t\t\t\t\t\t<div class=\"elementor-element elementor-element-6b6f3698 sc_fly_static elementor-widget elementor-widget-image\" data-id=\"6b6f3698\" data-element_type=\"widget\" data-widget_type=\"image.default\">\n\t\t\t\t<div class=\"elementor-widget-container\">\n\t\t\t\t\t\t\t\t\t\t\t\t\t\t\t<img decoding=\"async\" src=\"https:\/\/www.swisstabletennistest.ch\/wp-content\/uploads\/elementor\/thumbs\/z_Funktionare-STT-2022_originale-internet-9-e1665157840194-pvvbn8wm3pl6esqrqbx0fhr33c86x4wefm4n19hs1s.jpg\" title=\"z_Funktion\u00e4re STT 2022_originale internet (9)\" alt=\"z_Funktion\u00e4re STT 2022_originale internet (9)\" loading=\"lazy\" \/>\t\t\t\t\t\t\t\t\t\t\t\t\t\t\t<\/div>\n\t\t\t\t<\/div>\n\t\t\t\t<div class=\"elementor-element elementor-element-569ab69f sc_fly_static elementor-widget elementor-widget-text-editor\" data-id=\"569ab69f\" data-element_type=\"widget\" data-widget_type=\"text-editor.default\">\n\t\t\t\t<div class=\"elementor-widget-container\">\n\t\t\t\t\t\t\t\t\t<p><big><strong>Patrick Traber<\/strong><\/big><\/p>\t\t\t\t\t\t\t\t<\/div>\n\t\t\t\t<\/div>\n\t\t\t\t\t<\/div>\n\t\t<\/div>\n\t\t\t\t<div class=\"elementor-column elementor-col-33 elementor-top-column elementor-element elementor-element-7a1ab05 sc_inner_width_none sc_layouts_column_icons_position_left\" data-id=\"7a1ab05\" data-element_type=\"column\">\n\t\t\t<div class=\"elementor-widget-wrap elementor-element-populated\">\n\t\t\t\t\t\t<div class=\"elementor-element elementor-element-10d6c94c sc_fly_static elementor-widget elementor-widget-image\" data-id=\"10d6c94c\" data-element_type=\"widget\" data-widget_type=\"image.default\">\n\t\t\t\t<div class=\"elementor-widget-container\">\n\t\t\t\t\t\t\t\t\t\t\t\t\t\t\t<img decoding=\"async\" src=\"https:\/\/www.swisstabletennistest.ch\/wp-content\/uploads\/elementor\/thumbs\/z_Funktionare-STT-2022_originale-internet-8-e1665157828910-pvvbmxmjtp5qjh75k71hlkljyprscrnme2at9xyi4g.jpg\" title=\"z_Funktion\u00e4re STT 2022_originale internet (8)\" alt=\"z_Funktion\u00e4re STT 2022_originale internet (8)\" loading=\"lazy\" \/>\t\t\t\t\t\t\t\t\t\t\t\t\t\t\t<\/div>\n\t\t\t\t<\/div>\n\t\t\t\t<div class=\"elementor-element elementor-element-32e3190 sc_fly_static elementor-widget elementor-widget-text-editor\" data-id=\"32e3190\" data-element_type=\"widget\" data-widget_type=\"text-editor.default\">\n\t\t\t\t<div class=\"elementor-widget-container\">\n\t\t\t\t\t\t\t\t\t<p><big><strong>Beat Hostettler<\/strong><\/big><\/p><p><big><span style=\"color: #262f3e;\">Saison de transition<\/span><br \/><\/big><\/p>\t\t\t\t\t\t\t\t<\/div>\n\t\t\t\t<\/div>\n\t\t\t\t\t<\/div>\n\t\t<\/div>\n\t\t\t\t\t<\/div>\n\t\t<\/section>\n\t\t\t\t<section class=\"elementor-section elementor-top-section elementor-element elementor-element-7c5e1d3c elementor-section-boxed elementor-section-height-default elementor-section-height-default\" data-id=\"7c5e1d3c\" data-element_type=\"section\">\n\t\t\t\t\t\t<div class=\"elementor-container elementor-column-gap-extended\">\n\t\t\t\t\t<div class=\"elementor-column elementor-col-100 elementor-top-column elementor-element elementor-element-60bb6642 sc_inner_width_none sc_layouts_column_icons_position_left\" data-id=\"60bb6642\" data-element_type=\"column\">\n\t\t\t<div class=\"elementor-widget-wrap elementor-element-populated\">\n\t\t\t\t\t\t<div class=\"elementor-element elementor-element-693d67e1 sc_fly_static elementor-widget elementor-widget-text-editor\" data-id=\"693d67e1\" data-element_type=\"widget\" data-widget_type=\"text-editor.default\">\n\t\t\t\t<div class=\"elementor-widget-container\">\n\t\t\t\t\t\t\t\t\t<p><strong style=\"font-family: Poppins, sans-serif; font-size: 14px; font-style: normal; letter-spacing: 0.26px;\">Prochaine Assembl\u00e9e LN: Samedi 23.09.2023, 13.00<\/strong><\/p>\n<p><strong style=\"font-family: Poppins, sans-serif; font-size: 14px; font-style: normal; letter-spacing: 0.26px;\">Assembl\u00e9e LN le 24 juin 2023 sur Zoom<\/strong><br><\/p>\n<p><a href=\"https:\/\/www.swisstabletennistest.ch\/wp-content\/uploads\/2023\/07\/24.06.2023-Protokoll-NLV_f.pdf\">24.06.2023 &#8211; Proc\u00e8s Verbal<\/a><\/p>\n<p><a href=\"https:\/\/www.swisstabletennistest.ch\/wp-content\/uploads\/2023\/05\/Einladung-NLV-Invitation-ALN-24.06.2023.pdf\">Invitation et ordre du jour<\/a><\/p>\n<p><a href=\"https:\/\/www.swisstabletennistest.ch\/wp-content\/uploads\/2023\/05\/Antrag_510.2.4-und-510.6.1_NL-Vorstand_f.pdf\">Proposition comit\u00e9 LN<\/a><\/p>\n<p><a href=\"https:\/\/www.swisstabletennistest.ch\/wp-content\/uploads\/2023\/05\/Procuration-Clubs-ALN.docx\">Procuration Clubs ALN<\/a><\/p>\n<p><strong>Assembl\u00e9e LN le 24 septembre 2022 \u00e0 Ittigen<\/strong><\/p>\n<p><a href=\"https:\/\/www.swisstabletennistest.ch\/wp-content\/uploads\/2022\/08\/Einladung_NLV_-_Invitation_ALN_24.09.2022.pdf\">Invitation et ordre du jour<\/a><\/p>\n<p><a href=\"https:\/\/www.swisstabletennistest.ch\/wp-content\/uploads\/2022\/08\/Cahier_des_charges_Superfinal__Version_2022_23.pdf\">Cahier des charges Superfinal Saison 2022\/23<\/a><\/p>\n<p><a href=\"https:\/\/www.swisstabletennistest.ch\/wp-content\/uploads\/2022\/09\/Antrag_NL-Vorstand_Proposition_comite_LN.pdf\">Proposition comit\u00e9 LN<\/a><\/p>\n<p><a href=\"https:\/\/www.swisstabletennistest.ch\/wp-content\/uploads\/2022\/08\/Procuration_Clubs_ALN.pdf\">Procuration Clubs ALN<\/a><\/p>\n<p><a href=\"https:\/\/www.swisstabletennistest.ch\/wp-content\/uploads\/2022\/10\/220928et_f_Brief_Alkoholwerbung.pdf\">Lettre concernant la publicit\u00e9 sur l&rsquo;alcool<\/a><\/p>\n<p><a href=\"https:\/\/www.swisstabletennistest.ch\/wp-content\/uploads\/2022\/10\/Prasentation-NLV.pdf\">Pr\u00e9sentation NLV<\/a><\/p>\n<p><a href=\"https:\/\/www.swisstabletennistest.ch\/wp-content\/uploads\/2022\/10\/PV_ALN_24.09.2022.pdf\">PV ALN<\/a><\/p>\n<p><strong>Assembl\u00e9e LN le 28 mai 2022 \u00e0 Schaffhouse<\/strong><\/p>\n<p><a href=\"https:\/\/www.swisstabletennistest.ch\/wp-content\/uploads\/2020\/03\/28052022_Einladung_NLV_-_Invitation_ALN_.pdf\" target=\"_blank\" rel=\"noopener\">Invitation et ordre du jour&nbsp;<\/a><\/p>\n<p><a href=\"https:\/\/www.swisstabletennistest.ch\/wp-content\/uploads\/2020\/03\/Demande_comit_LN.pdf\" target=\"_blank\" rel=\"noopener\">Demande comit\u00e9 LN<\/a><\/p>\n<p><a href=\"https:\/\/www.swisstabletennistest.ch\/wp-content\/uploads\/2020\/03\/Procuration_Clubs_ALN.doc\" target=\"_blank\" rel=\"noopener\">Procuration Clubs ALN<\/a><\/p>\n<p><strong>Assembl\u00e9e LN le 4 d\u00e9cembre 2021 (vid\u00e9oconf\u00e9rence Zoom)<\/strong><\/p>\n<p><a href=\"https:\/\/www.swisstabletennistest.ch\/wp-content\/uploads\/2020\/03\/Proces-verbal_ALN_4.12.2021.pdf\" target=\"_blank\" rel=\"noopener\">Proc\u00e8s-verbal<\/a><\/p>\n<p><a href=\"https:\/\/www.swisstabletennistest.ch\/wp-content\/uploads\/2020\/03\/Einladung_NLV_-_Invitation_ALN_4.12.2021.pdf\" target=\"_blank\" rel=\"noopener\">Invitation et ordre du jour<\/a><\/p>\n<p><a href=\"https:\/\/www.swisstabletennistest.ch\/wp-content\/uploads\/2020\/03\/ALN_Informations_dorganisation.pdf\" target=\"_blank\" rel=\"noopener\">Informations d&rsquo;organisation<\/a><\/p>\n<p><a href=\"https:\/\/www.swisstabletennistest.ch\/wp-content\/uploads\/2020\/03\/Annexe_8.pdf\" target=\"_blank\" rel=\"noopener\">Annexe 8 &#8211; Proposition CTT ZZ-Lancy<\/a><\/p>\n<p><a href=\"https:\/\/www.swisstabletennistest.ch\/wp-content\/uploads\/2020\/03\/Cahier_des_charges_Superfinal__Version_2021_22_-_Changements_en_jaune.pdf\" target=\"_blank\" rel=\"noopener\">Annexe 10 &#8211; Cahier des charges Superfinales LNA<\/a><\/p>\n<p><a href=\"https:\/\/www.swisstabletennistest.ch\/wp-content\/uploads\/2020\/03\/Praesentation_NLV_4.12.2021.pdf\" target=\"_blank\" rel=\"noopener\">Pr\u00e9sentation ALN<\/a><\/p>\n<p><strong>Assembl\u00e9e LN du 27 juin 2021 \u00e0 Muttenz<\/strong><\/p>\n<p><a href=\"https:\/\/www.swisstabletennistest.ch\/wp-content\/uploads\/2020\/03\/Proces-verbal_ALN_27.06.2021.pdf\" target=\"_blank\" rel=\"noopener\">Proc\u00e8s-verbal<\/a><\/p>\n<p><a href=\"https:\/\/www.swisstabletennistest.ch\/wp-content\/uploads\/2020\/03\/Einladung_NLV_-_Invitation_ALN_27.06.2021.pdf\" target=\"_blank\" rel=\"noopener\">Invitation et ordre du jour<\/a><\/p>\n<p><a href=\"https:\/\/www.swisstabletennistest.ch\/wp-content\/uploads\/2020\/03\/Annexe_point_7.pdf\" target=\"_blank\" rel=\"noopener\">Annexe 7<\/a><\/p>\n<p><a href=\"https:\/\/www.swisstabletennistest.ch\/wp-content\/uploads\/2020\/03\/Praesentation_NLV_27.06.2021.pdf\" target=\"_blank\" rel=\"noopener\">Pr\u00e9sentation ALN<\/a><\/p>\n<p><strong>Assembl\u00e9e LN du 5 d\u00e9cembre 2020 (v<\/strong><strong>id\u00e9oconf\u00e9rence Zoom)<\/strong><\/p>\n<p><a href=\"https:\/\/www.swisstabletennistest.ch\/wp-content\/uploads\/2020\/03\/Proces-verbal_ALN_5.12.2020.pdf\" target=\"_blank\" rel=\"noopener\">Proc\u00e8s-verbal<\/a><\/p>\n<p><a href=\"images\/7_Organisation\/Nationalligaversammlung\/2020_12_05\/meeting_saved_chat.txt\" target=\"_blank\" rel=\"noopener\">Chat du proc\u00e8s-verbal (zoom)<\/a><\/p>\n<p><a href=\"https:\/\/www.swisstabletennistest.ch\/wp-content\/uploads\/2020\/03\/Einladung_NLV_-_Invitation_ALN_5.12.2020.pdf\" target=\"_blank\" rel=\"noopener\">Invitation et ordre du jour<\/a><\/p>\n<p><a href=\"https:\/\/www.swisstabletennistest.ch\/wp-content\/uploads\/2020\/03\/Annexe_point_4.1.pdf\" target=\"_blank\" rel=\"noopener\">Annexe 4.1<\/a><\/p>\n<p><a href=\"https:\/\/www.swisstabletennistest.ch\/wp-content\/uploads\/2020\/03\/Annexe_point_6.pdf\" target=\"_blank\" rel=\"noopener\">Annexe 6<\/a><\/p>\n<p><a href=\"https:\/\/www.swisstabletennistest.ch\/wp-content\/uploads\/2020\/03\/Annexe_point_7.pdf\" target=\"_blank\" rel=\"noopener\">Annexe 7<\/a><\/p>\n<p><a href=\"https:\/\/www.swisstabletennistest.ch\/wp-content\/uploads\/2020\/03\/Praesentation_NLV_5.12.2020.pdf\" target=\"_blank\" rel=\"noopener\">Pr\u00e9sentation ALN<\/a><\/p>\n<p><strong>Assembl\u00e9e LN du 29 f\u00e9vrier 2020 \u00e0 Jona<\/strong><\/p>\n<p><a href=\"https:\/\/www.swisstabletennistest.ch\/wp-content\/uploads\/2020\/03\/Proces-verbal_ALN_2020.pdf\" target=\"_blank\" rel=\"noopener\">Proc\u00e8s-verbal<\/a><\/p>\n<p><a href=\"https:\/\/www.swisstabletennistest.ch\/wp-content\/uploads\/2020\/03\/Einladung_NLV_2020.pdf\" target=\"_blank\" rel=\"noopener\">Invitation_ALN_2020<\/a><\/p>\n<p><a href=\"https:\/\/www.swisstabletennistest.ch\/wp-content\/uploads\/2020\/03\/Protokoll_NLV_2019_a.o._f.pdf\" target=\"_blank\" rel=\"noopener\">Annexe 4<\/a> (28.02.2020)<\/p>\n<p><a href=\"https:\/\/www.swisstabletennistest.ch\/wp-content\/uploads\/2020\/03\/Jahresbericht_NL_f.pdf\" target=\"_blank\" rel=\"noopener\">Annexe 5<\/a> (28.02.2020)<\/p>\n<p><a href=\"https:\/\/www.swisstabletennistest.ch\/wp-content\/uploads\/2020\/03\/7.1_Antrag_Einfuehrung_Playoffs_Playouts_F.pdf\" target=\"_blank\" rel=\"noopener\">Annexe_7.1_Modification_Play_Out<\/a><\/p>\n<p><a href=\"https:\/\/www.swisstabletennistest.ch\/wp-content\/uploads\/2020\/03\/8.1_Antrag_NLV_F.pdf\" target=\"_blank\" rel=\"noopener\">Annexe_8.1_ALN<\/a><\/p>\n<p><a href=\"https:\/\/www.swisstabletennistest.ch\/wp-content\/uploads\/2020\/03\/Cahier_des_charges_groupe_de_travail_LN.pdf\" target=\"_blank\" rel=\"noopener\">Annexe_11.2_Cahier_des_charges<\/a><\/p>\n<p><a title=\"Pr\u00e4sentation_NLV_2020.pdf\" href=\"https:\/\/www.swisstabletennistest.ch\/wp-content\/uploads\/2020\/03\/Praesentation_NLV_2020.pdf\" target=\"_blank\" rel=\"noopener\" type=\"application\/pdf\">Pr\u00e9sentation ALN 2020<\/a><\/p>\n<p><strong>Assembl\u00e9e extraordinaire LN du 14 d\u00e9cembre 2019 \u00e0 Ittigen<\/strong><\/p>\n<p><a href=\"https:\/\/www.swisstabletennistest.ch\/wp-content\/uploads\/2020\/03\/Protokoll_NLV_2019_a.o._f.pdf\" target=\"_blank\" rel=\"noopener\">Proc\u00e8s-verbal<\/a><\/p>\n<p><a href=\"https:\/\/www.swisstabletennistest.ch\/wp-content\/uploads\/2020\/03\/Einladung_a.o._NLV_2019.pdf\" target=\"_blank\" rel=\"noopener\">Invitation et ordre du jour<\/a><\/p>\n<p><a href=\"https:\/\/www.swisstabletennistest.ch\/wp-content\/uploads\/2020\/03\/Pre%CC%81sentation_projet__Belle_He%CC%81le%CC%80ne_F.pdf\" target=\"_blank\" rel=\"noopener\">Pr\u00e9sentation_8.<\/a><\/p>\n<p><a href=\"https:\/\/www.swisstabletennistest.ch\/wp-content\/uploads\/2020\/03\/9._Informationen_zu_den_Beitraegen_der_Clubs_NL_F.pdf\" target=\"_blank\" rel=\"noopener\">Information 9.<\/a><\/p>\n<p><a href=\"https:\/\/www.swisstabletennistest.ch\/wp-content\/uploads\/2020\/03\/Antrag_10.a._F.pdf\" target=\"_blank\" rel=\"noopener\">Annexe 10.a.<\/a><\/p>\n<p><a href=\"https:\/\/www.swisstabletennistest.ch\/wp-content\/uploads\/2020\/03\/Antrag_10.c._F.pdf\" target=\"_blank\" rel=\"noopener\">Annexe 10.c.<\/a><\/p>\n<p><a href=\"https:\/\/www.swisstabletennistest.ch\/wp-content\/uploads\/2020\/03\/Gegen-Antrag_NL-Vorstand_10.c._F.pdf\" target=\"_blank\" rel=\"noopener\">Contre-Proposition_Comit\u00e9e-LN.10.c..pdf<\/a><\/p>\n<p><a href=\"https:\/\/www.swisstabletennistest.ch\/wp-content\/uploads\/2020\/03\/Praesentation_Reform_NL.pdf\" target=\"_blank\" rel=\"noopener\">Pr\u00e9sentation_13.<\/a><\/p>\n<p><strong>Assembl\u00e9e LN du 2 mars 2019 \u00e0 Ch\u00e2telaine<\/strong><\/p>\n<p><a href=\"https:\/\/www.swisstabletennistest.ch\/wp-content\/uploads\/2020\/03\/Proces_verbal_2019_definitif.pdf\" target=\"_blank\" rel=\"noopener\">proc\u00e8s-verbal<\/a><\/p>\n<p><a href=\"https:\/\/www.swisstabletennistest.ch\/wp-content\/uploads\/2020\/03\/Einladung_NLV_2019.pdf\" target=\"_blank\" rel=\"noopener\">Invitation et ordre du jour<\/a>, <a href=\"https:\/\/www.swisstabletennistest.ch\/wp-content\/uploads\/2020\/03\/Zufahrtsplan_NLV_DV.pdf\" target=\"_blank\" rel=\"noopener\">plan d&rsquo;acc\u00e8s<\/a><\/p>\n<p><a href=\"https:\/\/www.swisstabletennistest.ch\/wp-content\/uploads\/2020\/03\/Point_3.pdf\" target=\"_blank\" rel=\"noopener\">Annexe 3<\/a>, <a href=\"https:\/\/www.swisstabletennistest.ch\/wp-content\/uploads\/2020\/03\/Point_4.pdf\" target=\"_blank\" rel=\"noopener\">Annexe 4<\/a>, <a href=\"https:\/\/docs.google.com\/viewer?url=http%3A%2F%2Fswisstabletennis.ch%2Fimages%2F7_Organisation%2FNationalligaversammlung%2F2019%2FAnnexe_point_7_definitiv.pdf\" target=\"_blank\" rel=\"nofollow noopener\">Annexe 7<\/a>, <a href=\"https:\/\/www.swisstabletennistest.ch\/wp-content\/uploads\/2020\/03\/Annexe_point_8_definitiv.pdf\" target=\"_blank\" rel=\"noopener\">Annexe 8, <\/a><a href=\"https:\/\/www.swisstabletennistest.ch\/wp-content\/uploads\/2020\/03\/Pflichtenheft_Superfinal__Version_2018_19_franz.pdf\" target=\"_blank\" rel=\"noopener\">Cahier de Charge Superfinal<\/a><\/p>\n<p><strong>Assembl\u00e9e LN du 3 mars 2018 \u00e0 Neuch\u00e2tel<\/strong><\/p>\n<p><a href=\"https:\/\/www.swisstabletennistest.ch\/wp-content\/uploads\/2020\/03\/Protokoll_NLV_2018_f.pdf\" target=\"_blank\" rel=\"noopener\">proc\u00e8s-verbal<\/a><\/p>\n<p><strong>Assembl\u00e9e LN du 4 mars 2017 \u00e0 Bienne<\/strong><\/p>\n<p><a href=\"https:\/\/www.swisstabletennistest.ch\/wp-content\/uploads\/2020\/03\/Protokoll_NLV_2017_f_fertig.pdf\" target=\"_blank\" rel=\"noopener noreferrer\">proc\u00e8s-verbal<\/a><\/p>\n<p><strong>Assembl\u00e9e LN du 19 mars 2016 \u00e0 Tenero<\/strong><\/p>\n<p><a href=\"https:\/\/www.swisstabletennistest.ch\/wp-content\/uploads\/2020\/03\/Protokoll_NLV_2016_f.pdf\" target=\"_blank\" rel=\"noopener noreferrer\">proc\u00e8s-verbal<\/a><\/p>\n<p><a href=\"https:\/\/www.swisstabletennistest.ch\/wp-content\/uploads\/2020\/03\/Zusammenfassung_Total.pdf\" target=\"_blank\" rel=\"noopener noreferrer\">\u00c9valuation questionnaire LN<\/a><\/p>\n<p><strong>Assembl\u00e9e LN du 28 f\u00e9vrier 2015 \u00e0 Zug<\/strong><\/p>\n<p><a href=\"https:\/\/www.swisstabletennistest.ch\/wp-content\/uploads\/2020\/03\/Protokoll_NLV_2015_f.pdf\" target=\"_blank\" rel=\"noopener noreferrer\">proc\u00e8s-verbal<\/a><\/p>\n<p><strong>Assembl\u00e9e LN du 1er mars 2014 \u00e0 Muttenz<\/strong><\/p>\n<p><a href=\"https:\/\/www.swisstabletennistest.ch\/wp-content\/uploads\/2020\/03\/Protokoll_NLV_2014_f.pdf\" target=\"_blank\" rel=\"noopener noreferrer\">proc\u00e8s-verbal<\/a><\/p>\n<p><strong>Assembl\u00e9e LN du 2 mars 2013 \u00e0 Ch\u00e2telaine<\/strong><\/p>\n<p><a href=\"https:\/\/www.swisstabletennistest.ch\/wp-content\/uploads\/2020\/03\/Protokoll_NLV_2013_f.pdf\" target=\"_blank\" rel=\"noopener noreferrer\">proc\u00e8s-verbal<\/a><\/p>\n<p><strong>Assembl\u00e9e LN du 3 mars 2012 \u00e0 Muttenz<\/strong><\/p>\n<p><a href=\"https:\/\/www.swisstabletennistest.ch\/wp-content\/uploads\/2020\/03\/Protokoll_NLV_2012_f.pdf\" target=\"_blank\" rel=\"noopener noreferrer\">proc\u00e8s-verbal<\/a><\/p>\n<p><strong>Assembl\u00e9e LN du 26 janvier 2011 \u00e0 Ittigen<\/strong><\/p>\n<p><a href=\"https:\/\/www.swisstabletennistest.ch\/wp-content\/uploads\/2020\/03\/Protokoll_NLV_2011_f.pdf\" target=\"_blank\" rel=\"noopener noreferrer\">proc\u00e8s-verbal<\/a><\/p>\n<p><strong>Assembl\u00e9e LN 2010 (voie de correspondance)<\/strong><\/p>\n<p><a href=\"https:\/\/www.swisstabletennistest.ch\/wp-content\/uploads\/2020\/03\/Protokoll_NLV_2010_f.pdf\" target=\"_blank\" rel=\"noopener noreferrer\">proc\u00e8s-verbal<\/a><\/p>\n<p><strong>Assembl\u00e9e LN du 7 mars 2009 \u00e0 Del\u00e9mont<\/strong><\/p>\n<p><a href=\"https:\/\/www.swisstabletennistest.ch\/wp-content\/uploads\/2020\/03\/Protokoll_NLV_2009_f.pdf\" target=\"_blank\" rel=\"noopener noreferrer\">proc\u00e8s-verbal<\/a><\/p>\n<p><strong>Assembl\u00e9e LN du 29 mars 2008 \u00e0 Sursee<\/strong><\/p>\n<p><a href=\"https:\/\/www.swisstabletennistest.ch\/wp-content\/uploads\/2020\/03\/Protokoll_NLV_2008_f.pdf\" target=\"_blank\" rel=\"noopener noreferrer\">proc\u00e8s-verbal<\/a><\/p>\n<p><strong>Assembl\u00e9e LN du 3 mars 2007 \u00e0 Kirchberg<\/strong><\/p>\n<p><a href=\"#\" data-mce-link=\"1\">proc\u00e8s-verbal<\/a><\/p>\n<p><strong>Assembl\u00e9e LN du 30 septembre 2006 \u00e0 Montreux<\/strong><\/p>\n<p><a href=\"#\" data-mce-link=\"1\">proc\u00e8s-verbal<\/a><\/p>\n<p><strong>Assembl\u00e9e des d\u00e9l\u00e9gues extraordinaire du 4 mars 2006 \u00e0 Schaffhausen<\/strong><\/p>\n<p><a href=\"https:\/\/www.swisstabletennistest.ch\/wp-content\/uploads\/2020\/03\/Protokoll_NLV_ausserordentlich_2006_f.pdf\" target=\"_blank\" rel=\"noopener noreferrer\">proc\u00e8s-verbal<\/a><\/p>\n<p><a href=\"https:\/\/www.swisstabletennistest.ch\/wp-content\/uploads\/2020\/03\/2006_-_Anhang_zum_Protokoll_f_NL.pdf\" target=\"_blank\" rel=\"noopener noreferrer\">Annexe du proc\u00e8s-verbal<\/a><\/p>\n<p><strong>Assembl\u00e9e des d\u00e9l\u00e9gues du 10 septembre 2006 \u00e0 Ittigen<\/strong><\/p>\n<p><a href=\"https:\/\/www.swisstabletennistest.ch\/wp-content\/uploads\/2020\/03\/protocole_ALN_10.09.2005.pdf\" target=\"_blank\" rel=\"noopener noreferrer\">proc\u00e8s-verbal<\/a><\/p>\t\t\t\t\t\t\t\t<\/div>\n\t\t\t\t<\/div>\n\t\t\t\t\t<\/div>\n\t\t<\/div>\n\t\t\t\t\t<\/div>\n\t\t<\/section>\n\t\t\t\t<\/div>\n\t\t","protected":false},"excerpt":{"rendered":"<p>Michel Tschanz Pr\u00e9sident &#8211;\u00a0Saison de transition Patrick Traber Beat Hostettler Saison de transition Prochaine Assembl\u00e9e LN: Samedi 23.09.2023, 13.00 Assembl\u00e9e&hellip;<\/p>\n","protected":false},"author":16,"featured_media":9064,"parent":0,"menu_order":0,"comment_status":"closed","ping_status":"closed","template":"","meta":{"_monsterinsights_skip_tracking":false,"_monsterinsights_sitenote_active":false,"_monsterinsights_sitenote_note":"","_monsterinsights_sitenote_category":0,"footnotes":""},"class_list":["post-3111","page","type-page","status-publish","has-post-thumbnail","hentry"],"_links":{"self":[{"href":"https:\/\/www.swisstabletennistest.ch\/fr\/wp-json\/wp\/v2\/pages\/3111","targetHints":{"allow":["GET"]}}],"collection":[{"href":"https:\/\/www.swisstabletennistest.ch\/fr\/wp-json\/wp\/v2\/pages"}],"about":[{"href":"https:\/\/www.swisstabletennistest.ch\/fr\/wp-json\/wp\/v2\/types\/page"}],"author":[{"embeddable":true,"href":"https:\/\/www.swisstabletennistest.ch\/fr\/wp-json\/wp\/v2\/users\/16"}],"replies":[{"embeddable":true,"href":"https:\/\/www.swisstabletennistest.ch\/fr\/wp-json\/wp\/v2\/comments?post=3111"}],"version-history":[{"count":0,"href":"https:\/\/www.swisstabletennistest.ch\/fr\/wp-json\/wp\/v2\/pages\/3111\/revisions"}],"wp:featuredmedia":[{"embeddable":true,"href":"https:\/\/www.swisstabletennistest.ch\/fr\/wp-json\/wp\/v2\/media\/9064"}],"wp:attachment":[{"href":"https:\/\/www.swisstabletennistest.ch\/fr\/wp-json\/wp\/v2\/media?parent=3111"}],"curies":[{"name":"wp","href":"https:\/\/api.w.org\/{rel}","templated":true}]}}