{"id":3091,"date":"2022-06-23T09:54:22","date_gmt":"2022-06-23T08:54:22","guid":{"rendered":"https:\/\/swisstabletennis.ch\/neu\/?page_id=3091"},"modified":"2023-08-03T15:13:23","modified_gmt":"2023-08-03T13:13:23","slug":"gubler-school-trophy-infos-organisateurs","status":"publish","type":"page","link":"https:\/\/www.swisstabletennistest.ch\/fr\/gubler-school-trophy-infos-organisateurs\/","title":{"rendered":"Gubler School Trophy: Infos organisateurs"},"content":{"rendered":"<p><strong>Ch\u00e8res organisatrices, chers organisateurs!<\/strong><\/p>\n<p>&nbsp;<\/p>\n<p>C&rsquo;est avec plaisir que nous vous aidons \u00e0 organiser un tournoi de tennis de table pour \u00e9coli\u00e8res et \u00e9coliers sans licence. Qu&rsquo;il s&rsquo;agisse d&rsquo;un club de tennis de table, d&rsquo;une \u00e9cole ou encore d&rsquo;un club de quartier \u2013 les moyens de soutien stipul\u00e9s ci-apr\u00e8s rendront l&rsquo;organisation tr\u00e8s simple. Maintenant, il ne vous faut plus que des tables de ping-pong. Passez en revue point apr\u00e8s point et n&rsquo;oubliez pas de visiter le\u00a0<a href=\"https:\/\/www.swisstabletennistest.ch\/fr\/categorie-produit\/gubler-school-trophy-fr\/\">shop<\/a>\u00a0o\u00f9 vous pouvez commander gratuitement des affiches et des dipl\u00f4mes! De plus, vous avez la possibilt\u00e9 de commander des m\u00e9dailles pour les qualifications locales et cantonales. Pour les finales cantonales,\u00a0<a href=\"https:\/\/www.gubler.ch\/\">Gubler Tischtennis<\/a>\u00a0vous offre des balles et des petits prix. Vous pouvez les commander directement chez\u00a0<span id=\"cloak378b3211a7f1b6b67eb575041ee4f7f6\"><a href=\"mailto:info@gubler.ch\">info#gubler.ch<\/a><\/span>.<\/p>\n<p>&nbsp;<\/p>\n<p><strong>Mat\u00e9riel:<\/strong><\/p>\n<p><a class=\"wf_file\" href=\"https:\/\/www.swisstabletennistest.ch\/wp-content\/uploads\/2023\/07\/Plakat_A3-interaktiv.pdf\" target=\"_blank\" rel=\"noopener noreferrer\"><span class=\"wf_file_text\">Affiche School Trophy<\/span><\/a><\/p>\n<p><a class=\"wf_file\" href=\"https:\/\/www.swisstabletennistest.ch\/wp-content\/uploads\/2023\/07\/Lettre-School-Trophy-2023-24-pour-lecoles.docx\" target=\"_blank\" rel=\"noopener\"><span class=\"wf_file_text\">Mod\u00e8le lettre pour les \u00e9coles (Word)<\/span><\/a><\/p>\n<p><a class=\"wf_file\" href=\"https:\/\/www.swisstabletennistest.ch\/wp-content\/uploads\/2023\/07\/Lettre-School-Trophy-2023-24-pour-lecoles.docx\" target=\"_blank\" rel=\"noopener\"><span class=\"wf_file_text\">Mod\u00e8le formulaire d&rsquo;inscription pour les \u00e9coles, parents, \u00e9coliers (Word)<\/span><\/a><\/p>\n<p><a class=\"wf_file\" href=\"https:\/\/www.swisstabletennistest.ch\/wp-content\/uploads\/2021\/07\/Zeitungsartikel_Beispiel.pdf\" target=\"_blank\" rel=\"noopener\"><span class=\"wf_file_text\">Exemple article de journal<\/span><\/a><\/p>\n<p><a class=\"wf_file\" href=\"https:\/\/www.swisstabletennistest.ch\/wp-content\/uploads\/2023\/07\/School-Trophy-2023-trans.png\" target=\"_blank\" rel=\"noopener\"><span class=\"wf_file_text\">Logo Gubler School Trophy<\/span><\/a>\u00a0(dans d&rsquo;autres formats sur demande \u00e0:\u00a0<span id=\"cloakfc752642fc69795765b4c6c0de6e7414\"><a href=\"mailto:info@swisstabletennis.ch\">info#swisstabletennis.ch<\/a><\/span>)<\/p>\n<p><strong>Documents pour le tournoi:<\/strong><\/p>\n<p><a class=\"wf_file\" href=\"https:\/\/www.swisstabletennistest.ch\/wp-content\/uploads\/2021\/07\/Tableaux_jeux_par_groupe.xls\" target=\"_blank\" rel=\"noopener noreferrer\"><span class=\"wf_file_text\">Tableaux jeux par groupe<\/span><\/a><\/p>\n<p><a class=\"wf_file\" href=\"https:\/\/www.swisstabletennistest.ch\/wp-content\/uploads\/2021\/07\/Einfachers-KO.xls\" target=\"_blank\" rel=\"noopener\"><span class=\"wf_file_text\">Tableaux par K.O. simple<\/span><\/a><\/p>\n<p><a class=\"wf_file\" href=\"https:\/\/www.swisstabletennistest.ch\/wp-content\/uploads\/2021\/07\/Doppel-KO.xls\" target=\"_blank\" rel=\"noopener noreferrer\"><span class=\"wf_file_text\">Tableaux par K.O. double<\/span><\/a><\/p>\n<p><a class=\"wf_file\" href=\"https:\/\/www.swisstabletennistest.ch\/wp-content\/uploads\/2021\/07\/Rangliste_Lokal.xls\" target=\"_blank\" rel=\"noopener\"><span class=\"wf_file_text\">R\u00e9sultats locaux<\/span><\/a><\/p>\n<p><span class=\"wf_file_text\">R\u00e9sultats cantonaux \/ Participants qualifications locales et cantonales (envoy\u00e9 aux responsables cantonaux contenant un lien vers un document Google Sheets)<\/span><\/p>\n<p><strong>Informations compl\u00e9mentaires:<\/strong><\/p>\n<p><a class=\"wf_file\" href=\"https:\/\/www.swisstabletennistest.ch\/wp-content\/uploads\/2022\/10\/Directives-Gubler-School-Trophy.pdf\" target=\"_blank\" rel=\"noopener\"><span class=\"wf_file_text\">Directives Gubler School Trophy (\u00e0 actualiser)<\/span><\/a><\/p>\n<p><a class=\"wf_file\" href=\"https:\/\/www.swisstabletennistest.ch\/wp-content\/uploads\/2023\/07\/Adressen-Gubler-School-Trophy.pdf\" target=\"_blank\" rel=\"noopener\"><span class=\"wf_file_text\">Responsables des cantons<\/span><\/a><\/p>\n<p><a href=\"https:\/\/www.swisstabletennistest.ch\/wp-content\/uploads\/2023\/07\/Organisation-finales-cantonales-GST-1.pdf\">Guide organisation finale cantonale<\/a><\/p>\n<p><a class=\"wf_file\" href=\"https:\/\/www.swisstabletennistest.ch\/wp-content\/uploads\/2023\/01\/Startkontingente-2022-23.pdf\" target=\"_blank\" rel=\"noopener\"><span class=\"wf_file_text\">Contingents Finale Suisse (\u00e0 actualiser)<\/span><\/a><\/p>\n<p><a class=\"wf_file\" href=\"https:\/\/www.swisstabletennistest.ch\/wp-content\/uploads\/2022\/10\/Lois-du-tennis-de-table.pdf\" target=\"_blank\" rel=\"noopener\"><span class=\"wf_file_text\">R\u00e8gles de tennis de table (\u00e0 actualiser)<\/span><\/a><\/p>\n<p>___<\/p>\n<p><strong>Qualification locale<\/strong><\/p>\n<p>Une qualification locale devrait avoir lieu au plus tard jusqu&rsquo;\u00e0 2 semaines avant la finale cantonale. Le systeme de jeu est libre, mais dans la mesure du possible, les qualifications par groupe sont \u00e0 favoriser. Vous trouverez sur ce site des renseignements concernant le mat\u00e9riel, les prix et les m\u00e9dailles.<\/p>\n<p><strong><em>Avant le tournoi<\/em><\/strong><\/p>\n<ul>\n<li>Annoncez au pr\u00e9alable (au moins 1 mois avant le tournoi) la date de votre \u00e9liminatoire r\u00e9gionale via ce <strong><a href=\"https:\/\/www.swisstabletennistest.ch\/fr\/tournoi-gst\/\">formulaire<\/a><\/strong>.<\/li>\n<li>Renseignez-vous concernant la date de la finale cantonale sur le\u00a0<a href=\"https:\/\/www.swisstabletennistest.ch\/fr\/mec-category\/gubler-school-trophy-finale-cantonale\/\">calendrier<\/a>.<\/li>\n<li>Contactez votre\u00a0<span class=\"wf_file_text\">responsable cantonal<\/span>\u00a0et renseignez-vous concernant les crit\u00e8res de s\u00e9lection dans votre canton (en r\u00e8gle g\u00e9n\u00e9rale, le ou la gagnant\/-e, respectivement son ou sa rempla\u00e7ant\/-e se qualifie pour la finale cantonale)<\/li>\n<li>Commandez tout le mat\u00e9riel d\u00e9sir\u00e9 (m\u00e9dailles, dipl\u00f4mes, affiches et stickers) au minimum 1 mois avant le d\u00e9roulement du tournoi.<\/li>\n<li>Annoncez votre tournoi au moyen des formulaires suivants qui sont affich\u00e9s ci-dessus : <span class=\"wf_file_text\">Affiche A3<\/span>\u00a0(peut \u00e9galement \u00eatre command\u00e9 sur papier glac\u00e9 au\u00a0<a href=\"https:\/\/www.swisstabletennistest.ch\/categorie-produit\/gubler-school-trophy-fr\/?lang=fr\">shop<\/a>),<a class=\"wf_file\" href=\"https:\/\/swisstabletennis.ch\/images\/4_Breitensport\/School_Trophy\/Flyer_f.docx\" target=\"_blank\" rel=\"noopener noreferrer\"><span class=\"wf_file_text\">\u00a0<\/span><\/a><span class=\"wf_file_text\">Flyer<\/span>,\u00a0<span class=\"wf_file_text\">lettre pour les \u00e9coles<\/span><span class=\"wf_file_text\">,<\/span><a class=\"wf_file\" href=\"https:\/\/swisstabletennis.ch\/images\/4_Breitensport\/School_Trophy\/Brief_School_Trophy_2017-18_f%C3%BCr_Schulen.docx\" target=\"_blank\" rel=\"noopener noreferrer\"><span class=\"wf_file_text\">\u00a0<\/span><\/a><span class=\"wf_file_text\">formulaire d&rsquo;inscription pour les \u00e9coles, parents, \u00e9coliers.<\/span><\/li>\n<\/ul>\n<p><em><strong>Pendant le tournoi<\/strong><\/em><\/p>\n<ul>\n<li>Afin que tout le monde garde un bon souvenir du tournoi, il faudrait que les participant(-e)s puissent jouer plusieurs rencontres. Avant d&rsquo;organiser un tour avec \u00e9limination directe, il faudrait donc faire des pools. Utilisez le logiciel de tournoi du School Trophy.<\/li>\n<li>Informez les joueurs qualifi\u00e9s de la date, du commencement et du lieu de la finale cantonale et assurez-vous de leur disponibilit\u00e9. Organisez des rempla\u00e7ants \u00e0 temps.<\/li>\n<\/ul>\n<p><em><strong>Apr\u00e8s le tournoi<\/strong><\/em><\/p>\n<ul>\n<li>Envoyez le formulaire des\u00a0<a href=\"https:\/\/www.swisstabletennistest.ch\/wp-content\/uploads\/2021\/02\/Rangliste_Lokal.xls\"><span class=\"wf_file_text\">r\u00e9sultats<\/span><\/a>\u00a0avec le nombre de participants locals au\u00a0<span class=\"wf_file_text\">responsable de votre canton.<\/span><\/li>\n<li>Si \u00e0 ce moment, vous souhaitez publier un article dans un journal, cherchez\u00a0<a class=\"wf_file\" href=\"https:\/\/www.swisstabletennistest.ch\/wp-content\/uploads\/2021\/02\/Zeitungsartikel_Beispiel.pdf\" target=\"_blank\" rel=\"noopener noreferrer\"><span class=\"wf_file_text\">ici\u00a0<\/span><\/a>un exemple possible (en allemand). Bien \u00e9videmment, il est \u00e9galement possible de mettre les r\u00e9sultats en \u00e9vidence.<\/li>\n<\/ul>\n<p>___<\/p>\n<p><strong>Finale cantonale<\/strong><\/p>\n<p>La finale cantonale doit avoir lieu au plus tard le 2 juin 2024. Si possible, des qualifications par groupe sont \u00e0 favoriser. Vous pouvez trouver des informations plus pr\u00e9cises concernant l&rsquo;organisation et la r\u00e9alisation de la finale cantonale <a class=\"wf_file\" href=\"https:\/\/www.swisstabletennistest.ch\/wp-content\/uploads\/2023\/07\/Organisation-finales-cantonales-GST-1.pdf\" target=\"_blank\" rel=\"noopener\"><span class=\"wf_file_text\">ici<\/span>\u00a0<\/a><span class=\"wf_file_text\">guide organisation finale cantonale).<\/span><\/p>\n<p><em><strong>Avant le tournoi<\/strong><\/em><\/p>\n<ul>\n<li>Merci de m&rsquo;indiquer la date de votre finale cantonale jusqu&rsquo;au 30 octobre 2023 via ce <strong><a href=\"https:\/\/www.swisstabletennistest.ch\/fr\/tournoi-gst\/\">formulaire<\/a><\/strong>.<span id=\"cloak932ea3dd165efaddfcc1fc74fc092f76\"><\/span><\/li>\n<li>Pour que tout le mat\u00e9riel d\u00e9sir\u00e9 (m\u00e9dailles, dipl\u00f4mes et\u00a0affiches) soit pr\u00eat \u00e0 temps, vous devez commander le mat\u00e9riel au minimum\u00a0<strong>1 mois avant<\/strong>\u00a0le d\u00e9roulement du tournoi.<\/li>\n<li>Si vous voulez profiter des cadeaux et des balles offerts de Gubler Tischtennis pour les \u00e9liminatoires cantonales, commandez-les directement chez\u00a0<span id=\"cloakaca03fd17dafaace63d7bb0a71e589b2\"><a href=\"mailto:info@gubler.ch\">info#gubler.ch<\/a><\/span>\u00a0(<strong>1 mois en avant<\/strong>)<\/li>\n<\/ul>\n<p><em><strong>Pendant le tournoi<\/strong><\/em><\/p>\n<ul>\n<li>Il est pr\u00e9f\u00e9rable de v\u00e9rifier la disponibilit\u00e9 des joueurs et joueuses qualifi\u00e9s (selon les contingents de d\u00e9part) le jour m\u00eame du tournoi et, le cas \u00e9ch\u00e9ant, de pr\u00e9voir un remplacement.<br \/>\nInformez les joueurs qualifi\u00e9s de la date et du lieu de la finale suisse.<\/li>\n<\/ul>\n<p><em><strong>Apr\u00e8s le tournoi<\/strong><\/em><\/p>\n<ul>\n<li>Compl\u00e9tez le document Google Sheets (responsables cantonaux uniquement) avec tous les participants et le nombre de participants aux qualifications locales et \u00e0 la finale cantonale avant le 2 juin 2024. Apr\u00e8s cette date, le document sera bloqu\u00e9.<span id=\"cloak017a725747e06a722b469bd59a5e7b29\"><\/span><\/li>\n<\/ul>\n<p>___<\/p>\n<p><strong>Finale Suisse Gubler School Trophy<\/strong><\/p>\n<p><strong>Date<\/strong>: Dimanche, 16 juin 2024 \u00e0 Domdidier (FR)<br \/>\n<strong>Prix<\/strong>: M\u00e9daille, dipl\u00f4me, souvenir<br \/>\n<b>Syst\u00e8me de jeu<\/b>: par groupe puis par K.-O. (\u00e9limination directe)<\/p>\n","protected":false},"excerpt":{"rendered":"<p>Ch\u00e8res organisatrices, chers organisateurs! &nbsp; C&rsquo;est avec plaisir que nous vous aidons \u00e0 organiser un tournoi de tennis de table&hellip;<\/p>\n","protected":false},"author":16,"featured_media":9064,"parent":0,"menu_order":0,"comment_status":"closed","ping_status":"closed","template":"","meta":{"_monsterinsights_skip_tracking":false,"_monsterinsights_sitenote_active":false,"_monsterinsights_sitenote_note":"","_monsterinsights_sitenote_category":0,"footnotes":""},"class_list":["post-3091","page","type-page","status-publish","has-post-thumbnail","hentry"],"_links":{"self":[{"href":"https:\/\/www.swisstabletennistest.ch\/fr\/wp-json\/wp\/v2\/pages\/3091","targetHints":{"allow":["GET"]}}],"collection":[{"href":"https:\/\/www.swisstabletennistest.ch\/fr\/wp-json\/wp\/v2\/pages"}],"about":[{"href":"https:\/\/www.swisstabletennistest.ch\/fr\/wp-json\/wp\/v2\/types\/page"}],"author":[{"embeddable":true,"href":"https:\/\/www.swisstabletennistest.ch\/fr\/wp-json\/wp\/v2\/users\/16"}],"replies":[{"embeddable":true,"href":"https:\/\/www.swisstabletennistest.ch\/fr\/wp-json\/wp\/v2\/comments?post=3091"}],"version-history":[{"count":0,"href":"https:\/\/www.swisstabletennistest.ch\/fr\/wp-json\/wp\/v2\/pages\/3091\/revisions"}],"wp:featuredmedia":[{"embeddable":true,"href":"https:\/\/www.swisstabletennistest.ch\/fr\/wp-json\/wp\/v2\/media\/9064"}],"wp:attachment":[{"href":"https:\/\/www.swisstabletennistest.ch\/fr\/wp-json\/wp\/v2\/media?parent=3091"}],"curies":[{"name":"wp","href":"https:\/\/api.w.org\/{rel}","templated":true}]}}