{"id":3085,"date":"2022-06-23T09:42:17","date_gmt":"2022-06-23T08:42:17","guid":{"rendered":"https:\/\/swisstabletennis.ch\/neu\/?page_id=3085"},"modified":"2022-07-07T10:01:43","modified_gmt":"2022-07-07T09:01:43","slug":"concept-de-promotion-de-la-releve","status":"publish","type":"page","link":"https:\/\/www.swisstabletennistest.ch\/fr\/concept-de-promotion-de-la-releve\/","title":{"rendered":"Concept de promotion de la rel\u00e8ve"},"content":{"rendered":"<p><strong>Concept de promotion de la rel\u00e8ve STT<\/strong><\/p>\n<p><a class=\"wf_file\" href=\"https:\/\/www.swisstabletennistest.ch\/wp-content\/uploads\/2022\/03\/concept_de_promotion_de_la_releve_2020.pdf\" target=\"_blank\" rel=\"noopener\"><img decoding=\"async\" class=\"wf_file_icon\" src=\"https:\/\/www.swisstabletennistest.ch\/wp-content\/uploads\/media\/jce\/icons\/pdf.png\" alt=\"pdf\" \/><span class=\"wf_file_text\">Concept de promotion de la rel\u00e8ve 2020<\/span><\/a><\/p>\n<p><a class=\"wf_file\" href=\"https:\/\/www.swisstabletennistest.ch\/wp-content\/uploads\/2022\/07\/concept-de-promotion-de-la-releve_V3.0.pdf\" target=\"_blank\" rel=\"noopener\"><img decoding=\"async\" class=\"wf_file_icon\" src=\"https:\/\/www.swisstabletennistest.ch\/wp-content\/uploads\/media\/jce\/icons\/pdf.png\" alt=\"pdf\" \/><span class=\"wf_file_text\">Concept de promotion de la rel\u00e8ve 2015<\/span><\/a><\/p>\n","protected":false},"excerpt":{"rendered":"<p>Concept de promotion de la rel\u00e8ve STT Concept de promotion de la rel\u00e8ve 2020 Concept de promotion de la rel\u00e8ve&hellip;<\/p>\n","protected":false},"author":16,"featured_media":9064,"parent":0,"menu_order":0,"comment_status":"closed","ping_status":"closed","template":"","meta":{"_monsterinsights_skip_tracking":false,"_monsterinsights_sitenote_active":false,"_monsterinsights_sitenote_note":"","_monsterinsights_sitenote_category":0,"footnotes":""},"class_list":["post-3085","page","type-page","status-publish","has-post-thumbnail","hentry"],"_links":{"self":[{"href":"https:\/\/www.swisstabletennistest.ch\/fr\/wp-json\/wp\/v2\/pages\/3085","targetHints":{"allow":["GET"]}}],"collection":[{"href":"https:\/\/www.swisstabletennistest.ch\/fr\/wp-json\/wp\/v2\/pages"}],"about":[{"href":"https:\/\/www.swisstabletennistest.ch\/fr\/wp-json\/wp\/v2\/types\/page"}],"author":[{"embeddable":true,"href":"https:\/\/www.swisstabletennistest.ch\/fr\/wp-json\/wp\/v2\/users\/16"}],"replies":[{"embeddable":true,"href":"https:\/\/www.swisstabletennistest.ch\/fr\/wp-json\/wp\/v2\/comments?post=3085"}],"version-history":[{"count":0,"href":"https:\/\/www.swisstabletennistest.ch\/fr\/wp-json\/wp\/v2\/pages\/3085\/revisions"}],"wp:featuredmedia":[{"embeddable":true,"href":"https:\/\/www.swisstabletennistest.ch\/fr\/wp-json\/wp\/v2\/media\/9064"}],"wp:attachment":[{"href":"https:\/\/www.swisstabletennistest.ch\/fr\/wp-json\/wp\/v2\/media?parent=3085"}],"curies":[{"name":"wp","href":"https:\/\/api.w.org\/{rel}","templated":true}]}}