{"id":3081,"date":"2022-06-23T09:16:03","date_gmt":"2022-06-23T08:16:03","guid":{"rendered":"https:\/\/swisstabletennis.ch\/neu\/?page_id=3081"},"modified":"2022-07-01T08:04:33","modified_gmt":"2022-07-01T07:04:33","slug":"concept-ftem","status":"publish","type":"page","link":"https:\/\/www.swisstabletennistest.ch\/fr\/concept-ftem\/","title":{"rendered":"Concept FTEM"},"content":{"rendered":"<p>\u00abFTEM Swiss Table Tennis\u00bb se base sur \u00abFTEM Suisse\u00bb, une base commune pour les sports suisses et est souvent d\u00e9sign\u00e9 dans le pratique par le terme \u201eparcours des athl\u00e8tes\u201c. L\u2019Office f\u00e9d\u00e9ral du Sport OFSPO et Swiss Olympic ont d\u00e9velopp\u00e9 un instrument commun pour diff\u00e9rentes disciplines sportives gr\u00e2ce \u00e0 ce concept cadre pour le d\u00e9veloppement du sport et des athl\u00e8tes (\u201eFTEM Suisse\u201c) et qui sert de base aux diff\u00e9rents acteurs \u00e0 la promotion du sport suisse. Cela repr\u00e9sente la structure de base et le langage commun pour la promotion du sport et des athl\u00e8tes pour Swiss Olympic, dont les associations membres, la Conf\u00e9d\u00e9ration, les cantons, les communes et les \u00e9coles. \u201eFTEM Swiss Table Tennis\u201c am\u00e8ne ce langage dans le monde du tennis de table afin les clubs sportifs, les entra\u00eeneurs, les membres du comit\u00e9 tout comme les joueurs et leurs parents puissent mieux communiquer et de mani\u00e8re plus concr\u00e8te gr\u00e2ce \u00e0 une approche uniforme. \u201eFTEM Suisse\u201c int\u00e8gre \u00e9galement le sport populaire en plus du sport de performance avec ses diff\u00e9rentes orientations. La promotion du sport est toujours ax\u00e9e sur l&rsquo;athl\u00e8te, qu&rsquo;il s&rsquo;agisse d&rsquo;un athl\u00e8te de haut niveau, d&rsquo;un jeune talent ou d\u2019un joueur de loisirs.<\/p>\n<p>&nbsp;<\/p>\n<p><a class=\"wf_file\" href=\"https:\/\/www.swisstabletennistest.ch\/wp-content\/uploads\/2012\/12\/09_10_20_FTEMSwissTableTennis_fr_Endversion.pdf\" target=\"_blank\" rel=\"noopener\"><img decoding=\"async\" class=\"wf_file_icon\" src=\"https:\/\/swisstabletennis.ch\/media\/jce\/icons\/pdf.png\" alt=\"pdf\" \/><span class=\"wf_file_text\">FTEM tennis de table 2020<\/span><\/a><\/p>\n<p><a class=\"wf_file\" href=\"https:\/\/www.swisstabletennistest.ch\/wp-content\/uploads\/2012\/12\/FTEM_One_Pager_fr.pdf\" target=\"_blank\" rel=\"noopener\"><img decoding=\"async\" class=\"wf_file_icon\" src=\"https:\/\/swisstabletennis.ch\/media\/jce\/icons\/pdf.png\" alt=\"pdf\" \/><span class=\"wf_file_text\">FTEM tennis de table 2020 &#8211; r\u00e9sum\u00e9<\/span><\/a><\/p>\n<p>&nbsp;<\/p>\n<p><a class=\"noicon wfpopup\" href=\"https:\/\/www.swisstabletennistest.ch\/wp-content\/uploads\/2022\/06\/01_GrafikFTEM_TiTe_Titelbild_franz-scaled.jpg\" data-mediabox-title=\"Concept cadre pour le d\u00e9veloppement du sport et des athl\u00e8tes\"><img fetchpriority=\"high\" decoding=\"async\" src=\"https:\/\/swisstabletennis.ch\/images\/2_Leistungssport\/Leistungssportkonzept\/01_GrafikFTEM_TiTe_Titelbild_franz.jpg\" alt=\"Concept cadre pour le d\u00e9veloppement du sport et des athl\u00e8tes\" width=\"520\" height=\"670\" \/><\/a><\/p>\n<p>&nbsp;<\/p>\n<p>&nbsp;<\/p>\n<p><strong>Contributions concept sport d&rsquo;\u00e9lite et sport d&rsquo;\u00e9lite:<\/strong><\/p>\n<p>&#8211; Rachel Moret pour la premi\u00e8re fois dans les Top200<\/p>\n<p><a class=\"wf_file\" href=\"https:\/\/swisstabletennis.ch\/images\/2_Leistungssport\/Leistungssportkonzept\/Alte_PDF-Beitr%C3%A4ge\/Mai-Weltranking_f.pdf\" target=\"_blank\" rel=\"noopener noreferrer\"><img decoding=\"async\" class=\"wf_file_icon\" src=\"https:\/\/swisstabletennis.ch\/media\/jce\/icons\/pdf.png\" alt=\"pdf\" \/><span class=\"wf_file_text\">Rachel Moret Top200<\/span><\/a><\/p>\n<p>&#8211; Le maintien des dames au CM par \u00e9quipes \u00e0 Tokio (avril 2014)<\/p>\n<p><a class=\"wf_file\" href=\"https:\/\/www.swisstabletennistest.ch\/wp-content\/uploads\/2012\/12\/Mai-Weltranking_f.pdf\" target=\"_blank\" rel=\"noopener noreferrer\"><img decoding=\"async\" class=\"wf_file_icon\" src=\"https:\/\/swisstabletennis.ch\/media\/jce\/icons\/pdf.png\" alt=\"pdf\" \/><span class=\"wf_file_text\">CM par \u00e9quipes \u00e0 Tokyo<\/span><\/a><\/p>\n<p>&#8211; Victoire de Rachel Moret et Rahel Aschwanden au Luxembourg Open (avril 2014)<\/p>\n<p><a class=\"wf_file\" href=\"https:\/\/www.swisstabletennistest.ch\/wp-content\/uploads\/2012\/12\/Luxembourg_Open_f.pdf\" target=\"_blank\" rel=\"noopener noreferrer\"><img decoding=\"async\" class=\"wf_file_icon\" src=\"https:\/\/swisstabletennis.ch\/media\/jce\/icons\/pdf.png\" alt=\"pdf\" \/><span class=\"wf_file_text\">Luxembourg Open<\/span><\/a><\/p>\n<p>&#8211; Qualification de Elia Schmid pour les Youth Olympic Games (avril 2014)<\/p>\n<p><a class=\"wf_file\" href=\"https:\/\/www.swisstabletennistest.ch\/wp-content\/uploads\/2021\/02\/Qualifikationsturnier_Youth_Olympic_Games_in_Kairo_f.pdf\" target=\"_blank\" rel=\"noopener noreferrer\"><img decoding=\"async\" class=\"wf_file_icon\" src=\"https:\/\/swisstabletennis.ch\/media\/jce\/icons\/pdf.png\" alt=\"pdf\" \/><span class=\"wf_file_text\">Qualification Youth Olympic Games<\/span><\/a><\/p>\n<p>&#8211; M\u00e9daille de Camille Linke au Italian Junior &amp; Cadet Open (mars 2014)<\/p>\n<p><a class=\"wf_file\" href=\"https:\/\/www.swisstabletennistest.ch\/wp-content\/uploads\/2012\/12\/Italian_Junior__Cadet_f.pdf\" target=\"_blank\" rel=\"noopener noreferrer\"><img decoding=\"async\" class=\"wf_file_icon\" src=\"https:\/\/swisstabletennis.ch\/media\/jce\/icons\/pdf.png\" alt=\"pdf\" \/><span class=\"wf_file_text\">Italian Junior &amp; Cadet Open<\/span><\/a><\/p>\n<p>&#8211; Des bons r\u00e9sultats au French Junior &amp; Cadet Open (mars 2014)<\/p>\n<p><a class=\"wf_file\" href=\"https:\/\/www.swisstabletennistest.ch\/wp-content\/uploads\/2012\/12\/French_Open_in_Metz_f.pdf\" target=\"_blank\" rel=\"noopener noreferrer\"><img decoding=\"async\" class=\"wf_file_icon\" src=\"https:\/\/swisstabletennis.ch\/media\/jce\/icons\/pdf.png\" alt=\"pdf\" \/><span class=\"wf_file_text\">French Junior &amp; Cadet Open<\/span><\/a><\/p>\n<p>&#8211; Premier stage national d\u00e9tection (f\u00e9vrier 2014)<\/p>\n<p><a class=\"wf_file\" href=\"https:\/\/www.swisstabletennistest.ch\/wp-content\/uploads\/2012\/12\/Erstes_nationales_Sichtungs-Camp_f.pdf\" target=\"_blank\" rel=\"noopener noreferrer\"><img decoding=\"async\" class=\"wf_file_icon\" src=\"https:\/\/swisstabletennis.ch\/media\/jce\/icons\/pdf.png\" alt=\"pdf\" \/><span class=\"wf_file_text\">Stage national d\u00e9tection<\/span><\/a><\/p>\n<p>&#8211; Des bons r\u00e9sultats au Czech Junior &amp; Cadet Open (f\u00e9vrier 2014)<\/p>\n<p><a class=\"wf_file\" href=\"https:\/\/www.swisstabletennistest.ch\/wp-content\/uploads\/2012\/12\/Czech_Junior__Cadet_Open_f.pdf\" target=\"_blank\" rel=\"noopener noreferrer\"><img decoding=\"async\" class=\"wf_file_icon\" src=\"https:\/\/swisstabletennis.ch\/media\/jce\/icons\/pdf.png\" alt=\"pdf\" \/><span class=\"wf_file_text\">Czech Junior &amp; Cadet Open<\/span><\/a><\/p>\n<p>&#8211; Les avis des professionnels (novembre 2013)<\/p>\n<p><a class=\"wf_file\" href=\"https:\/\/www.swisstabletennistest.ch\/wp-content\/uploads\/2012\/12\/Profis_Leistungssport_November_2013_f.pdf\" target=\"_blank\" rel=\"noopener noreferrer\"><img decoding=\"async\" class=\"wf_file_icon\" src=\"https:\/\/swisstabletennis.ch\/media\/jce\/icons\/pdf.png\" alt=\"pdf\" \/><span class=\"wf_file_text\">Professionels<\/span><\/a><\/p>\n<p>&#8211; Qualification pour les Youth Olympic Games: Lionel Weber (novembre 2013)<\/p>\n<p><a class=\"wf_file\" href=\"https:\/\/www.swisstabletennistest.ch\/wp-content\/uploads\/2012\/12\/Lionel_Weber_Sidespin_November_2013_f.pdf\" target=\"_blank\" rel=\"noopener noreferrer\"><img decoding=\"async\" class=\"wf_file_icon\" src=\"https:\/\/swisstabletennis.ch\/media\/jce\/icons\/pdf.png\" alt=\"pdf\" \/><span class=\"wf_file_text\">Lionel Weber<\/span><\/a><\/p>\n<p>&#8211; Bilan de la premi\u00e8re ann\u00e9e (Sidespin octobre 2013)<\/p>\n<p><a class=\"wf_file\" href=\"https:\/\/www.swisstabletennistest.ch\/wp-content\/uploads\/2012\/12\/LSK_Bilanz_Jahr_1_Oktober_2013_f.pdf\" target=\"_blank\" rel=\"noopener noreferrer\"><img decoding=\"async\" class=\"wf_file_icon\" src=\"https:\/\/swisstabletennis.ch\/media\/jce\/icons\/pdf.png\" alt=\"pdf\" \/><span class=\"wf_file_text\">Bilan<\/span><\/a><\/p>\n<p>&#8211; Cooperation STT et WSA (janvier 2013)<br \/>\n<a class=\"wf_file\" href=\"https:\/\/www.swisstabletennistest.ch\/wp-content\/uploads\/2012\/12\/Die_Schweizer_an_der_WSA_f.pdf\" target=\"_blank\" rel=\"noopener noreferrer\"><img decoding=\"async\" class=\"wf_file_icon\" src=\"https:\/\/swisstabletennis.ch\/media\/jce\/icons\/pdf.png\" alt=\"pdf\" \/><span class=\"wf_file_text\">Les Suisses \u00e0 la WSA<\/span><\/a><\/p>\n<p>-Camps d&rsquo;entra\u00eenement de No\u00ebl STT \u00e0 Macolin avec des partenaires d&rsquo;entra\u00eenement forts (d\u00e9cembre 2012)<br \/>\n<a class=\"wf_file\" href=\"https:\/\/www.swisstabletennistest.ch\/wp-content\/uploads\/2012\/12\/STT-Weihnachtstrainingslager_in_Magglingen_f.pdf\" target=\"_blank\" rel=\"noopener noreferrer\"><img decoding=\"async\" class=\"wf_file_icon\" src=\"https:\/\/swisstabletennis.ch\/media\/jce\/icons\/pdf.png\" alt=\"pdf\" \/><span class=\"wf_file_text\">Camps d&rsquo;entra\u00eenement \u00e0 Macolin<\/span><\/a><\/p>\n<p>&#8211; Les conclusions du Chef Sport d&rsquo;\u00e9lite Georg Silberschmidt concernant l&rsquo;approbation du concept sport d&rsquo;\u00e9lite (Sidespin mars 2012)<br \/>\n<a class=\"wf_file\" href=\"https:\/\/www.swisstabletennistest.ch\/wp-content\/uploads\/2012\/12\/Les_conclusions_du_Chef_Sport_delite_concernant_lapprobation.pdf\" target=\"_blank\" rel=\"noopener noreferrer\"><img decoding=\"async\" class=\"wf_file_icon\" src=\"https:\/\/swisstabletennis.ch\/media\/jce\/icons\/pdf.png\" alt=\"pdf\" \/><span class=\"wf_file_text\">Approbation concept sport d&rsquo;\u00e9lite<\/span><\/a><\/p>\n<p>&#8211; Des centres d&rsquo;entra\u00eenement dans toute la Suisse (f\u00e9vrier 2012)<br \/>\n<a class=\"wf_file\" href=\"https:\/\/www.swisstabletennistest.ch\/wp-content\/uploads\/2012\/12\/sttzpunkte_f.pdf\" target=\"_blank\" rel=\"noopener noreferrer\"><img decoding=\"async\" class=\"wf_file_icon\" src=\"https:\/\/swisstabletennis.ch\/media\/jce\/icons\/pdf.png\" alt=\"pdf\" \/><span class=\"wf_file_text\">Centres d&rsquo;entra\u00eenement<\/span><\/a><\/p>\n<p>&#8211; Les traces de Brigitte Hirzel et Stefan Renold (f\u00e9vrier 2012)<br \/>\n<a class=\"wf_file\" href=\"https:\/\/www.swisstabletennistest.ch\/wp-content\/uploads\/2012\/12\/Renold_und_Hirzel_f.pdf\" target=\"_blank\" rel=\"noopener noreferrer\"><img decoding=\"async\" class=\"wf_file_icon\" src=\"https:\/\/swisstabletennis.ch\/media\/jce\/icons\/pdf.png\" alt=\"pdf\" \/><span class=\"wf_file_text\">Brigitte Hirzel et Stefan Renold<\/span><\/a><\/p>\n<p>&#8211; Finances concept sport d&rsquo;\u00e9lite (janvier 2012)<br \/>\n<a class=\"wf_file\" href=\"https:\/\/www.swisstabletennistest.ch\/wp-content\/uploads\/2012\/12\/finanzen_f.pdf\" target=\"_blank\" rel=\"noopener noreferrer\"><img decoding=\"async\" class=\"wf_file_icon\" src=\"https:\/\/swisstabletennis.ch\/media\/jce\/icons\/pdf.png\" alt=\"pdf\" \/><span class=\"wf_file_text\">Finances II<\/span><\/a><\/p>\n<p>&#8211; Le talent, l&rsquo;engagement et l&rsquo;entourage (Sidespin janvier 2012)<br \/>\n<a class=\"wf_file\" href=\"https:\/\/www.swisstabletennistest.ch\/wp-content\/uploads\/2012\/12\/talent_und_leistungsbereitschaft_jan_11_f.pdf\" target=\"_blank\" rel=\"noopener noreferrer\"><img decoding=\"async\" class=\"wf_file_icon\" src=\"https:\/\/swisstabletennis.ch\/media\/jce\/icons\/pdf.png\" alt=\"pdf\" \/><span class=\"wf_file_text\">Talent<\/span><\/a><\/p>\n<p>&#8211; Interview avec le chef sport d&rsquo;\u00e9lite Georg Silberschmidt concernant le nouveau concept sport d&rsquo;\u00e9lite<br \/>\n(Sidespin janvier 2012)<br \/>\n<a class=\"wf_file\" href=\"https:\/\/www.swisstabletennistest.ch\/wp-content\/uploads\/2012\/12\/interview_georg_jan_11_f.pdf\" target=\"_blank\" rel=\"noopener noreferrer\"><img decoding=\"async\" class=\"wf_file_icon\" src=\"https:\/\/swisstabletennis.ch\/media\/jce\/icons\/pdf.png\" alt=\"pdf\" \/><span class=\"wf_file_text\">Interview Georg Silberschmidt<\/span><\/a><\/p>\n<p>&#8211; La joueuse national Rahel Aschwanden donne son avis sur le noveau concept sport d&rsquo;\u00e9lite (janvier 2012)<br \/>\n<a class=\"wf_file\" href=\"https:\/\/www.swisstabletennistest.ch\/wp-content\/uploads\/2012\/12\/Interview_Rahel_Aschwanden_f.pdf\" target=\"_blank\" rel=\"noopener noreferrer\"><img decoding=\"async\" class=\"wf_file_icon\" src=\"https:\/\/swisstabletennis.ch\/media\/jce\/icons\/pdf.png\" alt=\"pdf\" \/><span class=\"wf_file_text\">Interview Rahel Aschwanden<\/span><\/a><\/p>\n<p>&#8211; Une carri\u00e8re \u00e0 l&rsquo;\u00e9tranger (janvier 2012)<br \/>\n<a class=\"wf_file\" href=\"https:\/\/www.swisstabletennistest.ch\/wp-content\/uploads\/2012\/12\/Ausland_f.pdf\" target=\"_blank\" rel=\"noopener noreferrer\"><img decoding=\"async\" class=\"wf_file_icon\" src=\"https:\/\/swisstabletennis.ch\/media\/jce\/icons\/pdf.png\" alt=\"pdf\" \/><span class=\"wf_file_text\">L&rsquo;\u00e9tranger<\/span><\/a><\/p>\n<p>&#8211; Le joueur national Nicola Mohler donne son avis sur le noveau concept sport d&rsquo;\u00e9lite (d\u00e9cembre 2011)<br \/>\n<a class=\"wf_file\" href=\"https:\/\/www.swisstabletennistest.ch\/wp-content\/uploads\/2012\/12\/Artikel_Nicola_Mohler_f.pdf\" target=\"_blank\" rel=\"noopener noreferrer\"><img decoding=\"async\" class=\"wf_file_icon\" src=\"https:\/\/swisstabletennis.ch\/media\/jce\/icons\/pdf.png\" alt=\"pdf\" \/><span class=\"wf_file_text\">Nicola Mohler<\/span><\/a><\/p>\n<p>&#8211; Participation personnelle des athl\u00e8tes, finances en g\u00e9neral (d\u00e9cember 2011)<br \/>\n<a class=\"wf_file\" href=\"https:\/\/www.swisstabletennistest.ch\/wp-content\/uploads\/2012\/12\/finances0.pdf\" target=\"_blank\" rel=\"noopener noreferrer\"><img decoding=\"async\" class=\"wf_file_icon\" src=\"https:\/\/swisstabletennis.ch\/media\/jce\/icons\/pdf.png\" alt=\"pdf\" \/><span class=\"wf_file_text\">Finances I<\/span><\/a><\/p>\n<p>&#8211; Interview avec le chef sport d&rsquo;\u00e9lite Georg Silberschmidt concernant le nouveau concept sport d&rsquo;\u00e9lite<br \/>\n(Sidespin juillet\/a\u00f4ut 2011)<br \/>\n<a class=\"wf_file\" href=\"https:\/\/www.swisstabletennistest.ch\/wp-content\/uploads\/2012\/12\/interview_georg_silberschmidt_f.pdf\" target=\"_blank\" rel=\"noopener noreferrer\"><img decoding=\"async\" class=\"wf_file_icon\" src=\"https:\/\/swisstabletennis.ch\/media\/jce\/icons\/pdf.png\" alt=\"pdf\" \/><span class=\"wf_file_text\">Interview Georg Silberschmidt<\/span><\/a><\/p>\n<p>&#8211; Thierry Miller donne son avis sur le noveau concept sport d&rsquo;\u00e9lite et parle de son temps comme joueur<br \/>\nprofessionel de tennis de table (avril 2011):<br \/>\n<a class=\"wf_file\" href=\"https:\/\/www.swisstabletennistest.ch\/wp-content\/uploads\/2012\/12\/Interview_Miller_f.pdf\" target=\"_blank\" rel=\"noopener noreferrer\"><img decoding=\"async\" class=\"wf_file_icon\" src=\"https:\/\/swisstabletennis.ch\/media\/jce\/icons\/pdf.png\" alt=\"pdf\" \/><span class=\"wf_file_text\">Interview Thierry Miller<\/span><\/a><\/p>\n","protected":false},"excerpt":{"rendered":"<p>\u00abFTEM Swiss Table Tennis\u00bb se base sur \u00abFTEM Suisse\u00bb, une base commune pour les sports suisses et est souvent d\u00e9sign\u00e9&hellip;<\/p>\n","protected":false},"author":16,"featured_media":9064,"parent":0,"menu_order":0,"comment_status":"closed","ping_status":"closed","template":"","meta":{"_monsterinsights_skip_tracking":false,"_monsterinsights_sitenote_active":false,"_monsterinsights_sitenote_note":"","_monsterinsights_sitenote_category":0,"footnotes":""},"class_list":["post-3081","page","type-page","status-publish","has-post-thumbnail","hentry"],"_links":{"self":[{"href":"https:\/\/www.swisstabletennistest.ch\/fr\/wp-json\/wp\/v2\/pages\/3081","targetHints":{"allow":["GET"]}}],"collection":[{"href":"https:\/\/www.swisstabletennistest.ch\/fr\/wp-json\/wp\/v2\/pages"}],"about":[{"href":"https:\/\/www.swisstabletennistest.ch\/fr\/wp-json\/wp\/v2\/types\/page"}],"author":[{"embeddable":true,"href":"https:\/\/www.swisstabletennistest.ch\/fr\/wp-json\/wp\/v2\/users\/16"}],"replies":[{"embeddable":true,"href":"https:\/\/www.swisstabletennistest.ch\/fr\/wp-json\/wp\/v2\/comments?post=3081"}],"version-history":[{"count":0,"href":"https:\/\/www.swisstabletennistest.ch\/fr\/wp-json\/wp\/v2\/pages\/3081\/revisions"}],"wp:featuredmedia":[{"embeddable":true,"href":"https:\/\/www.swisstabletennistest.ch\/fr\/wp-json\/wp\/v2\/media\/9064"}],"wp:attachment":[{"href":"https:\/\/www.swisstabletennistest.ch\/fr\/wp-json\/wp\/v2\/media?parent=3081"}],"curies":[{"name":"wp","href":"https:\/\/api.w.org\/{rel}","templated":true}]}}