{"id":3074,"date":"2022-06-23T09:06:30","date_gmt":"2022-06-23T08:06:30","guid":{"rendered":"https:\/\/swisstabletennis.ch\/neu\/?page_id=3074"},"modified":"2023-07-17T16:40:11","modified_gmt":"2023-07-17T14:40:11","slug":"piste-et-selections-du-cadre","status":"publish","type":"page","link":"https:\/\/www.swisstabletennistest.ch\/fr\/piste-et-selections-du-cadre\/","title":{"rendered":"PISTE et s\u00e9lections du cadre"},"content":{"rendered":"<h4 class=\"untertitel\"><strong>S\u00e9lection du cadre de la rel\u00e8ve \u00e0 l&rsquo;aide du syst\u00e8me PISTE<\/strong><\/h4>\n<p>(actualis\u00e9 07.07.2023)<\/p>\n<p>La PISTE 2024 se d\u00e9roulera comme suit :<\/p>\n<ul>\n<li><strong>Date\u00a0:<\/strong> Dimanche 26. mai 2024<\/li>\n<li><strong>Heure\u00a0<\/strong>: 9h00 \u2013 16h30<\/li>\n<li><strong>Lieu\u00a0:<\/strong> Salle Fin du Monde, Centre sportif national, 2353 Macolin<\/li>\n<li><a href=\"https:\/\/www.swisstabletennistest.ch\/wp-content\/uploads\/2023\/05\/Situationsplan-Magglingen.pdf\">Plan de situation de Macolin<\/a><\/li>\n<\/ul>\n<hr \/>\n<p>Les s\u00e9lections pour les cadres de la rel\u00e8ve T2, T3 et T4 jusqu&rsquo;au cadre U21 sont effectu\u00e9es \u00e0 l&rsquo;aide du syst\u00e8me PISTE.<\/p>\n<p>PISTE est l\u2019abr\u00e9viation de \u00ab Pronostic int\u00e9gratif et syst\u00e9matique par l\u2019estimation de l\u2019entra\u00eeneur \u00bb. PISTE est l\u2019instrument que Swiss Olympic oblige aux f\u00e9d\u00e9rations sportives d\u2019utiliser pour d\u00e9couvrir les talents et effectuer les s\u00e9lections dans les cadres.<\/p>\n<p>PISTE \u00e9value les talents \u00e0 l\u2019aide des crit\u00e8res suivants :<\/p>\n<ul>\n<li>Performances enregistr\u00e9es en comp\u00e9tition (aux diff\u00e9rents stades d\u2019\u00e2ge de la rel\u00e8ve)<\/li>\n<li>Tests de performance (sp\u00e9cifiques du sport concern\u00e9) et de motricit\u00e9 (sp\u00e9cifique du sport en g\u00e9n\u00e9ral)<\/li>\n<li>\u00c9volution du niveau de performance (comp\u00e9tition et tests sp\u00e9cifiques)<\/li>\n<li>Motivation face \u00e0 la performance (comportement positif et choix des objectifs)<\/li>\n<li>Donn\u00e9es sp\u00e9cifiques du jeune talent (capacit\u00e9 de r\u00e9sistance aux charges, environnement direct tel que parents et \u00e9cole par exemple, constitution physique et stature, temps consacr\u00e9 \u00e0 l\u2019entra\u00eenement, \u00e2ge auquel l\u2019entra\u00eenement a d\u00e9but\u00e9, etc.)<\/li>\n<li>Niveau d\u2019\u00e9volution biologique (pr\u00e9coce, tardif, \u00e2ge relatif)<\/li>\n<\/ul>\n<p>Les tests PISTE sont effectu\u00e9s de mani\u00e8re centralis\u00e9e pour tous les joueurs une fois par an \u00e0 la fin de la saison.<\/p>\n<p>Le fait d&rsquo;avoir obtenu un nombre de points minimal lors des tests PISTE de la saison pr\u00e9c\u00e9dente est la condition pour:<\/p>\n<ol>\n<li>L&rsquo;admission dans un cadre de la rel\u00e8ve STT jusqu&rsquo;au cadre U21 (<strong>T2, T3, T4)<\/strong><\/li>\n<li>L&rsquo;attribution des Swiss Olympic Talent Cards nationaux ou r\u00e9gionaux<\/li>\n<li>Le soutien financier des centres d\u2019entra\u00eenement reconnus par la promotion des espoirs<\/li>\n<\/ol>\n<p>Les nombres de points minimaux \u00e0 obtenir sont les suivants :<br \/>\n80% pour le cadre T4 et Swiss Olympic Talent Card nationale<br \/>\n60% pour le cadre T3 et Swiss Olympic Talent Card nationale<br \/>\n40% pour le cadre T2 et Swiss Olympic Talent Card r\u00e9gionale<\/p>\n<p>En plus des r\u00e9sultats PISTE, les<strong>\u00a0<a href=\"https:\/\/www.swisstabletennistest.ch\/wp-content\/uploads\/2023\/03\/Criteres-des-cadres-2023-24.pdf\">crit\u00e8res des cadres 2023\/24<\/a><\/strong> <span class=\"wf_file_text\">pour les cadres\u00a0<\/span>doivent \u00eatre remplies pour \u00eatre s\u00e9lectionn\u00e9 dans un cadre.<\/p>\n<p>La r\u00e9ussite d\u2019un test\u00a0<a href=\"https:\/\/www.swisstabletennistest.ch\/swissping\/?lang=fr\">Swiss Ping<\/a>\u00a0est \u00e9galement obligatoire pour la s\u00e9lection dans un cadre STT.<\/p>\n<p>Niveau Swiss-Ping n\u00e9cessaire pour les cadres STT:<br \/>\nT2: raquette bronze<br \/>\nT3: raquette argent<br \/>\nT4: raquette d&rsquo;or<\/p>\n<p>Sont autoris\u00e9s \u00e0\u00a0<strong>participer aux tests PISTE<\/strong> et donc \u00e0 faire partie de la s\u00e9lection pour les cadres STT 2023\/24 tous les joueurs et joueuses n\u00e9s en 2003-2014 qui sont soit directement <strong>qualifi\u00e9s<\/strong>\u00a0pour les tests PISTE soit qui ont re\u00e7u une\u00a0<strong>wildcard<\/strong>.<\/p>\n<ul>\n<li><strong>Qualification pour le test PISTE:<\/strong><\/li>\n<\/ul>\n<p>Toutes les joueuses ayant particip\u00e9 aux 1\/4 de finale filles et tous les joueurs ayant particip\u00e9 au 1\/8 de finale gar\u00e7ons aux Championnats Suisse Jeunesse (CSJ) \u00e0 <a href=\"https:\/\/www.swisstabletennistest.ch\/fr\/cs-jeunesse\/\"><strong>Ch\u00e2telaine<\/strong><\/a> sont directement s\u00e9lectionn\u00e9s pour passer les tests Piste.<\/p>\n<p>Les joueurs U21 qui ont au moins le classement A19 (gar\u00e7ons) ou A17 (classement dames pour les filles) sont \u00e9galement qualifi\u00e9s.<\/p>\n<ul>\n<li><strong>Wildcard pour la participation \u00e0 PISTE<\/strong><\/li>\n<\/ul>\n<p>Pour les jeunes joueurs talents qui ne sont pas directement qualifi\u00e9s, les clubs peuvent demander au <strong>maximum trois wildcards<\/strong> pour participer au PISTE. La commission de sport d\u00e9cide sur la wildcard. Les crit\u00e8res suivants sont valables :<\/p>\n<p><strong>U19 :<br \/>\n<\/strong>Seulement si membre du cadre STT actuel<\/p>\n<p><strong>U17 :<\/strong><br \/>\nClassement minimum gar\u00e7ons : C10 (classement messieurs)<br \/>\nClassement minimum filles : C10 (classement dames)<\/p>\n<p><strong>U15 :<br \/>\n<\/strong>Classement minimum gar\u00e7ons : D4 (classement messieurs)<br \/>\nClassement minimum filles : D4 (classement dames)<\/p>\n<p><strong>U13 et plus jeunes :<br \/>\n<\/strong>Pas de limite<\/p>\n<p>Les demandes qui ne remplissent pas les crit\u00e8res mentionn\u00e9s ci-dessus seront syst\u00e9matiquement rejet\u00e9es.<\/p>\n<p><strong>Autres T\u00e9l\u00e9chargements:<\/strong><\/p>\n<ul>\n<li><a href=\"https:\/\/www.swisstabletennistest.ch\/wp-content\/uploads\/2023\/03\/Inscription-PISTE-2023.xls\">Inscription PISTE 2023<\/a><\/li>\n<li><a href=\"https:\/\/www.swisstabletennistest.ch\/wp-content\/uploads\/2023\/03\/Demande-wildcard-PISTE-2023.xls\">Demande Wildcard PISTE 2023<\/a><\/li>\n<li><a href=\"https:\/\/www.swisstabletennistest.ch\/wp-content\/uploads\/2023\/04\/Anmeldungen-direkt-qualifizierte-SpielerInnen.pdf\">Joueurs \/ Joueuses directement qualifi\u00e9s<\/a><\/li>\n<li><span class=\"wf_file_text\"><a href=\"https:\/\/www.swisstabletennistest.ch\/wp-content\/uploads\/2023\/03\/PISTE-2023-tests-et-criteres-devaluation.pdf\">Information sur les tests et crit\u00e8res d&rsquo;\u00e9valuation<\/a><\/span><\/li>\n<li><span class=\"wf_file_text\"><a href=\"https:\/\/www.swisstabletennistest.ch\/wp-content\/uploads\/2023\/03\/Criteres_Kriterien_PISTE-U21-2023.pdf\">Information sur les crit\u00e8res d&rsquo;\u00e9valuation des joueurs U21<\/a><\/span><\/li>\n<li><a href=\"https:\/\/www.swisstabletennistest.ch\/swissping\/?lang=fr\">Feuilles de test Swiss-Ping<\/a><\/li>\n<\/ul>\n<p>Des informations plus d\u00e9taill\u00e9es sur la PISTE comme instrument pour la s\u00e9lection et l&rsquo;identification des talents peuvent aussi \u00eatre obtenues aupr\u00e8s de\u00a0<a href=\"https:\/\/www.swissolympic.ch\/fr\/federations\/promotion-soutien\/concepts-de-promotion\">Swiss Olympic<\/a>.<\/p>\n<p><strong>Extrait des r\u00e9sultats des tests PISTE 2023:<\/strong><\/p>\n<ul>\n<li><a href=\"https:\/\/www.swisstabletennistest.ch\/wp-content\/uploads\/2023\/07\/Kaderliste-nach-PISTE-Resultat-2023-24-4.pdf\">R\u00e9sultats PISTE 2023<\/a><\/li>\n<li><a href=\"https:\/\/www.swisstabletennistest.ch\/wp-content\/uploads\/2023\/07\/Kaderliste-2023-24-3.pdf\">Liste des cadres 2023\/24<\/a><\/li>\n<\/ul>\n<p>Pour des raisons li\u00e9es \u00e0 la protection des donn\u00e9es, les donn\u00e9es personnelles des joueurs et de leur entourage ne sont pas publi\u00e9es. Chaque participant de la PISTE peut demander ses r\u00e9sultats d\u00e9taill\u00e9s \u00e0 l&rsquo;office central.<\/p>\n<div style=\"width: 848px;\" class=\"wp-video\"><video class=\"wp-video-shortcode\" id=\"video-3074-1\" width=\"848\" height=\"480\" preload=\"metadata\" controls=\"controls\"><source type=\"video\/mp4\" src=\"https:\/\/www.swisstabletennistest.ch\/wp-content\/uploads\/2022\/11\/PISTE-Tests.mp4?_=1\" \/><a href=\"https:\/\/www.swisstabletennistest.ch\/wp-content\/uploads\/2022\/11\/PISTE-Tests.mp4\">https:\/\/www.swisstabletennistest.ch\/wp-content\/uploads\/2022\/11\/PISTE-Tests.mp4<\/a><\/video><\/div>\n","protected":false},"excerpt":{"rendered":"<p>S\u00e9lection du cadre de la rel\u00e8ve \u00e0 l&rsquo;aide du syst\u00e8me PISTE (actualis\u00e9 07.07.2023) La PISTE 2024 se d\u00e9roulera comme suit&hellip;<\/p>\n","protected":false},"author":16,"featured_media":14844,"parent":0,"menu_order":0,"comment_status":"closed","ping_status":"closed","template":"","meta":{"_monsterinsights_skip_tracking":false,"_monsterinsights_sitenote_active":false,"_monsterinsights_sitenote_note":"","_monsterinsights_sitenote_category":0,"footnotes":""},"class_list":["post-3074","page","type-page","status-publish","has-post-thumbnail","hentry"],"_links":{"self":[{"href":"https:\/\/www.swisstabletennistest.ch\/fr\/wp-json\/wp\/v2\/pages\/3074","targetHints":{"allow":["GET"]}}],"collection":[{"href":"https:\/\/www.swisstabletennistest.ch\/fr\/wp-json\/wp\/v2\/pages"}],"about":[{"href":"https:\/\/www.swisstabletennistest.ch\/fr\/wp-json\/wp\/v2\/types\/page"}],"author":[{"embeddable":true,"href":"https:\/\/www.swisstabletennistest.ch\/fr\/wp-json\/wp\/v2\/users\/16"}],"replies":[{"embeddable":true,"href":"https:\/\/www.swisstabletennistest.ch\/fr\/wp-json\/wp\/v2\/comments?post=3074"}],"version-history":[{"count":0,"href":"https:\/\/www.swisstabletennistest.ch\/fr\/wp-json\/wp\/v2\/pages\/3074\/revisions"}],"wp:featuredmedia":[{"embeddable":true,"href":"https:\/\/www.swisstabletennistest.ch\/fr\/wp-json\/wp\/v2\/media\/14844"}],"wp:attachment":[{"href":"https:\/\/www.swisstabletennistest.ch\/fr\/wp-json\/wp\/v2\/media?parent=3074"}],"curies":[{"name":"wp","href":"https:\/\/api.w.org\/{rel}","templated":true}]}}