{"id":3072,"date":"2022-06-23T09:03:51","date_gmt":"2022-06-23T08:03:51","guid":{"rendered":"https:\/\/swisstabletennis.ch\/neu\/?page_id=3072"},"modified":"2023-07-20T16:14:42","modified_gmt":"2023-07-20T14:14:42","slug":"convocations-cadre","status":"publish","type":"page","link":"https:\/\/www.swisstabletennistest.ch\/fr\/convocations-cadre\/","title":{"rendered":"Convocations cadre"},"content":{"rendered":"<h4>Saison 2022\/23<\/h4>\n<p><strong>Convocations pour\u00a0<span class=\"wf_file_text\">camp d&rsquo;entra\u00eenements et jour d&rsquo;entra\u00eenements<\/span><\/strong><\/p>\n<ul>\n<li><a href=\"https:\/\/www.swisstabletennistest.ch\/wp-content\/uploads\/2022\/08\/22.-26.08.2022-TL-Saarbruecken-30.06.2022.pdf\">22.-26.8.2022 &#8211; Camp d&rsquo;entra\u00eenement &#8211; Saarbr\u00fccken<\/a><\/li>\n<li><a href=\"https:\/\/www.swisstabletennistest.ch\/wp-content\/uploads\/2022\/07\/03.04.09.2022-Sichtungstage-Deutschschweiz.pdf\">3.+4.9.2022 &#8211; Jours d\u00e9tections Suisse allemande &#8211; Filzbach<\/a><\/li>\n<li><a href=\"https:\/\/www.swisstabletennistest.ch\/wp-content\/uploads\/2022\/07\/09.-11.09.2022-Camp-detection-U13-Romandie-Prilly.pdf\">9.-11.9.2022 &#8211; Camp d\u00e9tection + U13 Romandie &#8211; Prilly<\/a><\/li>\n<li><a href=\"https:\/\/www.swisstabletennistest.ch\/wp-content\/uploads\/2022\/10\/16.-18.09.2022-Camp-dentrainement-T2-Romandie-Prilly.pdf\">16.-18.9.2022 &#8211; Camp d&rsquo;entra\u00eenement T2 Romandie &#8211; Prilly<\/a><\/li>\n<li><a href=\"https:\/\/www.swisstabletennistest.ch\/wp-content\/uploads\/2022\/10\/30.09.-02.10.2022-TL-T2-Deutschschweiz-Magglingen.pdf\">30.9.-2.10.2022 &#8211; Camp d&rsquo;entra\u00eenement T2 Suisse allemande &#8211; Magglingen<\/a><\/li>\n<li><a href=\"https:\/\/www.swisstabletennistest.ch\/wp-content\/uploads\/2022\/10\/07.-09.10.2022-T3-T2-Filzbach-25.09.2022.pdf\">7.-9.10.2022 &#8211; Camp d&rsquo;entra\u00eenement T3\/T2 &#8211; Filzbach<\/a><\/li>\n<li><a href=\"https:\/\/www.swisstabletennistest.ch\/wp-content\/uploads\/2022\/10\/10.-14.10.2022-TL-T3-Bietigheim.pdf\">10.-14.10.2022 &#8211; Camp d&rsquo;entra\u00eenement T3 &#8211; Bietigheim<\/a><\/li>\n<li><a href=\"https:\/\/www.swisstabletennistest.ch\/wp-content\/uploads\/2022\/10\/21.-23.10.2022-T3-Maedchen-Prilly.pdf\">21.-23.10.2022 &#8211; Camp d&rsquo;entra\u00eenement T3 + Filles &#8211; Prilly<\/a><\/li>\n<li><a href=\"https:\/\/www.swisstabletennistest.ch\/wp-content\/uploads\/2022\/10\/18.-20.11.2022-TL-T3T2-Maedchen-Prilly-1.pdf\">18.-20.11.2022 &#8211; Camp d&rsquo;entra\u00eenement T3\/T2 + Filles &#8211; Prilly<\/a><\/li>\n<li><a href=\"https:\/\/www.swisstabletennistest.ch\/wp-content\/uploads\/2022\/11\/05.-08.12.2022-TL-T4-T3-Bietigheim.pdf\">5.-8.12.2022 &#8211; Camp d&rsquo;entra\u00eenement T4\/T3 &#8211; Bietigheim<\/a><\/li>\n<li><a href=\"https:\/\/www.swisstabletennistest.ch\/wp-content\/uploads\/2022\/10\/09.-11.12.2022-TL-T3-T2-Filzbach.pdf\">9.-11.12.2022 &#8211; Camp d&rsquo;entra\u00eenement T3\/T2 &#8211; Filzbach<\/a><\/li>\n<li><a href=\"https:\/\/www.swisstabletennistest.ch\/wp-content\/uploads\/2022\/11\/27.-30.12.2022-TL-T3-T2-Filzbach.pdf\">27.-30.12.2022 &#8211; Camp d&rsquo;entra\u00eenement T3\/T2 &#8211; Filzbach<\/a><\/li>\n<li><a href=\"https:\/\/www.swisstabletennistest.ch\/wp-content\/uploads\/2022\/11\/03.-06.01.2023-TL-E-T4-T3-Filzbach.pdf\">3.-6.1.2023 &#8211; Camp d&rsquo;entra\u00eenement E\/T4\/T3 &#8211; Filzbach<\/a><\/li>\n<li><a href=\"https:\/\/www.swisstabletennistest.ch\/wp-content\/uploads\/2022\/11\/09.-12.01.2023-TL-E-T4-T3-Filzbach.pdf\">9.-12.1.2023 &#8211; Camp d&rsquo;entra\u00eenement E\/T4\/T3 &#8211; Filzbach<\/a><\/li>\n<li><a href=\"https:\/\/www.swisstabletennistest.ch\/wp-content\/uploads\/2023\/01\/13.-17.02.2023-TL-T4-T3-Bietigheim-27.01.2023.pdf\">13.-17.2.2023 &#8211; Camp d&rsquo;entra\u00eenement T4\/T3 &#8211; Bietigheim<\/a><\/li>\n<li><a href=\"https:\/\/www.swisstabletennistest.ch\/wp-content\/uploads\/2023\/01\/03.-05.03.2023-TL-T3-Filzbach-1.pdf\">3.-5.3.2023 &#8211; Camp d&rsquo;entra\u00eenement T3 &#8211; Filzbach<\/a><\/li>\n<li><a href=\"https:\/\/www.swisstabletennistest.ch\/wp-content\/uploads\/2023\/01\/10.-12.03.2023-TL-T3-Maedchen-Prilly-1.pdf\">10.-12.3.2023 &#8211; Camp d&rsquo;entra\u00eenement T3 + Filles &#8211; Prilly<\/a><\/li>\n<li><a href=\"https:\/\/www.swisstabletennistest.ch\/wp-content\/uploads\/2023\/02\/Talent-Treff-Tenero-3T-14.-19.05.2023.pdf\">14.-19.5.2023 &#8211; 3T &#8211; Tenero<\/a><\/li>\n<li><a href=\"https:\/\/www.swisstabletennistest.ch\/wp-content\/uploads\/2023\/05\/30.06.-02.07.2023-TL-Vorb.-JEM-Prilly-1.pdf\">30.6.-2.7.2023 &#8211; Camp d\u2019entra\u00eenement Pr\u00e9p. CEJ &#8211; Prilly<\/a><\/li>\n<li><a href=\"https:\/\/www.swisstabletennistest.ch\/wp-content\/uploads\/2023\/05\/07.-09.07.2023-TL-Vorb.-JEM-Filzbach-1.pdf\">7.-9.7.2023 &#8211; Camp d\u2019entra\u00eenement Pr\u00e9p. CEJ &#8211; Filzbach<\/a><\/li>\n<\/ul>\n<p><strong>Convocation pour comp\u00e9titions<\/strong><\/p>\n<ul>\n<li><span class=\"wf_file_text\"><a href=\"https:\/\/www.swisstabletennistest.ch\/wp-content\/uploads\/2022\/07\/12.-18.08.2022-European-Championships-Muenchen.pdf\">12.-18.8.2022 &#8211; European Championships &#8211; M\u00fcnchen<\/a><\/span><\/li>\n<li><a href=\"https:\/\/www.swisstabletennistest.ch\/wp-content\/uploads\/2022\/07\/22.-25.08.2022-WTT-Feeder-Olomouc-CZE.pdf\">22.-25.8.2022 &#8211; WTT Feeder &#8211; Olomouc<\/a><\/li>\n<li><a href=\"https:\/\/www.swisstabletennistest.ch\/wp-content\/uploads\/2022\/07\/25.-28.08.2022-Euro-Mini-Champs.pdf\">25.-28.8.2022 &#8211; Euro Mini Champ&rsquo;s &#8211; Schiltigheim<\/a><\/li>\n<li><a href=\"https:\/\/www.swisstabletennistest.ch\/wp-content\/uploads\/2022\/07\/29.08.-01.09.2022-WTT-Youth-Contender-Otocec.pdf\">29.8.-1.9.2022 &#8211; WTT Youth Contender &#8211; Otocec<\/a><\/li>\n<li><a href=\"https:\/\/www.swisstabletennistest.ch\/wp-content\/uploads\/2022\/10\/29.08.-03.09.2022-WTT-Feeder-Panagyurishte-BUL.pdf\">29.8.-3.9.2022 &#8211; WTT Feeder &#8211; Panagyurishte<\/a><\/li>\n<li><a href=\"https:\/\/www.swisstabletennistest.ch\/wp-content\/uploads\/2022\/07\/29.08.-05.09.2022-WTT-Youth-Contender-Varazdin-Otocec.pdf\">29.8.-5.9.2022 &#8211; WTT Youth Contender &#8211; Varazdin + Otocec<\/a><\/li>\n<li><a href=\"https:\/\/www.swisstabletennistest.ch\/wp-content\/uploads\/2022\/07\/02.-05.09.2022-WTT-Youth-Contender-Otocec.pdf\">2.-5.9.2022 &#8211; WTT Youth Contender &#8211; Otocec<\/a><\/li>\n<li><a href=\"https:\/\/www.swisstabletennistest.ch\/wp-content\/uploads\/2022\/10\/13.-18.09.2022-U21-European-Championships-Cluj.pdf\">13.-18.9.2022 &#8211; U21 European Championships &#8211; Cluj<\/a><\/li>\n<li><a href=\"https:\/\/www.swisstabletennistest.ch\/wp-content\/uploads\/2022\/07\/15.-18.09.2022-TTVN-Grand-Prix-International-Minicadet-Ligue-Bissendorf.pdf\">15.-18.9.2022 &#8211; TTVN-Grand-Prix &#8211; International Minicadet Ligue &#8211; Bissendorf<\/a><\/li>\n<li><a href=\"https:\/\/www.swisstabletennistest.ch\/wp-content\/uploads\/2022\/10\/29.09.-03.10.2022-Europe-Youth-Top-10-Tours.pdf\">29.9.-3.10.2022 &#8211; Europe Youth Top 10 &#8211; Tours<\/a><\/li>\n<li><a href=\"https:\/\/www.swisstabletennistest.ch\/wp-content\/uploads\/2022\/10\/14.-16.10.2022-European-Teams-Championships-Stage-1-B-Groups-Herren-16.09.2022.pdf\">14.-16.10.2022 &#8211; European Teams Championships &#8211; Stage 1 &#8211; B Groups, Messieurs<\/a><\/li>\n<li><a href=\"https:\/\/www.swisstabletennistest.ch\/wp-content\/uploads\/2022\/10\/15.-17.10.2022-European-Teams-Championships-Stage-1-B-Groups-Damen-19.09.2022.pdf\">15.-17.10.2022 &#8211; European Teams Championships &#8211; Stage 1 &#8211; B Groups, Dames<\/a><\/li>\n<li><a href=\"https:\/\/www.swisstabletennistest.ch\/wp-content\/uploads\/2022\/10\/02.-05.11.2022-WTT-Youth-Contender-Lignano-24.10.2022-STT-Knaben.pdf\">2.-5.11.2022 &#8211; WTT Youth Contender &#8211; Lignano (STT &#8211; Gar\u00e7ons)<\/a><\/li>\n<li><a href=\"https:\/\/www.swisstabletennistest.ch\/wp-content\/uploads\/2022\/10\/02.-05.11.2022-WTT-Youth-Contender-Lignano-24.10.2022-Rapid-Luzern.pdf\">2.-5.11.2022 &#8211; WTT Youth Contender &#8211; Lignano (TTC Rapid Luzern)<\/a><\/li>\n<li><a href=\"https:\/\/www.swisstabletennistest.ch\/wp-content\/uploads\/2022\/10\/29.10-01.11.2022-WTT-Youth-Contender-Lignano-24.10.2022-STT-Maedchen.pdf\">29.10-1.11.2022 &#8211; WTT Youth Contender &#8211; Lignano (STT &#8211; Filles)<\/a><\/li>\n<li><a href=\"https:\/\/www.swisstabletennistest.ch\/wp-content\/uploads\/2022\/10\/30.10.-02.11.2022-WTT-Contender-Nova-Gorica-SLO.pdf\">30.10.-2.11.2022 &#8211; WTT Contender &#8211; Nova Gorica<\/a><\/li>\n<li><a href=\"https:\/\/www.swisstabletennistest.ch\/wp-content\/uploads\/2022\/10\/06.-10.11.2022-WTT-Youth-Contender-Szombathely-24.10.2022.pdf\">6.-10.11.2022 &#8211; WTT Youth Contender &#8211; Szombathely <\/a><\/li>\n<li><a href=\"https:\/\/www.swisstabletennistest.ch\/wp-content\/uploads\/2022\/10\/06.-09.11.2022-WTT-Youth-Contender-Senec-2.pdf\">6.-9.11.2022 &#8211; WTT Youth Contender &#8211; Senec (STT &#8211; Filles)<\/a><\/li>\n<li><a href=\"https:\/\/www.swisstabletennistest.ch\/wp-content\/uploads\/2022\/10\/10.-13.11.2022-WTT-Youth-Contender-Senec-24.10.2022.pdf\">10.-13.11.2022 &#8211; WTT Youth Contender &#8211; Senec<\/a><\/li>\n<li><a href=\"https:\/\/www.swisstabletennistest.ch\/wp-content\/uploads\/2022\/10\/17.-18.12.2022-Jeunes-du-Grand-Est-1.pdf\">17.-18.12.2022 &#8211; Jeunes du Grand Est<\/a><\/li>\n<li><a href=\"https:\/\/www.swisstabletennistest.ch\/wp-content\/uploads\/2022\/12\/10.-13.01.2023-WTT-Youth-Contender-Linz-TTC-WilRapperswil-Jona.pdf\">10.-13.1.2023 &#8211; WTT Youth Contender &#8211; Linz<\/a><\/li>\n<li><a href=\"https:\/\/www.swisstabletennistest.ch\/wp-content\/uploads\/2022\/12\/10.-14.01.2023-WTT-Youth-Contender-Linz-STT.pdf\">10.-14.1.2023 &#8211; WTT Youth Contender &#8211; Linz<\/a><\/li>\n<li><a href=\"https:\/\/www.swisstabletennistest.ch\/wp-content\/uploads\/2023\/02\/24.02.-28.02.2023-WTT-Youth-Contender-Vila-Real-STT-Maedchen.pdf\">24.-28.2.2023 &#8211; WTT Youth Contender &#8211; Vila Real (STT &#8211; Filles)<\/a><\/li>\n<li><a href=\"https:\/\/www.swisstabletennistest.ch\/wp-content\/uploads\/2023\/02\/28.02.-04.03.2023-WTT-Youth-Contender-Vila-Real-STT-Knaben.pdf\">28.2.-4.3.2023 &#8211; WTT Youth Contender &#8211; Vila Real (STT &#8211; Gar\u00e7ons)<\/a><\/li>\n<li><a href=\"https:\/\/www.swisstabletennistest.ch\/wp-content\/uploads\/2023\/02\/01.-03.03.2023-WTT-Youth-Contender-Vila-Real-TTC-Neuhausen.pdf\">1.-3.3.2023 &#8211; WTT Youth Contender &#8211; Vila Real (TTC Neuhausen)<\/a><\/li>\n<li><a href=\"https:\/\/www.swisstabletennistest.ch\/wp-content\/uploads\/2023\/02\/26.-29.03.2023-WTT-Youth-Contender-Berlin.pdf\">26.-29.3.2023 &#8211; WTT Youth Contender &#8211; Berlin<\/a><\/li>\n<li><a href=\"https:\/\/www.swisstabletennistest.ch\/wp-content\/uploads\/2023\/03\/04.-09.04.2023-U21-European-Championships-Sarajevo-1.pdf\">4.-9.4.2023 &#8211; U21 European Championships &#8211; Sarajevo<\/a><\/li>\n<li><a href=\"https:\/\/www.swisstabletennistest.ch\/wp-content\/uploads\/2023\/03\/16.-19.04.2023-WTT-Youth-Contender-Spa.pdf\">16.-19.4.2023 &#8211; WTT Youth Contender &#8211; Spa<\/a><\/li>\n<li><a href=\"https:\/\/www.swisstabletennistest.ch\/wp-content\/uploads\/2023\/03\/16.-19.04.2023-WTT-Youth-Contender-Metz.pdf\">16.-19.4.2023 &#8211; WTT Youth Contender &#8211; Metz<\/a><\/li>\n<li><a href=\"https:\/\/www.swisstabletennistest.ch\/wp-content\/uploads\/2023\/04\/04.-08.05.2023-European-Teams-Championships-Stage-2-Herren-1.pdf\">4.-8.5.2023 &#8211; European Teams Championships &#8211; Stage 2 &#8211; Messieurs<\/a><\/li>\n<li><a href=\"https:\/\/www.swisstabletennistest.ch\/wp-content\/uploads\/2023\/04\/09.-12.05.2023-WTT-Youth-Contender-Platja-dAro-STT.pdf\">9.-12.5.2023 &#8211; WTT Youth Contender &#8211; Platja d&rsquo;Aro (STT)<\/a><\/li>\n<li><a href=\"https:\/\/www.swisstabletennistest.ch\/wp-content\/uploads\/2023\/04\/09.-16.05.2023-WTT-Youth-Contender-Platja-dAro-ITTG.pdf\">9.-16.5.2023 &#8211; WTT Youth Contender &#8211; Platja d&rsquo;Aro (ITTG)<\/a><\/li>\n<li><a href=\"https:\/\/www.swisstabletennistest.ch\/wp-content\/uploads\/2023\/05\/17.-24.05.2023-World-Table-Tennis-Championships-Finals-Durban.pdf\">17.-24.5.2023 &#8211; World Table Tennis Championships Finals &#8211; Durban<\/a><\/li>\n<li><a href=\"https:\/\/www.swisstabletennistest.ch\/wp-content\/uploads\/2023\/05\/07.-11.06.2023-WTT-Youth-Contender-Helsingborg.pdf\">7.-11.6.2023 &#8211; WTT Youth Contender &#8211; Helsingborg<\/a><\/li>\n<li><a href=\"https:\/\/www.swisstabletennistest.ch\/wp-content\/uploads\/2023\/05\/09.-11.06.2023-Youth-Championships-of-Luxembourg.pdf\">9.-11.6.2023 &#8211; Youth Championships of Luxembourg<\/a><\/li>\n<li><a href=\"https:\/\/www.swisstabletennistest.ch\/wp-content\/uploads\/2023\/05\/13.-18.06.2023-European-U13-Championships-Zagreb.pdf\">13.-18.6.2023 &#8211; European U13 Championships &#8211; Zagreb<\/a><\/li>\n<li><a href=\"https:\/\/www.swisstabletennistest.ch\/wp-content\/uploads\/2023\/06\/25.-28.06.2023-WTT-Contender-Zagreb-HRV.pdf\">25.-28.6.2023 &#8211; WTT Contender &#8211; Zagreb<\/a><\/li>\n<li><a href=\"https:\/\/www.swisstabletennistest.ch\/wp-content\/uploads\/2023\/05\/13.-22.07.2023-Jugend-EM-Gliwice.pdf\">13.-22.7.2023 &#8211; Championnats d\u2019Europe Jeunesse &#8211; Gliwice<\/a><\/li>\n<\/ul>\n<h4>Saison 2023\/24<\/h4>\n<p><strong>Convocations pour\u00a0<span class=\"wf_file_text\">camp d&rsquo;entra\u00eenements et jour d&rsquo;entra\u00eenements<\/span><\/strong><\/p>\n<ul>\n<li><a href=\"https:\/\/www.swisstabletennistest.ch\/wp-content\/uploads\/2023\/07\/02.03.09.2023-Sichtungstage-Deutschschweiz.pdf\">02.-03.09.2023 &#8211; Camp d\u00e9tection Suisse allemande &#8211; Filzbach<\/a><\/li>\n<li><a href=\"https:\/\/www.swisstabletennistest.ch\/wp-content\/uploads\/2023\/07\/09.-10.09.2023-Camp-detection-T2-U11-U13-Romandie-Prilly.pdf\">09.-10.09.2023 &#8211; Camp d\u00e9tection + T2 U11\/U13 Romandie &#8211; Prilly<\/a><\/li>\n<\/ul>\n<p><strong>Convocation pour comp\u00e9titions<\/strong><\/p>\n<ul>\n<li><a href=\"https:\/\/www.swisstabletennistest.ch\/wp-content\/uploads\/2023\/06\/24.-27.08.2023-Euro-Mini-Champs.pdf\">24.-27.08.2023 &#8211; Euro Mini Champ&rsquo;s &#8211; Schiltigheim<\/a><\/li>\n<\/ul>\n","protected":false},"excerpt":{"rendered":"<p>Saison 2022\/23 Convocations pour\u00a0camp d&rsquo;entra\u00eenements et jour d&rsquo;entra\u00eenements 22.-26.8.2022 &#8211; Camp d&rsquo;entra\u00eenement &#8211; Saarbr\u00fccken 3.+4.9.2022 &#8211; Jours d\u00e9tections Suisse allemande&hellip;<\/p>\n","protected":false},"author":16,"featured_media":9064,"parent":0,"menu_order":0,"comment_status":"closed","ping_status":"closed","template":"","meta":{"_monsterinsights_skip_tracking":false,"_monsterinsights_sitenote_active":false,"_monsterinsights_sitenote_note":"","_monsterinsights_sitenote_category":0,"footnotes":""},"class_list":["post-3072","page","type-page","status-publish","has-post-thumbnail","hentry"],"_links":{"self":[{"href":"https:\/\/www.swisstabletennistest.ch\/fr\/wp-json\/wp\/v2\/pages\/3072","targetHints":{"allow":["GET"]}}],"collection":[{"href":"https:\/\/www.swisstabletennistest.ch\/fr\/wp-json\/wp\/v2\/pages"}],"about":[{"href":"https:\/\/www.swisstabletennistest.ch\/fr\/wp-json\/wp\/v2\/types\/page"}],"author":[{"embeddable":true,"href":"https:\/\/www.swisstabletennistest.ch\/fr\/wp-json\/wp\/v2\/users\/16"}],"replies":[{"embeddable":true,"href":"https:\/\/www.swisstabletennistest.ch\/fr\/wp-json\/wp\/v2\/comments?post=3072"}],"version-history":[{"count":0,"href":"https:\/\/www.swisstabletennistest.ch\/fr\/wp-json\/wp\/v2\/pages\/3072\/revisions"}],"wp:featuredmedia":[{"embeddable":true,"href":"https:\/\/www.swisstabletennistest.ch\/fr\/wp-json\/wp\/v2\/media\/9064"}],"wp:attachment":[{"href":"https:\/\/www.swisstabletennistest.ch\/fr\/wp-json\/wp\/v2\/media?parent=3072"}],"curies":[{"name":"wp","href":"https:\/\/api.w.org\/{rel}","templated":true}]}}