{"id":3067,"date":"2022-06-23T09:00:17","date_gmt":"2022-06-23T08:00:17","guid":{"rendered":"https:\/\/swisstabletennis.ch\/neu\/?page_id=3067"},"modified":"2023-06-30T16:28:00","modified_gmt":"2023-06-30T14:28:00","slug":"talentcards","status":"publish","type":"page","link":"https:\/\/www.swisstabletennistest.ch\/fr\/talentcards\/","title":{"rendered":"Talentcards"},"content":{"rendered":"<p style=\"text-align: justify;\"><a href=\"https:\/\/www.swissolympic.ch\/fr\/athletes-entraineurs\/swissolympiccard\/titulaires-card?searchId=2595\">Titulaires d&rsquo;une Swiss Olympic Card &#8211; Saison 2022\/23<\/a><\/p>\n<p style=\"text-align: justify;\"><strong>Swiss Olympic Talent Cards<\/strong><\/p>\n<p style=\"text-align: justify;\">Les \u00ab <a href=\"https:\/\/www.swissolympic.ch\/fr\/athletes-entraineurs\/swissolympiccard\">Swiss Olympic Talent Cards<\/a> \u00bb sont des instruments importants dans le syst\u00e8me sportif suisse, et sont des r\u00e9f\u00e9rences sur lesquelles s\u2018alignent les diff\u00e9rents partenaires en pr\u00e9sence. L\u2019accent est mis sur l\u2019encouragement commun et optimal des talents de la rel\u00e8ve dans leur parcours vers le sommet. La carte montre aux communes, cantons, \u00e9coles et autres partenaires quels athl\u00e8tes de la rel\u00e8ve font partie d\u2019un programme de promotion au sein d\u2019une f\u00e9d\u00e9ration et doivent \u00eatre soutenus de mani\u00e8re cibl\u00e9e. De la part de Swiss Olympic, les b\u00e9n\u00e9ficiaires d&rsquo;une Talent Card n&rsquo;ont pas de b\u00e9n\u00e9fices financi\u00e8res, mais les subsides sont pay\u00e9s aux centres d&rsquo;entra\u00eenement.<\/p>\n<p style=\"text-align: justify;\">Les athl\u00e8tes du cadre T4 et T3 de la rel\u00e8ve b\u00e9n\u00e9ficient d&rsquo;une Swiss Olympic Talent card nationale, les athl\u00e8tes du cadre T2 b\u00e9n\u00e9ficient d&rsquo;une carte r\u00e9gionale.<\/p>\n<p style=\"text-align: justify;\"><strong>Swiss Olympic Elite Card<\/strong><\/p>\n<p style=\"text-align: justify;\">Tous les joueurs du cadre Elite1 re\u00e7oivent une Swiss Olympic Elite Card.<\/p>\n<p style=\"text-align: justify;\">Une Swiss Olympic Bronze Card est attribu\u00e9e aux sportifs de haut niveau de la cat\u00e9gorie jeunesse et de la cat\u00e9gorie de transition[1] des sp\u00e9cialit\u00e9s sportives olympiques et paralympiques individuelles, par \u00e9quipe et en \u00e9quipe des classifications 1 \u00e0 5, ainsi que des sp\u00e9cialit\u00e9s sportives non olympiques des classifications 1 \u00e0 3, lorsque les conditions suivantes sont remplies :<\/p>\n<ul style=\"text-align: justify;\">\n<li>Potentiel \u00e0 long terme de r\u00e9sultats dans le top 8 aux JO\/PS\/championnats du monde\/classement mondial ou m\u00e9daille aux CE.<\/li>\n<li>Au moins un top 16 aux CMJ\/CM cat\u00e9gorie de transition\/classement mondial ou un top 12 aux CEJ\/CM cat\u00e9gorie de transition et des performances comparables r\u00e9guli\u00e8res Planification de carri\u00e8re existante de la f\u00e9d\u00e9ration et de l&rsquo;athl\u00e8te<\/li>\n<li>Engagement de la f\u00e9d\u00e9ration et de l&rsquo;athl\u00e8te<\/li>\n<\/ul>\n<p style=\"text-align: justify;\">En cas de faible nombre de participants et\/ou de nations, Swiss Olympic d\u00e9cide de la remise d&rsquo;une Swiss Olympic Bronze Card sans tenir compte des directives.<\/p>\n<p style=\"text-align: justify;\">Chaque f\u00e9d\u00e9ration d\u00e9finit dans le parcours de l&rsquo;athl\u00e8te (par ex. selon le concept-cadre FTEM) une p\u00e9riode ou une phase de d\u00e9veloppement au cours de laquelle les Bronze Cards peuvent \u00eatre d\u00e9clench\u00e9es.<\/p>\n<p style=\"text-align: justify;\">Dans des cas exceptionnels et justifi\u00e9s, un athl\u00e8te \u00e0 tr\u00e8s haut potentiel peut obtenir une Swiss Olympic Bronze Card sur demande de sa f\u00e9d\u00e9ration. Cette possibilit\u00e9 exceptionnelle existe notamment pour les participants aux JO ayant un potentiel tr\u00e8s \u00e9lev\u00e9 pour le prochain cycle olympique (rang de dipl\u00f4me). Cette d\u00e9rogation est ind\u00e9pendante de l&rsquo;\u00e2ge et se r\u00e9f\u00e8re exclusivement au parcours de l&rsquo;athl\u00e8te.<\/p>\n<p style=\"text-align: justify;\">Les titulaires des Swiss Olympic Card Elite et Bronze peuvent b\u00e9n\u00e9ficier de\u00a0<a href=\"https:\/\/www.swissolympic.ch\/fr\/athletes-entraineurs\/swissolympiccard\/package_de_prestations\" target=\"_blank\" rel=\"noopener noreferrer\">conditions avantageuses\u00a0<\/a>sur des prestations et des produits des partenaires de Swiss Olympic.<\/p>\n","protected":false},"excerpt":{"rendered":"<p>Titulaires d&rsquo;une Swiss Olympic Card &#8211; Saison 2022\/23 Swiss Olympic Talent Cards Les \u00ab Swiss Olympic Talent Cards \u00bb sont&hellip;<\/p>\n","protected":false},"author":16,"featured_media":13284,"parent":0,"menu_order":0,"comment_status":"closed","ping_status":"closed","template":"","meta":{"_monsterinsights_skip_tracking":false,"_monsterinsights_sitenote_active":false,"_monsterinsights_sitenote_note":"","_monsterinsights_sitenote_category":0,"footnotes":""},"class_list":["post-3067","page","type-page","status-publish","has-post-thumbnail","hentry"],"_links":{"self":[{"href":"https:\/\/www.swisstabletennistest.ch\/fr\/wp-json\/wp\/v2\/pages\/3067","targetHints":{"allow":["GET"]}}],"collection":[{"href":"https:\/\/www.swisstabletennistest.ch\/fr\/wp-json\/wp\/v2\/pages"}],"about":[{"href":"https:\/\/www.swisstabletennistest.ch\/fr\/wp-json\/wp\/v2\/types\/page"}],"author":[{"embeddable":true,"href":"https:\/\/www.swisstabletennistest.ch\/fr\/wp-json\/wp\/v2\/users\/16"}],"replies":[{"embeddable":true,"href":"https:\/\/www.swisstabletennistest.ch\/fr\/wp-json\/wp\/v2\/comments?post=3067"}],"version-history":[{"count":0,"href":"https:\/\/www.swisstabletennistest.ch\/fr\/wp-json\/wp\/v2\/pages\/3067\/revisions"}],"wp:featuredmedia":[{"embeddable":true,"href":"https:\/\/www.swisstabletennistest.ch\/fr\/wp-json\/wp\/v2\/media\/13284"}],"wp:attachment":[{"href":"https:\/\/www.swisstabletennistest.ch\/fr\/wp-json\/wp\/v2\/media?parent=3067"}],"curies":[{"name":"wp","href":"https:\/\/api.w.org\/{rel}","templated":true}]}}