{"id":2964,"date":"2022-06-17T11:07:27","date_gmt":"2022-06-17T10:07:27","guid":{"rendered":"https:\/\/swisstabletennis.ch\/neu\/?page_id=2964"},"modified":"2023-08-07T12:07:52","modified_gmt":"2023-08-07T10:07:52","slug":"sport-pour-les-seniors","status":"publish","type":"page","link":"https:\/\/www.swisstabletennistest.ch\/fr\/sport-pour-les-seniors\/","title":{"rendered":"Sport pour les seniors"},"content":{"rendered":"<p>Nous sommes l&rsquo;interlocuteur pour tous les s\u00e9niors en Suisse. Les joueurs qui ont 40 ans ou plus peuvent s&rsquo;appeler s\u00e9niors. Actuellement, le nombre de tournois pour les s\u00e9niors est insuffisant en Suisse. L&rsquo;organisation des championnats suisses des s\u00e9niors fait certainement partie de nos activit\u00e9s principales.<\/p>\n<p>Les championnats d&rsquo;Europe, respectivement du Monde, se d\u00e9roulent chaque ann\u00e9e en alternance. Nous essayons de coordonner au mieux les entra\u00eenements et les tournois pour nos participants.<\/p>\n<p>&nbsp;<\/p>\n<p><strong>Actualit\u00e9s<\/strong><\/p>\n<p><a href=\"https:\/\/www.ittf.com\/2023-veterans-international-calendar\/\"><span class=\"wf_file_text\">Calendrier international Seniors 2023<\/span><\/a><\/p>\n<p>&nbsp;<\/p>\n<p><strong>Championnat du Monde Seniors<\/strong><\/p>\n<p>Les prochains championnats du monde seniors ont eu lieu \u00e0 Rome (Italie) du 6 au 14 juillet 2024 au Rome Exhibition Center : <a href=\"https:\/\/rome2024.org\/en\/wmc2024\/general-infomation\/\">Site web<\/a><\/p>\n<p>&nbsp;<\/p>\n<p><strong>Championnat d&rsquo;Europe Seniors<\/strong><\/p>\n<p>Prochaine \u00e9dition 2024 : \u00e0 d\u00e9terminer&#8230;<\/p>\n<p>&nbsp;<\/p>\n<p><strong>Championnat Suisse Seniors<\/strong><\/p>\n<p>Prochaine \u00e9dition 2024 : \u00e0 d\u00e9terminer&#8230;<\/p>\n<p>&nbsp;<\/p>\n<p><strong>Contact<\/strong><\/p>\n<p>Dieter Widor<br \/>\nKernerstrasse 11<br \/>\n4107 Ettingen<br \/>\n061 721 22 06<\/p>\n<p><span id=\"cloak73155113569f938f13abafe13a74eb2b\"><a href=\"mailto:dieter.widor@bluewin.ch\" target=\"_blank\" rel=\"noopener noreferrer\">dieter.widor@bluewin.ch<\/a><\/span><\/p>\n","protected":false},"excerpt":{"rendered":"<p>Nous sommes l&rsquo;interlocuteur pour tous les s\u00e9niors en Suisse. Les joueurs qui ont 40 ans ou plus peuvent s&rsquo;appeler s\u00e9niors.&hellip;<\/p>\n","protected":false},"author":16,"featured_media":10954,"parent":0,"menu_order":0,"comment_status":"closed","ping_status":"closed","template":"","meta":{"_monsterinsights_skip_tracking":false,"_monsterinsights_sitenote_active":false,"_monsterinsights_sitenote_note":"","_monsterinsights_sitenote_category":0,"footnotes":""},"class_list":["post-2964","page","type-page","status-publish","has-post-thumbnail","hentry"],"_links":{"self":[{"href":"https:\/\/www.swisstabletennistest.ch\/fr\/wp-json\/wp\/v2\/pages\/2964","targetHints":{"allow":["GET"]}}],"collection":[{"href":"https:\/\/www.swisstabletennistest.ch\/fr\/wp-json\/wp\/v2\/pages"}],"about":[{"href":"https:\/\/www.swisstabletennistest.ch\/fr\/wp-json\/wp\/v2\/types\/page"}],"author":[{"embeddable":true,"href":"https:\/\/www.swisstabletennistest.ch\/fr\/wp-json\/wp\/v2\/users\/16"}],"replies":[{"embeddable":true,"href":"https:\/\/www.swisstabletennistest.ch\/fr\/wp-json\/wp\/v2\/comments?post=2964"}],"version-history":[{"count":0,"href":"https:\/\/www.swisstabletennistest.ch\/fr\/wp-json\/wp\/v2\/pages\/2964\/revisions"}],"wp:featuredmedia":[{"embeddable":true,"href":"https:\/\/www.swisstabletennistest.ch\/fr\/wp-json\/wp\/v2\/media\/10954"}],"wp:attachment":[{"href":"https:\/\/www.swisstabletennistest.ch\/fr\/wp-json\/wp\/v2\/media?parent=2964"}],"curies":[{"name":"wp","href":"https:\/\/api.w.org\/{rel}","templated":true}]}}