{"id":2956,"date":"2022-06-17T10:53:18","date_gmt":"2022-06-17T09:53:18","guid":{"rendered":"https:\/\/swisstabletennis.ch\/neu\/?page_id=2956"},"modified":"2023-07-03T14:43:28","modified_gmt":"2023-07-03T12:43:28","slug":"tournoi-de-classement-jeunesse","status":"publish","type":"page","link":"https:\/\/www.swisstabletennistest.ch\/fr\/tournoi-de-classement-jeunesse\/","title":{"rendered":"Tournoi de classement Jeunesse"},"content":{"rendered":"<p><strong>Finales (Top8) &#8211; 11 f\u00e9vrier 2024 \u00e0 Ch\u00e2telaine (Gen\u00e8ve)<\/strong><\/p>\n<ul>\n<li>Informations suppl\u00e9mentaires \u00e0 suivre pendant la saison 2023\/24<\/li>\n<\/ul>\n<hr \/>\n<p><strong>Qualification (Top16) &#8211; 3 d\u00e9cembre 2023 \u00e0 Saint-Gall<br \/>\n<\/strong><\/p>\n<ul>\n<li>Informations suppl\u00e9mentaires \u00e0 suivre pendant la saison 2023\/24<\/li>\n<\/ul>\n<hr \/>\n<p><strong>Finales (Top8) &#8211; 12 f\u00e9vrier 2023 \u00e0 W\u00e4denswil (Zurich)<\/strong><\/p>\n<ul>\n<li><a href=\"https:\/\/pyngpong.info\/top8stt-2023\/competition\">R\u00e9sultats<\/a><\/li>\n<li><a href=\"https:\/\/www.swisstabletennistest.ch\/wp-content\/uploads\/2023\/02\/Palmares.pdf\">Palmar\u00e8s<\/a><\/li>\n<li><a href=\"https:\/\/www.flickr.com\/photos\/142862027@N07\/albums\/72177720305981089\">Photos<\/a><\/li>\n<li><a href=\"https:\/\/www.youtube.com\/watch?v=Uli2VTw0KYA&amp;t\">Re-Live-Stream<\/a><\/li>\n<li><a href=\"https:\/\/www.swisstabletennistest.ch\/wp-content\/uploads\/2023\/01\/RLT-2023-Broschuere-komplett.pdf\">Brochure<\/a><\/li>\n<\/ul>\n<p><strong>Qualifications (Top16) &#8211; 4 d\u00e9cembre 2022 \u00e0 Saint-Gall<\/strong><\/p>\n<ul>\n<li><a href=\"https:\/\/www.swisstabletennistest.ch\/wp-content\/uploads\/2022\/11\/Aufgebot-RLT-Qualirunde-St.-Gallen-Convocation-qualification-TC-Saint-Gall.pdf\">Invitation<\/a><\/li>\n<li><a href=\"https:\/\/www.swisstabletennistest.ch\/wp-content\/uploads\/2022\/11\/Directives-TC-Jeunesse.pdf\">Directives TC Jeunesse<\/a><\/li>\n<li><a href=\"https:\/\/tt-turnier.ch\/stt-top16\/\">R\u00e9sultats<\/a><\/li>\n<li><a href=\"https:\/\/www.swisstabletennistest.ch\/wp-content\/uploads\/2022\/12\/Gesamtrangliste-RLT-Top16.pdf\">Classement g\u00e9n\u00e9ral<\/a><\/li>\n<li><a href=\"https:\/\/www.youtube.com\/channel\/UCFmJM_ob3a-QFhTXfvxXwyg\">Live-Stream<\/a><\/li>\n<\/ul>\n<p><strong>Finales (Top8) &#8211; 13 f\u00e9vrier 2022 \u00e0 Ch\u00e2telaine (Gen\u00e8ve)<\/strong><\/p>\n<ul>\n<li><a href=\"https:\/\/pyngpong.info\/top8stt-2022\/competition\">R\u00e9sultats<\/a><\/li>\n<li><a href=\"https:\/\/www.flickr.com\/photos\/142862027@N07\/albums\/72177720296670087\">Photos<\/a><\/li>\n<\/ul>\n<p><strong>Qualifications (Top24) &#8211; 5 d\u00e9cembre 2021 \u00e0 Saint-Gall<\/strong><\/p>\n<ul>\n<li><a class=\"wf_file\" href=\"https:\/\/www.swisstabletennistest.ch\/wp-content\/uploads\/2022\/04\/Gesamtrangliste_RLT_Top24.pdf\" target=\"_blank\" rel=\"noopener\">Classement<\/a><\/li>\n<li><a href=\"https:\/\/www.click-tt.ch\/cgi-bin\/WebObjects\/nuLigaTTCH.woa\/wa\/tournamentCalendarDetail?queryDateFrom=01.07.2021&amp;queryDateTo=31.07.2022&amp;federation=STT&amp;tournament=88164&amp;preferredLanguage=French\">R\u00e9sultats<\/a><\/li>\n<li><a href=\"https:\/\/www.flickr.com\/photos\/142862027@N07\/albums\/72157720263103055\">Photos<\/a><\/li>\n<\/ul>\n<p><strong>Finales (Top8) &#8211; 23 f\u00e9vrier 2020 \u00e0 Ch\u00e2telaine<\/strong><\/p>\n<ul>\n<li><a href=\"https:\/\/www.swisstabletennistest.ch\/wp-content\/uploads\/2022\/04\/2020_02-23_brochure_TCJ_STT.pdf\">Brochure<\/a><\/li>\n<li><a href=\"https:\/\/pyngpong.info\/top8stt-2020\/competition\">R\u00e9sultats<\/a><\/li>\n<\/ul>\n<p><strong>Qualifications &#8211; 1 d\u00e9cembre 2019 \u00e0 Saint-Gall<\/strong><\/p>\n<ul>\n<li><a href=\"https:\/\/www.click-tt.ch\/cgi-bin\/WebObjects\/nuLigaTTCH.woa\/wa\/tournamentCalendarDetail?queryDateFrom=01.07.2019&amp;queryDateTo=31.07.2020&amp;federation=STT&amp;tournament=86145&amp;preferredLanguage=French\">R\u00e9sultats<\/a><\/li>\n<li><a class=\"wf_file\" href=\"https:\/\/www.swisstabletennistest.ch\/wp-content\/uploads\/2022\/04\/Gesamtrangliste.pdf\" target=\"_blank\" rel=\"noopener\"><span class=\"wf_file_text\">Classements<\/span><\/a><\/li>\n<li><a href=\"https:\/\/www.flickr.com\/photos\/142862027@N07\/albums\/72157712027802868\">Photos<\/a><\/li>\n<\/ul>\n","protected":false},"excerpt":{"rendered":"<p>Finales (Top8) &#8211; 11 f\u00e9vrier 2024 \u00e0 Ch\u00e2telaine (Gen\u00e8ve) Informations suppl\u00e9mentaires \u00e0 suivre pendant la saison 2023\/24 Qualification (Top16) &#8211;&hellip;<\/p>\n","protected":false},"author":16,"featured_media":13198,"parent":0,"menu_order":0,"comment_status":"closed","ping_status":"closed","template":"","meta":{"_monsterinsights_skip_tracking":false,"_monsterinsights_sitenote_active":false,"_monsterinsights_sitenote_note":"","_monsterinsights_sitenote_category":0,"footnotes":""},"class_list":["post-2956","page","type-page","status-publish","has-post-thumbnail","hentry"],"_links":{"self":[{"href":"https:\/\/www.swisstabletennistest.ch\/fr\/wp-json\/wp\/v2\/pages\/2956","targetHints":{"allow":["GET"]}}],"collection":[{"href":"https:\/\/www.swisstabletennistest.ch\/fr\/wp-json\/wp\/v2\/pages"}],"about":[{"href":"https:\/\/www.swisstabletennistest.ch\/fr\/wp-json\/wp\/v2\/types\/page"}],"author":[{"embeddable":true,"href":"https:\/\/www.swisstabletennistest.ch\/fr\/wp-json\/wp\/v2\/users\/16"}],"replies":[{"embeddable":true,"href":"https:\/\/www.swisstabletennistest.ch\/fr\/wp-json\/wp\/v2\/comments?post=2956"}],"version-history":[{"count":0,"href":"https:\/\/www.swisstabletennistest.ch\/fr\/wp-json\/wp\/v2\/pages\/2956\/revisions"}],"wp:featuredmedia":[{"embeddable":true,"href":"https:\/\/www.swisstabletennistest.ch\/fr\/wp-json\/wp\/v2\/media\/13198"}],"wp:attachment":[{"href":"https:\/\/www.swisstabletennistest.ch\/fr\/wp-json\/wp\/v2\/media?parent=2956"}],"curies":[{"name":"wp","href":"https:\/\/api.w.org\/{rel}","templated":true}]}}