{"id":2887,"date":"2022-06-15T15:58:30","date_gmt":"2022-06-15T14:58:30","guid":{"rendered":"https:\/\/swisstabletennis.ch\/neu\/?page_id=2887"},"modified":"2023-04-03T06:17:31","modified_gmt":"2023-04-03T05:17:31","slug":"comite-central","status":"publish","type":"page","link":"https:\/\/www.swisstabletennistest.ch\/fr\/comite-central\/","title":{"rendered":"Comit\u00e9 central"},"content":{"rendered":"\t\t<div data-elementor-type=\"wp-page\" data-elementor-id=\"2887\" class=\"elementor elementor-2887 elementor-258\" data-elementor-post-type=\"page\">\n\t\t\t\t\t\t<section class=\"elementor-section elementor-top-section elementor-element elementor-element-646d009 elementor-section-boxed elementor-section-height-default elementor-section-height-default\" data-id=\"646d009\" data-element_type=\"section\">\n\t\t\t\t\t\t<div class=\"elementor-container elementor-column-gap-extended\">\n\t\t\t\t\t<div class=\"elementor-column elementor-col-100 elementor-top-column elementor-element elementor-element-32845076 sc_inner_width_none sc_layouts_column_icons_position_left\" data-id=\"32845076\" data-element_type=\"column\">\n\t\t\t<div class=\"elementor-widget-wrap elementor-element-populated\">\n\t\t\t\t\t\t<div class=\"elementor-element elementor-element-4718bb81 sc_fly_static elementor-widget elementor-widget-text-editor\" data-id=\"4718bb81\" data-element_type=\"widget\" data-widget_type=\"text-editor.default\">\n\t\t\t\t<div class=\"elementor-widget-container\">\n\t\t\t\t\t\t\t\t\t<p>Le CC est l\u2019organe de direction strat\u00e9gique de STT. Il repr\u00e9sente STT \u00e0 l\u2019ext\u00e9rieur et il est responsable vis-\u00e0-vis de l\u2019AD.<\/p><p>Le CC est dirig\u00e9 par le pr\u00e9sident ou, s\u2019il est emp\u00each\u00e9, par le vice-pr\u00e9sident ou, si celui-ci est emp\u00each\u00e9, par un autre membre du CC.<\/p><p>Le CC est compos\u00e9 du pr\u00e9sident, de 2 \u00e0 5 membres et du pr\u00e9sident de la LN. Le CC \u00e9lit un vice-pr\u00e9sident parmi ses membres. La direction participe aux s\u00e9ances du CC avec une voix consultative.<\/p><p>Au sein du CC, les r\u00e9gions linguistiques et les deux sexes sont repr\u00e9sent\u00e9s. Les membres du CC, de la CCG et de la CR ne peuvent appartenir \u00e0 aucun autre organe de STT et repr\u00e9sentent si possible des AR diff\u00e9rentes. Un pr\u00e9sident d\u2019AR ne peut \u00eatre membre du CC, et doit, en cas d\u2019\u00e9lection au CC, d\u00e9missionner comme pr\u00e9sident d\u2019AR \u00e0 la prochaine occasion.<\/p>\t\t\t\t\t\t\t\t<\/div>\n\t\t\t\t<\/div>\n\t\t\t\t\t<\/div>\n\t\t<\/div>\n\t\t\t\t\t<\/div>\n\t\t<\/section>\n\t\t\t\t<section class=\"elementor-section elementor-top-section elementor-element elementor-element-4d7e8bd elementor-section-boxed elementor-section-height-default elementor-section-height-default\" data-id=\"4d7e8bd\" data-element_type=\"section\">\n\t\t\t\t\t\t<div class=\"elementor-container elementor-column-gap-extended\">\n\t\t\t\t\t<div class=\"elementor-column elementor-col-25 elementor-top-column elementor-element elementor-element-2cb9050 sc_inner_width_none sc_layouts_column_icons_position_left\" data-id=\"2cb9050\" data-element_type=\"column\">\n\t\t\t<div class=\"elementor-widget-wrap elementor-element-populated\">\n\t\t\t\t\t\t<div class=\"elementor-element elementor-element-3ffd744 sc_fly_static elementor-widget elementor-widget-image\" data-id=\"3ffd744\" data-element_type=\"widget\" data-widget_type=\"image.default\">\n\t\t\t\t<div class=\"elementor-widget-container\">\n\t\t\t\t\t\t\t\t\t\t\t\t\t\t\t<img decoding=\"async\" src=\"https:\/\/www.swisstabletennistest.ch\/wp-content\/uploads\/elementor\/thumbs\/z_Funktionare-STT-2022_originale-internet-3-e1665157786687-pvvblu5bunnozushypz5ouk70j6ddhaw8mwf4bl1ds.jpg\" title=\"z_Funktion\u00e4re STT 2022_originale internet (3)\" alt=\"z_Funktion\u00e4re STT 2022_originale internet (3)\" loading=\"lazy\" \/>\t\t\t\t\t\t\t\t\t\t\t\t\t\t\t<\/div>\n\t\t\t\t<\/div>\n\t\t\t\t<div class=\"elementor-element elementor-element-390ae70 sc_fly_static elementor-widget elementor-widget-text-editor\" data-id=\"390ae70\" data-element_type=\"widget\" data-widget_type=\"text-editor.default\">\n\t\t\t\t<div class=\"elementor-widget-container\">\n\t\t\t\t\t\t\t\t\t<p><big><strong>Pascal Giroud<\/strong><\/big><\/p><p><big>Pr\u00e9sident STT<\/big><\/p>\t\t\t\t\t\t\t\t<\/div>\n\t\t\t\t<\/div>\n\t\t\t\t\t<\/div>\n\t\t<\/div>\n\t\t\t\t<div class=\"elementor-column elementor-col-25 elementor-top-column elementor-element elementor-element-db9bfd7 sc_inner_width_none sc_layouts_column_icons_position_left\" data-id=\"db9bfd7\" data-element_type=\"column\">\n\t\t\t<div class=\"elementor-widget-wrap elementor-element-populated\">\n\t\t\t\t\t\t<div class=\"elementor-element elementor-element-3eb59cf sc_fly_static elementor-widget elementor-widget-image\" data-id=\"3eb59cf\" data-element_type=\"widget\" data-widget_type=\"image.default\">\n\t\t\t\t<div class=\"elementor-widget-container\">\n\t\t\t\t\t\t\t\t\t\t\t\t\t\t\t<img decoding=\"async\" src=\"https:\/\/www.swisstabletennistest.ch\/wp-content\/uploads\/elementor\/thumbs\/z_Funktionare-STT-2022_originale-internet-13-scaled-e1665157896514-pvvbopjkqfl8gymb6yo4b4gwcx0qw6pdauntwrbqdc.jpg\" title=\"z_Funktion\u00e4re STT 2022_originale internet (13)\" alt=\"z_Funktion\u00e4re STT 2022_originale internet (13)\" loading=\"lazy\" \/>\t\t\t\t\t\t\t\t\t\t\t\t\t\t\t<\/div>\n\t\t\t\t<\/div>\n\t\t\t\t<div class=\"elementor-element elementor-element-a33b2a5 sc_fly_static elementor-widget elementor-widget-text-editor\" data-id=\"a33b2a5\" data-element_type=\"widget\" data-widget_type=\"text-editor.default\">\n\t\t\t\t<div class=\"elementor-widget-container\">\n\t\t\t\t\t\t\t\t\t<p><span style=\"font-size: 15.4px;\"><b>Freddy Oswald<\/b><\/span><\/p><p><big>Vice-Pr\u00e9sident STT<\/big><\/p>\t\t\t\t\t\t\t\t<\/div>\n\t\t\t\t<\/div>\n\t\t\t\t\t<\/div>\n\t\t<\/div>\n\t\t\t\t<div class=\"elementor-column elementor-col-25 elementor-top-column elementor-element elementor-element-42d9fb6 sc_inner_width_none sc_layouts_column_icons_position_left\" data-id=\"42d9fb6\" data-element_type=\"column\">\n\t\t\t<div class=\"elementor-widget-wrap elementor-element-populated\">\n\t\t\t\t\t\t<div class=\"elementor-element elementor-element-88c8849 sc_fly_static elementor-widget elementor-widget-image\" data-id=\"88c8849\" data-element_type=\"widget\" data-widget_type=\"image.default\">\n\t\t\t\t<div class=\"elementor-widget-container\">\n\t\t\t\t\t\t\t\t\t\t\t\t\t\t\t<img decoding=\"async\" src=\"https:\/\/www.swisstabletennistest.ch\/wp-content\/uploads\/elementor\/thumbs\/z_Funktionare-STT-2022_originale-internet-5-e1665157802911-pvvbm96qw08a5m6niwh6sqrkip48smylmpc6sqyqm8.jpg\" title=\"z_Funktion\u00e4re STT 2022_originale internet (5)\" alt=\"z_Funktion\u00e4re STT 2022_originale internet (5)\" loading=\"lazy\" \/>\t\t\t\t\t\t\t\t\t\t\t\t\t\t\t<\/div>\n\t\t\t\t<\/div>\n\t\t\t\t<div class=\"elementor-element elementor-element-79ec4c4 sc_fly_static elementor-widget elementor-widget-text-editor\" data-id=\"79ec4c4\" data-element_type=\"widget\" data-widget_type=\"text-editor.default\">\n\t\t\t\t<div class=\"elementor-widget-container\">\n\t\t\t\t\t\t\t\t\t<p><big><strong>Urs Sch\u00e4rrer<\/strong><\/big><\/p>\t\t\t\t\t\t\t\t<\/div>\n\t\t\t\t<\/div>\n\t\t\t\t\t<\/div>\n\t\t<\/div>\n\t\t\t\t<div class=\"elementor-column elementor-col-25 elementor-top-column elementor-element elementor-element-f6bc2ad sc_inner_width_none sc_layouts_column_icons_position_left\" data-id=\"f6bc2ad\" data-element_type=\"column\">\n\t\t\t<div class=\"elementor-widget-wrap elementor-element-populated\">\n\t\t\t\t\t\t<div class=\"elementor-element elementor-element-2ebe7fd sc_fly_static elementor-widget elementor-widget-image\" data-id=\"2ebe7fd\" data-element_type=\"widget\" data-widget_type=\"image.default\">\n\t\t\t\t<div class=\"elementor-widget-container\">\n\t\t\t\t\t\t\t\t\t\t\t\t\t\t\t<img decoding=\"async\" src=\"https:\/\/www.swisstabletennistest.ch\/wp-content\/uploads\/elementor\/thumbs\/z_Funktionare-STT-2022_originale-internet-6-e1665157814353-pvvbmkgt60nq0xq9p1cpmnx3nbknd07do960k2i0jk.jpg\" title=\"z_Funktion\u00e4re STT 2022_originale internet (6)\" alt=\"z_Funktion\u00e4re STT 2022_originale internet (6)\" loading=\"lazy\" \/>\t\t\t\t\t\t\t\t\t\t\t\t\t\t\t<\/div>\n\t\t\t\t<\/div>\n\t\t\t\t<div class=\"elementor-element elementor-element-3941a5e sc_fly_static elementor-widget elementor-widget-text-editor\" data-id=\"3941a5e\" data-element_type=\"widget\" data-widget_type=\"text-editor.default\">\n\t\t\t\t<div class=\"elementor-widget-container\">\n\t\t\t\t\t\t\t\t\t<p><span style=\"font-size: 15.4px;\"><b>Christian Foutrel<\/b><\/span><\/p>\t\t\t\t\t\t\t\t<\/div>\n\t\t\t\t<\/div>\n\t\t\t\t\t<\/div>\n\t\t<\/div>\n\t\t\t\t\t<\/div>\n\t\t<\/section>\n\t\t\t\t<section class=\"elementor-section elementor-top-section elementor-element elementor-element-20ab7ad elementor-section-boxed elementor-section-height-default elementor-section-height-default\" data-id=\"20ab7ad\" data-element_type=\"section\">\n\t\t\t\t\t\t<div class=\"elementor-container elementor-column-gap-extended\">\n\t\t\t\t\t<div class=\"elementor-column elementor-col-25 elementor-top-column elementor-element elementor-element-e17dede sc_inner_width_none sc_layouts_column_icons_position_left\" data-id=\"e17dede\" data-element_type=\"column\">\n\t\t\t<div class=\"elementor-widget-wrap elementor-element-populated\">\n\t\t\t\t\t\t<div class=\"elementor-element elementor-element-b076a4d sc_fly_static elementor-widget elementor-widget-image\" data-id=\"b076a4d\" data-element_type=\"widget\" data-widget_type=\"image.default\">\n\t\t\t\t<div class=\"elementor-widget-container\">\n\t\t\t\t\t\t\t\t\t\t\t\t\t\t\t<img decoding=\"async\" src=\"https:\/\/www.swisstabletennistest.ch\/wp-content\/uploads\/elementor\/thumbs\/Mader-Urs-1-pvzx3fxqrd655j1cqfg9ryui3swd2xkz01li9c6m2o.jpg\" title=\"M\u00e4der Urs\" alt=\"M\u00e4der Urs\" loading=\"lazy\" \/>\t\t\t\t\t\t\t\t\t\t\t\t\t\t\t<\/div>\n\t\t\t\t<\/div>\n\t\t\t\t<div class=\"elementor-element elementor-element-677c606 sc_fly_static elementor-widget elementor-widget-text-editor\" data-id=\"677c606\" data-element_type=\"widget\" data-widget_type=\"text-editor.default\">\n\t\t\t\t<div class=\"elementor-widget-container\">\n\t\t\t\t\t\t\t\t\t<p><big><strong>Urs M\u00e4der<\/strong><\/big><\/p>\t\t\t\t\t\t\t\t<\/div>\n\t\t\t\t<\/div>\n\t\t\t\t\t<\/div>\n\t\t<\/div>\n\t\t\t\t<div class=\"elementor-column elementor-col-25 elementor-top-column elementor-element elementor-element-e6184de sc_inner_width_none sc_layouts_column_icons_position_left\" data-id=\"e6184de\" data-element_type=\"column\">\n\t\t\t<div class=\"elementor-widget-wrap elementor-element-populated\">\n\t\t\t\t\t\t<div class=\"elementor-element elementor-element-2431bf3 sc_fly_static elementor-widget elementor-widget-image\" data-id=\"2431bf3\" data-element_type=\"widget\" data-widget_type=\"image.default\">\n\t\t\t\t<div class=\"elementor-widget-container\">\n\t\t\t\t\t\t\t\t\t\t\t\t\t\t\t<img decoding=\"async\" src=\"https:\/\/www.swisstabletennistest.ch\/wp-content\/uploads\/elementor\/thumbs\/Ruggio-Williams-Barbara-1-e1665386001138-pvzx4jeyqeo6p5g0bwiloovv1zhs27xp5gzweyk2tc.jpg\" title=\"Ruggio-Williams Barbara\" alt=\"Ruggio-Williams Barbara\" loading=\"lazy\" \/>\t\t\t\t\t\t\t\t\t\t\t\t\t\t\t<\/div>\n\t\t\t\t<\/div>\n\t\t\t\t<div class=\"elementor-element elementor-element-92d0dbf sc_fly_static elementor-widget elementor-widget-text-editor\" data-id=\"92d0dbf\" data-element_type=\"widget\" data-widget_type=\"text-editor.default\">\n\t\t\t\t<div class=\"elementor-widget-container\">\n\t\t\t\t\t\t\t\t\t<p><big><strong>Barbara Ruggio-Williams<\/strong><\/big><\/p>\t\t\t\t\t\t\t\t<\/div>\n\t\t\t\t<\/div>\n\t\t\t\t\t<\/div>\n\t\t<\/div>\n\t\t\t\t<div class=\"elementor-column elementor-col-25 elementor-top-column elementor-element elementor-element-dfac2a1 sc_inner_width_none sc_layouts_column_icons_position_left\" data-id=\"dfac2a1\" data-element_type=\"column\">\n\t\t\t<div class=\"elementor-widget-wrap elementor-element-populated\">\n\t\t\t\t\t\t<div class=\"elementor-element elementor-element-58b18cc9 sc_fly_static elementor-widget elementor-widget-image\" data-id=\"58b18cc9\" data-element_type=\"widget\" data-widget_type=\"image.default\">\n\t\t\t\t<div class=\"elementor-widget-container\">\n\t\t\t\t\t\t\t\t\t\t\t\t\t\t\t<img decoding=\"async\" src=\"https:\/\/www.swisstabletennistest.ch\/wp-content\/uploads\/elementor\/thumbs\/z_Funktionare-STT-2022_originale-internet-1-e1665157753433-pvvbkz4nl4h8cq1jzukgwkdzetf9bgvr4ddea6v134.jpg\" title=\"z_Funktion\u00e4re STT 2022_originale internet (1)\" alt=\"z_Funktion\u00e4re STT 2022_originale internet (1)\" loading=\"lazy\" \/>\t\t\t\t\t\t\t\t\t\t\t\t\t\t\t<\/div>\n\t\t\t\t<\/div>\n\t\t\t\t<div class=\"elementor-element elementor-element-2baaface sc_fly_static elementor-widget elementor-widget-text-editor\" data-id=\"2baaface\" data-element_type=\"widget\" data-widget_type=\"text-editor.default\">\n\t\t\t\t<div class=\"elementor-widget-container\">\n\t\t\t\t\t\t\t\t\t<p><big><strong>Michel Tschanz<\/strong><\/big><\/p>\t\t\t\t\t\t\t\t<\/div>\n\t\t\t\t<\/div>\n\t\t\t\t\t<\/div>\n\t\t<\/div>\n\t\t\t\t<div class=\"elementor-column elementor-col-25 elementor-top-column elementor-element elementor-element-892855e sc_inner_width_none sc_layouts_column_icons_position_left\" data-id=\"892855e\" data-element_type=\"column\">\n\t\t\t<div class=\"elementor-widget-wrap elementor-element-populated\">\n\t\t\t\t\t\t<div class=\"elementor-element elementor-element-1e04b1a sc_fly_static elementor-widget elementor-widget-image\" data-id=\"1e04b1a\" data-element_type=\"widget\" data-widget_type=\"image.default\">\n\t\t\t\t<div class=\"elementor-widget-container\">\n\t\t\t\t\t\t\t\t\t\t\t\t\t\t\t<img decoding=\"async\" src=\"https:\/\/www.swisstabletennistest.ch\/wp-content\/uploads\/elementor\/thumbs\/z_Funktionare-STT-2022_originale-internet-7-scaled-pvnpl3lyqjkrdjvf3muir6ijph7l8sz9ypxp0a4mkg.jpg\" title=\"z_Funktion\u00e4re STT 2022_originale internet (7)\" alt=\"Monica Midali,\" loading=\"lazy\" \/>\t\t\t\t\t\t\t\t\t\t\t\t\t\t\t<\/div>\n\t\t\t\t<\/div>\n\t\t\t\t<div class=\"elementor-element elementor-element-1379778 sc_fly_static elementor-widget elementor-widget-text-editor\" data-id=\"1379778\" data-element_type=\"widget\" data-widget_type=\"text-editor.default\">\n\t\t\t\t<div class=\"elementor-widget-container\">\n\t\t\t\t\t\t\t\t\t<p><big><strong>Monica Midali<\/strong><\/big><\/p>\t\t\t\t\t\t\t\t<\/div>\n\t\t\t\t<\/div>\n\t\t\t\t\t<\/div>\n\t\t<\/div>\n\t\t\t\t\t<\/div>\n\t\t<\/section>\n\t\t\t\t<\/div>\n\t\t","protected":false},"excerpt":{"rendered":"<p>Le CC est l\u2019organe de direction strat\u00e9gique de STT. Il repr\u00e9sente STT \u00e0 l\u2019ext\u00e9rieur et il est responsable vis-\u00e0-vis de&hellip;<\/p>\n","protected":false},"author":16,"featured_media":9064,"parent":0,"menu_order":0,"comment_status":"closed","ping_status":"closed","template":"","meta":{"_monsterinsights_skip_tracking":false,"_monsterinsights_sitenote_active":false,"_monsterinsights_sitenote_note":"","_monsterinsights_sitenote_category":0,"footnotes":""},"class_list":["post-2887","page","type-page","status-publish","has-post-thumbnail","hentry"],"_links":{"self":[{"href":"https:\/\/www.swisstabletennistest.ch\/fr\/wp-json\/wp\/v2\/pages\/2887","targetHints":{"allow":["GET"]}}],"collection":[{"href":"https:\/\/www.swisstabletennistest.ch\/fr\/wp-json\/wp\/v2\/pages"}],"about":[{"href":"https:\/\/www.swisstabletennistest.ch\/fr\/wp-json\/wp\/v2\/types\/page"}],"author":[{"embeddable":true,"href":"https:\/\/www.swisstabletennistest.ch\/fr\/wp-json\/wp\/v2\/users\/16"}],"replies":[{"embeddable":true,"href":"https:\/\/www.swisstabletennistest.ch\/fr\/wp-json\/wp\/v2\/comments?post=2887"}],"version-history":[{"count":0,"href":"https:\/\/www.swisstabletennistest.ch\/fr\/wp-json\/wp\/v2\/pages\/2887\/revisions"}],"wp:featuredmedia":[{"embeddable":true,"href":"https:\/\/www.swisstabletennistest.ch\/fr\/wp-json\/wp\/v2\/media\/9064"}],"wp:attachment":[{"href":"https:\/\/www.swisstabletennistest.ch\/fr\/wp-json\/wp\/v2\/media?parent=2887"}],"curies":[{"name":"wp","href":"https:\/\/api.w.org\/{rel}","templated":true}]}}