{"id":2885,"date":"2022-06-15T15:55:09","date_gmt":"2022-06-15T14:55:09","guid":{"rendered":"https:\/\/swisstabletennis.ch\/neu\/?page_id=2885"},"modified":"2022-11-08T11:54:35","modified_gmt":"2022-11-08T10:54:35","slug":"passeport-de-tournoi-t-card","status":"publish","type":"page","link":"https:\/\/www.swisstabletennistest.ch\/fr\/passeport-de-tournoi-t-card\/","title":{"rendered":"Passeport de tournoi (T-Card)"},"content":{"rendered":"<p>Le droit de jeu pour les titulaires d&rsquo;une <strong>T-Card<\/strong> (CHF 68.00 par saison \/ r\u00e9duit de moiti\u00e9 \u00e0 partir du 1er janvier) s&rsquo;\u00e9tend \u00e0 tous les tournois en Suisse et dans la Principaut\u00e9 du Liechtenstein sauf :<\/p>\n<ul>\n<li>Championnat officiel par \u00e9quipes<\/li>\n<li>Coupe de Suisse<\/li>\n<li>Tournois de classement<\/li>\n<li>Championnats municipaux, cantonaux, r\u00e9gionaux et suisses.<\/li>\n<\/ul>\n<p>Les informations suivantes sont n\u00e9cessaires pour la demande d&rsquo;une T-Card :<\/p>\n<ul>\n<li>Nom<\/li>\n<li>Pr\u00e9nom<\/li>\n<li>Date de naissance<\/li>\n<li>Nationalit\u00e9<\/li>\n<li>Adresse \u00e9lectronique<\/li>\n<li>Adresse<\/li>\n<li>Proposition de classification<\/li>\n<\/ul>\n<p>Les propositions sont \u00e0 envoyer \u00e0 :<\/p>\n<p>Swiss Table Tennis<br \/>\nTalgutzentrum 27<br \/>\n3063 Ittigen<\/p>\n<p>ou<\/p>\n<p>E-mail : <a href=\"mailto:info@swisstabletennis.ch\">info@swisstabletennis.ch<\/a><\/p>\n<p>Le paiement anticip\u00e9 doit \u00eatre effectu\u00e9 sur le compte postal suivant :<\/p>\n<p><strong>Swiss Table Tennis<\/strong><br \/>\n<strong>30-17200-8 Berne<\/strong><br \/>\n<strong>IBAN : CH47 0900 0000 3001 7200 8<\/strong><br \/>\n<strong>Code Swift \/ PIC : POFICHBEXXX<\/strong><\/p>\n","protected":false},"excerpt":{"rendered":"<p>Le droit de jeu pour les titulaires d&rsquo;une T-Card (CHF 68.00 par saison \/ r\u00e9duit de moiti\u00e9 \u00e0 partir du&hellip;<\/p>\n","protected":false},"author":16,"featured_media":13034,"parent":0,"menu_order":0,"comment_status":"closed","ping_status":"closed","template":"","meta":{"_monsterinsights_skip_tracking":false,"_monsterinsights_sitenote_active":false,"_monsterinsights_sitenote_note":"","_monsterinsights_sitenote_category":0,"footnotes":""},"class_list":["post-2885","page","type-page","status-publish","has-post-thumbnail","hentry"],"_links":{"self":[{"href":"https:\/\/www.swisstabletennistest.ch\/fr\/wp-json\/wp\/v2\/pages\/2885","targetHints":{"allow":["GET"]}}],"collection":[{"href":"https:\/\/www.swisstabletennistest.ch\/fr\/wp-json\/wp\/v2\/pages"}],"about":[{"href":"https:\/\/www.swisstabletennistest.ch\/fr\/wp-json\/wp\/v2\/types\/page"}],"author":[{"embeddable":true,"href":"https:\/\/www.swisstabletennistest.ch\/fr\/wp-json\/wp\/v2\/users\/16"}],"replies":[{"embeddable":true,"href":"https:\/\/www.swisstabletennistest.ch\/fr\/wp-json\/wp\/v2\/comments?post=2885"}],"version-history":[{"count":0,"href":"https:\/\/www.swisstabletennistest.ch\/fr\/wp-json\/wp\/v2\/pages\/2885\/revisions"}],"wp:featuredmedia":[{"embeddable":true,"href":"https:\/\/www.swisstabletennistest.ch\/fr\/wp-json\/wp\/v2\/media\/13034"}],"wp:attachment":[{"href":"https:\/\/www.swisstabletennistest.ch\/fr\/wp-json\/wp\/v2\/media?parent=2885"}],"curies":[{"name":"wp","href":"https:\/\/api.w.org\/{rel}","templated":true}]}}