{"id":2877,"date":"2022-06-15T15:41:14","date_gmt":"2022-06-15T14:41:14","guid":{"rendered":"https:\/\/swisstabletennis.ch\/neu\/?page_id=2877"},"modified":"2023-05-26T08:23:58","modified_gmt":"2023-05-26T06:23:58","slug":"camps-dentrainement","status":"publish","type":"page","link":"https:\/\/www.swisstabletennistest.ch\/fr\/camps-dentrainement\/","title":{"rendered":"Camps d&rsquo;entra\u00eenement"},"content":{"rendered":"<p><span class=\"wf_file_text\">Vous trouverez sur cette page des offres pour des camps d&rsquo;entra\u00eenement et des adresses d&rsquo;\u00e9coles pour le tennis de table aussi bien en Suisse qu&rsquo;\u00e0 l&rsquo;\u00e9tranger. Nous publions volontiers vos offres ou les coordonn\u00e9es de vos sites Internet sur ces pages. Il suffit de nous les adresser \u00e0\u00a0<span id=\"cloak7d4eeb44450b680437ca4644a69d59a7\"><a href=\"mailto:info@swisstabletennis.ch\">info#swisstabletennis.ch<\/a><\/span><\/span><\/p>\n<p>STT n&rsquo;assume pas la responsabilit\u00e9 pour les offres publi\u00e9es sur cette page.<\/p>\n<p><!--more--><\/p>\n<h4>B75 International Table Tennis Camp 2023 &#8211; Aabybro, Danemark<\/h4>\n<p><a href=\"https:\/\/www.swisstabletennistest.ch\/wp-content\/uploads\/2023\/05\/B75-training-camp.pdf\">Informations<\/a><\/p>\n<p>\u00c0 partir du 1er juin, le prix augmentera, mais le prix sera celui qui \u00e9tait avant le 1er juin. Le joueur doit indiquer qu&rsquo;il vient de la part de Monsieur Morsi lors de l&rsquo;inscription et demander \u00e0 payer sur facture.<\/p>\n<h4>2023 International Luleburgaz Table Tennis &#8211; Training &amp; Development Camp Event Prospectus<\/h4>\n<p><a href=\"https:\/\/www.swisstabletennistest.ch\/wp-content\/uploads\/2023\/05\/2023-Burgaz-TT-Prosp-ENG.pdf\">Informations<\/a><\/p>\n","protected":false},"excerpt":{"rendered":"<p>Vous trouverez sur cette page des offres pour des camps d&rsquo;entra\u00eenement et des adresses d&rsquo;\u00e9coles pour le tennis de table&hellip;<\/p>\n","protected":false},"author":16,"featured_media":13022,"parent":0,"menu_order":0,"comment_status":"closed","ping_status":"closed","template":"","meta":{"_monsterinsights_skip_tracking":false,"_monsterinsights_sitenote_active":false,"_monsterinsights_sitenote_note":"","_monsterinsights_sitenote_category":0,"footnotes":""},"class_list":["post-2877","page","type-page","status-publish","has-post-thumbnail","hentry"],"_links":{"self":[{"href":"https:\/\/www.swisstabletennistest.ch\/fr\/wp-json\/wp\/v2\/pages\/2877","targetHints":{"allow":["GET"]}}],"collection":[{"href":"https:\/\/www.swisstabletennistest.ch\/fr\/wp-json\/wp\/v2\/pages"}],"about":[{"href":"https:\/\/www.swisstabletennistest.ch\/fr\/wp-json\/wp\/v2\/types\/page"}],"author":[{"embeddable":true,"href":"https:\/\/www.swisstabletennistest.ch\/fr\/wp-json\/wp\/v2\/users\/16"}],"replies":[{"embeddable":true,"href":"https:\/\/www.swisstabletennistest.ch\/fr\/wp-json\/wp\/v2\/comments?post=2877"}],"version-history":[{"count":0,"href":"https:\/\/www.swisstabletennistest.ch\/fr\/wp-json\/wp\/v2\/pages\/2877\/revisions"}],"wp:featuredmedia":[{"embeddable":true,"href":"https:\/\/www.swisstabletennistest.ch\/fr\/wp-json\/wp\/v2\/media\/13022"}],"wp:attachment":[{"href":"https:\/\/www.swisstabletennistest.ch\/fr\/wp-json\/wp\/v2\/media?parent=2877"}],"curies":[{"name":"wp","href":"https:\/\/api.w.org\/{rel}","templated":true}]}}