{"id":2873,"date":"2022-06-15T15:35:07","date_gmt":"2022-06-15T14:35:07","guid":{"rendered":"https:\/\/swisstabletennis.ch\/neu\/?page_id=2873"},"modified":"2023-08-03T08:15:38","modified_gmt":"2023-08-03T06:15:38","slug":"bourse-des-entraineurs","status":"publish","type":"page","link":"https:\/\/www.swisstabletennistest.ch\/fr\/bourse-des-entraineurs\/","title":{"rendered":"Bourse des entra\u00eeneurs"},"content":{"rendered":"\t\t<div data-elementor-type=\"wp-page\" data-elementor-id=\"2873\" class=\"elementor elementor-2873 elementor-84\" data-elementor-post-type=\"page\">\n\t\t\t\t\t\t<section class=\"elementor-section elementor-top-section elementor-element elementor-element-e887bd2 elementor-section-boxed elementor-section-height-default elementor-section-height-default\" data-id=\"e887bd2\" data-element_type=\"section\">\n\t\t\t\t\t\t<div class=\"elementor-container elementor-column-gap-extended\">\n\t\t\t\t\t<div class=\"elementor-column elementor-col-100 elementor-top-column elementor-element elementor-element-7d5b27b1 sc_inner_width_none sc_layouts_column_icons_position_left\" data-id=\"7d5b27b1\" data-element_type=\"column\">\n\t\t\t<div class=\"elementor-widget-wrap elementor-element-populated\">\n\t\t\t\t\t\t<div class=\"elementor-element elementor-element-58cbfa04 sc_fly_static elementor-widget elementor-widget-text-editor\" data-id=\"58cbfa04\" data-element_type=\"widget\" data-widget_type=\"text-editor.default\">\n\t\t\t\t<div class=\"elementor-widget-container\">\n\t\t\t\t\t\t\t\t\t<p><strong>Club cherche entra\u00eeneur<\/strong><br \/>Association: AVVF<br \/>Email: <a href=\"mailto:technique@lctt.ch\">technique#lctt.ch<\/a><br \/>Localit\u00e9: Lausanne<br \/>Club: Lausanne CTT<br \/>Niveau: Entra\u00eeneur dipl\u00f4m\u00e9<br \/>Dur\u00e9e de: 2023-08-01<br \/>Dur\u00e9e \u00e0: 2023-07-31<br \/>Le Lausanne Club Tennis de Table (LCTT) cherche un entra\u00eeneur pour 4 cours collectifs de 90 minutes dans pour la saison 2023-24.<\/p><p>Les cours sont les suivants :<br \/>\u2013 Mardi 18h00-19h30 : Groupe U15 \u00e0 U19, pour le groupe performance<br \/>\u2013 Mardi 19h30-21h00 : Groupe adultes confirm\u00e9s<br \/>\u2013 Jeudi 19h00-20h30 : Groupe compos\u00e9 de jeunes performances (U15-U19) et de la premi\u00e8re \u00e9quipe<br \/>\u2013 Jeudi 20h30-21h00 : Adultes avanc\u00e9s<\/p><p>La r\u00e9mun\u00e9ration se fait selon notre r\u00e8glement financier adopt\u00e9 par l\u2019assembl\u00e9e g\u00e9n\u00e9rale du club en juin 2022 et d\u00e9pend du niveau de formation. Il est \u00e9videmment possible d\u2019ajouter des cours priv\u00e9s en dehors des cours collectif.<\/p><p>Le comit\u00e9 du LCTT se tient \u00e0 disposition pour toute \u00e9ventuelle question ou pour toute potentielle postulation \u00e0 <a href=\"mailto:technique@lctt.ch\">technique#lctt.ch<\/a><\/p><p><strong>Club cherche entra\u00eeneur<\/strong><br \/>Association: AGTT<br \/>Email: <a href=\"mailto:michel.martinez741@gmail.com\">michel.martinez741#gmail.com<\/a><br \/>Localit\u00e9: Lancy<br \/>Club: ZZ Lancy<br \/>Niveau: Entra\u00eeneur dipl\u00f4m\u00e9<br \/>T\u00e9l\u00e9phone: 0041799030486<br \/>Dur\u00e9e de: 2023-08-20<br \/>Dur\u00e9e \u00e0: 2027-06-17<\/p><p>Entra\u00eeneur ZZ Lancy Saison 2023<br \/>Structure et lieu d\u2019exercice de l\u2019activit\u00e9 professionnelle :<br \/>ZZ Lancy, Club de tennis de table affili\u00e9 STT<br \/>Une salle sp\u00e9cifique de 9 tables au Avenue Cur\u00e9 Baud 40 1212 Grand Lancy<\/p><p>Descriptif du club : Club familial et convivial de 100 licenci\u00e9s et 220 membres<br \/>13 \u00e9quipes dont une LNA, LNB f\u00e9minines est une LNA, LNB et LNC masculine<\/p><p>D\u00e9finition : Emploi d\u2019entra\u00eeneur (homme ou femme). Il propose et d\u00e9veloppe un plan d\u2019action sportif pour le club. Il conseille et participe \u00e0 la politique de d\u00e9veloppement du club.<br \/>L\u2019entra\u00eeneur peut aussi \u00eatre joueur dans une \u00e9quipe du club.<br \/>Son r\u00f4le est multiple.<br \/>Capable aussi bien de g\u00e9rer le Baby Ping, les ETT mais aussi l\u2019Academy et le haut niveau Ligue National<\/p><p>Nature du contrat : Contrat avec une p\u00e9riode d\u2019essai de deux mois.<br \/>Dur\u00e9e hebdomadaire de travail de 9h30 minimum (temps partiel).<br \/>Potentiel du poste la 1\u00e8re ann\u00e9e 15H<br \/>Potentiel du poste la 2e ann\u00e9e 20H \u00e0 25H<br \/>3 \u00e0 4 organisation de stage du ZZ. R\u00e9mun\u00e9ration suppl\u00e9mentaire<br \/>Coaching. R\u00e9mun\u00e9ration suppl\u00e9mentaire<br \/>Date d\u2019entr\u00e9e en fonction : 23 ao\u00fbt 2023<\/p><p><strong>Entra\u00eeneur cherche club<\/strong><br \/>Email: <a href=\"mailto:entraineur17@gmail.com\">entraineur17@gmail.com<\/a><br \/>Localit\u00e9: France<br \/>Niveau: Entra\u00eeneur professionnel<br \/>T\u00e9l\u00e9phone: 0629271833<br \/>Dur\u00e9e de: 01\/08\/2024<br \/>Dur\u00e9e \u00e0: 31\/07\/2025<br \/>Bonjour, Mathieu, entra\u00eeneur professionnel de tennis de table depuis 15 ans, exp\u00e9rience tout public (haut niveau, loisirs, sport adapt\u00e9, f\u00e9minine) du niveau national \u00e0 d\u00e9partemental.<br \/>Cherche club, comit\u00e9, ligue pour projet int\u00e9ressant et ambitieux<br \/>Exp\u00e9rience dans les cours collectifs , cours priv\u00e9s et individuels, coaching comp\u00e9tition. Je suis \u00e9galement coach Mental pour accompagner des sportifs<br \/>Passionn\u00e9s par le sport, je poss\u00e8de une grande motivation<br \/>Je suis ouvert aux divers projets<\/p><p><strong>Entra\u00eeneur cherche club<\/strong><br \/>Association: Autre<br \/>Email: <a href=\"mailto:herve.reiland@orange.fr\">herve.reiland#orange.fr<\/a><br \/>Localit\u00e9: France<br \/>Club: Maizi\u00e8res-Les-Metz<br \/>Ligue: Grand Est<br \/>Niveau: Entra\u00eeneur professionnel<br \/>T\u00e9l\u00e9phone: 0637343377<br \/>Dur\u00e9e de: 2023-04-01<br \/>Dur\u00e9e \u00e0: 2035-08-15<\/p><p>Ancien joueur de niveau international (175 mondial et 13 Fran\u00e7ais), une longue exp\u00e9rience d\u2019entra\u00eeneur des \u00e9quipes de France jeunes, de l\u2019\u00e9quipe Nationale du Luxembourg et de joueurs en priv\u00e9, je cherche un poste d\u2019entra\u00eeneur en club en CDI pour faire b\u00e9n\u00e9ficier ce dernier de mon exp\u00e9rience (Brevet d\u2019\u00c9tat 2e degr\u00e9). Pour toutes pr\u00e9cisions veuillez me contacter par mail : <a href=\"mailto:herve.reiland@orange.fr\">herve.reiland#orange.fr<\/a> ou au 06.37.34.33.77<\/p><p><a href=\"https:\/\/www.swisstabletennistest.ch\/wp-content\/uploads\/2023\/03\/REILAND_CV.pdf\">CV<\/a><\/p><p>Bien sportivement<\/p><p><b>Entra\u00eeneur cherche club<\/b><br \/>Association: autre<br \/>Localit\u00e9: France<br \/>Niveau: choisir&#8230;<br \/>E-Mail: <a href=\"mailto:dtn.mtta@gmail.com\">dtn.mtta@gmail.com<\/a><\/p><p>Entra\u00eeneur international cherche ligue\/club pour entra\u00eener groupe jeune \u00e9lite et groupe senior pour perfectionnement. Coaching \u00e9quipe 1 et centre de formation.<\/p><p>Cv et contact par mail <a href=\"mailto:dtn.mtta@gmail.com\">dtn.mtta@gmail.com<\/a><\/p>\t\t\t\t\t\t\t\t<\/div>\n\t\t\t\t<\/div>\n\t\t\t\t<div class=\"elementor-element elementor-element-6087d20 elementor-widget-divider--view-line sc_fly_static elementor-widget elementor-widget-divider\" data-id=\"6087d20\" data-element_type=\"widget\" data-widget_type=\"divider.default\">\n\t\t\t\t<div class=\"elementor-widget-container\">\n\t\t\t\t\t\t\t<div class=\"elementor-divider\">\n\t\t\t<span class=\"elementor-divider-separator\">\n\t\t\t\t\t\t<\/span>\n\t\t<\/div>\n\t\t\t\t\t\t<\/div>\n\t\t\t\t<\/div>\n\t\t\t\t\t<\/div>\n\t\t<\/div>\n\t\t\t\t\t<\/div>\n\t\t<\/section>\n\t\t\t\t<section class=\"elementor-section elementor-top-section elementor-element elementor-element-e2b2d2b elementor-section-boxed elementor-section-height-default elementor-section-height-default\" data-id=\"e2b2d2b\" data-element_type=\"section\">\n\t\t\t\t\t\t<div class=\"elementor-container elementor-column-gap-extended\">\n\t\t\t\t\t<div class=\"elementor-column elementor-col-100 elementor-top-column elementor-element elementor-element-67d0195 sc_inner_width_none sc_layouts_column_icons_position_left\" data-id=\"67d0195\" data-element_type=\"column\">\n\t\t\t<div class=\"elementor-widget-wrap elementor-element-populated\">\n\t\t\t\t\t\t<div class=\"elementor-element elementor-element-3d4bc95 sc_fly_static elementor-widget elementor-widget-text-editor\" data-id=\"3d4bc95\" data-element_type=\"widget\" data-widget_type=\"text-editor.default\">\n\t\t\t\t<div class=\"elementor-widget-container\">\n\t\t\t\t\t\t\t\t\t<p><strong>Envoyer une Annonce<\/strong><\/p><p>Votre annonce est gratuite.<br \/>Afin de pr\u00e9server la qualit\u00e9, la r\u00e9daction de vos donn\u00e9es sera examin\u00e9e avant leur publication.<\/p>\t\t\t\t\t\t\t\t<\/div>\n\t\t\t\t<\/div>\n\t\t\t\t\t<\/div>\n\t\t<\/div>\n\t\t\t\t\t<\/div>\n\t\t<\/section>\n\t\t\t\t<section class=\"elementor-section elementor-top-section elementor-element elementor-element-7dcd7c8 elementor-section-boxed elementor-section-height-default elementor-section-height-default\" data-id=\"7dcd7c8\" data-element_type=\"section\">\n\t\t\t\t\t\t<div class=\"elementor-container elementor-column-gap-extended\">\n\t\t\t\t\t<div class=\"elementor-column elementor-col-100 elementor-top-column elementor-element elementor-element-d67cb8e sc_inner_width_none sc_layouts_column_icons_position_left\" data-id=\"d67cb8e\" data-element_type=\"column\">\n\t\t\t<div class=\"elementor-widget-wrap elementor-element-populated\">\n\t\t\t\t\t\t<div class=\"elementor-element elementor-element-350b9b3 elementor-button-align-stretch sc_fly_static elementor-widget elementor-widget-form\" data-id=\"350b9b3\" data-element_type=\"widget\" data-settings=\"{&quot;step_next_label&quot;:&quot;Next&quot;,&quot;step_previous_label&quot;:&quot;Previous&quot;,&quot;button_width&quot;:&quot;100&quot;,&quot;step_type&quot;:&quot;number_text&quot;,&quot;step_icon_shape&quot;:&quot;circle&quot;}\" data-widget_type=\"form.default\">\n\t\t\t\t<div class=\"elementor-widget-container\">\n\t\t\t\t\t\t\t<form class=\"elementor-form\" method=\"post\" name=\"Envoyer une Annonce  Votre annonce est gratuite. Afin de pr\u00e9server la qualit\u00e9, la r\u00e9daction de vos donn\u00e9es sera examin\u00e9e avant leur publication.\" aria-label=\"Envoyer une Annonce  Votre annonce est gratuite. Afin de pr\u00e9server la qualit\u00e9, la r\u00e9daction de vos donn\u00e9es sera examin\u00e9e avant leur publication.\">\n\t\t\t<input type=\"hidden\" name=\"post_id\" value=\"2873\"\/>\n\t\t\t<input type=\"hidden\" name=\"form_id\" value=\"350b9b3\"\/>\n\t\t\t<input type=\"hidden\" name=\"referer_title\" value=\"Bourse des entra\u00eeneurs\" \/>\n\n\t\t\t\t\t\t\t<input type=\"hidden\" name=\"queried_id\" value=\"2873\"\/>\n\t\t\t\n\t\t\t<div class=\"elementor-form-fields-wrapper elementor-labels-above\">\n\t\t\t\t\t\t\t\t<div class=\"elementor-field-type-radio elementor-field-group elementor-column elementor-field-group-field_bed5c6b elementor-col-100 elementor-field-required\">\n\t\t\t\t\t<div class=\"elementor-field-subgroup  \"><span class=\"elementor-field-option\"><input type=\"radio\" value=\"Club cherche entra\u00eeneur\" id=\"form-field-field_bed5c6b-0\" name=\"form_fields[field_bed5c6b]\" required=\"required\"> <label for=\"form-field-field_bed5c6b-0\">Club cherche entra\u00eeneur<\/label><\/span><span class=\"elementor-field-option\"><input type=\"radio\" value=\"Entra\u00eeneur cherche club\" id=\"form-field-field_bed5c6b-1\" name=\"form_fields[field_bed5c6b]\" required=\"required\"> <label for=\"form-field-field_bed5c6b-1\">Entra\u00eeneur cherche club<\/label><\/span><\/div>\t\t\t\t<\/div>\n\t\t\t\t\t\t\t\t<div class=\"elementor-field-type-select elementor-field-group elementor-column elementor-field-group-name elementor-col-100 elementor-field-required\">\n\t\t\t\t\t\t\t\t\t\t\t\t<label for=\"form-field-name\" class=\"elementor-field-label\">\n\t\t\t\t\t\t\t\tAssociation\t\t\t\t\t\t\t<\/label>\n\t\t\t\t\t\t\t\t<div class=\"elementor-field elementor-select-wrapper remove-before \">\n\t\t\t<div class=\"select-caret-down-wrapper\">\n\t\t\t\t<i aria-hidden=\"true\" class=\"eicon-caret-down\"><\/i>\t\t\t<\/div>\n\t\t\t<select name=\"form_fields[name]\" id=\"form-field-name\" class=\"elementor-field-textual elementor-size-sm\" required=\"required\">\n\t\t\t\t\t\t\t\t\t<option value=\"AGTT \">AGTT <\/option>\n\t\t\t\t\t\t\t\t\t<option value=\"ANJTT\">ANJTT<\/option>\n\t\t\t\t\t\t\t\t\t<option value=\"ATTT\">ATTT<\/option>\n\t\t\t\t\t\t\t\t\t<option value=\"AVVF\">AVVF<\/option>\n\t\t\t\t\t\t\t\t\t<option value=\"MTTV\">MTTV<\/option>\n\t\t\t\t\t\t\t\t\t<option value=\"NWTTV\">NWTTV<\/option>\n\t\t\t\t\t\t\t\t\t<option value=\"OTTV\">OTTV<\/option>\n\t\t\t\t\t\t\t\t\t<option value=\"TTVI\">TTVI<\/option>\n\t\t\t\t\t\t\t\t\t<option value=\"Autre\">Autre<\/option>\n\t\t\t\t\t\t\t<\/select>\n\t\t<\/div>\n\t\t\t\t\t\t<\/div>\n\t\t\t\t\t\t\t\t<div class=\"elementor-field-type-email elementor-field-group elementor-column elementor-field-group-email elementor-col-100 elementor-field-required\">\n\t\t\t\t\t\t\t\t\t\t\t\t<label for=\"form-field-email\" class=\"elementor-field-label\">\n\t\t\t\t\t\t\t\tEmail\t\t\t\t\t\t\t<\/label>\n\t\t\t\t\t\t\t\t\t\t\t\t\t\t<input size=\"1\" type=\"email\" name=\"form_fields[email]\" id=\"form-field-email\" class=\"elementor-field elementor-size-sm  elementor-field-textual\" placeholder=\"Email\" required=\"required\">\n\t\t\t\t\t\t\t\t\t\t\t<\/div>\n\t\t\t\t\t\t\t\t<div class=\"elementor-field-type-text elementor-field-group elementor-column elementor-field-group-field_b632eb5 elementor-col-100\">\n\t\t\t\t\t\t\t\t\t\t\t\t<label for=\"form-field-field_b632eb5\" class=\"elementor-field-label\">\n\t\t\t\t\t\t\t\tLocalit\u00e9\t\t\t\t\t\t\t<\/label>\n\t\t\t\t\t\t\t\t\t\t\t\t\t\t<input size=\"1\" type=\"text\" name=\"form_fields[field_b632eb5]\" id=\"form-field-field_b632eb5\" class=\"elementor-field elementor-size-sm  elementor-field-textual\" placeholder=\"Localit\u00e9\">\n\t\t\t\t\t\t\t\t\t\t\t<\/div>\n\t\t\t\t\t\t\t\t<div class=\"elementor-field-type-text elementor-field-group elementor-column elementor-field-group-field_ab86d18 elementor-col-100\">\n\t\t\t\t\t\t\t\t\t\t\t\t<label for=\"form-field-field_ab86d18\" class=\"elementor-field-label\">\n\t\t\t\t\t\t\t\tClub\t\t\t\t\t\t\t<\/label>\n\t\t\t\t\t\t\t\t\t\t\t\t\t\t<input size=\"1\" type=\"text\" name=\"form_fields[field_ab86d18]\" id=\"form-field-field_ab86d18\" class=\"elementor-field elementor-size-sm  elementor-field-textual\" placeholder=\"Club\">\n\t\t\t\t\t\t\t\t\t\t\t<\/div>\n\t\t\t\t\t\t\t\t<div class=\"elementor-field-type-text elementor-field-group elementor-column elementor-field-group-field_4fa2d6a elementor-col-100\">\n\t\t\t\t\t\t\t\t\t\t\t\t<label for=\"form-field-field_4fa2d6a\" class=\"elementor-field-label\">\n\t\t\t\t\t\t\t\tLigue\t\t\t\t\t\t\t<\/label>\n\t\t\t\t\t\t\t\t\t\t\t\t\t\t<input size=\"1\" type=\"text\" name=\"form_fields[field_4fa2d6a]\" id=\"form-field-field_4fa2d6a\" class=\"elementor-field elementor-size-sm  elementor-field-textual\" placeholder=\"Ligue\">\n\t\t\t\t\t\t\t\t\t\t\t<\/div>\n\t\t\t\t\t\t\t\t<div class=\"elementor-field-type-select elementor-field-group elementor-column elementor-field-group-field_ed5d203 elementor-col-100\">\n\t\t\t\t\t\t\t\t\t\t\t\t<label for=\"form-field-field_ed5d203\" class=\"elementor-field-label\">\n\t\t\t\t\t\t\t\tNiveau\t\t\t\t\t\t\t<\/label>\n\t\t\t\t\t\t\t\t<div class=\"elementor-field elementor-select-wrapper remove-before \">\n\t\t\t<div class=\"select-caret-down-wrapper\">\n\t\t\t\t<i aria-hidden=\"true\" class=\"eicon-caret-down\"><\/i>\t\t\t<\/div>\n\t\t\t<select name=\"form_fields[field_ed5d203]\" id=\"form-field-field_ed5d203\" class=\"elementor-field-textual elementor-size-sm\">\n\t\t\t\t\t\t\t\t\t<option value=\"Entra\u00eeneur dipl\u00f4m\u00e9\">Entra\u00eeneur dipl\u00f4m\u00e9<\/option>\n\t\t\t\t\t\t\t\t\t<option value=\"Entra\u00eeneur professionnel\">Entra\u00eeneur professionnel<\/option>\n\t\t\t\t\t\t\t\t\t<option value=\"Entra\u00eeneur A avec compl\u00e9ment Sport de performance\">Entra\u00eeneur A avec compl\u00e9ment Sport de performance<\/option>\n\t\t\t\t\t\t\t\t\t<option value=\"Entra\u00eeneur A\">Entra\u00eeneur A<\/option>\n\t\t\t\t\t\t\t\t\t<option value=\"Entra\u00eeneur B\">Entra\u00eeneur B<\/option>\n\t\t\t\t\t\t\t\t\t<option value=\"Entra\u00eeneur C\">Entra\u00eeneur C<\/option>\n\t\t\t\t\t\t\t\t\t<option value=\"Entra\u00eeneur D\">Entra\u00eeneur D<\/option>\n\t\t\t\t\t\t\t\t\t<option value=\"Autre\">Autre<\/option>\n\t\t\t\t\t\t\t<\/select>\n\t\t<\/div>\n\t\t\t\t\t\t<\/div>\n\t\t\t\t\t\t\t\t<div class=\"elementor-field-type-tel elementor-field-group elementor-column elementor-field-group-field_2ec04cf elementor-col-100\">\n\t\t\t\t\t\t\t\t\t\t\t\t<label for=\"form-field-field_2ec04cf\" class=\"elementor-field-label\">\n\t\t\t\t\t\t\t\tT\u00e9l\u00e9phone\t\t\t\t\t\t\t<\/label>\n\t\t\t\t\t\t\t\t<input size=\"1\" type=\"tel\" name=\"form_fields[field_2ec04cf]\" id=\"form-field-field_2ec04cf\" class=\"elementor-field elementor-size-sm  elementor-field-textual\" placeholder=\"T\u00e9l\u00e9phone\" pattern=\"[0-9()#&amp;+*-=.]+\" title=\"Seuls les caract\u00e8res de num\u00e9ros de t\u00e9l\u00e9phone (#, -, *, etc.) sont accept\u00e9s.\">\n\n\t\t\t\t\t\t<\/div>\n\t\t\t\t\t\t\t\t<div class=\"elementor-field-type-date elementor-field-group elementor-column elementor-field-group-field_eb6bce5 elementor-col-100\">\n\t\t\t\t\t\t\t\t\t\t\t\t<label for=\"form-field-field_eb6bce5\" class=\"elementor-field-label\">\n\t\t\t\t\t\t\t\tDur\u00e9e de\t\t\t\t\t\t\t<\/label>\n\t\t\t\t\t\t\n\t\t<input type=\"date\" name=\"form_fields[field_eb6bce5]\" id=\"form-field-field_eb6bce5\" class=\"elementor-field elementor-size-sm  elementor-field-textual elementor-date-field\" pattern=\"[0-9]{4}-[0-9]{2}-[0-9]{2}\">\n\t\t\t\t\t\t<\/div>\n\t\t\t\t\t\t\t\t<div class=\"elementor-field-type-date elementor-field-group elementor-column elementor-field-group-field_e750484 elementor-col-100\">\n\t\t\t\t\t\t\t\t\t\t\t\t<label for=\"form-field-field_e750484\" class=\"elementor-field-label\">\n\t\t\t\t\t\t\t\tDur\u00e9e \u00e0\t\t\t\t\t\t\t<\/label>\n\t\t\t\t\t\t\n\t\t<input type=\"date\" name=\"form_fields[field_e750484]\" id=\"form-field-field_e750484\" class=\"elementor-field elementor-size-sm  elementor-field-textual elementor-date-field\" pattern=\"[0-9]{4}-[0-9]{2}-[0-9]{2}\">\n\t\t\t\t\t\t<\/div>\n\t\t\t\t\t\t\t\t<div class=\"elementor-field-type-textarea elementor-field-group elementor-column elementor-field-group-message elementor-col-100\">\n\t\t\t\t\t\t\t\t\t\t\t\t<label for=\"form-field-message\" class=\"elementor-field-label\">\n\t\t\t\t\t\t\t\tTexte de l'annonce\t\t\t\t\t\t\t<\/label>\n\t\t\t\t\t\t<textarea class=\"elementor-field-textual elementor-field  elementor-size-sm\" name=\"form_fields[message]\" id=\"form-field-message\" rows=\"4\" placeholder=\"Texte de l&#039;annonce\"><\/textarea>\t\t\t\t<\/div>\n\t\t\t\t\t\t\t\t<div class=\"elementor-field-group elementor-column elementor-field-type-submit elementor-col-100 e-form__buttons\">\n\t\t\t\t\t<button class=\"elementor-button elementor-size-sm\" type=\"submit\">\n\t\t\t\t\t\t<span class=\"elementor-button-content-wrapper\">\n\t\t\t\t\t\t\t\t\t\t\t\t\t\t\t\t\t\t\t\t\t\t<span class=\"elementor-button-text\">Envoyer<\/span>\n\t\t\t\t\t\t\t\t\t\t\t\t\t<\/span>\n\t\t\t\t\t<\/button>\n\t\t\t\t<\/div>\n\t\t\t<\/div>\n\t\t<\/form>\n\t\t\t\t\t\t<\/div>\n\t\t\t\t<\/div>\n\t\t\t\t\t<\/div>\n\t\t<\/div>\n\t\t\t\t\t<\/div>\n\t\t<\/section>\n\t\t\t\t<\/div>\n\t\t","protected":false},"excerpt":{"rendered":"<p>Club cherche entra\u00eeneurAssociation: AVVFEmail: technique#lctt.chLocalit\u00e9: LausanneClub: Lausanne CTTNiveau: Entra\u00eeneur dipl\u00f4m\u00e9Dur\u00e9e de: 2023-08-01Dur\u00e9e \u00e0: 2023-07-31Le Lausanne Club Tennis de Table (LCTT)&hellip;<\/p>\n","protected":false},"author":16,"featured_media":6873,"parent":0,"menu_order":0,"comment_status":"closed","ping_status":"closed","template":"","meta":{"_monsterinsights_skip_tracking":false,"_monsterinsights_sitenote_active":false,"_monsterinsights_sitenote_note":"","_monsterinsights_sitenote_category":0,"footnotes":""},"class_list":["post-2873","page","type-page","status-publish","has-post-thumbnail","hentry"],"_links":{"self":[{"href":"https:\/\/www.swisstabletennistest.ch\/fr\/wp-json\/wp\/v2\/pages\/2873","targetHints":{"allow":["GET"]}}],"collection":[{"href":"https:\/\/www.swisstabletennistest.ch\/fr\/wp-json\/wp\/v2\/pages"}],"about":[{"href":"https:\/\/www.swisstabletennistest.ch\/fr\/wp-json\/wp\/v2\/types\/page"}],"author":[{"embeddable":true,"href":"https:\/\/www.swisstabletennistest.ch\/fr\/wp-json\/wp\/v2\/users\/16"}],"replies":[{"embeddable":true,"href":"https:\/\/www.swisstabletennistest.ch\/fr\/wp-json\/wp\/v2\/comments?post=2873"}],"version-history":[{"count":0,"href":"https:\/\/www.swisstabletennistest.ch\/fr\/wp-json\/wp\/v2\/pages\/2873\/revisions"}],"wp:featuredmedia":[{"embeddable":true,"href":"https:\/\/www.swisstabletennistest.ch\/fr\/wp-json\/wp\/v2\/media\/6873"}],"wp:attachment":[{"href":"https:\/\/www.swisstabletennistest.ch\/fr\/wp-json\/wp\/v2\/media?parent=2873"}],"curies":[{"name":"wp","href":"https:\/\/api.w.org\/{rel}","templated":true}]}}