{"id":2863,"date":"2022-06-15T15:18:04","date_gmt":"2022-06-15T14:18:04","guid":{"rendered":"https:\/\/swisstabletennis.ch\/neu\/?page_id=2863"},"modified":"2023-01-09T14:12:34","modified_gmt":"2023-01-09T13:12:34","slug":"kidsping","status":"publish","type":"page","link":"https:\/\/www.swisstabletennistest.ch\/fr\/swissping\/kidsping\/","title":{"rendered":"KidsPing"},"content":{"rendered":"<p><strong>KidsPing<\/strong> est le concept de formation de Swiss Table Tennis dans le domaine du sport pour enfants (5-10 ans).<\/p>\n<p>Avec la <a href=\"https:\/\/www.swisstabletennistest.ch\/wp-content\/uploads\/2022\/11\/Broschure-KidsPing-2022-F.pdf\">brochure KidsPing<\/a>, les enseignants disposent d&rsquo;un outil leur permettant de proposer aux enfants en apprentissage un enseignement ludique et adapt\u00e9 \u00e0 leur \u00e2ge.<\/p>\n<p><a href=\"https:\/\/www.swisstabletennistest.ch\/wp-content\/uploads\/2023\/01\/KidsPing-2022-09-28-F-compressed.pdf\">Brochure en haute qualit\u00e9<\/a><\/p>\n<p><strong>KidsPing<\/strong> s&rsquo;int\u00e8gre dans la m\u00e9thode SwissPing d\u00e9j\u00e0 existante de la f\u00e9d\u00e9ration et l&rsquo;\u00e9largit avec les contenus du sport pour enfants (KidsPing pour les 5-10 ans). Les contenus pour le sport des jeunes (pour les 10-20 ans) se trouvent dans TeenPing, qui sera cr\u00e9\u00e9 dans les prochaines ann\u00e9es. Jusqu&rsquo;\u00e0 l&rsquo;ach\u00e8vement de TeenPing, les 6 niveaux de <a href=\"https:\/\/swisstabletennis.ch\/fr\/swissping\/\">SwissPing<\/a> sont maintenus. Pendant la p\u00e9riode de transition, il est recommand\u00e9 de travailler avec KidsPing pour les enfants de moins de 10 ans et avec SwissPing pour les enfants et les jeunes de plus de 10 ans. Lorsqu&rsquo;un enfant a termin\u00e9 et r\u00e9ussi les 3 niveaux de KidsPing, il est possible de continuer directement avec la raquette de bronze de SwissPing.<\/p>\n<p><strong>Mat\u00e9riel<\/strong><br \/>\nLes \u00e9valuations r\u00e9ussies des 20 PingPoints de chaque niveau sont confirm\u00e9es \u00e0 l&rsquo;enfant dans le passeport correspondant. Lorsqu&rsquo;un enfant a r\u00e9ussi un niveau entier, le club l&rsquo;inscrit dans click-TT. L&rsquo;enfant peut alors porter le t-shirt correspondant (par ex. ZooPing), qui peut \u00eatre command\u00e9 dans la<a href=\"https:\/\/www.swisstabletennistest.ch\/fr\/categorie-produit\/kidsping-fr\/\"> boutique<\/a>.<\/p>\n<p>Les raquettes de TT, les balles de TT (et les seaux de balles), les tables de TT et les bordures de tables de TT font partie du mat\u00e9riel de base disponible.<br \/>\nPour le mat\u00e9riel suppl\u00e9mentaire n\u00e9cessaire, Swiss Table Tennis met \u00e0 disposition un set de mat\u00e9riel qui peut \u00e9galement \u00eatre command\u00e9 dans la <a href=\"https:\/\/www.swisstabletennistest.ch\/fr\/boutique\/\">boutique<\/a>.<\/p>\n<p><strong>Soutien financier de Swiss Table Tennis<\/strong><br \/>\nAfin d&rsquo;encourager le sport des enfants, la f\u00e9d\u00e9ration met \u00e0 disposition de chaque club qui propose et termine un cours de sport pour enfants J+S en tennis de table un cr\u00e9dit de 30 francs par participant, avec lequel le set de mat\u00e9riel et\/ou les T-shirts peuvent \u00eatre achet\u00e9s. Un enfant doit avoir suivi au moins 80% des entra\u00eenements.<\/p>\n<p><strong>Fiches techniques<\/strong><br \/>\nSur cette <a href=\"https:\/\/www.swisstabletennistest.ch\/fr\/techniques-du-tennis-de-table\/\">page<\/a> figure les techniques du tennis de table qui sont pr\u00e9sent\u00e9s dans la brochure <strong>KidsPing<\/strong><\/p>\n<p>&nbsp;<\/p>\n<p><img fetchpriority=\"high\" decoding=\"async\" class=\"wp-image-2072 alignleft\" src=\"https:\/\/www.swisstabletennistest.ch\/wp-content\/uploads\/2022\/04\/200207_globalping-1-300x200.jpg\" alt=\"\" width=\"352\" height=\"234\" srcset=\"https:\/\/www.swisstabletennistest.ch\/wp-content\/uploads\/2022\/04\/200207_globalping-1-300x200.jpg 300w, https:\/\/www.swisstabletennistest.ch\/wp-content\/uploads\/2022\/04\/200207_globalping-1-scaled-600x400.jpg 600w, https:\/\/www.swisstabletennistest.ch\/wp-content\/uploads\/2022\/04\/200207_globalping-1-1024x682.jpg 1024w, https:\/\/www.swisstabletennistest.ch\/wp-content\/uploads\/2022\/04\/200207_globalping-1-768x512.jpg 768w, https:\/\/www.swisstabletennistest.ch\/wp-content\/uploads\/2022\/04\/200207_globalping-1-1536x1024.jpg 1536w, https:\/\/www.swisstabletennistest.ch\/wp-content\/uploads\/2022\/04\/200207_globalping-1-2048x1365.jpg 2048w, https:\/\/www.swisstabletennistest.ch\/wp-content\/uploads\/2022\/04\/200207_globalping-1-500x333.jpg 500w, https:\/\/www.swisstabletennistest.ch\/wp-content\/uploads\/2022\/04\/200207_globalping-1-400x267.jpg 400w, https:\/\/www.swisstabletennistest.ch\/wp-content\/uploads\/2022\/04\/200207_globalping-1-32x21.jpg 32w, https:\/\/www.swisstabletennistest.ch\/wp-content\/uploads\/2022\/04\/200207_globalping-1-370x247.jpg 370w, https:\/\/www.swisstabletennistest.ch\/wp-content\/uploads\/2022\/04\/200207_globalping-1-818x545.jpg 818w, https:\/\/www.swisstabletennistest.ch\/wp-content\/uploads\/2022\/04\/200207_globalping-1-406x271.jpg 406w\" sizes=\"(max-width: 352px) 100vw, 352px\" \/><\/p>\n<p><img decoding=\"async\" class=\"alignnone wp-image-2067 size-medium\" src=\"https:\/\/www.swisstabletennistest.ch\/wp-content\/uploads\/2022\/04\/200207_sportping-300x240.jpg\" alt=\"\" width=\"300\" height=\"240\" srcset=\"https:\/\/www.swisstabletennistest.ch\/wp-content\/uploads\/2022\/04\/200207_sportping-300x240.jpg 300w, https:\/\/www.swisstabletennistest.ch\/wp-content\/uploads\/2022\/04\/200207_sportping-scaled-600x480.jpg 600w, https:\/\/www.swisstabletennistest.ch\/wp-content\/uploads\/2022\/04\/200207_sportping-1024x820.jpg 1024w, https:\/\/www.swisstabletennistest.ch\/wp-content\/uploads\/2022\/04\/200207_sportping-768x615.jpg 768w, https:\/\/www.swisstabletennistest.ch\/wp-content\/uploads\/2022\/04\/200207_sportping-1536x1230.jpg 1536w, https:\/\/www.swisstabletennistest.ch\/wp-content\/uploads\/2022\/04\/200207_sportping-2048x1640.jpg 2048w, https:\/\/www.swisstabletennistest.ch\/wp-content\/uploads\/2022\/04\/200207_sportping-500x400.jpg 500w, https:\/\/www.swisstabletennistest.ch\/wp-content\/uploads\/2022\/04\/200207_sportping-400x320.jpg 400w, https:\/\/www.swisstabletennistest.ch\/wp-content\/uploads\/2022\/04\/200207_sportping-32x26.jpg 32w, https:\/\/www.swisstabletennistest.ch\/wp-content\/uploads\/2022\/04\/200207_sportping-370x296.jpg 370w, https:\/\/www.swisstabletennistest.ch\/wp-content\/uploads\/2022\/04\/200207_sportping-818x655.jpg 818w, https:\/\/www.swisstabletennistest.ch\/wp-content\/uploads\/2022\/04\/200207_sportping-406x325.jpg 406w\" sizes=\"(max-width: 300px) 100vw, 300px\" \/><\/p>\n<p>&nbsp;<\/p>\n","protected":false},"excerpt":{"rendered":"<p>KidsPing est le concept de formation de Swiss Table Tennis dans le domaine du sport pour enfants (5-10 ans). Avec&hellip;<\/p>\n","protected":false},"author":16,"featured_media":2065,"parent":2861,"menu_order":0,"comment_status":"closed","ping_status":"closed","template":"","meta":{"_monsterinsights_skip_tracking":false,"_monsterinsights_sitenote_active":false,"_monsterinsights_sitenote_note":"","_monsterinsights_sitenote_category":0,"footnotes":""},"class_list":["post-2863","page","type-page","status-publish","has-post-thumbnail","hentry"],"_links":{"self":[{"href":"https:\/\/www.swisstabletennistest.ch\/fr\/wp-json\/wp\/v2\/pages\/2863","targetHints":{"allow":["GET"]}}],"collection":[{"href":"https:\/\/www.swisstabletennistest.ch\/fr\/wp-json\/wp\/v2\/pages"}],"about":[{"href":"https:\/\/www.swisstabletennistest.ch\/fr\/wp-json\/wp\/v2\/types\/page"}],"author":[{"embeddable":true,"href":"https:\/\/www.swisstabletennistest.ch\/fr\/wp-json\/wp\/v2\/users\/16"}],"replies":[{"embeddable":true,"href":"https:\/\/www.swisstabletennistest.ch\/fr\/wp-json\/wp\/v2\/comments?post=2863"}],"version-history":[{"count":0,"href":"https:\/\/www.swisstabletennistest.ch\/fr\/wp-json\/wp\/v2\/pages\/2863\/revisions"}],"up":[{"embeddable":true,"href":"https:\/\/www.swisstabletennistest.ch\/fr\/wp-json\/wp\/v2\/pages\/2861"}],"wp:featuredmedia":[{"embeddable":true,"href":"https:\/\/www.swisstabletennistest.ch\/fr\/wp-json\/wp\/v2\/media\/2065"}],"wp:attachment":[{"href":"https:\/\/www.swisstabletennistest.ch\/fr\/wp-json\/wp\/v2\/media?parent=2863"}],"curies":[{"name":"wp","href":"https:\/\/api.w.org\/{rel}","templated":true}]}}