{"id":2861,"date":"2022-06-15T15:14:20","date_gmt":"2022-06-15T14:14:20","guid":{"rendered":"https:\/\/swisstabletennis.ch\/neu\/?page_id=2861"},"modified":"2023-03-15T16:26:00","modified_gmt":"2023-03-15T15:26:00","slug":"swissping","status":"publish","type":"page","link":"https:\/\/www.swisstabletennistest.ch\/fr\/swissping\/","title":{"rendered":"SwissPing"},"content":{"rendered":"<div>\n<h2 style=\"text-align: justify;\">FAQ SwissPing<\/h2>\n<\/div>\n<div style=\"text-align: justify;\"><\/div>\n<div style=\"text-align: justify;\"><strong>Qu&rsquo;est-ce que la m\u00e9thode SwissPing?<\/strong><br \/>\nC&rsquo;est une d\u00e9marche d&rsquo;enseignement du tennis de table. Cette m\u00e9thode identifie les \u00e9tapes de la progression des jeunes joueurs. Pour chacune des six \u00e9tapes, elle envisage les principaux objectifs et les th\u00e8mes de travail qui en d\u00e9coulent, afin de garantir un d\u00e9veloppement optimal. A la fin des diff\u00e9rentes \u00e9tapes, un test montrera si les divers objectifs ont \u00e9t\u00e9 atteints. La r\u00e9ussite d&rsquo;un test sera valoris\u00e9e par un signe distinctif (un maillot ou un badge).Pour des questions suppl\u00e9mentaires, adressez vous \u00e0\u00a0<span id=\"cloak32687d56e69b306f020c633e2b938f07\"><a href=\"mailto:swissping@swisstabletennis.ch\">swissping#swisstabletennis.ch<\/a><\/span>.<\/div>\n<div style=\"text-align: justify;\"><\/div>\n<div style=\"text-align: justify;\">\n<p><strong>De quoi SwissPing se compose-t-il?<\/strong><br \/>\nA l&rsquo;heure actuelle, la m\u00e9thode SwissPing comporte quatre parties: un passeport pour les jeunes joueurs, un manuel, un recueil d&rsquo;exercices (manuel pratique) et une brochure technique pour les entra\u00eeneurs et les ma\u00eetres d&rsquo;\u00e9ducation physique. Ces documents peuvent \u00eatre command\u00e9s dans le\u00a0<a href=\"https:\/\/www.swisstabletennistest.ch\/categorie-produit\/swissping-fr\/?lang=fr\">Shop SwissPing<\/a>.<\/p>\n<p>Le\u00a0<strong>passeport<\/strong>\u00a0s&rsquo;adresse aux enfants et aux adolescents pour la certification des tests pass\u00e9s.\u00a0<a class=\"wf_file\" href=\"https:\/\/www.swisstabletennistest.ch\/wp-content\/uploads\/2012\/12\/SwissPing_Passeport.pdf\" target=\"_blank\" rel=\"noopener\"><span class=\"wf_file_text\">Ici\u00a0<\/span><\/a>ou dans le shop Swissping, le passeport peut \u00eatre t\u00e9l\u00e9charg\u00e9 gratuitement (puis imprim\u00e9 et pli\u00e9 au milieu le long de la ligne grise).<\/p>\n<p><strong>Quant au manuel<\/strong>, il contient, apr\u00e8s une br\u00e8ve introduction, la description des diff\u00e9rentes \u00e9tapes (sont d\u00e9crits en d\u00e9tail : les difficult\u00e9s rencontr\u00e9es au cours du niveau respectif, les objectifs, les contenus d&rsquo;entra\u00eenement, les exercices de passage des grades) ainsi que des fiches de recueil des r\u00e9sultats* qui peuvent \u00eatre photocopi\u00e9es.<\/p>\n<p>Le\u00a0<strong>recueil d&rsquo;exercices<\/strong>: ce cahier pratique est un outil important pour le travail dans les salles de sport. Il r\u00e9pond aux besoins des entra\u00eeneurs dans les clubs tout aussi bien qu&rsquo;\u00e0 ceux des enseignants dans les \u00e9coles. Pour chaque \u00e9tape, on y trouve une m\u00e9thodologie et une le\u00e7on-type, mais avant tout un grand nombre d&rsquo;exercices. Pour chaque contenu d&rsquo;entra\u00eenement, il existe une fiche d&rsquo;exercices claire contenant des exercices de base, des variantes possibles \u00e0 ces exercices, des consignes essentielles et des illustrations. Le recueil m\u00e8ne d&rsquo;exercices simples con\u00e7us pour des vrais d\u00e9butants (p.ex. pour la ma\u00eetrise du contact balle-raquette ou les qualit\u00e9s de coordination) aux combinaisons techniques complexes et aux sch\u00e9mas tactiques exigeants.<\/p>\n<p>La publication la plus r\u00e9cente est la\u00a0<strong>brochure technique<\/strong>. Le d\u00e9but de ce manuel est consacr\u00e9 \u00e0 quelques principes fondamentaux de la technique et du jeu de jambes n\u00e9cessaires pour une bonne pratique du tennis de table. Dans la partie principale, les diff\u00e9rents coups techniques et modes de d\u00e9placement sont d\u00e9taill\u00e9s au moyen de s\u00e9ries de photos et de textes basant sur le concept de la structure et de la forme. La cat\u00e9gorisation des coups selon leur rotation et la mise en page claire permettent aux enseignants de trouver rapidement des informations pr\u00e9cises et bien compr\u00e9hensibles.<\/p>\n<p><strong>Pour quel niveau technique SwissPing a-t-elle \u00e9t\u00e9 \u00e9labor\u00e9e?<\/strong><br \/>\nPour presque tous les niveaux! La premi\u00e8re \u00e9tape est con\u00e7ue pour des vrais d\u00e9butants tandis que le sixi\u00e8me test exige une habilet\u00e9 technique tr\u00e8s avanc\u00e9e (niveau messieurs B en Suisse).<\/p>\n<p><strong>Pourquoi SwissPing n&rsquo;est-il pas un manuel comme les autres?<\/strong><\/p>\n<p><span style=\"font-size: 14px; letter-spacing: 0.26px;\">Parce qu&rsquo;il ne s&rsquo;agit pas d&rsquo;une publication isol\u00e9e car, \u00e0 travers cette m\u00e9thode, nous visons une unification de l&rsquo;enseignement du tennis de table en Suisse. Les termes techniques s&rsquo;accordent \u00e0 la terminologie J+S, c.-\u00e0-d. au nouveau manuel cl\u00e9, similaire pour toutes les branches sportives. En plus, le cahier d&rsquo;entra\u00eenement prescrit par J+S 2000 (syst\u00e8me des coachs) et le nouveau manuel du moniteur J+S avec son dossier pratique s&rsquo;int\u00e8grent dans un m\u00eame concept. Chaque entra\u00eeneur enseignant dans le cadre d&rsquo;une offre J+S doit obligatoirement utiliser la m\u00e9thode SwissPing et organiser les tests. Il n&rsquo;y a que la remise des signes distinctifs qui est facultative.<\/span><\/p>\n<\/div>\n<div>\n<p style=\"text-align: justify;\"><strong>Quels entra\u00eeneurs ont le droit d&rsquo;organiser les tests?<\/strong><br \/>\nLe premier test, le \u00ab Maillot SwissPing \u00bb, peut \u00eatre organis\u00e9 par des entra\u00eeneurs STT D ou des ma\u00eetres d&rsquo;\u00e9ducation physique. Pour les trois tests qui suivent (la \u00ab Balle blanche \u00bb, la \u00ab Balle orange \u00bb et la \u00ab Raquette de bronze \u00bb), l&rsquo;entra\u00eeneur a besoin d&rsquo;une reconnaissance J+S (au moins entra\u00eeneur STT C reconnu). Les deux derniers tests, la \u00ab Raquette d&rsquo;argent \u00bb et la \u00ab Raquette d&rsquo;or \u00bb, n&rsquo;auront lieu que sous la responsabilit\u00e9 de certains entra\u00eeneurs STT A ou experts. Ici, vous trouvez\u00a0<span class=\"wf_file_text\">la\u00a0<a class=\"wf_file\" href=\"https:\/\/www.swisstabletennistest.ch\/wp-content\/uploads\/2012\/12\/SwissPing_Experts_f_2021-03-10.pdf\" target=\"_blank\" rel=\"noopener\">liste<\/a><\/span>\u00a0de ces personnes autoris\u00e9es.<\/p>\n<p style=\"text-align: justify;\"><strong>O\u00f9 est-ce que je peux passer les tests 4 \u00e0 6 si mon entra\u00eeneur du club n&rsquo;a pas la reconnaissance exig\u00e9e ?<\/strong><br \/>\nDemandez au coach J+S qui annonce les offres J+S de l&rsquo;entra\u00eeneur.<\/p>\n<p style=\"text-align: justify;\"><strong>Les tests ont-ils un rapport au classement?<\/strong><br \/>\nNon, les tests certifient un niveau d&rsquo;habilet\u00e9 technique et non de performance. Ce dernier est exprim\u00e9 par le classement.<\/p>\n<p style=\"text-align: justify;\"><strong>Quels sont les signes distinctifs des diff\u00e9rentes \u00e9tapes ?<\/strong><\/p>\n<p style=\"text-align: justify;\">Il existe deux t-shirts pour la premi\u00e8re \u00e9tape, le \u00ab Maillot SwissPing \u00bb et la quatri\u00e8me, la \u00ab Raquette de bronze \u00bb. Les signes des \u00e9tapes 2, 3 et 5 sont des badges. Quant aux joueurs qui ont r\u00e9ussi le dernier test, la f\u00e9d\u00e9ration STT leur offre le polo de la \u00ab Raquette d&rsquo;or \u00bb. Pour l&rsquo;obtenir, il suffit d&rsquo;envoyer une copie des r\u00e9sultats avec la signature de l&rsquo;entra\u00eeneur responsable \u00e0 l&rsquo;office central.<\/p>\n<p style=\"text-align: justify;\"><strong>Que puis-je faire si mon maillot SwissPing est devenu trop petit ?<\/strong><br \/>\nNous regrettons de ne pas pouvoir \u00e9changer les maillots. Nous recommandons aux joueurs de bien s&rsquo;entra\u00eener afin d&rsquo;\u00eatre capables de passer bient\u00f4t le quatri\u00e8me ou le sixi\u00e8me test et d&rsquo;avoir donc le droit de porter le maillot de la \u00ab Raquette de bronze \u00bb ou le polo de la \u00ab Raquette d&rsquo;or \u00bb. D&rsquo;ailleurs, les badges des autres \u00e9tapes peuvent \u00e9galement \u00eatre plac\u00e9s sur le maillot du club.<\/p>\n<p style=\"text-align: justify;\"><span class=\"wf_file_text\"><strong>O\u00f9 peut-on commander du mat\u00e9riel?<\/strong><br \/>\nA l<a href=\"https:\/\/www.swisstabletennistest.ch\/fr\/office-central-stt\/\">&lsquo;office central\u00a0<\/a>de Swiss Table Tennis ou\u00a0<a href=\"https:\/\/www.swisstabletennistest.ch\/fr\/boutique\/\">en ligne<\/a>.<\/span><\/p>\n<p style=\"text-align: justify;\">Les fiches de recueil des r\u00e9sultats peuvent \u00eatre t\u00e9l\u00e9charg\u00e9 ici:<\/p>\n<ul>\n<li style=\"text-align: justify;\"><a class=\"wf_file\" href=\"https:\/\/www.swisstabletennistest.ch\/wp-content\/uploads\/2012\/12\/resultatblatt_shirt_fr.pdf\" target=\"_blank\" rel=\"noopener\"><img decoding=\"async\" class=\"wf_file_icon\" src=\"https:\/\/www.swisstabletennistest.ch\/wp-content\/uploads\/media\/jce\/icons\/pdf.png\" alt=\"pdf\" \/><span class=\"wf_file_text\">Maillot SwissPing<\/span><\/a><\/li>\n<li style=\"text-align: justify;\"><a class=\"wf_file\" href=\"https:\/\/www.swisstabletennistest.ch\/wp-content\/uploads\/2012\/12\/resultatblatt_weisserball_fr.pdf\" target=\"_blank\" rel=\"noopener\"><img decoding=\"async\" class=\"wf_file_icon\" src=\"https:\/\/www.swisstabletennistest.ch\/wp-content\/uploads\/media\/jce\/icons\/pdf.png\" alt=\"pdf\" \/><span class=\"wf_file_text\">Balle blanche<\/span><\/a><\/li>\n<li style=\"text-align: justify;\"><a class=\"wf_file\" href=\"https:\/\/www.swisstabletennistest.ch\/wp-content\/uploads\/2012\/12\/resultatblatt_fr_orangerball.pdf\" target=\"_blank\" rel=\"noopener\"><img decoding=\"async\" class=\"wf_file_icon\" src=\"https:\/\/www.swisstabletennistest.ch\/wp-content\/uploads\/media\/jce\/icons\/pdf.png\" alt=\"pdf\" \/><span class=\"wf_file_text\">Balle orange<\/span><\/a><\/li>\n<li style=\"text-align: justify;\"><a class=\"wf_file\" href=\"https:\/\/www.swisstabletennistest.ch\/wp-content\/uploads\/2012\/12\/resultatblatt_bronzeschlaeger_fr.pdf\" target=\"_blank\" rel=\"noopener\"><img decoding=\"async\" class=\"wf_file_icon\" src=\"https:\/\/www.swisstabletennistest.ch\/wp-content\/uploads\/media\/jce\/icons\/pdf.png\" alt=\"pdf\" \/><span class=\"wf_file_text\">Raquette de bronze<\/span><\/a><\/li>\n<li style=\"text-align: justify;\"><a class=\"wf_file\" href=\"https:\/\/www.swisstabletennistest.ch\/wp-content\/uploads\/2012\/12\/resultatblatt_silberschlaeger_fr.pdf\" target=\"_blank\" rel=\"noopener\"><img decoding=\"async\" class=\"wf_file_icon\" src=\"https:\/\/www.swisstabletennistest.ch\/wp-content\/uploads\/media\/jce\/icons\/pdf.png\" alt=\"pdf\" \/><span class=\"wf_file_text\">Raquette d&rsquo;argent<\/span><\/a><\/li>\n<li style=\"text-align: justify;\"><a class=\"wf_file\" href=\"https:\/\/www.swisstabletennistest.ch\/wp-content\/uploads\/2012\/12\/resultatblatt_goldschlaeger-_fr.pdf\" target=\"_blank\" rel=\"noopener\"><img decoding=\"async\" class=\"wf_file_icon\" src=\"https:\/\/www.swisstabletennistest.ch\/wp-content\/uploads\/media\/jce\/icons\/pdf.png\" alt=\"pdf\" \/><span class=\"wf_file_text\">Raquette d&rsquo;or<\/span><\/a><\/li>\n<\/ul>\n<\/div>\n","protected":false},"excerpt":{"rendered":"<p>FAQ SwissPing Qu&rsquo;est-ce que la m\u00e9thode SwissPing? C&rsquo;est une d\u00e9marche d&rsquo;enseignement du tennis de table. Cette m\u00e9thode identifie les \u00e9tapes&hellip;<\/p>\n","protected":false},"author":16,"featured_media":9064,"parent":0,"menu_order":0,"comment_status":"closed","ping_status":"closed","template":"","meta":{"_monsterinsights_skip_tracking":false,"_monsterinsights_sitenote_active":false,"_monsterinsights_sitenote_note":"","_monsterinsights_sitenote_category":0,"footnotes":""},"class_list":["post-2861","page","type-page","status-publish","has-post-thumbnail","hentry"],"_links":{"self":[{"href":"https:\/\/www.swisstabletennistest.ch\/fr\/wp-json\/wp\/v2\/pages\/2861","targetHints":{"allow":["GET"]}}],"collection":[{"href":"https:\/\/www.swisstabletennistest.ch\/fr\/wp-json\/wp\/v2\/pages"}],"about":[{"href":"https:\/\/www.swisstabletennistest.ch\/fr\/wp-json\/wp\/v2\/types\/page"}],"author":[{"embeddable":true,"href":"https:\/\/www.swisstabletennistest.ch\/fr\/wp-json\/wp\/v2\/users\/16"}],"replies":[{"embeddable":true,"href":"https:\/\/www.swisstabletennistest.ch\/fr\/wp-json\/wp\/v2\/comments?post=2861"}],"version-history":[{"count":0,"href":"https:\/\/www.swisstabletennistest.ch\/fr\/wp-json\/wp\/v2\/pages\/2861\/revisions"}],"wp:featuredmedia":[{"embeddable":true,"href":"https:\/\/www.swisstabletennistest.ch\/fr\/wp-json\/wp\/v2\/media\/9064"}],"wp:attachment":[{"href":"https:\/\/www.swisstabletennistest.ch\/fr\/wp-json\/wp\/v2\/media?parent=2861"}],"curies":[{"name":"wp","href":"https:\/\/api.w.org\/{rel}","templated":true}]}}