{"id":2856,"date":"2022-06-15T15:04:44","date_gmt":"2022-06-15T14:04:44","guid":{"rendered":"https:\/\/swisstabletennis.ch\/neu\/?page_id=2856"},"modified":"2022-10-13T14:47:42","modified_gmt":"2022-10-13T13:47:42","slug":"strategie-2020-2024","status":"publish","type":"page","link":"https:\/\/www.swisstabletennistest.ch\/fr\/strategie-2020-2024\/","title":{"rendered":"Strat\u00e9gie 2020-2024"},"content":{"rendered":"<p>Une f\u00e9d\u00e9ration nationale comme Swiss Table Tennis, c\u2019est plusieurs centaines de clubs et plusieurs milliers de membres. C\u2019est aussi de nombreux d\u00e9fis \u00e0 relever et d\u2019objectifs \u00e0 atteindre. Afin qu\u2019un maximum de personnes tirent \u00e0 la m\u00eame corde en m\u00eame temps, il convient d\u2019avoir une strat\u00e9gie largement partag\u00e9e. C\u2019est aussi une exigence de Swiss Olympic, en contrepartie de laquelle l\u2019association fa\u00eeti\u00e8re du sport suisse verse \u00e0 STT une subvention de plusieurs dizaines de milliers de francs par ann\u00e9e.<\/p>\n<p>La nouvelle strat\u00e9gie, r\u00e9cemment adopt\u00e9e par le Comit\u00e9 central de STT, concerne donc les ann\u00e9es 2020 \u00e0 2024. Vous pouvez t\u00e9l\u00e9charger ici la pr\u00e9sentation de la <a class=\"wf_file\" href=\"https:\/\/www.swisstabletennistest.ch\/wp-content\/uploads\/images\/7_Organisation\/Strategie_2020-2024_pr%C3%A9sentation.pdf\" target=\"_blank\" rel=\"noopener\"><span class=\"wf_file_text\">strat\u00e9gie 2020-2024<\/span><\/a>.<\/p>\n<h2>Charte<\/h2>\n<p><a href=\"https:\/\/www.swisstabletennistest.ch\/wp-content\/uploads\/2012\/12\/lignes_directrices_stt.pdf\">Lignes directrices STT<\/a><\/p>\n<p><a href=\"https:\/\/www.swisstabletennistest.ch\/wp-content\/uploads\/2022\/10\/3.-Organigramme-nouvelle-structure_page-1024x576.jpg\"><img fetchpriority=\"high\" decoding=\"async\" class=\"alignnone wp-image-17186 size-large\" src=\"https:\/\/www.swisstabletennistest.ch\/wp-content\/uploads\/2022\/10\/3.-Organigramme-nouvelle-structure_page-1024x576.jpg\" alt=\"\" width=\"1024\" height=\"576\" srcset=\"https:\/\/www.swisstabletennistest.ch\/wp-content\/uploads\/2022\/10\/3.-Organigramme-nouvelle-structure_page-1024x576.jpg 1024w, https:\/\/www.swisstabletennistest.ch\/wp-content\/uploads\/2022\/10\/3.-Organigramme-nouvelle-structure_page-600x338.jpg 600w, https:\/\/www.swisstabletennistest.ch\/wp-content\/uploads\/2022\/10\/3.-Organigramme-nouvelle-structure_page-300x169.jpg 300w, https:\/\/www.swisstabletennistest.ch\/wp-content\/uploads\/2022\/10\/3.-Organigramme-nouvelle-structure_page-768x432.jpg 768w, https:\/\/www.swisstabletennistest.ch\/wp-content\/uploads\/2022\/10\/3.-Organigramme-nouvelle-structure_page-1536x864.jpg 1536w, https:\/\/www.swisstabletennistest.ch\/wp-content\/uploads\/2022\/10\/3.-Organigramme-nouvelle-structure_page-500x281.jpg 500w, https:\/\/www.swisstabletennistest.ch\/wp-content\/uploads\/2022\/10\/3.-Organigramme-nouvelle-structure_page-400x225.jpg 400w, https:\/\/www.swisstabletennistest.ch\/wp-content\/uploads\/2022\/10\/3.-Organigramme-nouvelle-structure_page-32x18.jpg 32w, https:\/\/www.swisstabletennistest.ch\/wp-content\/uploads\/2022\/10\/3.-Organigramme-nouvelle-structure_page-370x208.jpg 370w, https:\/\/www.swisstabletennistest.ch\/wp-content\/uploads\/2022\/10\/3.-Organigramme-nouvelle-structure_page-1278x719.jpg 1278w, https:\/\/www.swisstabletennistest.ch\/wp-content\/uploads\/2022\/10\/3.-Organigramme-nouvelle-structure_page-818x460.jpg 818w, https:\/\/www.swisstabletennistest.ch\/wp-content\/uploads\/2022\/10\/3.-Organigramme-nouvelle-structure_page-406x228.jpg 406w, https:\/\/www.swisstabletennistest.ch\/wp-content\/uploads\/2022\/10\/3.-Organigramme-nouvelle-structure_page-270x152.jpg 270w, https:\/\/www.swisstabletennistest.ch\/wp-content\/uploads\/2022\/10\/3.-Organigramme-nouvelle-structure_page.jpg 2000w\" sizes=\"(max-width: 1024px) 100vw, 1024px\" \/><\/a><\/p>\n<p>Organigramme (Version 2022)<\/p>\n","protected":false},"excerpt":{"rendered":"<p>Une f\u00e9d\u00e9ration nationale comme Swiss Table Tennis, c\u2019est plusieurs centaines de clubs et plusieurs milliers de membres. C\u2019est aussi de&hellip;<\/p>\n","protected":false},"author":16,"featured_media":9064,"parent":0,"menu_order":0,"comment_status":"closed","ping_status":"closed","template":"","meta":{"_monsterinsights_skip_tracking":false,"_monsterinsights_sitenote_active":false,"_monsterinsights_sitenote_note":"","_monsterinsights_sitenote_category":0,"footnotes":""},"class_list":["post-2856","page","type-page","status-publish","has-post-thumbnail","hentry"],"_links":{"self":[{"href":"https:\/\/www.swisstabletennistest.ch\/fr\/wp-json\/wp\/v2\/pages\/2856","targetHints":{"allow":["GET"]}}],"collection":[{"href":"https:\/\/www.swisstabletennistest.ch\/fr\/wp-json\/wp\/v2\/pages"}],"about":[{"href":"https:\/\/www.swisstabletennistest.ch\/fr\/wp-json\/wp\/v2\/types\/page"}],"author":[{"embeddable":true,"href":"https:\/\/www.swisstabletennistest.ch\/fr\/wp-json\/wp\/v2\/users\/16"}],"replies":[{"embeddable":true,"href":"https:\/\/www.swisstabletennistest.ch\/fr\/wp-json\/wp\/v2\/comments?post=2856"}],"version-history":[{"count":0,"href":"https:\/\/www.swisstabletennistest.ch\/fr\/wp-json\/wp\/v2\/pages\/2856\/revisions"}],"wp:featuredmedia":[{"embeddable":true,"href":"https:\/\/www.swisstabletennistest.ch\/fr\/wp-json\/wp\/v2\/media\/9064"}],"wp:attachment":[{"href":"https:\/\/www.swisstabletennistest.ch\/fr\/wp-json\/wp\/v2\/media?parent=2856"}],"curies":[{"name":"wp","href":"https:\/\/api.w.org\/{rel}","templated":true}]}}