{"id":2854,"date":"2022-06-15T14:57:55","date_gmt":"2022-06-15T13:57:55","guid":{"rendered":"https:\/\/swisstabletennis.ch\/neu\/?page_id=2854"},"modified":"2023-06-13T14:22:59","modified_gmt":"2023-06-13T12:22:59","slug":"bourse-des-joueurs","status":"publish","type":"page","link":"https:\/\/www.swisstabletennistest.ch\/fr\/bourse-des-joueurs\/","title":{"rendered":"Bourse des joueurs"},"content":{"rendered":"\t\t<div data-elementor-type=\"wp-page\" data-elementor-id=\"2854\" class=\"elementor elementor-2854 elementor-82\" data-elementor-post-type=\"page\">\n\t\t\t\t\t\t<section class=\"elementor-section elementor-top-section elementor-element elementor-element-463bf717 elementor-section-boxed elementor-section-height-default elementor-section-height-default\" data-id=\"463bf717\" data-element_type=\"section\">\n\t\t\t\t\t\t<div class=\"elementor-container elementor-column-gap-extended\">\n\t\t\t\t\t<div class=\"elementor-column elementor-col-100 elementor-top-column elementor-element elementor-element-6b7eca78 sc_inner_width_none sc_layouts_column_icons_position_left\" data-id=\"6b7eca78\" data-element_type=\"column\">\n\t\t\t<div class=\"elementor-widget-wrap elementor-element-populated\">\n\t\t\t\t\t\t<div class=\"elementor-element elementor-element-24108fa7 sc_fly_static elementor-widget elementor-widget-text-editor\" data-id=\"24108fa7\" data-element_type=\"widget\" data-widget_type=\"text-editor.default\">\n\t\t\t\t<div class=\"elementor-widget-container\">\n\t\t\t\t\t\t\t\t\t<h3>Club cherche joueurs<\/h3><h4>CTT MANDEMENT<\/h4><p>Association: AGTT<br \/>Localit\u00e9: Satigny<br \/>Club: CTT MANDEMENT<br \/>Ligue: 1<br \/>Email: <a href=\"mailto:juancvu1@gmail.com\">juancvu1#gmail.com<\/a><br \/>Dur\u00e9e de: 2023-09-01<br \/>Dur\u00e9e \u00e0:<\/p><p>Vous avez la passion du tennis de table et vous aimez la comp\u00e9tition ?<br \/>Vous \u00eates int\u00e9ress\u00e9 par un nouveau challenge ? Venez rejoindre nos \u00e9quipes de 1\u00e8re ligue: objectif mont\u00e9e en LNC !<br \/>Le CTT Mandement saura vous accueillir avec enthousiasme et professionnalisme.<br \/>Entra\u00eenements dirig\u00e9s et coaching personnalis\u00e9 avec des joueurs motiv\u00e9s et un entra\u00eeneur de haut niveau vous aideront \u00e0 performer !<br \/>Contactez-nous d\u00e8s maintenant et \u00e0 tr\u00e8s bient\u00f4t !<\/p><h4>CTT Berne<\/h4><p>Association : MTTV<br \/>Localit\u00e9 : Ville de Berne<br \/>Ligue : 2\u00e8me ligue<br \/>Classement : C ou B<br \/>E-mail : <a href=\"mailto:martin_wittwer@bluewin.ch\">martin_wittwer@bluewin.ch<\/a><br \/>T\u00e9l\u00e9phone : +41 79 629 38 92<br \/>D\u00e9but : Saison 2023\/24<\/p><p>Apr\u00e8s la promotion de notre troisi\u00e8me \u00e9quipe dans la 2\u00e8me ligue, nous serons doublement repr\u00e9sent\u00e9s dans celle-ci la saison prochaine. Nous sommes donc \u00e0 la recherche d&rsquo;un joueur B ou C qui aimerait jouer en 2e ligue dans une \u00e9quipe jeune et motiv\u00e9e avec de grandes ambitions et un bon encadrement (capitaine, coach, chauffeur) au c\u0153ur de la ville de Berne.<\/p><p>Gr\u00e2ce \u00e0 <a href=\"https:\/\/ttcbern.ch\/hallen\/\">deux salles<\/a>, il est possible <a href=\"https:\/\/ttcbern.ch\/training\/\">s&rsquo;entra\u00eener<\/a> 5 fois par semaine au centre de Berne-Wankdorf et de Berne-B\u00fcmpliz. De nombreux partenaires d&rsquo;entra\u00eenement de la 5e ligue \u00e0 la LNB sont disponibles et des entra\u00eenements avec l&rsquo;entra\u00eeneur professionnel Linlin Jin sont \u00e9galement possibles.<\/p><p>En outre, de nouveaux joueurs\/joueuses sont \u00e9galement les bienvenus dans nos nombreuses autres \u00e9quipes de 5e \u00e0 3e ligue messieurs, de 1re ligue dames et de 3e et 1re ligue seniors.<\/p><p>Si tu es int\u00e9ress\u00e9, contacte Martin Wittwer, le manager de l&rsquo;\u00e9quipe.<\/p><h3><strong>Joueur recherche club<\/strong><\/h3><p>Lieu: France<br \/>Nom: Juan Brante<br \/>Email: <a href=\"mailto:juancarlosbrante@gmail.com\">juancarlosbrante@gmail.com<\/a><br \/>T\u00e9l\u00e9phone: +4915224591624<br \/>D\u00e9but: 2023-06-13<br \/>Fin: 2023-06-30<br \/>Hello, I am moving to France near the Swiss border. I am looking for a club to be able to play both leagues, I have competed internationally and also in Germany (regional league, Oberliga). I also work in some table tennis centers in Germany as 2nd Coach<\/p><p>Name: Daniel Gaybakyan<br \/>Ligue: First or second<br \/>Ranking: Number 50 in Italy<br \/>Email: <a href=\"mailto:gaybadaniel@gmail.com\">gaybadaniel@gmail.com<\/a><br \/>Dur\u00e9e de: 2023-08-01<br \/>Dur\u00e9e \u00e0: 2024-08-01<br \/>Hi, my name is Daniel Gaybakyan, I&rsquo;m Bulgarian and I plays in Italy in the second league (A2). At the moment I&rsquo;m number 50 in Italy but I haven&rsquo;t play any tournaments but only play championship! I was looking for a team for make the second championship in Swiss in season 2023\/2024. I have also a YouTube Channel where you can see my level and my matches in Italian and Bulgarian Championship. If you&rsquo;re interested you can send me an email. Thank you and good luck to everyone for the new season!<\/p><p>Name: Jeremy<br \/>Association: Autre<br \/>Localit\u00e9: France<br \/>Club:<br \/>Ligue:<br \/>Classement:<br \/>Email: <a href=\"mailto:loinzjeremy@gmail.com\">loinzjeremy#gmail.com<\/a><br \/>Dur\u00e9e de: 2023-03-19<br \/>Dur\u00e9e \u00e0: 2023-03-26<br \/>Bonjour, Joueur fran\u00e7ais de 21 ans class\u00e9 19 cherche un club qui pourrai l accueillir la saison prochaine. Il joue en N3. Il n a perdu que 3 joueurs en dessous de num\u00e9ro fran\u00e7ais. Il bat r\u00e9guli\u00e8rement des num\u00e9ro entre 1000 fran\u00e7ais et 700 fran\u00e7ais.<br \/>Il est surtout \u00e0 la recherche d un beau projet, d une belle exp\u00e9rience et de belles rencontres.<br \/>Si vous \u00eates int\u00e9ress\u00e9 vous pouvez me contacter par mail<\/p><p>Name: Ravonison Stephen<br \/>Association: Autre<br \/>Localit\u00e9: France<br \/>Club: Fontenay-sous-Bois (94120)<br \/>Ligue: National 2 France<br \/>Classement: N\u00b0400<br \/>Email: <a href=\"mailto:stephenson_aran@hotmail.fr\">stephenson_aran#hotmail.fr<\/a><br \/>Dur\u00e9e de: 2023-09-01<br \/>Dur\u00e9e \u00e0: 2024-06-29<\/p><p>Je suis un joueur fran\u00e7ais et Malgache. J\u2019\u00e9volue en National 2 en France et je fais aussi parti de l\u2019\u00e9quipe de Madagascar. Je dois me pr\u00e9parer pour d\u2019importantes comp\u00e9titions comme le championnat d\u2019Afrique de tennis de table, les Jeux Africains et autres comp\u00e9titions en France.<br \/>Malgr\u00e9 mon \u00e2ge, je cherche toujours la performance. J\u2019\u00e9coute toujours les conseils des coaches et des exp\u00e9riment\u00e9s, notamment celui qui m\u2019a form\u00e9 : Vincent Aumoitte.<br \/>Je compte bien apprendre des victoires et des d\u00e9faites partag\u00e9es avec l\u2019\u00e9quipe que j\u2019int\u00e9grerai.<\/p><p>Je suis disponible par e-mail et par t\u00e9l\u00e9phone (+33 6 09 22 80 52) pour plus d\u2019\u00e9change et de pr\u00e9cisions.<\/p><p>Name: Zakaria Mercade<br \/>Association: Autre<br \/>Localit\u00e9: Italy<br \/>Club: A.S.T.T EUREKA ROMA<br \/>Ligue: Ligue 2<br \/>Classement: 86<br \/>Email: <a href=\"mailto:zackmerc8@gmail.com\">zackmerc8#gmail.com<\/a><br \/>Dur\u00e9e de: 2023-04-30<br \/>Dur\u00e9e \u00e0: 2026-05-31<\/p><p>Je m\u2019appelle Zakaria Mercade je joue en ligue italienne \u00e0 (B2-A2) en France c\u2019est (N2-N1) Je veux trouver un club pour mon niveau pour faire beaucoup de matchs et pour Mons entra\u00eenez beaucoup parce que ici le niveau c\u2019est pas assez sup\u00e9rieur. Je suis int\u00e9ress\u00e9 de mon enlever mon niveau et mon tra\u00eener et jouer beaucoup de matchs. Et m\u00eame je fais le Sparring pour les jours nationaux de l\u2019Italie vraiment je suis int\u00e9ress\u00e9 et c\u2019est \u00e7a le num\u00e9ro de t\u00e9l\u00e9phone m\u00eame pour envoyer des vid\u00e9os (+39 351 5902093) si il y a quelque chose n\u2019h\u00e9sitez pas de me contacter.<\/p>\t\t\t\t\t\t\t\t<\/div>\n\t\t\t\t<\/div>\n\t\t\t\t\t<\/div>\n\t\t<\/div>\n\t\t\t\t\t<\/div>\n\t\t<\/section>\n\t\t\t\t<section class=\"elementor-section elementor-top-section elementor-element elementor-element-69e2dcf elementor-section-boxed elementor-section-height-default elementor-section-height-default\" data-id=\"69e2dcf\" data-element_type=\"section\">\n\t\t\t\t\t\t<div class=\"elementor-container elementor-column-gap-extended\">\n\t\t\t\t\t<div class=\"elementor-column elementor-col-100 elementor-top-column elementor-element elementor-element-df16b9a sc_inner_width_none sc_layouts_column_icons_position_left\" data-id=\"df16b9a\" data-element_type=\"column\">\n\t\t\t<div class=\"elementor-widget-wrap elementor-element-populated\">\n\t\t\t\t\t\t<div class=\"elementor-element elementor-element-84a5986 sc_fly_static elementor-widget elementor-widget-text-editor\" data-id=\"84a5986\" data-element_type=\"widget\" data-widget_type=\"text-editor.default\">\n\t\t\t\t<div class=\"elementor-widget-container\">\n\t\t\t\t\t\t\t\t\t<p><strong>Envoyer une Annonce<\/strong><\/p><p>Votre annonce est gratuite.<br \/>Afin de pr\u00e9server la qualit\u00e9, la r\u00e9daction de vos donn\u00e9es sera examin\u00e9e avant leur publication.<\/p>\t\t\t\t\t\t\t\t<\/div>\n\t\t\t\t<\/div>\n\t\t\t\t\t<\/div>\n\t\t<\/div>\n\t\t\t\t\t<\/div>\n\t\t<\/section>\n\t\t\t\t<section class=\"elementor-section elementor-top-section elementor-element elementor-element-6bd4d86 elementor-section-boxed elementor-section-height-default elementor-section-height-default\" data-id=\"6bd4d86\" data-element_type=\"section\">\n\t\t\t\t\t\t<div class=\"elementor-container elementor-column-gap-extended\">\n\t\t\t\t\t<div class=\"elementor-column elementor-col-100 elementor-top-column elementor-element elementor-element-6b44f70 sc_inner_width_none sc_layouts_column_icons_position_left\" data-id=\"6b44f70\" data-element_type=\"column\">\n\t\t\t<div class=\"elementor-widget-wrap elementor-element-populated\">\n\t\t\t\t\t\t<div class=\"elementor-element elementor-element-a8bba54 elementor-button-align-stretch sc_fly_static elementor-widget elementor-widget-form\" data-id=\"a8bba54\" data-element_type=\"widget\" data-settings=\"{&quot;step_next_label&quot;:&quot;Next&quot;,&quot;step_previous_label&quot;:&quot;Previous&quot;,&quot;button_width&quot;:&quot;100&quot;,&quot;step_type&quot;:&quot;number_text&quot;,&quot;step_icon_shape&quot;:&quot;circle&quot;}\" data-widget_type=\"form.default\">\n\t\t\t\t<div class=\"elementor-widget-container\">\n\t\t\t\t\t\t\t<form class=\"elementor-form\" method=\"post\" name=\"New Form\" aria-label=\"New Form\">\n\t\t\t<input type=\"hidden\" name=\"post_id\" value=\"2854\"\/>\n\t\t\t<input type=\"hidden\" name=\"form_id\" value=\"a8bba54\"\/>\n\t\t\t<input type=\"hidden\" name=\"referer_title\" value=\"Bourse des joueurs\" \/>\n\n\t\t\t\t\t\t\t<input type=\"hidden\" name=\"queried_id\" value=\"2854\"\/>\n\t\t\t\n\t\t\t<div class=\"elementor-form-fields-wrapper elementor-labels-above\">\n\t\t\t\t\t\t\t\t<div class=\"elementor-field-type-radio elementor-field-group elementor-column elementor-field-group-field_5be80f7 elementor-col-100\">\n\t\t\t\t\t<div class=\"elementor-field-subgroup  \"><span class=\"elementor-field-option\"><input type=\"radio\" value=\"Club cherche joueur\" id=\"form-field-field_5be80f7-0\" name=\"form_fields[field_5be80f7]\"> <label for=\"form-field-field_5be80f7-0\">Club cherche joueur<\/label><\/span><span class=\"elementor-field-option\"><input type=\"radio\" value=\"Joueur recherche club\" id=\"form-field-field_5be80f7-1\" name=\"form_fields[field_5be80f7]\"> <label for=\"form-field-field_5be80f7-1\">Joueur recherche club<\/label><\/span><\/div>\t\t\t\t<\/div>\n\t\t\t\t\t\t\t\t<div class=\"elementor-field-type-text elementor-field-group elementor-column elementor-field-group-name elementor-col-100\">\n\t\t\t\t\t\t\t\t\t\t\t\t<label for=\"form-field-name\" class=\"elementor-field-label\">\n\t\t\t\t\t\t\t\tName\t\t\t\t\t\t\t<\/label>\n\t\t\t\t\t\t\t\t\t\t\t\t\t\t<input size=\"1\" type=\"text\" name=\"form_fields[name]\" id=\"form-field-name\" class=\"elementor-field elementor-size-sm  elementor-field-textual\" placeholder=\"Name\">\n\t\t\t\t\t\t\t\t\t\t\t<\/div>\n\t\t\t\t\t\t\t\t<div class=\"elementor-field-type-select elementor-field-group elementor-column elementor-field-group-field_b272868 elementor-col-100\">\n\t\t\t\t\t\t\t\t\t\t\t\t<label for=\"form-field-field_b272868\" class=\"elementor-field-label\">\n\t\t\t\t\t\t\t\tAssociation\t\t\t\t\t\t\t<\/label>\n\t\t\t\t\t\t\t\t<div class=\"elementor-field elementor-select-wrapper remove-before \">\n\t\t\t<div class=\"select-caret-down-wrapper\">\n\t\t\t\t<i aria-hidden=\"true\" class=\"eicon-caret-down\"><\/i>\t\t\t<\/div>\n\t\t\t<select name=\"form_fields[field_b272868]\" id=\"form-field-field_b272868\" class=\"elementor-field-textual elementor-size-sm\">\n\t\t\t\t\t\t\t\t\t<option value=\"AGTT\">AGTT<\/option>\n\t\t\t\t\t\t\t\t\t<option value=\"ANJTT\">ANJTT<\/option>\n\t\t\t\t\t\t\t\t\t<option value=\"ATTT\">ATTT<\/option>\n\t\t\t\t\t\t\t\t\t<option value=\"AVVF\">AVVF<\/option>\n\t\t\t\t\t\t\t\t\t<option value=\"MTTV\">MTTV<\/option>\n\t\t\t\t\t\t\t\t\t<option value=\"NWTTV\">NWTTV<\/option>\n\t\t\t\t\t\t\t\t\t<option value=\"OTTV\">OTTV<\/option>\n\t\t\t\t\t\t\t\t\t<option value=\"TTVI\">TTVI<\/option>\n\t\t\t\t\t\t\t\t\t<option value=\"Autre\">Autre<\/option>\n\t\t\t\t\t\t\t<\/select>\n\t\t<\/div>\n\t\t\t\t\t\t<\/div>\n\t\t\t\t\t\t\t\t<div class=\"elementor-field-type-text elementor-field-group elementor-column elementor-field-group-field_c8304eb elementor-col-100\">\n\t\t\t\t\t\t\t\t\t\t\t\t<label for=\"form-field-field_c8304eb\" class=\"elementor-field-label\">\n\t\t\t\t\t\t\t\tLocalit\u00e9\t\t\t\t\t\t\t<\/label>\n\t\t\t\t\t\t\t\t\t\t\t\t\t\t<input size=\"1\" type=\"text\" name=\"form_fields[field_c8304eb]\" id=\"form-field-field_c8304eb\" class=\"elementor-field elementor-size-sm  elementor-field-textual\" placeholder=\"Localit\u00e9\">\n\t\t\t\t\t\t\t\t\t\t\t<\/div>\n\t\t\t\t\t\t\t\t<div class=\"elementor-field-type-text elementor-field-group elementor-column elementor-field-group-field_b96ccb2 elementor-col-100\">\n\t\t\t\t\t\t\t\t\t\t\t\t<label for=\"form-field-field_b96ccb2\" class=\"elementor-field-label\">\n\t\t\t\t\t\t\t\tClub\t\t\t\t\t\t\t<\/label>\n\t\t\t\t\t\t\t\t\t\t\t\t\t\t<input size=\"1\" type=\"text\" name=\"form_fields[field_b96ccb2]\" id=\"form-field-field_b96ccb2\" class=\"elementor-field elementor-size-sm  elementor-field-textual\" placeholder=\"Club\">\n\t\t\t\t\t\t\t\t\t\t\t<\/div>\n\t\t\t\t\t\t\t\t<div class=\"elementor-field-type-text elementor-field-group elementor-column elementor-field-group-field_e40e2cd elementor-col-100\">\n\t\t\t\t\t\t\t\t\t\t\t\t<label for=\"form-field-field_e40e2cd\" class=\"elementor-field-label\">\n\t\t\t\t\t\t\t\tLigue\t\t\t\t\t\t\t<\/label>\n\t\t\t\t\t\t\t\t\t\t\t\t\t\t<input size=\"1\" type=\"text\" name=\"form_fields[field_e40e2cd]\" id=\"form-field-field_e40e2cd\" class=\"elementor-field elementor-size-sm  elementor-field-textual\" placeholder=\"Ligue\">\n\t\t\t\t\t\t\t\t\t\t\t<\/div>\n\t\t\t\t\t\t\t\t<div class=\"elementor-field-type-text elementor-field-group elementor-column elementor-field-group-field_35e8c8d elementor-col-100\">\n\t\t\t\t\t\t\t\t\t\t\t\t<label for=\"form-field-field_35e8c8d\" class=\"elementor-field-label\">\n\t\t\t\t\t\t\t\tClassement\t\t\t\t\t\t\t<\/label>\n\t\t\t\t\t\t\t\t\t\t\t\t\t\t<input size=\"1\" type=\"text\" name=\"form_fields[field_35e8c8d]\" id=\"form-field-field_35e8c8d\" class=\"elementor-field elementor-size-sm  elementor-field-textual\" placeholder=\"Classement\">\n\t\t\t\t\t\t\t\t\t\t\t<\/div>\n\t\t\t\t\t\t\t\t<div class=\"elementor-field-type-email elementor-field-group elementor-column elementor-field-group-email elementor-col-100 elementor-field-required\">\n\t\t\t\t\t\t\t\t\t\t\t\t<label for=\"form-field-email\" class=\"elementor-field-label\">\n\t\t\t\t\t\t\t\tEmail\t\t\t\t\t\t\t<\/label>\n\t\t\t\t\t\t\t\t\t\t\t\t\t\t<input size=\"1\" type=\"email\" name=\"form_fields[email]\" id=\"form-field-email\" class=\"elementor-field elementor-size-sm  elementor-field-textual\" placeholder=\"Email\" required=\"required\">\n\t\t\t\t\t\t\t\t\t\t\t<\/div>\n\t\t\t\t\t\t\t\t<div class=\"elementor-field-type-date elementor-field-group elementor-column elementor-field-group-field_2b0c0f4 elementor-col-100\">\n\t\t\t\t\t\t\t\t\t\t\t\t<label for=\"form-field-field_2b0c0f4\" class=\"elementor-field-label\">\n\t\t\t\t\t\t\t\tDur\u00e9e de\t\t\t\t\t\t\t<\/label>\n\t\t\t\t\t\t\n\t\t<input type=\"date\" name=\"form_fields[field_2b0c0f4]\" id=\"form-field-field_2b0c0f4\" class=\"elementor-field elementor-size-sm  elementor-field-textual elementor-date-field\" pattern=\"[0-9]{4}-[0-9]{2}-[0-9]{2}\">\n\t\t\t\t\t\t<\/div>\n\t\t\t\t\t\t\t\t<div class=\"elementor-field-type-date elementor-field-group elementor-column elementor-field-group-field_e972bbe elementor-col-100\">\n\t\t\t\t\t\t\t\t\t\t\t\t<label for=\"form-field-field_e972bbe\" class=\"elementor-field-label\">\n\t\t\t\t\t\t\t\tDur\u00e9e \u00e0\t\t\t\t\t\t\t<\/label>\n\t\t\t\t\t\t\n\t\t<input type=\"date\" name=\"form_fields[field_e972bbe]\" id=\"form-field-field_e972bbe\" class=\"elementor-field elementor-size-sm  elementor-field-textual elementor-date-field\" pattern=\"[0-9]{4}-[0-9]{2}-[0-9]{2}\">\n\t\t\t\t\t\t<\/div>\n\t\t\t\t\t\t\t\t<div class=\"elementor-field-type-textarea elementor-field-group elementor-column elementor-field-group-message elementor-col-100\">\n\t\t\t\t\t\t\t\t\t\t\t\t<label for=\"form-field-message\" class=\"elementor-field-label\">\n\t\t\t\t\t\t\t\tTexte de l'annonce\t\t\t\t\t\t\t<\/label>\n\t\t\t\t\t\t<textarea class=\"elementor-field-textual elementor-field  elementor-size-sm\" name=\"form_fields[message]\" id=\"form-field-message\" rows=\"4\" placeholder=\"Message\"><\/textarea>\t\t\t\t<\/div>\n\t\t\t\t\t\t\t\t<div class=\"elementor-field-group elementor-column elementor-field-type-submit elementor-col-100 e-form__buttons\">\n\t\t\t\t\t<button class=\"elementor-button elementor-size-sm\" type=\"submit\">\n\t\t\t\t\t\t<span class=\"elementor-button-content-wrapper\">\n\t\t\t\t\t\t\t\t\t\t\t\t\t\t\t\t\t\t\t\t\t\t<span class=\"elementor-button-text\">Envoyer<\/span>\n\t\t\t\t\t\t\t\t\t\t\t\t\t<\/span>\n\t\t\t\t\t<\/button>\n\t\t\t\t<\/div>\n\t\t\t<\/div>\n\t\t<\/form>\n\t\t\t\t\t\t<\/div>\n\t\t\t\t<\/div>\n\t\t\t\t\t<\/div>\n\t\t<\/div>\n\t\t\t\t\t<\/div>\n\t\t<\/section>\n\t\t\t\t<\/div>\n\t\t","protected":false},"excerpt":{"rendered":"<p>Club cherche joueurs CTT MANDEMENT Association: AGTTLocalit\u00e9: SatignyClub: CTT MANDEMENTLigue: 1Email: juancvu1#gmail.comDur\u00e9e de: 2023-09-01Dur\u00e9e \u00e0: Vous avez la passion du&hellip;<\/p>\n","protected":false},"author":16,"featured_media":13082,"parent":0,"menu_order":0,"comment_status":"closed","ping_status":"closed","template":"","meta":{"_monsterinsights_skip_tracking":false,"_monsterinsights_sitenote_active":false,"_monsterinsights_sitenote_note":"","_monsterinsights_sitenote_category":0,"footnotes":""},"class_list":["post-2854","page","type-page","status-publish","has-post-thumbnail","hentry"],"_links":{"self":[{"href":"https:\/\/www.swisstabletennistest.ch\/fr\/wp-json\/wp\/v2\/pages\/2854","targetHints":{"allow":["GET"]}}],"collection":[{"href":"https:\/\/www.swisstabletennistest.ch\/fr\/wp-json\/wp\/v2\/pages"}],"about":[{"href":"https:\/\/www.swisstabletennistest.ch\/fr\/wp-json\/wp\/v2\/types\/page"}],"author":[{"embeddable":true,"href":"https:\/\/www.swisstabletennistest.ch\/fr\/wp-json\/wp\/v2\/users\/16"}],"replies":[{"embeddable":true,"href":"https:\/\/www.swisstabletennistest.ch\/fr\/wp-json\/wp\/v2\/comments?post=2854"}],"version-history":[{"count":0,"href":"https:\/\/www.swisstabletennistest.ch\/fr\/wp-json\/wp\/v2\/pages\/2854\/revisions"}],"wp:featuredmedia":[{"embeddable":true,"href":"https:\/\/www.swisstabletennistest.ch\/fr\/wp-json\/wp\/v2\/media\/13082"}],"wp:attachment":[{"href":"https:\/\/www.swisstabletennistest.ch\/fr\/wp-json\/wp\/v2\/media?parent=2854"}],"curies":[{"name":"wp","href":"https:\/\/api.w.org\/{rel}","templated":true}]}}