{"id":2850,"date":"2022-06-15T14:51:18","date_gmt":"2022-06-15T13:51:18","guid":{"rendered":"https:\/\/swisstabletennis.ch\/neu\/?page_id=2850"},"modified":"2023-05-02T13:58:26","modified_gmt":"2023-05-02T11:58:26","slug":"cs-seniors","status":"publish","type":"page","link":"https:\/\/www.swisstabletennistest.ch\/fr\/cs-seniors\/","title":{"rendered":"CS Seniors"},"content":{"rendered":"<p><strong>CS seniors du 7 mai 2023 \u00e0 Bienne<\/strong> (Organisateur : CTT Omega)<strong><br \/>\n<\/strong><\/p>\n<ul>\n<li><a href=\"https:\/\/www.swisstabletennistest.ch\/wp-content\/uploads\/2023\/02\/Invitation-CS-Seniors-22-23.pdf\">Invitation<\/a><\/li>\n<li><a href=\"https:\/\/pyngpong.info\/stt-seniors-2023\">Inscription<\/a><\/li>\n<li><a href=\"https:\/\/www.swisstabletennistest.ch\/wp-content\/uploads\/2023\/04\/Discours_president_STT_f.pdf\">Mot de bienvenue &#8211; Pascal Giroud, pr\u00e9sident STT<\/a><\/li>\n<li><a href=\"https:\/\/pyngpong.info\/stt-seniors-2023\/competition\">R\u00e9sultats live<\/a><\/li>\n<\/ul>\n<p><strong><big>Informations importantes :<\/big><\/strong><\/p>\n<ul>\n<li>Les championnats se d\u00e9roulent dans 2 triples salles, l\u2019une au-dessus de l\u2019autre.<\/li>\n<li>Il y aura 38 tables et pour toute la comp\u00e9tition, jusqu\u2019\u00e0 environ 15h00, 5 tables pour s\u2019\u00e9chauffer et jouer qui ne seront pas utilis\u00e9es pour le championnat.<\/li>\n<li>Les matches et les tables seront annonc\u00e9s au microphone pour avoir plus de flexibilit\u00e9 et de mettre les meilleurs matches au meilleur moment sur les meilleures tables.<\/li>\n<li>Lors des doubles, le matin, tous les matches se d\u00e9roulent au niveau 1.<\/li>\n<li>Il y aura une pause de 30 minutes sans matches \u00e0 13h00 pour permettre de rattraper le retard s\u2019il devait y en avoir et de manger pour les officiels.<\/li>\n<li>Il n\u2019y aura qu\u2019une seule session de remise des m\u00e9dailles \u00e0 la fin de la comp\u00e9tition. Nous avons regard\u00e9 si cela pouvait poser un probl\u00e8me pour beaucoup de participants, Nous avons identifi\u00e9 3 joueuses\/joueurs qui participent aux doubles et pas au simple et nous pensons que ce serait dommage de perdre du temps en milieu de journ\u00e9e pour 3 personnes. L\u2019avantage, c\u2019est que nous aurons tous les m\u00e9daill\u00e9s sur une photo et que nous ne jouerons l\u2019hymne national qu\u2019une fois (cela rend la chose un peu plus solennel). En plus tout le monde aura du temps pour manger.<\/li>\n<\/ul>\n<p><strong>CS seniors du 22 mai 2022 \u00e0 M\u00fcnsingen<\/strong><\/p>\n<ul>\n<li><a href=\"https:\/\/pyngpong.info\/stt-seniors-2022\/competition\">R\u00e9sultats<\/a><\/li>\n<\/ul>\n<p><strong>CS seniors du 5\/6 juin 2021 \u00e0 Macolin<\/strong><\/p>\n<p>Annul\u00e9<\/p>\n<p><strong>CS seniors du 16\/17 mai 2020 \u00e0 Macolin<\/strong><\/p>\n<p>Annul\u00e9<\/p>\n","protected":false},"excerpt":{"rendered":"<p>CS seniors du 7 mai 2023 \u00e0 Bienne (Organisateur : CTT Omega) Invitation Inscription Mot de bienvenue &#8211; Pascal Giroud,&hellip;<\/p>\n","protected":false},"author":16,"featured_media":9064,"parent":0,"menu_order":0,"comment_status":"closed","ping_status":"closed","template":"","meta":{"_monsterinsights_skip_tracking":false,"_monsterinsights_sitenote_active":false,"_monsterinsights_sitenote_note":"","_monsterinsights_sitenote_category":0,"footnotes":""},"class_list":["post-2850","page","type-page","status-publish","has-post-thumbnail","hentry"],"_links":{"self":[{"href":"https:\/\/www.swisstabletennistest.ch\/fr\/wp-json\/wp\/v2\/pages\/2850","targetHints":{"allow":["GET"]}}],"collection":[{"href":"https:\/\/www.swisstabletennistest.ch\/fr\/wp-json\/wp\/v2\/pages"}],"about":[{"href":"https:\/\/www.swisstabletennistest.ch\/fr\/wp-json\/wp\/v2\/types\/page"}],"author":[{"embeddable":true,"href":"https:\/\/www.swisstabletennistest.ch\/fr\/wp-json\/wp\/v2\/users\/16"}],"replies":[{"embeddable":true,"href":"https:\/\/www.swisstabletennistest.ch\/fr\/wp-json\/wp\/v2\/comments?post=2850"}],"version-history":[{"count":0,"href":"https:\/\/www.swisstabletennistest.ch\/fr\/wp-json\/wp\/v2\/pages\/2850\/revisions"}],"wp:featuredmedia":[{"embeddable":true,"href":"https:\/\/www.swisstabletennistest.ch\/fr\/wp-json\/wp\/v2\/media\/9064"}],"wp:attachment":[{"href":"https:\/\/www.swisstabletennistest.ch\/fr\/wp-json\/wp\/v2\/media?parent=2850"}],"curies":[{"name":"wp","href":"https:\/\/api.w.org\/{rel}","templated":true}]}}