{"id":2847,"date":"2022-06-15T14:36:32","date_gmt":"2022-06-15T13:36:32","guid":{"rendered":"https:\/\/swisstabletennis.ch\/neu\/?page_id=2847"},"modified":"2023-05-26T11:40:19","modified_gmt":"2023-05-26T09:40:19","slug":"cs-jeunesse","status":"publish","type":"page","link":"https:\/\/www.swisstabletennistest.ch\/fr\/cs-jeunesse\/","title":{"rendered":"CS Jeunesse"},"content":{"rendered":"<p><strong>CS Jeunesse du 20\/21 avril 2024 \u00e0 Lyss<\/strong><\/p>\n<ul>\n<li>Samedi, 20 avril : U15\/U17\/U19<\/li>\n<li>Dimanche, 21 avril : U11\/U13<\/li>\n<li>Informations suppl\u00e9mentaires \u00e0 suivre pendant la saison 2023\/24<\/li>\n<\/ul>\n<hr \/>\n<p><strong>CS Jeunesse du 22\/23 avril 2023 \u00e0 Ch\u00e2telaine &#8211; Gen\u00e8ve<\/strong> (Organisateur: CTT ZZ-Lancy)<\/p>\n<p><strong><a href=\"https:\/\/csj2023.pyngpong.info\/\">Page d&rsquo;accueil officielle<\/a><\/strong><\/p>\n<ul>\n<li><a href=\"https:\/\/pyngpong.info\/stt-juniors-2023\/competition\">R\u00e9sultats<\/a><\/li>\n<li><a href=\"https:\/\/flic.kr\/s\/aHBqjAAZ2x\">Photos (Samedi U15\/U17\/U19)<\/a><\/li>\n<li><a href=\"https:\/\/flic.kr\/s\/aHBqjAAXY9\">Photos (Dimanche U11\/U13)<\/a><\/li>\n<li><a href=\"https:\/\/www.swisstabletennistest.ch\/wp-content\/uploads\/2023\/04\/Teilnehmerliste-CSJ-2023.pdf\">Liste des participants<\/a><\/li>\n<li><a href=\"https:\/\/www.swisstabletennistest.ch\/wp-content\/uploads\/2023\/04\/Brochure-CSJ-2023.pdf\">Brochure<\/a><\/li>\n<li><a href=\"https:\/\/www.youtube.com\/@swisstabletennis4064\/playlists\">Re-Live-Streaming<\/a><\/li>\n<\/ul>\n<p><strong>CS Jeunesse du 2\/3 avril 2022 \u00e0 Lyss<\/strong><\/p>\n<ul>\n<li><a class=\"wf_file\" href=\"https:\/\/www.swisstabletennistest.ch\/wp-content\/uploads\/2022\/04\/Teilnehmerliste_CSJ_2022.pdf\" target=\"_blank\" rel=\"noopener\">Participants<\/a><\/li>\n<li><a href=\"https:\/\/pyngpong.info\/stt-juniors-2022\/competition\">R\u00e9sultats<\/a><\/li>\n<li><a href=\"https:\/\/www.flickr.com\/photos\/142862027@N07\/albums\/72177720297873422\">Photos samedi<\/a><\/li>\n<li><a href=\"https:\/\/www.flickr.com\/photos\/142862027@N07\/albums\/72177720297871390\">Photos dimanche<\/a><\/li>\n<li><a href=\"https:\/\/www.youtube.com\/playlist?list=PL688p_Bb3oA2FEz4G3_99J_0vDbl4U8T3\">Re-Live-Streaming<\/a>\u00a0(Youtube)<\/li>\n<\/ul>\n<p><strong>CS Jeunesse du 11\/12 septembre 2021 \u00e0 La Chaux-de-Fonds<br \/>\n<\/strong><\/p>\n<ul>\n<li><strong><a href=\"https:\/\/pyngpong.info\/stt-juniors-2021\">R\u00e9sultats<\/a><\/strong><\/li>\n<li><a class=\"wf_file\" href=\"https:\/\/www.swisstabletennistest.ch\/wp-content\/uploads\/2022\/04\/Teilnehmerliste_CSJ_2021.pdf\" target=\"_blank\" rel=\"noopener\">Liste des participants<\/a><\/li>\n<li><a href=\"https:\/\/www.sttjeunesse2021.ch\/\">Page d&rsquo;accueil officielle<\/a><\/li>\n<li><a class=\"wf_file\" href=\"https:\/\/www.swisstabletennistest.ch\/wp-content\/uploads\/2022\/04\/Broschuere_DF_compressed.pdf\" target=\"_blank\" rel=\"noopener\"><span class=\"wf_file_text\">Brochure<\/span><\/a><\/li>\n<\/ul>\n<p><strong>CS Jeunesse du 12\/13 septembre 2020 \u00e0 Schaffhouse<br \/>\n<\/strong><\/p>\n<p>Annul\u00e9<\/p>\n<p><strong>CS Jeunesse du 30\/31 mars 2019 \u00e0 La Chaux-de-Fonds<\/strong><\/p>\n<ul>\n<li><a href=\"https:\/\/pyngpong.info\/events\/competition\/?event=CSJ2019\">R\u00e9sultats<\/a><\/li>\n<li><a href=\"https:\/\/www.dropbox.com\/home\/NW%20SM%202019_Samstag_internet\">Photos Ren\u00e9 Zwald &#8211; Samedi<\/a><\/li>\n<li><a href=\"https:\/\/www.dropbox.com\/scl\/fo\/p0yp0h5p82ukxe4zcnewc\/AADKUXGtriqyL4CLYMjVxZAOa?dl=0&amp;oref=e&amp;r=AA2r_47G2RbAVyZ9JsTEqOMXnVj4xJhpHerUSLJSm8X6fG70C5MVi1HszUs6pLDQFR-gAKGD8EB_R6E2j9q6ut3wo1W7-OLlf2pyfxJmM5xwJPPH3J0QFgqquQVaygjk8yX1tyJDR-alkLF05bmd6GarAAKiHbHc-6X9g2fdzcQPaqXDVsrr7sCfAS3PTvb4Qz0&amp;sm=1\">Photos Ren\u00e9 Zwald &#8211; Dimanche<\/a><\/li>\n<li><a href=\"https:\/\/photos.google.com\/share\/AF1QipPiSp6LkzFspZ_W7_rclrVFR5p_InoIX-gqLZs7y-XP702M8nxX8jfrE9AVdlodEw?key=TEtReUtZcE9iWVF1YVhueFEtMmNXU3lOM0NCNnZB\">Photos ANJTT<\/a><\/li>\n<\/ul>\n<p><strong>CS Jeunesse du 14\/15 avril 2018 \u00e0 Olten<\/strong><\/p>\n<ul>\n<li><a href=\"https:\/\/pyngpong.info\/pyngpong.php?content=tournaments-stt-csj2018\">R\u00e9sultats<\/a><\/li>\n<li><a href=\"https:\/\/www.facebook.com\/pg\/swisstabletennis\/photos\/?tab=album&amp;album_id=1770466233013347\">Photos samedi<\/a><\/li>\n<li><a href=\"https:\/\/www.facebook.com\/pg\/swisstabletennis\/photos\/?tab=album&amp;album_id=1770498366343467\">Photos dimanche<\/a><\/li>\n<\/ul>\n<p><strong>Archives<br \/>\n<\/strong><\/p>\n<ul>\n<li><a href=\"http:\/\/click-tt.ch\/cgi-bin\/WebObjects\/nuLigaTTCH.woa\/1\/wa\/tournamentCalendarDetail?tournament=81303&amp;federation=STT&amp;preferredLanguage=French\">CS Jeunesse du 01 \/ 02 avril 2017 \u00e0 La Chaux-de-Fonds<\/a><\/li>\n<li><a href=\"http:\/\/click-tt.ch\/cgi-bin\/WebObjects\/nuLigaTTCH.woa\/3\/wa\/tournamentCalendarDetail?tournament=79303&amp;federation=STT&amp;date=2016-04-01&amp;preferredLanguage=French\">CS Jeunesse du 30 avril \/ 01 mai 2016 \u00e0 Domdidier<\/a><\/li>\n<li><a href=\"https:\/\/www.click-tt.ch\/cgi-bin\/WebObjects\/nuLigaTTCH.woa\/wa\/tournamentCalendarDetail?tournament=76743&amp;federation=STT&amp;date=2015-03-01\">CS Jeunesse du 28 mars 2015 \u00e0 Port (U11\/U13)<\/a><\/li>\n<li><a href=\"https:\/\/www.click-tt.ch\/cgi-bin\/WebObjects\/nuLigaTTCH.woa\/wa\/tournamentCalendarDetail?tournament=76744&amp;federation=STT&amp;date=2015-03-01\">CS Jeunesse du 29 mars 2015 \u00e0 Port (U15\/U18)<\/a><\/li>\n<\/ul>\n","protected":false},"excerpt":{"rendered":"<p>CS Jeunesse du 20\/21 avril 2024 \u00e0 Lyss Samedi, 20 avril : U15\/U17\/U19 Dimanche, 21 avril : U11\/U13 Informations suppl\u00e9mentaires&hellip;<\/p>\n","protected":false},"author":16,"featured_media":1420,"parent":0,"menu_order":0,"comment_status":"closed","ping_status":"closed","template":"","meta":{"_monsterinsights_skip_tracking":false,"_monsterinsights_sitenote_active":false,"_monsterinsights_sitenote_note":"","_monsterinsights_sitenote_category":0,"footnotes":""},"class_list":["post-2847","page","type-page","status-publish","has-post-thumbnail","hentry"],"_links":{"self":[{"href":"https:\/\/www.swisstabletennistest.ch\/fr\/wp-json\/wp\/v2\/pages\/2847","targetHints":{"allow":["GET"]}}],"collection":[{"href":"https:\/\/www.swisstabletennistest.ch\/fr\/wp-json\/wp\/v2\/pages"}],"about":[{"href":"https:\/\/www.swisstabletennistest.ch\/fr\/wp-json\/wp\/v2\/types\/page"}],"author":[{"embeddable":true,"href":"https:\/\/www.swisstabletennistest.ch\/fr\/wp-json\/wp\/v2\/users\/16"}],"replies":[{"embeddable":true,"href":"https:\/\/www.swisstabletennistest.ch\/fr\/wp-json\/wp\/v2\/comments?post=2847"}],"version-history":[{"count":0,"href":"https:\/\/www.swisstabletennistest.ch\/fr\/wp-json\/wp\/v2\/pages\/2847\/revisions"}],"wp:featuredmedia":[{"embeddable":true,"href":"https:\/\/www.swisstabletennistest.ch\/fr\/wp-json\/wp\/v2\/media\/1420"}],"wp:attachment":[{"href":"https:\/\/www.swisstabletennistest.ch\/fr\/wp-json\/wp\/v2\/media?parent=2847"}],"curies":[{"name":"wp","href":"https:\/\/api.w.org\/{rel}","templated":true}]}}