{"id":2827,"date":"2022-06-15T12:09:03","date_gmt":"2022-06-15T11:09:03","guid":{"rendered":"https:\/\/swisstabletennis.ch\/neu\/?page_id=2827"},"modified":"2023-02-02T10:26:18","modified_gmt":"2023-02-02T09:26:18","slug":"reglements","status":"publish","type":"page","link":"https:\/\/www.swisstabletennistest.ch\/fr\/reglements\/","title":{"rendered":"R\u00e8glements"},"content":{"rendered":"<ul>\n<li><a href=\"https:\/\/www.swisstabletennistest.ch\/wp-content\/uploads\/2022\/11\/Statuten_Stand-02.11.22_F.pdf\">Statuts<\/a> (\u00e9tat : AD 09.2022)<\/li>\n<li><a href=\"https:\/\/www.swisstabletennistest.ch\/wp-content\/uploads\/2022\/11\/Finanzreglement_Stand-02.11.22_F.pdf\">R\u00e8glement financier<\/a> (\u00e9tat : 26.10.2022)*<\/li>\n<li><a href=\"https:\/\/www.swisstabletennistest.ch\/wp-content\/uploads\/2022\/10\/Lois-du-tennis-de-table.pdf\">Lois du tennis de table<\/a><\/li>\n<li><a href=\"https:\/\/www.swisstabletennistest.ch\/wp-content\/uploads\/2022\/10\/Reglement-pour-les-competitions-internationales.pdf\">R\u00e8glement pour les comp\u00e9titions internationales<\/a><\/li>\n<li><a href=\"https:\/\/www.swisstabletennistest.ch\/wp-content\/uploads\/2022\/10\/Directives-dopage.pdf\">Directives dopage<\/a><\/li>\n<li><a href=\"https:\/\/www.swisstabletennistest.ch\/wp-content\/uploads\/2023\/01\/Sportreglement_Stand-25.01.23_F.pdf\">R\u00e8glement sportif<\/a> (\u00e9tat : 25.1.2023)<\/li>\n<li><a href=\"https:\/\/www.swisstabletennistest.ch\/wp-content\/uploads\/2022\/10\/Reglement-de-la-ligue-nationale.pdf\">R\u00e8glement de la ligue nationale<\/a><\/li>\n<li><a href=\"https:\/\/www.swisstabletennistest.ch\/wp-content\/uploads\/2022\/10\/Directives-ligues-nationales.pdf\">Directives ligues nationales<\/a><\/li>\n<li><a href=\"https:\/\/www.swisstabletennistest.ch\/wp-content\/uploads\/2022\/10\/Directives-Coupe-Suisse.pdf\">Directives Coupe Suisse<\/a><\/li>\n<li><a href=\"https:\/\/www.swisstabletennistest.ch\/wp-content\/uploads\/2022\/10\/Directives-TC-Elite-et-Jeunesse.pdf\">Directives TC Elite et Jeunesse<\/a><\/li>\n<li><a href=\"https:\/\/www.swisstabletennistest.ch\/wp-content\/uploads\/2022\/10\/Reglement-arbitres.pdf\">R\u00e8glement arbitres<\/a><\/li>\n<li><a href=\"https:\/\/www.swisstabletennistest.ch\/wp-content\/uploads\/2022\/10\/Directives-formation-formation-continue-et-engagements-des-juges-arbitres-et-des-arbitres.pdf\">Directives formation, formation continue et engagements des juges-arbitres et des arbitres<\/a><\/li>\n<li><a href=\"https:\/\/www.swisstabletennistest.ch\/wp-content\/uploads\/2022\/10\/Reglement-entraineurs.pdf\">R\u00e8glement entra\u00eeneurs<\/a><\/li>\n<li><a href=\"https:\/\/www.swisstabletennistest.ch\/wp-content\/uploads\/2022\/10\/Reglement-des-recours.pdf\">R\u00e8glement des recours<\/a><\/li>\n<li><a href=\"https:\/\/www.swisstabletennistest.ch\/wp-content\/uploads\/2022\/10\/Directives-Gubler-School-Trophy.pdf\">Directives Gubler School Trophy<\/a><\/li>\n<li><a href=\"https:\/\/www.swisstabletennistest.ch\/wp-content\/uploads\/2022\/10\/Reglementation-sur-les-attributions-honorifiques.pdf\">R\u00e9glementation sur les attributions honorifiques<\/a><\/li>\n<\/ul>\n<p>En raison d&rsquo;une erreur d&rsquo;impression, la page 68 ne figure pas dans la version imprim\u00e9e de l&rsquo;annuaire.<\/p>\n","protected":false},"excerpt":{"rendered":"<p>Statuts (\u00e9tat : AD 09.2022) R\u00e8glement financier (\u00e9tat : 26.10.2022)* Lois du tennis de table R\u00e8glement pour les comp\u00e9titions internationales&hellip;<\/p>\n","protected":false},"author":16,"featured_media":9064,"parent":0,"menu_order":0,"comment_status":"closed","ping_status":"closed","template":"","meta":{"_monsterinsights_skip_tracking":false,"_monsterinsights_sitenote_active":false,"_monsterinsights_sitenote_note":"","_monsterinsights_sitenote_category":0,"footnotes":""},"class_list":["post-2827","page","type-page","status-publish","has-post-thumbnail","hentry"],"_links":{"self":[{"href":"https:\/\/www.swisstabletennistest.ch\/fr\/wp-json\/wp\/v2\/pages\/2827","targetHints":{"allow":["GET"]}}],"collection":[{"href":"https:\/\/www.swisstabletennistest.ch\/fr\/wp-json\/wp\/v2\/pages"}],"about":[{"href":"https:\/\/www.swisstabletennistest.ch\/fr\/wp-json\/wp\/v2\/types\/page"}],"author":[{"embeddable":true,"href":"https:\/\/www.swisstabletennistest.ch\/fr\/wp-json\/wp\/v2\/users\/16"}],"replies":[{"embeddable":true,"href":"https:\/\/www.swisstabletennistest.ch\/fr\/wp-json\/wp\/v2\/comments?post=2827"}],"version-history":[{"count":0,"href":"https:\/\/www.swisstabletennistest.ch\/fr\/wp-json\/wp\/v2\/pages\/2827\/revisions"}],"wp:featuredmedia":[{"embeddable":true,"href":"https:\/\/www.swisstabletennistest.ch\/fr\/wp-json\/wp\/v2\/media\/9064"}],"wp:attachment":[{"href":"https:\/\/www.swisstabletennistest.ch\/fr\/wp-json\/wp\/v2\/media?parent=2827"}],"curies":[{"name":"wp","href":"https:\/\/api.w.org\/{rel}","templated":true}]}}