{"id":2824,"date":"2022-06-15T12:07:16","date_gmt":"2022-06-15T11:07:16","guid":{"rendered":"https:\/\/swisstabletennis.ch\/neu\/?page_id=2824"},"modified":"2023-03-03T13:56:48","modified_gmt":"2023-03-03T12:56:48","slug":"presse","status":"publish","type":"page","link":"https:\/\/www.swisstabletennistest.ch\/fr\/presse\/","title":{"rendered":"Presse"},"content":{"rendered":"<p><strong>Contact m\u00e9dia :<\/strong><\/p>\n<p>Raouf Morsi<\/p>\n<p><span id=\"cloakde2bab5dacc1fb51dad221ba36df1da2\"><a href=\"mailto:raouf.morsi@swisstabletennis.ch\">raouf.morsi#swisstabletennis.ch<\/a><\/span><\/p>\n<p>031 359 73 90<\/p>\n<p>&nbsp;<\/p>\n<p><strong>CS Elite Burgdorf 2023 :<\/strong><\/p>\n<p><a href=\"https:\/\/flic.kr\/s\/aHBqjzF8Lp\">Album photo 2022<\/a><\/p>\n<p><a href=\"https:\/\/www.swisstabletennistest.ch\/wp-content\/uploads\/2022\/02\/swiss-table-tennis-logo.svg\">Logo STT<\/a><\/p>\n<p><a href=\"https:\/\/www.swisstabletennistest.ch\/wp-content\/uploads\/2023\/03\/logoburgdorf-1.jpg\">Logo Burgdorf 2023<\/a><\/p>\n<p><a href=\"https:\/\/www.swisstabletennistest.ch\/wp-content\/uploads\/2023\/03\/logoburgdorf_trans.png\">Logo Burgdorf 2023<\/a> (transparent)<\/p>\n<p>&nbsp;<\/p>\n<p><strong>Communiqu\u00e9s de presse :<\/strong><\/p>\n<p><a href=\"https:\/\/www.swisstabletennistest.ch\/wp-content\/uploads\/images\/8_Medien\/Medienmitteilungen\/22-05-12_Communiqu_de_presse_Superfinale.pdf\" target=\"_blank\" rel=\"noopener\">Superfinale 2022<\/a>\u00a0(24. Mai 2022)<\/p>\n<p>&nbsp;<\/p>\n<p><strong>Anciens communiqu\u00e9s de presse :<\/strong><\/p>\n<p><span class=\"wf_file_text\"><a href=\"https:\/\/www.swisstabletennistest.ch\/wp-content\/uploads\/images\/8_Medien\/Medienmitteilungen\/Communiqu%C3%A9_de_presse_-_Une_qualification_aux_Jeux_Olympiques_pour_les_90_ans_de_la_F%C3%A9d%C3%A9ration.pdf\" target=\"_blank\" rel=\"noopener\">Une qualification aux Jeux Olympiques pour les 90 ans de la F\u00e9d\u00e9ration<\/a>\u00a0(14 juillet 2021)<\/span><\/p>\n<p><a href=\"https:\/\/www.swisstabletennistest.ch\/wp-content\/uploads\/images\/Communique_de_presse_CS_jeunesses_2017.pdf\">CS Jeunesse 2017\u00a0<\/a>(3 avrill 2017)<\/p>\n<p><a href=\"https:\/\/www.swisstabletennistest.ch\/wp-content\/uploads\/images\/Communiq%C3%A9_de_presse_Swiss_Table_Tennis.pdf\">CS Elite 2017\u00a0<\/a>(6 mars 2017)<\/p>\n<p><a href=\"https:\/\/www.swisstabletennistest.ch\/wp-content\/uploads\/images\/Communiqu%C3%A9_de_Presse_Macolin.pdf\">Qualification CE par \u00e9quipe \u00e0 Macolin\u00a0<\/a>(11 novembre 2016)<\/p>\n<p>&nbsp;<\/p>\n<p><strong>Photos:<\/strong><\/p>\n<p><a href=\"https:\/\/www.flickr.com\/photos\/142862027@N07\/albums\/72157712027802868\">Top 24 Jeunesse 2019<\/a><\/p>\n<p><a href=\"https:\/\/www.flickr.com\/photos\/142862027@N07\/albums\/72157703824577162\">CS Elite 2019<\/a><\/p>\n<p><a href=\"https:\/\/www.flickr.com\/photos\/142862027@N07\/albums\/72157689430984553\">CCB Europe Top 16 2019<\/a><\/p>\n<p>&nbsp;<\/p>\n<p><em>N&rsquo;avez vous pas trouv\u00e9 une photo pour votre article?<\/em><\/p>\n<p><em>Nous avons une grande archive d&rsquo;images et sommes heureux de vous aider \u00e0 trouver la bonne image pour votre article.<\/em><\/p>\n<p>&nbsp;<\/p>\n<p><em>Toutes les photos peuvent \u00eatre utilis\u00e9es avec la r\u00e9f\u00e9rence source\u00a0<strong>\u00ab\u00a0Ren\u00e9 Zwald\/STT\u00a0\u00bb<\/strong>.<\/em><\/p>\n","protected":false},"excerpt":{"rendered":"<p>Contact m\u00e9dia : Raouf Morsi raouf.morsi#swisstabletennis.ch 031 359 73 90 &nbsp; CS Elite Burgdorf 2023 : Album photo 2022 Logo&hellip;<\/p>\n","protected":false},"author":16,"featured_media":9064,"parent":0,"menu_order":0,"comment_status":"closed","ping_status":"closed","template":"","meta":{"_monsterinsights_skip_tracking":false,"_monsterinsights_sitenote_active":false,"_monsterinsights_sitenote_note":"","_monsterinsights_sitenote_category":0,"footnotes":""},"class_list":["post-2824","page","type-page","status-publish","has-post-thumbnail","hentry"],"_links":{"self":[{"href":"https:\/\/www.swisstabletennistest.ch\/fr\/wp-json\/wp\/v2\/pages\/2824","targetHints":{"allow":["GET"]}}],"collection":[{"href":"https:\/\/www.swisstabletennistest.ch\/fr\/wp-json\/wp\/v2\/pages"}],"about":[{"href":"https:\/\/www.swisstabletennistest.ch\/fr\/wp-json\/wp\/v2\/types\/page"}],"author":[{"embeddable":true,"href":"https:\/\/www.swisstabletennistest.ch\/fr\/wp-json\/wp\/v2\/users\/16"}],"replies":[{"embeddable":true,"href":"https:\/\/www.swisstabletennistest.ch\/fr\/wp-json\/wp\/v2\/comments?post=2824"}],"version-history":[{"count":0,"href":"https:\/\/www.swisstabletennistest.ch\/fr\/wp-json\/wp\/v2\/pages\/2824\/revisions"}],"wp:featuredmedia":[{"embeddable":true,"href":"https:\/\/www.swisstabletennistest.ch\/fr\/wp-json\/wp\/v2\/media\/9064"}],"wp:attachment":[{"href":"https:\/\/www.swisstabletennistest.ch\/fr\/wp-json\/wp\/v2\/media?parent=2824"}],"curies":[{"name":"wp","href":"https:\/\/api.w.org\/{rel}","templated":true}]}}