{"id":2822,"date":"2022-06-15T12:02:41","date_gmt":"2022-06-15T11:02:41","guid":{"rendered":"https:\/\/swisstabletennis.ch\/neu\/?page_id=2822"},"modified":"2022-07-01T11:04:50","modified_gmt":"2022-07-01T10:04:50","slug":"play-it-les-best-practises-du-tennis-de-table","status":"publish","type":"page","link":"https:\/\/www.swisstabletennistest.ch\/fr\/play-it-les-best-practises-du-tennis-de-table\/","title":{"rendered":"Play it &#8211; Les \u00ab\u00a0Best practises\u00a0\u00bb du tennis de table"},"content":{"rendered":"<p><strong>Play it \u2013 Les \u00ab\u00a0best practises du tennis de table\u00a0\u00bb<\/strong>\u00a0recueille des id\u00e9es du tennis de table dans le domaine du Sport de loisirs et les met ici \u00e0 la disposition de toutes les personnes int\u00e9ress\u00e9es. Notre objectif est de densifier le r\u00e9seau et d&rsquo;\u00e9changer les id\u00e9es dans le domaine du Sport de loisirs en tennis de table en Suisse. On souhaite en outre offrir une vue d&rsquo;ensemble des projets, \u00e9v\u00e9nements, tournois et activit\u00e9s qui existent dans le domaine du Sport de loisirs en Suisse.<\/p>\n<p>Es-tu membre d&rsquo;un club, entra\u00eeneur ou un autre individu fou du tennis de table qui a d\u00e9j\u00e0 pr\u00e9par\u00e9 et organis\u00e9 un \u00e9v\u00e9nement, un cours ou une autre manifestation en relation avec le tennis de table ? Dans ce cas, n&rsquo;h\u00e9site pas \u00e0 nous envoyer ton \u00e9v\u00e9nement, ton id\u00e9e ou ta manifestation \u00e9galement:\u00a0<span id=\"cloakcc96e530c731e5f72b24453d3a1dba2d\"><a href=\"mailto:info@swisstabletennis.ch\">info#swisstabletennis.ch<\/a><\/span><\/p>\n<p>&nbsp;<\/p>\n<p><strong>Best practises:<\/strong><\/p>\n<p>&nbsp;<\/p>\n<p><a class=\"wf_file\" href=\"https:\/\/www.swisstabletennistest.ch\/wp-content\/uploads\/2022\/04\/Best_Practices_-_Mise_en_place_des_salons_et_presentation.pdf\" target=\"_blank\" rel=\"noopener\"><img decoding=\"async\" class=\"wf_file_icon\" src=\"https:\/\/www.swisstabletennistest.ch\/wp-content\/uploads\/media\/jce\/icons\/pdf.png\" alt=\"pdf\" \/><span class=\"wf_file_text\">Best Practices &#8211; Mise en place des salons et pr\u00e9sentation<\/span><\/a><\/p>\n<p><a class=\"wf_file\" href=\"https:\/\/www.swisstabletennistest.ch\/wp-content\/uploads\/2022\/01\/tournoi_populaire_dans_une_piscine_publique.pdf\" target=\"_blank\" rel=\"noopener noreferrer\"><img decoding=\"async\" class=\"wf_file_icon\" src=\"https:\/\/www.swisstabletennistest.ch\/wp-content\/uploads\/media\/jce\/icons\/pdf.png\" alt=\"pdf\" \/><span class=\"wf_file_text\">Best Practices &#8211; Tournoi populaire dans une piscine publique<\/span><\/a><\/p>\n<p><a class=\"wf_file\" href=\"https:\/\/www.swisstabletennistest.ch\/wp-content\/uploads\/2022\/01\/Coupe_de_tennis_de_table_au_centre_commercial.pdf\" target=\"_blank\" rel=\"noopener noreferrer\"><img decoding=\"async\" class=\"wf_file_icon\" src=\"https:\/\/www.swisstabletennistest.ch\/wp-content\/uploads\/media\/jce\/icons\/pdf.png\" alt=\"pdf\" \/><span class=\"wf_file_text\">Best Practices &#8211; Tournoi populaire avec un\u00a0centre commercial comme sponsor<\/span><\/a><\/p>\n<p><a class=\"wf_file\" href=\"https:\/\/www.swisstabletennistest.ch\/wp-content\/uploads\/2022\/01\/Semaine_dentrainement_de_tennis_de_table.pdf\" target=\"_blank\" rel=\"noopener noreferrer\"><img decoding=\"async\" class=\"wf_file_icon\" src=\"https:\/\/www.swisstabletennistest.ch\/wp-content\/uploads\/media\/jce\/icons\/pdf.png\" alt=\"pdf\" \/><span class=\"wf_file_text\">Best Practices &#8211; Semaine d\u2019entra\u00eenement de tennis de table<\/span><\/a><\/p>\n<p><a class=\"wf_file\" href=\"https:\/\/www.swisstabletennistest.ch\/wp-content\/uploads\/2022\/01\/AGTT_lecole__association.pdf\" target=\"_blank\" rel=\"noopener noreferrer\"><img decoding=\"async\" class=\"wf_file_icon\" src=\"https:\/\/www.swisstabletennistest.ch\/wp-content\/uploads\/media\/jce\/icons\/pdf.png\" alt=\"pdf\" \/><span class=\"wf_file_text\">Best Practices &#8211; L&rsquo;\u00e9cole + association<\/span><\/a><\/p>\n<p><a class=\"wf_file\" href=\"https:\/\/www.swisstabletennistest.ch\/wp-content\/uploads\/2022\/01\/Presentation_du_club_dans_le_cadre_dune_fete.pdf\" target=\"_blank\" rel=\"noopener\"><img decoding=\"async\" class=\"wf_file_icon\" src=\"https:\/\/www.swisstabletennistest.ch\/wp-content\/uploads\/media\/jce\/icons\/pdf.png\" alt=\"pdf\" \/><span class=\"wf_file_text\">Best Practices &#8211; Pr\u00e9sentation du club dans le cadre d&rsquo;une f\u00eate<\/span><\/a><\/p>\n<p><a class=\"wf_file\" href=\"https:\/\/www.swisstabletennistest.ch\/wp-content\/uploads\/2022\/01\/Best_Practice_-_Frenkendorf-Fullinsdorf_f.pdf\" target=\"_blank\" rel=\"noopener\"><img decoding=\"async\" class=\"wf_file_icon\" src=\"https:\/\/www.swisstabletennistest.ch\/wp-content\/uploads\/media\/jce\/icons\/pdf.png\" alt=\"pdf\" \/><span class=\"wf_file_text\">Best Practices &#8211; Respirez l\u2019air du tennis de table<\/span><\/a><\/p>\n<p><a class=\"wf_file\" href=\"https:\/\/www.swisstabletennistest.ch\/wp-content\/uploads\/2022\/01\/Dossier_MTTV_Oberwald_f.pdf\" target=\"_blank\" rel=\"noopener\"><img decoding=\"async\" class=\"wf_file_icon\" src=\"https:\/\/www.swisstabletennistest.ch\/wp-content\/uploads\/media\/jce\/icons\/pdf.png\" alt=\"pdf\" \/><span class=\"wf_file_text\">Best Practices &#8211; Camp d&rsquo;entra\u00eenement (example MTTV Oberwald)<\/span><\/a><\/p>\n<p><a href=\"https:\/\/www.swisstabletennistest.ch\/wp-content\/uploads\/images\/Best_Practices_-_STT_visite_les_clubs.pdf\"><img decoding=\"async\" class=\"wf_file_icon\" src=\"https:\/\/www.swisstabletennistest.ch\/wp-content\/uploads\/media\/jce\/icons\/pdf.png\" alt=\"pdf\" \/><\/a><a class=\"wf_file\" title=\"Best Practices - STT visite les clubs.pdf\" href=\"https:\/\/www.swisstabletennistest.ch\/wp-content\/uploads\/2022\/01\/Best_Practices_-_STT_visite_les_clubs.pdf\" type=\"application\/pdf\">Best Practices &#8211; STT visite les clubs.pdf<\/a><\/p>\n<p><a class=\"wf_file\" href=\"https:\/\/www.swisstabletennistest.ch\/wp-content\/uploads\/2022\/01\/Best_Practice_-_Handbuecher_TTC_Bern.pdf\" target=\"_blank\" rel=\"noopener\"><img decoding=\"async\" class=\"wf_file_icon\" src=\"https:\/\/www.swisstabletennistest.ch\/wp-content\/uploads\/media\/jce\/icons\/pdf.png\" alt=\"pdf\" \/><span class=\"wf_file_text\">Best Practices &#8211; Manuels TTC Berne<\/span><\/a>\u00a0(La version fran\u00e7aise suivra)<\/p>\n<p><a href=\"https:\/\/drive.google.com\/open?id=1tRP7AI6Bzumhdcnr7WLIL6hm1tMr5Zvo\"><img decoding=\"async\" class=\"wf_file_icon\" src=\"https:\/\/www.swisstabletennistest.ch\/wp-content\/uploads\/media\/jce\/icons\/doc.png\" alt=\"doc\" \/>Manuel jeunesse &#8211; TTC Berne<\/a>\u00a0(allemand &#8211; pour une utilisation gratuite)<\/p>\n<p><a href=\"https:\/\/drive.google.com\/open?id=1j1FIqC-Q7mHph22ca227fqgwNuc1TQQW\"><img decoding=\"async\" class=\"wf_file_icon\" src=\"https:\/\/www.swisstabletennistest.ch\/wp-content\/uploads\/media\/jce\/icons\/doc.png\" alt=\"doc\" \/>Manuel du capitaine &#8211; TTC Berne<\/a>\u00a0(allemand &#8211; pour une utilisation gratuite)<\/p>\n<p><a href=\"https:\/\/drive.google.com\/open?id=1a_MznTU2XrPksnYgorBNaQp3X6MIAQee\"><img decoding=\"async\" class=\"wf_file_icon\" src=\"https:\/\/www.swisstabletennistest.ch\/wp-content\/uploads\/media\/jce\/icons\/doc.png\" alt=\"doc\" \/>Brochure de bienvenue nouveaux joueurs<\/a>\u00a0&#8211; TTC Berne (allemand &#8211; pour une utilisation gratuite)<\/p>\n<p>&nbsp;<\/p>\n<p><strong>Projets Corona<\/strong><\/p>\n<p><a class=\"wf_file\" title=\"CTT_Cortaillod_f.pdf\" href=\"https:\/\/www.swisstabletennistest.ch\/wp-content\/uploads\/2022\/01\/CTT_Cortaillod_f.pdf\" target=\"_blank\" rel=\"noopener\"><span class=\"wf_file_text\">CTT Cortaillod &#8211; Micro-groupes \/ Samedis TT \/ Camp d\u2019entra\u00eenement<\/span><\/a><\/p>\n<p><a class=\"wf_file\" title=\"TTC_Affoltern_A.A._f.pdf\" href=\"https:\/\/www.swisstabletennistest.ch\/wp-content\/uploads\/2022\/01\/TTC_Affoltern_A.A._f.pdf\" target=\"_blank\" rel=\"noopener\"><span class=\"wf_file_text\">TTC Affoltern A.A. &#8211; Page Padlet pour le temps sans TT pendant le 1er confinement<\/span><\/a><\/p>\n<p><a class=\"wf_file\" title=\"TTC_Heimberg_f.pdf\" href=\"https:\/\/www.swisstabletennistest.ch\/wp-content\/uploads\/2022\/01\/TTC_Heimberg_f.pdf\" target=\"_blank\" rel=\"noopener\"><span class=\"wf_file_text\">TTC Heimberg &#8211; BEO Spinroom<\/span><\/a><\/p>\n<p><a class=\"wf_file\" title=\"TTC_Rio-Star_Muttenz_f.pdf\" href=\"https:\/\/www.swisstabletennistest.ch\/wp-content\/uploads\/2022\/01\/TTC_Rio-Star_Muttenz_f.pdf\" target=\"_blank\" rel=\"noopener\"><span class=\"wf_file_text\">TTC Rio-Star Muttenz &#8211; Comit\u00e9 \u00e9largi \/ Cadre Rio-Star<br \/>\n<\/span><\/a><a class=\"wf_file\" title=\"TTC_Winznau_TTC_Niederg\u00f6sgen_f.pdf\" href=\"https:\/\/www.swisstabletennistest.ch\/wp-content\/uploads\/2022\/01\/TTC_Winznau_TTC_Niedergoesgen_f.pdf\" target=\"_blank\" rel=\"noopener\"><span class=\"wf_file_text\">TTC Winznau + TTC Niederg\u00f6sgen &#8211; Home-Training<\/span><\/a><\/p>\n<p><a class=\"wf_file\" title=\"TTC_Young_Stars_ZH_f.pdf\" href=\"https:\/\/www.swisstabletennistest.ch\/wp-content\/uploads\/2022\/01\/TTC_Young_Stars_ZH_f.pdf\" target=\"_blank\" rel=\"noopener\"><span class=\"wf_file_text\">TTC Young Stars ZH &#8211;\u00a0Sp\u00e9cial Corona<\/span><\/a><\/p>\n<p>&nbsp;<\/p>\n<p><strong>Autres documents<\/strong><\/p>\n<p>&nbsp;<\/p>\n<p><a href=\"https:\/\/www.swisstabletennistest.ch\/wp-content\/uploads\/2022\/01\/Affiche_JS_Francais.pdf\"><img decoding=\"async\" width=\"20\" height=\"20\" class=\" size-full wp-image-3202\" style=\"border: 0px; vertical-align: middle; max-width: inherit;\" src=\"https:\/\/www.swisstabletennistest.ch\/wp-content\/uploads\/2012\/12\/pdf.png\" alt=\"pdf\" \/><\/a><a class=\"wf_file\" title=\"Affiche J+S Fran\u00e7ais.pdf\" href=\"https:\/\/www.swisstabletennistest.ch\/wp-content\/uploads\/2022\/01\/Affiche_JS_Francais.pdf\" type=\"application\/pdf\">Affiche J+S Fran\u00e7ais<\/a><\/p>\n<p><a class=\"wf_file\" href=\"https:\/\/www.swisstabletennistest.ch\/wp-content\/uploads\/2022\/01\/Flyer_JS_AGTT.pdf\" target=\"_blank\" rel=\"noopener\"><img decoding=\"async\" width=\"20\" height=\"20\" class=\" size-full wp-image-3202\" style=\"border: 0px; vertical-align: middle; max-width: inherit;\" src=\"https:\/\/www.swisstabletennistest.ch\/wp-content\/uploads\/2012\/12\/pdf.png\" alt=\"pdf\" \/>Flyer J+S AGTT<\/a><\/p>\n<p><a class=\"wf_file\" href=\"https:\/\/www.swisstabletennistest.ch\/wp-content\/uploads\/2022\/01\/Flyer_JS_AVVF.pdf\" target=\"_blank\" rel=\"noopener\"><img decoding=\"async\" width=\"20\" height=\"20\" class=\" size-full wp-image-3202\" style=\"border: 0px; vertical-align: middle; max-width: inherit;\" src=\"https:\/\/www.swisstabletennistest.ch\/wp-content\/uploads\/2012\/12\/pdf.png\" alt=\"pdf\" \/>Flyer J+S AVVF<\/a><\/p>\n<p><a class=\"wf_file\" href=\"https:\/\/www.swisstabletennistest.ch\/wp-content\/uploads\/2022\/01\/Flyer_JS_ANJTT.pdf\" target=\"_blank\" rel=\"noopener\"><img decoding=\"async\" width=\"20\" height=\"20\" class=\" size-full wp-image-3202\" style=\"border: 0px; vertical-align: middle; max-width: inherit;\" src=\"https:\/\/www.swisstabletennistest.ch\/wp-content\/uploads\/2012\/12\/pdf.png\" alt=\"pdf\" \/>Flyer J+S ANJTT<\/a><\/p>\n<p>&nbsp;<\/p>\n<p><a href=\"https:\/\/www.swisstabletennistest.ch\/wp-content\/uploads\/2022\/01\/Suggestions_forum_des_clubs_pour_STT.PDF\"><img decoding=\"async\" width=\"20\" height=\"20\" class=\" size-full wp-image-3202\" style=\"border: 0px; vertical-align: middle; max-width: inherit;\" src=\"https:\/\/www.swisstabletennistest.ch\/wp-content\/uploads\/2012\/12\/pdf.png\" alt=\"pdf\" \/><\/a><a class=\"wf_file\" title=\"Suggestions forum des clubs pour STT.PDF\" href=\"https:\/\/www.swisstabletennistest.ch\/wp-content\/uploads\/2022\/01\/Suggestions_forum_des_clubs_pour_STT.PDF\" type=\"application\/pdf\">Suggestions forum des clubs pour STT<\/a><\/p>\n<p>&nbsp;<\/p>\n<p><a class=\"wf_file\" title=\"Affiche_WorldTableTennisDay_FR.docx\" href=\"https:\/\/www.swisstabletennistest.ch\/wp-content\/uploads\/2022\/01\/Affiche_WorldTableTennisDay_FR.docx\" type=\"application\/vnd.openxmlformats-officedocument.wordprocessingml.document\"><img decoding=\"async\" width=\"20\" height=\"20\" class=\" size-full wp-image-3293\" style=\"border: 0px; vertical-align: middle; max-width: inherit;\" src=\"https:\/\/www.swisstabletennistest.ch\/wp-content\/uploads\/2020\/03\/doc.png\" alt=\"doc\" \/>Affiche pour les clubs &#8211; World Table Tennis Day<\/a><\/p>\n<p><a href=\"https:\/\/www.swisstabletennistest.ch\/wp-content\/uploads\/2022\/01\/Flyer_Clubs_f.pdf\"><img decoding=\"async\" width=\"20\" height=\"20\" class=\" size-full wp-image-3202\" style=\"border: 0px; vertical-align: middle; max-width: inherit;\" src=\"https:\/\/www.swisstabletennistest.ch\/wp-content\/uploads\/2012\/12\/pdf.png\" alt=\"pdf\" \/><\/a><a class=\"wf_file\" title=\"Flyer Clubs_f.pdf\" href=\"https:\/\/www.swisstabletennistest.ch\/wp-content\/uploads\/2022\/01\/Flyer_Clubs_f.pdf\" type=\"application\/pdf\">Flyer pour les clubs &#8211; World Table Tennis Day<\/a><\/p>\n","protected":false},"excerpt":{"rendered":"<p>Play it \u2013 Les \u00ab\u00a0best practises du tennis de table\u00a0\u00bb\u00a0recueille des id\u00e9es du tennis de table dans le domaine du&hellip;<\/p>\n","protected":false},"author":16,"featured_media":9064,"parent":0,"menu_order":0,"comment_status":"closed","ping_status":"closed","template":"","meta":{"_monsterinsights_skip_tracking":false,"_monsterinsights_sitenote_active":false,"_monsterinsights_sitenote_note":"","_monsterinsights_sitenote_category":0,"footnotes":""},"class_list":["post-2822","page","type-page","status-publish","has-post-thumbnail","hentry"],"_links":{"self":[{"href":"https:\/\/www.swisstabletennistest.ch\/fr\/wp-json\/wp\/v2\/pages\/2822","targetHints":{"allow":["GET"]}}],"collection":[{"href":"https:\/\/www.swisstabletennistest.ch\/fr\/wp-json\/wp\/v2\/pages"}],"about":[{"href":"https:\/\/www.swisstabletennistest.ch\/fr\/wp-json\/wp\/v2\/types\/page"}],"author":[{"embeddable":true,"href":"https:\/\/www.swisstabletennistest.ch\/fr\/wp-json\/wp\/v2\/users\/16"}],"replies":[{"embeddable":true,"href":"https:\/\/www.swisstabletennistest.ch\/fr\/wp-json\/wp\/v2\/comments?post=2822"}],"version-history":[{"count":0,"href":"https:\/\/www.swisstabletennistest.ch\/fr\/wp-json\/wp\/v2\/pages\/2822\/revisions"}],"wp:featuredmedia":[{"embeddable":true,"href":"https:\/\/www.swisstabletennistest.ch\/fr\/wp-json\/wp\/v2\/media\/9064"}],"wp:attachment":[{"href":"https:\/\/www.swisstabletennistest.ch\/fr\/wp-json\/wp\/v2\/media?parent=2822"}],"curies":[{"name":"wp","href":"https:\/\/api.w.org\/{rel}","templated":true}]}}