{"id":2805,"date":"2022-06-15T11:32:34","date_gmt":"2022-06-15T10:32:34","guid":{"rendered":"https:\/\/swisstabletennis.ch\/neu\/?page_id=2805"},"modified":"2023-03-30T07:07:37","modified_gmt":"2023-03-30T06:07:37","slug":"contact","status":"publish","type":"page","link":"https:\/\/www.swisstabletennistest.ch\/fr\/contact\/","title":{"rendered":"Contact"},"content":{"rendered":"<p><strong>Swiss Table Tennis<\/strong><br \/>\nHaus des Sports<\/p>\n<p>Talgutzentrum 27<\/p>\n<p>3063 Ittigen<\/p>\n<p>L&rsquo;office central se trouve \u00e0 la maison du sport \u00e0 Ittigen (4\u00e8me \u00e9tage). Swiss Olympic et \u00e9galement divers d&rsquo;autres associations sportives s&rsquo;y trouvent.<\/p>\n<p>Tel. +41 31 359 73 90 (<em>lundi-vendredi : 9.00-12.00 \/ 13.30-16.00)<\/em><\/p>\n<p>Fax +41 31 359 73 91<br \/>\nE-mail\u00a0<span id=\"cloake9c2df5d35043400673ce53fd4c2ee10\"><a href=\"mailto:info@swisstabletennis.ch\">info#swisstabletennis.ch<\/a><\/span><\/p>\n<p><strong>\u00a0<\/strong><\/p>\n<p><strong>Compte de ch\u00e8ques posteaux<\/strong><\/p>\n<p>IBAN: CH47 0900 0000 3001 7200 8<\/p>\n<p>Swift-Code \/ BIC: POFICHBEXXX<\/p>\n","protected":false},"excerpt":{"rendered":"<p>Swiss Table Tennis Haus des Sports Talgutzentrum 27 3063 Ittigen L&rsquo;office central se trouve \u00e0 la maison du sport \u00e0&hellip;<\/p>\n","protected":false},"author":16,"featured_media":2432,"parent":0,"menu_order":0,"comment_status":"closed","ping_status":"closed","template":"","meta":{"_monsterinsights_skip_tracking":false,"_monsterinsights_sitenote_active":false,"_monsterinsights_sitenote_note":"","_monsterinsights_sitenote_category":0,"footnotes":""},"class_list":["post-2805","page","type-page","status-publish","has-post-thumbnail","hentry"],"_links":{"self":[{"href":"https:\/\/www.swisstabletennistest.ch\/fr\/wp-json\/wp\/v2\/pages\/2805","targetHints":{"allow":["GET"]}}],"collection":[{"href":"https:\/\/www.swisstabletennistest.ch\/fr\/wp-json\/wp\/v2\/pages"}],"about":[{"href":"https:\/\/www.swisstabletennistest.ch\/fr\/wp-json\/wp\/v2\/types\/page"}],"author":[{"embeddable":true,"href":"https:\/\/www.swisstabletennistest.ch\/fr\/wp-json\/wp\/v2\/users\/16"}],"replies":[{"embeddable":true,"href":"https:\/\/www.swisstabletennistest.ch\/fr\/wp-json\/wp\/v2\/comments?post=2805"}],"version-history":[{"count":0,"href":"https:\/\/www.swisstabletennistest.ch\/fr\/wp-json\/wp\/v2\/pages\/2805\/revisions"}],"wp:featuredmedia":[{"embeddable":true,"href":"https:\/\/www.swisstabletennistest.ch\/fr\/wp-json\/wp\/v2\/media\/2432"}],"wp:attachment":[{"href":"https:\/\/www.swisstabletennistest.ch\/fr\/wp-json\/wp\/v2\/media?parent=2805"}],"curies":[{"name":"wp","href":"https:\/\/api.w.org\/{rel}","templated":true}]}}