{"id":2797,"date":"2022-06-15T10:14:15","date_gmt":"2022-06-15T09:14:15","guid":{"rendered":"https:\/\/swisstabletennis.ch\/neu\/?page_id=2797"},"modified":"2022-07-01T11:31:22","modified_gmt":"2022-07-01T10:31:22","slug":"coach-js","status":"publish","type":"page","link":"https:\/\/www.swisstabletennistest.ch\/fr\/coach-js\/","title":{"rendered":"Coach J+S"},"content":{"rendered":"<div class=\"item-page\">\n<p><strong>Formation coach J+S<\/strong><\/p>\n<p>Le coach J+S est la personne centrale dans le domaine J+S; il donne un \u00e9lan important et tient la barre du club.<\/p>\n<ul>\n<li>Le coach J+S assure la durabilit\u00e9. \u00c0 long terme, il planifie la mise en place des groupes d&rsquo;entra\u00eenement et le recrutement de nouvelles monitrices et de nouveaux moniteurs.<\/li>\n<li>Le coach J+S encadre et accompagne l&rsquo;\u00e9quipe de moniteurs. Il veille \u00e0 une collaboration motiv\u00e9e et contribue \u00e0 une bonne ambiance. En cas de tensions et de conflits, il essaie d&rsquo;exercer la fonction de m\u00e9diateur.<\/li>\n<li>Le coach J+S assure la qualit\u00e9. Il soutient les moniteurs dans leur fonction et planifie avec eux la formation continue.<\/li>\n<li>Le coach J+S est l&rsquo;interm\u00e9diaire entre les moniteurs et la direction du club, si n\u00e9cessaire la f\u00e9d\u00e9ration, la direction de discipline et le service cantonal J+S. Dans le r\u00e9seau de sport local, il coordonne les offres pour les jeunes qui sont propos\u00e9es dans les diff\u00e9rents clubs.<\/li>\n<li>Le coach J+S d\u00e9fend les offres J+S vis-\u00e0-vis du service cantonal J+S. Il pr\u00e9sente la planification, annonce les modifications et veille \u00e0 ce que les directives soient respect\u00e9es. Il est la personne de contact pour le service cantonal J+S et la direction de branche.<\/li>\n<\/ul>\n<p>Les formations de coach J+S sont propos\u00e9es par les offices cantonaux du sport.<\/p>\n<p>&nbsp;<\/p>\n<p><a class=\"wf_file\" href=\"https:\/\/www.swisstabletennistest.ch\/wp-content\/uploads\/2015\/08\/Leitfaden_Coach_f.pdf\" target=\"_blank\" rel=\"noopener\"><img decoding=\"async\" class=\"wf_file_icon\" src=\"https:\/\/www.swisstabletennistest.ch\/wp-content\/uploads\/media\/jce\/icons\/pdf.png\" alt=\"pdf\" \/><span class=\"wf_file_text\">Guide coach J+S<\/span><\/a><\/p>\n<p>&nbsp;<\/p>\n<p><strong>Formation continue coach J+S<\/strong><\/p>\n<p>STT organise des modules de formation continue qui sont publi\u00e9s dans le calendrier de formation STT. Chaque coach J+S doit suivre une formation continue tous les deux ans.<\/p>\n<p>&nbsp;<\/p>\n<p><a href=\"https:\/\/www.jugendundsport.ch\/fr\/home.html\"><img fetchpriority=\"high\" decoding=\"async\" src=\"https:\/\/www.swisstabletennistest.ch\/wp-content\/uploads\/images\/5_Ausbildung\/JS_F.png\" alt=\"\" width=\"520\" height=\"133\" \/><\/a><\/p>\n<\/div>\n","protected":false},"excerpt":{"rendered":"<p>Formation coach J+S Le coach J+S est la personne centrale dans le domaine J+S; il donne un \u00e9lan important et&hellip;<\/p>\n","protected":false},"author":16,"featured_media":9064,"parent":0,"menu_order":0,"comment_status":"closed","ping_status":"closed","template":"","meta":{"_monsterinsights_skip_tracking":false,"_monsterinsights_sitenote_active":false,"_monsterinsights_sitenote_note":"","_monsterinsights_sitenote_category":0,"footnotes":""},"class_list":["post-2797","page","type-page","status-publish","has-post-thumbnail","hentry"],"_links":{"self":[{"href":"https:\/\/www.swisstabletennistest.ch\/fr\/wp-json\/wp\/v2\/pages\/2797","targetHints":{"allow":["GET"]}}],"collection":[{"href":"https:\/\/www.swisstabletennistest.ch\/fr\/wp-json\/wp\/v2\/pages"}],"about":[{"href":"https:\/\/www.swisstabletennistest.ch\/fr\/wp-json\/wp\/v2\/types\/page"}],"author":[{"embeddable":true,"href":"https:\/\/www.swisstabletennistest.ch\/fr\/wp-json\/wp\/v2\/users\/16"}],"replies":[{"embeddable":true,"href":"https:\/\/www.swisstabletennistest.ch\/fr\/wp-json\/wp\/v2\/comments?post=2797"}],"version-history":[{"count":0,"href":"https:\/\/www.swisstabletennistest.ch\/fr\/wp-json\/wp\/v2\/pages\/2797\/revisions"}],"wp:featuredmedia":[{"embeddable":true,"href":"https:\/\/www.swisstabletennistest.ch\/fr\/wp-json\/wp\/v2\/media\/9064"}],"wp:attachment":[{"href":"https:\/\/www.swisstabletennistest.ch\/fr\/wp-json\/wp\/v2\/media?parent=2797"}],"curies":[{"name":"wp","href":"https:\/\/api.w.org\/{rel}","templated":true}]}}