{"id":2793,"date":"2022-06-15T09:53:09","date_gmt":"2022-06-15T08:53:09","guid":{"rendered":"https:\/\/swisstabletennis.ch\/neu\/?page_id=2793"},"modified":"2023-01-18T09:41:46","modified_gmt":"2023-01-18T08:41:46","slug":"passeport-loisirs","status":"publish","type":"page","link":"https:\/\/www.swisstabletennistest.ch\/fr\/passeport-loisirs\/","title":{"rendered":"Passeport Loisirs"},"content":{"rendered":"<p>Le ten\u00adnis de table d\u00e9\u00adnombre en\u00advi\u00adron 30 mil\u00adlions de li\u00adcen\u00adci\u00e9s dans le monde. Ce\u00adpen\u00addant, si l&rsquo;on tient compte du nombre de pra\u00adti\u00adquants, il faut presque mul\u00adti\u00adplier ce chiffre par 10! En Suisse aussi, nous es\u00adti\u00admons que le nombre d&rsquo;ama\u00adteurs est tr\u00e8s \u00e9lev\u00e9. Avec le d\u00e9sir im\u00adpor\u00adtant de nous adres\u00adser \u00e0 ces joueurs\/joueuses, nous avons lanc\u00e9 le\u00a0<strong>pas\u00adse\u00adport loi\u00adsir<\/strong>. Ce der\u00adnier s&rsquo;adresse donc \u00e0 tous les ama\u00adteurs de ten\u00adnis de table, mais qui ne d\u00e9\u00adsi\u00adrent pas \u00e9vo\u00adluer dans un cham\u00adpion\u00adnat comme les li\u00adcen\u00adci\u00e9s. L&rsquo;ob\u00adjec\u00adtif est \u00e9ga\u00adle\u00adment de re\u00adgrou\u00adper tous les pas\u00adsion\u00adn\u00e9s de ten\u00adnis de table au sein de la m\u00eame com\u00admu\u00adnaut\u00e9.<\/p>\n<p>Le\u00a0<strong>pas\u00adse\u00adport loi\u00adsir<\/strong>\u00a0co\u00fbte CHF 20.- et per\u00admet en contre\u00adpar\u00adtie d&rsquo;ob\u00adte\u00adnir de nom\u00adbreux avan\u00adtages (ra\u00adbais gr\u00e2ce aux spon\u00adsors STT, \u00e9v\u00e9\u00adne\u00adments at\u00adtrac\u00adtifs,&#8230;).<\/p>\n<p>Convaincu? Alors n&rsquo;at\u00adtends plus et re\u00adjoins la com\u00admu\u00adnaut\u00e9 du ten\u00adnis de table!<\/p>\n<p><img fetchpriority=\"high\" decoding=\"async\" src=\"https:\/\/www.swisstabletennistest.ch\/wp-content\/uploads\/images\/DSCF8978.jpg\" alt=\"\" width=\"520\" height=\"347\" \/><\/p>\n<p><a class=\"wf_file\" href=\"https:\/\/www.swisstabletennistest.ch\/wp-content\/uploads\/2022\/06\/Presentation_passeport_loisirs_FR.pdf\" target=\"_blank\" rel=\"noopener\"><span class=\"wf_file_text\">Pr\u00e9\u00adsen\u00adta\u00adtion STT pas\u00adse\u00adport loi\u00adsirs<\/span><\/a><\/p>\n<p><a class=\"wf_file\" href=\"https:\/\/www.swisstabletennistest.ch\/wp-content\/uploads\/2022\/06\/Vantaggi_del_passaporto_svago_IT.pdf\" target=\"_blank\" rel=\"noopener\"><span class=\"wf_file_text\">Pre\u00adsen\u00adta\u00adzione STT pas\u00adsa\u00adporto svago<\/span><\/a><\/p>\n<p>&nbsp;<\/p>\n<p>AGTT (suit)<\/p>\n<p>ANJTT (suit)<\/p>\n<p>ATTT (suit)<\/p>\n<p>AVVF (suit)<\/p>\n<p>MTTV (suit)<\/p>\n<p>NWTTV (suit)<\/p>\n<p>OTTV (suit)<\/p>\n<p>TTVI (suit)<\/p>\n<p>&nbsp;<\/p>\n<p><a class=\"wf_file\" title=\"1501_Mise_en_place_passeport_loisirs_par_les_clubs.pdf\" href=\"https:\/\/www.swisstabletennistest.ch\/wp-content\/uploads\/2020\/09\/1501_Mise_en_place_passeport_loisirs_par_les_clubs.pdf\" target=\"_blank\" rel=\"noopener\"><span class=\"wf_file_text\">Mise en place pas\u00adse\u00adport loi\u00adsir par les clubs<\/span><\/a><\/p>\n<p><a class=\"wf_file\" title=\"1001-acc\u00e8s_des_clubs.pdf\" href=\"https:\/\/www.swisstabletennistest.ch\/wp-content\/uploads\/2019\/06\/1001-acces_des_clubs.pdf\" target=\"_blank\" rel=\"noopener\"><span class=\"wf_file_text\">En\u00adtrer un nou\u00adveau membre<\/span><\/a><span class=\"wf_file_text\">\u00a0(l<\/span><span class=\"wf_file_text\">e point 4 est im\u00adpor\u00adtant)<\/span><\/p>\n<p><a class=\"wf_file\" href=\"https:\/\/www.swisstabletennistest.ch\/wp-content\/uploads\/2020\/09\/Freizeitlizenz_FAQ_FR_final.pdf\" target=\"_blank\" rel=\"noopener\">FAQ pas\u00adse\u00adport loi\u00adsirs<\/a><\/p>\n<p><a class=\"wf_file\" href=\"https:\/\/www.swisstabletennistest.ch\/wp-content\/uploads\/2020\/09\/Freizeitlizenz_FAQ_IT_final.pdf\" target=\"_blank\" rel=\"noopener\"><span class=\"wf_file_text\">FAQ pas\u00adsa\u00adporto svago<\/span><\/a><\/p>\n","protected":false},"excerpt":{"rendered":"<p>Le ten\u00adnis de table d\u00e9\u00adnombre en\u00advi\u00adron 30 mil\u00adlions de li\u00adcen\u00adci\u00e9s dans le monde. Ce\u00adpen\u00addant, si l&rsquo;on tient compte du nombre&hellip;<\/p>\n","protected":false},"author":16,"featured_media":14031,"parent":0,"menu_order":0,"comment_status":"closed","ping_status":"closed","template":"","meta":{"_monsterinsights_skip_tracking":false,"_monsterinsights_sitenote_active":false,"_monsterinsights_sitenote_note":"","_monsterinsights_sitenote_category":0,"footnotes":""},"class_list":["post-2793","page","type-page","status-publish","has-post-thumbnail","hentry"],"_links":{"self":[{"href":"https:\/\/www.swisstabletennistest.ch\/fr\/wp-json\/wp\/v2\/pages\/2793","targetHints":{"allow":["GET"]}}],"collection":[{"href":"https:\/\/www.swisstabletennistest.ch\/fr\/wp-json\/wp\/v2\/pages"}],"about":[{"href":"https:\/\/www.swisstabletennistest.ch\/fr\/wp-json\/wp\/v2\/types\/page"}],"author":[{"embeddable":true,"href":"https:\/\/www.swisstabletennistest.ch\/fr\/wp-json\/wp\/v2\/users\/16"}],"replies":[{"embeddable":true,"href":"https:\/\/www.swisstabletennistest.ch\/fr\/wp-json\/wp\/v2\/comments?post=2793"}],"version-history":[{"count":0,"href":"https:\/\/www.swisstabletennistest.ch\/fr\/wp-json\/wp\/v2\/pages\/2793\/revisions"}],"wp:featuredmedia":[{"embeddable":true,"href":"https:\/\/www.swisstabletennistest.ch\/fr\/wp-json\/wp\/v2\/media\/14031"}],"wp:attachment":[{"href":"https:\/\/www.swisstabletennistest.ch\/fr\/wp-json\/wp\/v2\/media?parent=2793"}],"curies":[{"name":"wp","href":"https:\/\/api.w.org\/{rel}","templated":true}]}}