{"id":2785,"date":"2022-06-15T09:29:59","date_gmt":"2022-06-15T08:29:59","guid":{"rendered":"https:\/\/swisstabletennis.ch\/neu\/?page_id=2785"},"modified":"2023-07-17T14:03:10","modified_gmt":"2023-07-17T12:03:10","slug":"mentions-legales","status":"publish","type":"page","link":"https:\/\/www.swisstabletennistest.ch\/fr\/mentions-legales\/","title":{"rendered":"Mentions l\u00e9gales"},"content":{"rendered":"<p>Adresse de contact<br \/>\nSwiss Table Tennis (STT)<br \/>\nHaus des Sports<br \/>\nTalgutzentrum 27<br \/>\n3063 Ittigen<\/p>\n<p>031 359 73 90<br \/>\ninfo@swisstabletennis.ch<\/p>\n<p>Concept &amp; design<br \/>\nLe concept et le design ont \u00e9t\u00e9 r\u00e9alis\u00e9s par Swiss Table Tennis.<\/p>\n<p>Copyright<br \/>\nLe copyright du concept, des images\/photos et des contenus textuels est d\u00e9tenu par Swiss Table Tennis.<\/p>\n<p>Limitation de responsabilit\u00e9<\/p>\n<p>En utilisant ce site web, vous acceptez les conditions suivantes.<\/p>\n<p>Nous avons cr\u00e9\u00e9 ce site Internet avec le plus grand soin possible. Nous ne garantissons toutefois pas l&rsquo;exactitude, l&rsquo;exhaustivit\u00e9, la pr\u00e9cision et l&rsquo;actualit\u00e9 des contenus mis \u00e0 disposition sur ce site. Nous ne garantissons pas non plus la qualit\u00e9 des contenus qui sont transmis ou t\u00e9l\u00e9charg\u00e9s via ce site web. Nous nous r\u00e9servons le droit de modifier, de compl\u00e9ter ou de supprimer des parties du site web ou l&rsquo;ensemble de l&rsquo;offre sans pr\u00e9avis particulier.<\/p>\n<p>Droits d&rsquo;auteur et droits voisins<\/p>\n<p>Tous les contenus publi\u00e9s sur ce site web sont soumis aux droits d&rsquo;auteur et aux droits voisins. Les contenus de ce site web ne peuvent \u00eatre utilis\u00e9s qu&rsquo;avec l&rsquo;accord \u00e9crit pr\u00e9alable et la mention des droits d&rsquo;auteur. Cela s&rsquo;applique en particulier \u00e0 la reproduction, au traitement, \u00e0 la traduction, \u00e0 l&rsquo;enregistrement, au traitement ou \u00e0 la restitution de contenus dans des bases de donn\u00e9es ou d&rsquo;autres m\u00e9dias et syst\u00e8mes \u00e9lectroniques. Les contenus et les droits de tiers sont signal\u00e9s comme tels.<\/p>\n<p>Liens externes<\/p>\n<p>Ce site web contient des liens vers des \u00ab\u00a0liens externes\u00a0\u00bb (sites web de tiers). Ces sites sont soumis \u00e0 la responsabilit\u00e9 de leurs exploitants respectifs. Nous n&rsquo;avons aucune influence sur la conception actuelle et future ainsi que sur les contenus des sites li\u00e9s.D\u00e8s que nous avons connaissance d&rsquo;une infraction \u00e0 la loi, les liens externes correspondants sont imm\u00e9diatement supprim\u00e9s.<\/p>\n<p>L&rsquo;utilisateur de liens externes doit \u00eatre conscient du fait que les exploitants de sites web li\u00e9s peuvent saisir et collecter des donn\u00e9es personnelles (y compris des informations g\u00e9n\u00e9r\u00e9es par l&rsquo;utilisation de cookies) d\u00e8s que leurs sites web sont visit\u00e9s.<\/p>\n<p>Nous ne sommes pas responsables de la mani\u00e8re dont ces op\u00e9rateurs collectent, utilisent ou divulguent les donn\u00e9es personnelles.<\/p>\n","protected":false},"excerpt":{"rendered":"<p>Adresse de contact Swiss Table Tennis (STT) Haus des Sports Talgutzentrum 27 3063 Ittigen 031 359 73 90 info@swisstabletennis.ch Concept&hellip;<\/p>\n","protected":false},"author":16,"featured_media":2432,"parent":0,"menu_order":0,"comment_status":"closed","ping_status":"closed","template":"","meta":{"_monsterinsights_skip_tracking":false,"_monsterinsights_sitenote_active":false,"_monsterinsights_sitenote_note":"","_monsterinsights_sitenote_category":0,"footnotes":""},"class_list":["post-2785","page","type-page","status-publish","has-post-thumbnail","hentry"],"_links":{"self":[{"href":"https:\/\/www.swisstabletennistest.ch\/fr\/wp-json\/wp\/v2\/pages\/2785","targetHints":{"allow":["GET"]}}],"collection":[{"href":"https:\/\/www.swisstabletennistest.ch\/fr\/wp-json\/wp\/v2\/pages"}],"about":[{"href":"https:\/\/www.swisstabletennistest.ch\/fr\/wp-json\/wp\/v2\/types\/page"}],"author":[{"embeddable":true,"href":"https:\/\/www.swisstabletennistest.ch\/fr\/wp-json\/wp\/v2\/users\/16"}],"replies":[{"embeddable":true,"href":"https:\/\/www.swisstabletennistest.ch\/fr\/wp-json\/wp\/v2\/comments?post=2785"}],"version-history":[{"count":0,"href":"https:\/\/www.swisstabletennistest.ch\/fr\/wp-json\/wp\/v2\/pages\/2785\/revisions"}],"wp:featuredmedia":[{"embeddable":true,"href":"https:\/\/www.swisstabletennistest.ch\/fr\/wp-json\/wp\/v2\/media\/2432"}],"wp:attachment":[{"href":"https:\/\/www.swisstabletennistest.ch\/fr\/wp-json\/wp\/v2\/media?parent=2785"}],"curies":[{"name":"wp","href":"https:\/\/api.w.org\/{rel}","templated":true}]}}