{"id":2777,"date":"2022-06-15T09:17:30","date_gmt":"2022-06-15T08:17:30","guid":{"rendered":"https:\/\/swisstabletennis.ch\/neu\/?page_id=2777"},"modified":"2023-04-17T14:51:46","modified_gmt":"2023-04-17T12:51:46","slug":"office-central-stt","status":"publish","type":"page","link":"https:\/\/www.swisstabletennistest.ch\/fr\/office-central-stt\/","title":{"rendered":"Office central STT"},"content":{"rendered":"\t\t<div data-elementor-type=\"wp-page\" data-elementor-id=\"2777\" class=\"elementor elementor-2777 elementor-260\" data-elementor-post-type=\"page\">\n\t\t\t\t\t\t<section class=\"elementor-section elementor-top-section elementor-element elementor-element-692e147e elementor-section-boxed elementor-section-height-default elementor-section-height-default\" data-id=\"692e147e\" data-element_type=\"section\">\n\t\t\t\t\t\t<div class=\"elementor-container elementor-column-gap-extended\">\n\t\t\t\t\t<div class=\"elementor-column elementor-col-100 elementor-top-column elementor-element elementor-element-48e526ed sc_inner_width_none sc_layouts_column_icons_position_left\" data-id=\"48e526ed\" data-element_type=\"column\">\n\t\t\t<div class=\"elementor-widget-wrap elementor-element-populated\">\n\t\t\t\t\t\t<div class=\"elementor-element elementor-element-10cb5012 sc_fly_static elementor-widget elementor-widget-text-editor\" data-id=\"10cb5012\" data-element_type=\"widget\" data-widget_type=\"text-editor.default\">\n\t\t\t\t<div class=\"elementor-widget-container\">\n\t\t\t\t\t\t\t\t\t<div><p><strong style=\"font-size: 14px; letter-spacing: 0.26px;\">Contact<\/strong><\/p><\/div><p>Swiss Table Tennis<br \/>Gesch\u00e4ftsstelle<br \/>Haus des Sports<br \/>Talgutzentrum 27<\/p><p>3063 Ittigen<\/p><p>L&rsquo;office central se trouve \u00e0 la maison du sport \u00e0 Ittigen (4\u00e8me \u00e9tage). Swiss Olympic ainsi que d&rsquo;autres associations sportives s&rsquo;y trouvent.<\/p><p>Tel. + 41 31 359 73 90 (lu-ve<em>:<em>\u00a09:00-12:00 \/ 13:30-16:00<\/em>)<\/em><em>)<\/em><\/p><p>E-Mail <a href=\"mailto:info@swisstabletennis.ch\">info@swisstabletennis.ch<\/a><\/p><p><strong>Compte de ch\u00e8ques posteaux<\/strong><\/p><p>IBAN: CH47 0900 0000 3001 7200 8<\/p><p>Swift-Code \/ BIC: POFICHBEXXX<\/p><p><strong>Collaboratrices et collaborateurs<br \/><\/strong><\/p>\t\t\t\t\t\t\t\t<\/div>\n\t\t\t\t<\/div>\n\t\t\t\t\t<\/div>\n\t\t<\/div>\n\t\t\t\t\t<\/div>\n\t\t<\/section>\n\t\t\t\t<section class=\"elementor-section elementor-top-section elementor-element elementor-element-13b74a1 elementor-section-boxed elementor-section-height-default elementor-section-height-default\" data-id=\"13b74a1\" data-element_type=\"section\">\n\t\t\t\t\t\t<div class=\"elementor-container elementor-column-gap-extended\">\n\t\t\t\t\t<div class=\"elementor-column elementor-col-33 elementor-top-column elementor-element elementor-element-9dad1bf sc_inner_width_none sc_layouts_column_icons_position_left\" data-id=\"9dad1bf\" data-element_type=\"column\">\n\t\t\t<div class=\"elementor-widget-wrap elementor-element-populated\">\n\t\t\t\t\t\t<div class=\"elementor-element elementor-element-a2193f0 sc_fly_static elementor-widget elementor-widget-image\" data-id=\"a2193f0\" data-element_type=\"widget\" data-widget_type=\"image.default\">\n\t\t\t\t<div class=\"elementor-widget-container\">\n\t\t\t\t\t\t\t\t\t\t\t\t\t\t\t<img decoding=\"async\" src=\"https:\/\/www.swisstabletennistest.ch\/wp-content\/uploads\/elementor\/thumbs\/z_Funktionare-STT-2022_originale-internet-7-scaled-pvnpl3lyqjkrdjvf3muir6ijph7l8sz9ypxp0a4mkg.jpg\" title=\"z_Funktion\u00e4re STT 2022_originale internet (7)\" alt=\"Monica Midali,\" loading=\"lazy\" \/>\t\t\t\t\t\t\t\t\t\t\t\t\t\t\t<\/div>\n\t\t\t\t<\/div>\n\t\t\t\t<div class=\"elementor-element elementor-element-d536519 sc_fly_static elementor-widget elementor-widget-text-editor\" data-id=\"d536519\" data-element_type=\"widget\" data-widget_type=\"text-editor.default\">\n\t\t\t\t<div class=\"elementor-widget-container\">\n\t\t\t\t\t\t\t\t\t<p><strong><big>Monica Midali<\/big><\/strong><\/p><p><strong>Direction, finances et comptabilit\u00e9 du personnel, 80%<\/strong><\/p><p>&#8211; Direction op\u00e9rationnelle de l&rsquo;Office central et coordination globale des activit\u00e9s de la F\u00e9d\u00e9ration<br \/>&#8211; Pr\u00e9paration et suivi des s\u00e9ances et des affaires du CC et de l&rsquo;AD et organisation de la mise en pratique de leurs d\u00e9cisions<br \/>&#8211; D\u00e9fense des int\u00e9r\u00eats de la F\u00e9d\u00e9ration envers les autorit\u00e9s, d&rsquo;autres organisations et les m\u00e9dias<br \/>&#8211; Suivi des finances et de la comptabilit\u00e9 de la F\u00e9d\u00e9ration, en particulier \u00e9tablissement du budget, en collaboration avec la comptable<br \/>&#8211; Diverses prestations de services pour les membres et accomplissement d&rsquo;autres mandats qui lui sont confi\u00e9s<br \/>&#8211; Tenue de la comptabilit\u00e9<br \/>&#8211; Pr\u00e9paration du budget<br \/>&#8211; Pr\u00e9paration et \u00e9tablissement du bouclement des comptes<br \/>&#8211; Contr\u00f4le et compte rendu mensuel sur les comptes de fonctionnement<br \/>&#8211; D\u00e9compte et contr\u00f4le des imp\u00f4ts<br \/>&#8211; Comptabilit\u00e9 des salaires et d\u00e9compte des prestations sociales conform\u00e9ment aux prescriptions l\u00e9gales<\/p><p><a href=\"mailto:monica.midali@swisstabletennis.ch\">monica.midali#swisstabletennis.ch<\/a><\/p>\t\t\t\t\t\t\t\t<\/div>\n\t\t\t\t<\/div>\n\t\t\t\t\t<\/div>\n\t\t<\/div>\n\t\t\t\t<div class=\"elementor-column elementor-col-33 elementor-top-column elementor-element elementor-element-7be109e sc_inner_width_none sc_layouts_column_icons_position_left\" data-id=\"7be109e\" data-element_type=\"column\">\n\t\t\t<div class=\"elementor-widget-wrap elementor-element-populated\">\n\t\t\t\t\t\t<div class=\"elementor-element elementor-element-41ce321 sc_fly_static elementor-widget elementor-widget-image\" data-id=\"41ce321\" data-element_type=\"widget\" data-widget_type=\"image.default\">\n\t\t\t\t<div class=\"elementor-widget-container\">\n\t\t\t\t\t\t\t\t\t\t\t\t\t\t\t<img decoding=\"async\" src=\"https:\/\/www.swisstabletennistest.ch\/wp-content\/uploads\/elementor\/thumbs\/z_Funktionare-STT-2022_originale-internet-20-scaled-pvnpl3lyqjkrdjvf3muir6ijph7l8sz9ypxp0a4mkg.jpg\" title=\"z_Funktion\u00e4re STT 2022_originale internet (20)\" alt=\"Peter Wahlen\" loading=\"lazy\" \/>\t\t\t\t\t\t\t\t\t\t\t\t\t\t\t<\/div>\n\t\t\t\t<\/div>\n\t\t\t\t<div class=\"elementor-element elementor-element-683500c sc_fly_static elementor-widget elementor-widget-text-editor\" data-id=\"683500c\" data-element_type=\"widget\" data-widget_type=\"text-editor.default\">\n\t\t\t\t<div class=\"elementor-widget-container\">\n\t\t\t\t\t\t\t\t\t<p><strong><big>Peter Wahlen<\/big><\/strong><\/p><p><strong>Comp\u00e9titions, Arbitres, 50%<\/strong><\/p><p>&#8211; Organisations des comp\u00e9titions nationales: CS \u00e9lite, CS seniors, TC \u00e9lite, Championnat par \u00e9quipes seniors (tour final) et Coupe Suisse<br \/>&#8211; Pr\u00e9paration et coordination de la planification des dates nationale (calendrier)<br \/>&#8211; Suivi du domaine des tournois et des classements<br \/>&#8211; Coordination de la planification JA\/A lors des manifestations internationales et nationales plus LNA<br \/>&#8211; Coordination des mutations JA\/A<br \/>&#8211; Organisation des cours de formation AI\/A, des s\u00e9minaires JA et examens JA\/A<br \/>&#8211; Organisation des cours entra\u00eeneurs D<br \/>&#8211; R\u00e9daction de l&rsquo;INFO JA\/A<\/p><p><a href=\"mailto:peter.wahlen@swisstabletennis.ch\">peter.wahlen#swisstabletennis.ch<\/a><\/p>\t\t\t\t\t\t\t\t<\/div>\n\t\t\t\t<\/div>\n\t\t\t\t\t<\/div>\n\t\t<\/div>\n\t\t\t\t<div class=\"elementor-column elementor-col-33 elementor-top-column elementor-element elementor-element-d1531e7 sc_inner_width_none sc_layouts_column_icons_position_left\" data-id=\"d1531e7\" data-element_type=\"column\">\n\t\t\t<div class=\"elementor-widget-wrap elementor-element-populated\">\n\t\t\t\t\t\t<div class=\"elementor-element elementor-element-c03d145 sc_fly_static elementor-widget elementor-widget-image\" data-id=\"c03d145\" data-element_type=\"widget\" data-widget_type=\"image.default\">\n\t\t\t\t<div class=\"elementor-widget-container\">\n\t\t\t\t\t\t\t\t\t\t\t\t\t\t\t<img decoding=\"async\" src=\"https:\/\/www.swisstabletennistest.ch\/wp-content\/uploads\/elementor\/thumbs\/DanielBurren-pw7bzzkp52jmdy37krxj4a9cq5ln9gubdxfzidhwsg.png\" title=\"DanielBurren\" alt=\"DanielBurren\" loading=\"lazy\" \/>\t\t\t\t\t\t\t\t\t\t\t\t\t\t\t<\/div>\n\t\t\t\t<\/div>\n\t\t\t\t<div class=\"elementor-element elementor-element-12bc599 sc_fly_static elementor-widget elementor-widget-text-editor\" data-id=\"12bc599\" data-element_type=\"widget\" data-widget_type=\"text-editor.default\">\n\t\t\t\t<div class=\"elementor-widget-container\">\n\t\t\t\t\t\t\t\t\t<p><strong><big>Daniel Burren<\/big><\/strong><\/p><p><strong>Sport d&rsquo;\u00e9lite, OTTV &amp; Click-TT, 100%<\/strong><\/p><p>&#8211; Organisation et r\u00e9alisation des projets School Trophy, Friendship League et Suisse Junior Challenge<br \/>&#8211; D&rsquo;autres projects du Sport des loisirs<br \/>&#8211; Administration Sport de performance de la rel\u00e8ve et Sport d&rsquo;\u00e9lite<br \/>&#8211; Organisation des camps d&rsquo;entra\u00eenement et des comp\u00e9titions pour les cadres nationaux<br \/>&#8211; Collaboration au sein de la commission de sport (CoSpo)<br \/>&#8211; Organisations des comp\u00e9titions nationales: CS jeunesse, TC jeunesse (qualification et finale) et Championnat par \u00e9quipes jeunesse (tour final)<br \/>&#8211; Coordination et d\u00e9roulement des comp\u00e9titions dans l&rsquo;OTTV:<br \/>Etablissement des licences, championnat par \u00e9quipes \u00e9lite, jeunesse et seniors ainsi que le TC jeunesse, facturations, saisie des r\u00e9sultats des tournois et r\u00e9daction du manuel<\/p><p><a href=\"mailto:daniel.burren@swisstabletennis.ch\">daniel.burren#swisstabletennis.ch<\/a><\/p>\t\t\t\t\t\t\t\t<\/div>\n\t\t\t\t<\/div>\n\t\t\t\t\t<\/div>\n\t\t<\/div>\n\t\t\t\t\t<\/div>\n\t\t<\/section>\n\t\t\t\t<section class=\"elementor-section elementor-top-section elementor-element elementor-element-cf6002a elementor-section-boxed elementor-section-height-default elementor-section-height-default\" data-id=\"cf6002a\" data-element_type=\"section\">\n\t\t\t\t\t\t<div class=\"elementor-container elementor-column-gap-extended\">\n\t\t\t\t\t<div class=\"elementor-column elementor-col-33 elementor-top-column elementor-element elementor-element-19d25ce sc_inner_width_none sc_layouts_column_icons_position_left\" data-id=\"19d25ce\" data-element_type=\"column\">\n\t\t\t<div class=\"elementor-widget-wrap elementor-element-populated\">\n\t\t\t\t\t\t<div class=\"elementor-element elementor-element-99b59e9 sc_fly_static elementor-widget elementor-widget-image\" data-id=\"99b59e9\" data-element_type=\"widget\" data-widget_type=\"image.default\">\n\t\t\t\t<div class=\"elementor-widget-container\">\n\t\t\t\t\t\t\t\t\t\t\t\t\t\t\t<img decoding=\"async\" src=\"https:\/\/www.swisstabletennistest.ch\/wp-content\/uploads\/elementor\/thumbs\/z_Funktionare-STT-2022_originale-internet-17-scaled-pvnpl3lyqjkrdjvf3muir6ijph7l8sz9ypxp0a4mkg.jpg\" title=\"z_Funktion\u00e4re STT 2022_originale internet (17)\" alt=\"Raouf Morsi, Marketing, Kommunikation &amp; Breitensport\" loading=\"lazy\" \/>\t\t\t\t\t\t\t\t\t\t\t\t\t\t\t<\/div>\n\t\t\t\t<\/div>\n\t\t\t\t<div class=\"elementor-element elementor-element-6ec9dd1 sc_fly_static elementor-widget elementor-widget-text-editor\" data-id=\"6ec9dd1\" data-element_type=\"widget\" data-widget_type=\"text-editor.default\">\n\t\t\t\t<div class=\"elementor-widget-container\">\n\t\t\t\t\t\t\t\t\t<p><strong><big>Raouf Morsi<\/big><\/strong><\/p><p><strong><b>M<\/b>arketing, communication &amp; Sport de loisirs, 100%<\/strong><\/p><p>&#8211; Site Internet (r\u00e9daction des articles, mise en ligne de documents, de photos, gestion du menu)<br \/>&#8211; Sidespin (planification et choix des th\u00e8mes, attribution des missions, r\u00e9daction des articles, gestion des adresses)<br \/>&#8211; Annuaire (actualisation des r\u00e8glements, graphisme)<br \/>&#8211; Gestion du sponsoring<br \/>&#8211; Demandes des m\u00e9dias<br \/>&#8211; Gestion de la banque de donn\u00e9es des photos<br \/>&#8211; Organisation et r\u00e9alisation des projets School Trophy, Friendship League et Suisse Junior Challenge<br \/>&#8211; D&rsquo;autres projects du Sport des loisirs<\/p><p><a href=\"mailto:raouf.morsi@swisstabletennis.ch\">raouf.morsi#swisstabletennis.ch<\/a><\/p>\t\t\t\t\t\t\t\t<\/div>\n\t\t\t\t<\/div>\n\t\t\t\t\t<\/div>\n\t\t<\/div>\n\t\t\t\t<div class=\"elementor-column elementor-col-33 elementor-top-column elementor-element elementor-element-7a1595f sc_inner_width_none sc_layouts_column_icons_position_left\" data-id=\"7a1595f\" data-element_type=\"column\">\n\t\t\t<div class=\"elementor-widget-wrap elementor-element-populated\">\n\t\t\t\t\t\t<div class=\"elementor-element elementor-element-21715d8 sc_fly_static elementor-widget elementor-widget-image\" data-id=\"21715d8\" data-element_type=\"widget\" data-widget_type=\"image.default\">\n\t\t\t\t<div class=\"elementor-widget-container\">\n\t\t\t\t\t\t\t\t\t\t\t\t\t\t\t<img decoding=\"async\" src=\"https:\/\/www.swisstabletennistest.ch\/wp-content\/uploads\/elementor\/thumbs\/z_Funktionare-STT-2022_originale-internet-19-scaled-pvnpl3lyqjkrdjvf3muir6ijph7l8sz9ypxp0a4mkg.jpg\" title=\"z_Funktion\u00e4re STT 2022_originale internet (19)\" alt=\"Sebastian Lauener, Administration und NWTTV\" loading=\"lazy\" \/>\t\t\t\t\t\t\t\t\t\t\t\t\t\t\t<\/div>\n\t\t\t\t<\/div>\n\t\t\t\t<div class=\"elementor-element elementor-element-9a3f684 sc_fly_static elementor-widget elementor-widget-text-editor\" data-id=\"9a3f684\" data-element_type=\"widget\" data-widget_type=\"text-editor.default\">\n\t\t\t\t<div class=\"elementor-widget-container\">\n\t\t\t\t\t\t\t\t\t<p><strong><big>Sebastian Lauener<\/big><\/strong><\/p><p><strong>Administration\u00a0et NWTTV, 40%<\/strong><\/p><p>&#8211; Coordination et d\u00e9roulement des comp\u00e9titions dans la NWTTV:<br \/>Etablissement des licences, championnat par \u00e9quipes \u00e9lite et seniors, TC \u00e9lite ainsi que r\u00e9daction du manuel<br \/>&#8211; Comptabilit\u00e9 des finances NWTTV<br \/>&#8211; Pr\u00e9paration des proc\u00e8s-verbaux de r\u00e9unions<br \/>&#8211; Pr\u00e9paration des paiements<br \/>&#8211; Travaux de secr\u00e9tariat et soutien au directeur<\/p><p><a href=\"mailto:sebastian.lauener@swisstabletennis.ch\">sebastian.lauener#swisstabletennis.ch<\/a><\/p>\t\t\t\t\t\t\t\t<\/div>\n\t\t\t\t<\/div>\n\t\t\t\t\t<\/div>\n\t\t<\/div>\n\t\t\t\t<div class=\"elementor-column elementor-col-33 elementor-top-column elementor-element elementor-element-a46755f sc_inner_width_none sc_layouts_column_icons_position_left\" data-id=\"a46755f\" data-element_type=\"column\">\n\t\t\t<div class=\"elementor-widget-wrap elementor-element-populated\">\n\t\t\t\t\t\t<div class=\"elementor-element elementor-element-cfd1789 sc_fly_static elementor-widget elementor-widget-image\" data-id=\"cfd1789\" data-element_type=\"widget\" data-widget_type=\"image.default\">\n\t\t\t\t<div class=\"elementor-widget-container\">\n\t\t\t\t\t\t\t\t\t\t\t\t\t\t\t<img decoding=\"async\" src=\"https:\/\/www.swisstabletennistest.ch\/wp-content\/uploads\/elementor\/thumbs\/Tobias_Klee-scaled-pvnpkpidw11gjefwdyr47s2msp531cfaws5et4pj5s.jpg\" title=\"Tobias_Klee\" alt=\"Tobias Klee\" loading=\"lazy\" \/>\t\t\t\t\t\t\t\t\t\t\t\t\t\t\t<\/div>\n\t\t\t\t<\/div>\n\t\t\t\t<div class=\"elementor-element elementor-element-55895b8 sc_fly_static elementor-widget elementor-widget-text-editor\" data-id=\"55895b8\" data-element_type=\"widget\" data-widget_type=\"text-editor.default\">\n\t\t\t\t<div class=\"elementor-widget-container\">\n\t\t\t\t\t\t\t\t\t<p><strong><big>Tobias Klee<\/big><\/strong><\/p><p><strong>Formation J+S, 40%<\/strong><\/p><p>&#8211; Gestion de l\u2019ensemble du programme des cours offerts par la collaboration entre Swiss Table Tennis et Jeunesse+Sport<br \/>&#8211; Responsable du d\u00e9veloppement et de l\u2019actualisation du mat\u00e9riel p\u00e9dagogique pour la formation J+S<br \/>&#8211; Information durant les formations et formations continues des moniteurs J+S et entra\u00eeneurs J+S<br \/>&#8211; Communication interne et externe pour les questions de formation<\/p><p><a href=\"mailto:tobias.klee@swisstabletennis.ch\">tobias.klee#swisstabletennis.ch<\/a><\/p>\t\t\t\t\t\t\t\t<\/div>\n\t\t\t\t<\/div>\n\t\t\t\t\t<\/div>\n\t\t<\/div>\n\t\t\t\t\t<\/div>\n\t\t<\/section>\n\t\t\t\t<section class=\"elementor-section elementor-top-section elementor-element elementor-element-d5efaa4 elementor-section-boxed elementor-section-height-default elementor-section-height-default\" data-id=\"d5efaa4\" data-element_type=\"section\">\n\t\t\t\t\t\t<div class=\"elementor-container elementor-column-gap-extended\">\n\t\t\t\t\t<div class=\"elementor-column elementor-col-33 elementor-top-column elementor-element elementor-element-ebfd41d sc_inner_width_none sc_layouts_column_icons_position_left\" data-id=\"ebfd41d\" data-element_type=\"column\">\n\t\t\t<div class=\"elementor-widget-wrap elementor-element-populated\">\n\t\t\t\t\t\t<div class=\"elementor-element elementor-element-e84b65a sc_fly_static elementor-widget elementor-widget-image\" data-id=\"e84b65a\" data-element_type=\"widget\" data-widget_type=\"image.default\">\n\t\t\t\t<div class=\"elementor-widget-container\">\n\t\t\t\t\t\t\t\t\t\t\t\t\t\t\t<img fetchpriority=\"high\" decoding=\"async\" width=\"768\" height=\"384\" src=\"https:\/\/www.swisstabletennistest.ch\/wp-content\/uploads\/2021\/05\/1-stt_logo_gross - Kopie-768x384.jpg\" class=\"attachment-medium_large size-medium_large wp-image-692\" alt=\"\" srcset=\"https:\/\/www.swisstabletennistest.ch\/wp-content\/uploads\/2021\/05\/1-stt_logo_gross%20-%20Kopie-768x384.jpg 768w, https:\/\/www.swisstabletennistest.ch\/wp-content\/uploads\/2021\/05\/1-stt_logo_gross%20-%20Kopie-600x300.jpg 600w, https:\/\/www.swisstabletennistest.ch\/wp-content\/uploads\/2021\/05\/1-stt_logo_gross%20-%20Kopie-300x150.jpg 300w, https:\/\/www.swisstabletennistest.ch\/wp-content\/uploads\/2021\/05\/1-stt_logo_gross%20-%20Kopie-1024x512.jpg 1024w, https:\/\/www.swisstabletennistest.ch\/wp-content\/uploads\/2021\/05\/1-stt_logo_gross%20-%20Kopie-1536x768.jpg 1536w, https:\/\/www.swisstabletennistest.ch\/wp-content\/uploads\/2021\/05\/1-stt_logo_gross%20-%20Kopie-2048x1024.jpg 2048w, https:\/\/www.swisstabletennistest.ch\/wp-content\/uploads\/2021\/05\/1-stt_logo_gross%20-%20Kopie-500x250.jpg 500w, https:\/\/www.swisstabletennistest.ch\/wp-content\/uploads\/2021\/05\/1-stt_logo_gross%20-%20Kopie-400x200.jpg 400w, https:\/\/www.swisstabletennistest.ch\/wp-content\/uploads\/2021\/05\/1-stt_logo_gross%20-%20Kopie-32x16.jpg 32w, https:\/\/www.swisstabletennistest.ch\/wp-content\/uploads\/2021\/05\/1-stt_logo_gross%20-%20Kopie-370x185.jpg 370w, https:\/\/www.swisstabletennistest.ch\/wp-content\/uploads\/2021\/05\/1-stt_logo_gross%20-%20Kopie-818x409.jpg 818w, https:\/\/www.swisstabletennistest.ch\/wp-content\/uploads\/2021\/05\/1-stt_logo_gross%20-%20Kopie-406x203.jpg 406w\" sizes=\"(max-width: 768px) 100vw, 768px\" \/>\t\t\t\t\t\t\t\t\t\t\t\t\t\t\t<\/div>\n\t\t\t\t<\/div>\n\t\t\t\t<div class=\"elementor-element elementor-element-9b86fd3 sc_fly_static elementor-widget elementor-widget-text-editor\" data-id=\"9b86fd3\" data-element_type=\"widget\" data-widget_type=\"text-editor.default\">\n\t\t\t\t<div class=\"elementor-widget-container\">\n\t\t\t\t\t\t\t\t\t<p><strong>Markus Werner &amp; Eliane Thalmann<\/strong><\/p><p><strong>Ligue nationales, 20%<\/strong><\/p><p>&#8211; Responsable de la coordination de la ligue nationale selon les instructions du comit\u00e9 de la LN et de l\u2019assembl\u00e9e de la LN<br \/>&#8211; Pr\u00e9paration et suivi des s\u00e9ances et des activit\u00e9s du comit\u00e9 de la LN et de l\u2019ALN ainsi que l\u2019organisation de l\u2019ex\u00e9cution des d\u00e9cisions<br \/>&#8211; V\u00e9rification des demandes qui concernent la LN tout comme les propositions pour les demandes de changement du r\u00e8glement sportif<\/p><p><a href=\"mailto:nl@swisstabletennis.ch\">nl#swisstabletennis.ch<\/a><\/p>\t\t\t\t\t\t\t\t<\/div>\n\t\t\t\t<\/div>\n\t\t\t\t\t<\/div>\n\t\t<\/div>\n\t\t\t\t<div class=\"elementor-column elementor-col-33 elementor-top-column elementor-element elementor-element-ec7dd7d sc_inner_width_none sc_layouts_column_icons_position_left\" data-id=\"ec7dd7d\" data-element_type=\"column\">\n\t\t\t<div class=\"elementor-widget-wrap\">\n\t\t\t\t\t\t\t<\/div>\n\t\t<\/div>\n\t\t\t\t<div class=\"elementor-column elementor-col-33 elementor-top-column elementor-element elementor-element-2e5ac24 sc_inner_width_none sc_layouts_column_icons_position_left\" data-id=\"2e5ac24\" data-element_type=\"column\">\n\t\t\t<div class=\"elementor-widget-wrap\">\n\t\t\t\t\t\t\t<\/div>\n\t\t<\/div>\n\t\t\t\t\t<\/div>\n\t\t<\/section>\n\t\t\t\t<\/div>\n\t\t","protected":false},"excerpt":{"rendered":"<p>Contact Swiss Table TennisGesch\u00e4ftsstelleHaus des SportsTalgutzentrum 27 3063 Ittigen L&rsquo;office central se trouve \u00e0 la maison du sport \u00e0 Ittigen&hellip;<\/p>\n","protected":false},"author":16,"featured_media":2432,"parent":0,"menu_order":0,"comment_status":"closed","ping_status":"closed","template":"","meta":{"_monsterinsights_skip_tracking":false,"_monsterinsights_sitenote_active":false,"_monsterinsights_sitenote_note":"","_monsterinsights_sitenote_category":0,"footnotes":""},"class_list":["post-2777","page","type-page","status-publish","has-post-thumbnail","hentry"],"_links":{"self":[{"href":"https:\/\/www.swisstabletennistest.ch\/fr\/wp-json\/wp\/v2\/pages\/2777","targetHints":{"allow":["GET"]}}],"collection":[{"href":"https:\/\/www.swisstabletennistest.ch\/fr\/wp-json\/wp\/v2\/pages"}],"about":[{"href":"https:\/\/www.swisstabletennistest.ch\/fr\/wp-json\/wp\/v2\/types\/page"}],"author":[{"embeddable":true,"href":"https:\/\/www.swisstabletennistest.ch\/fr\/wp-json\/wp\/v2\/users\/16"}],"replies":[{"embeddable":true,"href":"https:\/\/www.swisstabletennistest.ch\/fr\/wp-json\/wp\/v2\/comments?post=2777"}],"version-history":[{"count":0,"href":"https:\/\/www.swisstabletennistest.ch\/fr\/wp-json\/wp\/v2\/pages\/2777\/revisions"}],"wp:featuredmedia":[{"embeddable":true,"href":"https:\/\/www.swisstabletennistest.ch\/fr\/wp-json\/wp\/v2\/media\/2432"}],"wp:attachment":[{"href":"https:\/\/www.swisstabletennistest.ch\/fr\/wp-json\/wp\/v2\/media?parent=2777"}],"curies":[{"name":"wp","href":"https:\/\/api.w.org\/{rel}","templated":true}]}}