{"id":2775,"date":"2022-06-15T09:05:36","date_gmt":"2022-06-15T08:05:36","guid":{"rendered":"https:\/\/swisstabletennis.ch\/neu\/?page_id=2775"},"modified":"2022-07-01T11:13:52","modified_gmt":"2022-07-01T10:13:52","slug":"benevolat","status":"publish","type":"page","link":"https:\/\/www.swisstabletennistest.ch\/fr\/benevolat\/","title":{"rendered":"B\u00e9n\u00e9volat"},"content":{"rendered":"<p>Le tennis de table suisse ne pourrait pas fonctionner sans le b\u00e9n\u00e9volat. Les comit\u00e9s de club, les organisateurs\/trices de tournoi, responsables des AR et parfois aussi des entra\u00eeneurs consacrent leur temps \u00e0 ce sport rapide, sans recevoir en contrepartie une r\u00e9mun\u00e9ration. Swiss Table Tennis souhaiterait remercier chaleureusement toutes les personnes pour leur inlassable et tr\u00e8s pr\u00e9cieux engagement au sein du tennis de table suisse. La f\u00e9d\u00e9ration profite, par la m\u00eame occasion, d\u2019encourager les pongistes \u00e0 continuer ou au contraire commencer \u00e0 s\u2019engager b\u00e9n\u00e9volement dans le tennis de table. Sur cette page, vous trouverez toutes les informations importantes autour du b\u00e9n\u00e9volat dans la f\u00e9d\u00e9ration suisse de tennis de table.<\/p>\n<p><strong>Pourquoi devrais-je m\u2019engager b\u00e9n\u00e9volement?<\/strong><\/p>\n<div class=\"avPlayerWrapper avVideo\">\n<div class=\"avPlayerContainer\">\n<div id=\"AVPlayerID_0_848e3e3a10b53f33f6824b25718dbd52\" class=\"avPlayerBlock\"><iframe title=\"JoomlaWorks AllVideos Player\" src=\"https:\/\/www.youtube.com\/embed\/1t6muBWKaLY?rel=0&amp;fs=1&amp;wmode=transparent\" width=\"520\" height=\"300\" frameborder=\"0\" scrolling=\"no\" allowfullscreen=\"allowfullscreen\" data-mce-fragment=\"1\"><\/iframe><\/div>\n<\/div>\n<\/div>\n<p>&nbsp;<\/p>\n<p><strong>O\u00f9 puis-je m\u2019engager b\u00e9n\u00e9volement?<\/strong><\/p>\n<p>Le sport du tennis de table offre diverses possibilit\u00e9s pour du b\u00e9n\u00e9volat. A STT, vous pouvez sans autre trouver l\u2019action de b\u00e9n\u00e9volat qui vous correspond, que vous soyez fan de tennis de table, joueur\/se de tennis de table ou uniquement int\u00e9ress\u00e9\/e par le marketing et communication.\u00a0<a class=\"wf_file\" href=\"https:\/\/www.swisstabletennistest.ch\/wp-content\/uploads\/2017\/01\/Apercu_des_possibilites_dengagement_des_benevoles_a_STT_.pdf\" target=\"_blank\" rel=\"noopener\"><span class=\"wf_file_text\">Ce PDF<\/span><\/a>\u00a0donne un aper\u00e7u des possibilit\u00e9s et des exigences pour un travail de b\u00e9n\u00e9volat pr\u00e9cis. Si vous souhaitez vous engager b\u00e9n\u00e9volement, il est pr\u00e9f\u00e9rable que vous preniez contact avec\u00a0<a href=\"https:\/\/www.google.com\/maps\/d\/viewer?mid=19zjtwe6eHx25RCnyZd2_U0qDg9M&amp;ll=46.931132033676434%2C8.901288293985772&amp;z=8\">un club de tennis de table dans votre r\u00e9gion<\/a>\u00a0ou directement avec\u00a0<a class=\"wf_file\" href=\"https:\/\/www.swisstabletennistest.ch\/contact\/?lang=fr\" target=\"_blank\" rel=\"noopener\"><span class=\"wf_file_text\">Swiss Table Tennis<\/span><\/a>.<\/p>\n<p><strong>Que peuvent entreprendre les clubs pour encourager le b\u00e9n\u00e9volat ?<\/strong><\/p>\n<p>Manque-t-il des b\u00e9n\u00e9voles dans votre club? Aucun probl\u00e8me \u2013 il existe diverses possibilit\u00e9s pour trouver de nouveaux b\u00e9n\u00e9voles. Dans ce but, sur\u00a0<a class=\"wf_file\" href=\"https:\/\/www.swisstabletennistest.ch\/wp-content\/uploads\/2017\/01\/Promotion_du_benevolat_dans_un_club_de_tennis_de_table_NEU.pdf\" target=\"_blank\" rel=\"noopener\"><span class=\"wf_file_text\">cette fiche<\/span><\/a>\u00a0descriptive, quelques suggestions sont \u00e9num\u00e9r\u00e9es.<\/p>\n<p>Pour ceux qui souhaiteraient en conna\u00eetre davantage sur le th\u00e8me du b\u00e9n\u00e9volat, le travail de stage de Daria Lehmann (\u201ePromotion du b\u00e9n\u00e9volat \u2013 un projet de film dans le tennis de table\u201c, texte en allemand) peut \u00eatre\u00a0<a class=\"wf_file\" href=\"https:\/\/www.swisstabletennistest.ch\/wp-content\/uploads\/2022\/04\/2016_12_28_Foerderung_der_Freiwilligenarbeit_-_Ein_Filmprojekt_im_Tischtennis.pdf\" target=\"_blank\" rel=\"noopener\"><span class=\"wf_file_text\">t\u00e9l\u00e9charg\u00e9<\/span><\/a>. Une interview de l\u2019auteure du travail de stage se trouve dans\u00a0<a href=\"https:\/\/www.swisstabletennistest.ch\/satisfaction-personelle-au-lieu-d-argent\/?lang=fr\">l\u2019article du Sidespin<\/a>, ce qui vous permettra d\u2019obtenir d\u2019autres informations int\u00e9ressantes sur le th\u00e8me du b\u00e9n\u00e9volat dans le tennis de table.<\/p>\n","protected":false},"excerpt":{"rendered":"<p>Le tennis de table suisse ne pourrait pas fonctionner sans le b\u00e9n\u00e9volat. Les comit\u00e9s de club, les organisateurs\/trices de tournoi,&hellip;<\/p>\n","protected":false},"author":16,"featured_media":9064,"parent":0,"menu_order":0,"comment_status":"closed","ping_status":"closed","template":"","meta":{"_monsterinsights_skip_tracking":false,"_monsterinsights_sitenote_active":false,"_monsterinsights_sitenote_note":"","_monsterinsights_sitenote_category":0,"footnotes":""},"class_list":["post-2775","page","type-page","status-publish","has-post-thumbnail","hentry"],"_links":{"self":[{"href":"https:\/\/www.swisstabletennistest.ch\/fr\/wp-json\/wp\/v2\/pages\/2775","targetHints":{"allow":["GET"]}}],"collection":[{"href":"https:\/\/www.swisstabletennistest.ch\/fr\/wp-json\/wp\/v2\/pages"}],"about":[{"href":"https:\/\/www.swisstabletennistest.ch\/fr\/wp-json\/wp\/v2\/types\/page"}],"author":[{"embeddable":true,"href":"https:\/\/www.swisstabletennistest.ch\/fr\/wp-json\/wp\/v2\/users\/16"}],"replies":[{"embeddable":true,"href":"https:\/\/www.swisstabletennistest.ch\/fr\/wp-json\/wp\/v2\/comments?post=2775"}],"version-history":[{"count":0,"href":"https:\/\/www.swisstabletennistest.ch\/fr\/wp-json\/wp\/v2\/pages\/2775\/revisions"}],"wp:featuredmedia":[{"embeddable":true,"href":"https:\/\/www.swisstabletennistest.ch\/fr\/wp-json\/wp\/v2\/media\/9064"}],"wp:attachment":[{"href":"https:\/\/www.swisstabletennistest.ch\/fr\/wp-json\/wp\/v2\/media?parent=2775"}],"curies":[{"name":"wp","href":"https:\/\/api.w.org\/{rel}","templated":true}]}}