{"id":2727,"date":"2022-06-14T14:28:16","date_gmt":"2022-06-14T13:28:16","guid":{"rendered":"https:\/\/swisstabletennis.ch\/neu\/europe-top-16-cup\/"},"modified":"2023-06-14T12:25:59","modified_gmt":"2023-06-14T10:25:59","slug":"europe-top-16-cup","status":"publish","type":"page","link":"https:\/\/www.swisstabletennistest.ch\/fr\/europe-top-16-cup\/","title":{"rendered":"Europe Top 16 Cup"},"content":{"rendered":"<p>Le CCB Europe Top16 Montreux est un tournoi de tennis de table annuel qui voit s&rsquo;affronter les 16 meilleurs joueurs d&rsquo;Europe.<\/p>\n<p>Organis\u00e9 par l&rsquo;Union europ\u00e9enne de tennis de table (ETTU), le tournoi est l&rsquo;un des \u00e9v\u00e9nements les plus prestigieux du calendrier europ\u00e9en de tennis de table.<\/p>\n<p>Le tournoi se d\u00e9roule sur deux jours et comprend des rencontres individuelles. Les matchs se d\u00e9roulent selon un syst\u00e8me d&rsquo;\u00e9limination directe, les vainqueurs acc\u00e9dant au tour suivant jusqu&rsquo;\u00e0 ce qu&rsquo;un champion soit couronn\u00e9. L&rsquo;\u00e9v\u00e9nement se d\u00e9roule g\u00e9n\u00e9ralement dans la ville suisse de Montreux, connue pour sa situation pittoresque au bord du lac L\u00e9man.<\/p>\n<h5>\u00c9dition\u00a02024<\/h5>\n<p><strong>Dates : 19-21 janvier 2024<\/strong><\/p>\n<p><a href=\"https:\/\/top16montreux.com\/\">Site officiel<\/a><\/p>\n<p><a href=\"https:\/\/www.ettu.org\/en\/events\/europe-top-16\/general-information\/\">Informations (ETTU)<\/a><\/p>\n<h5>\u00c9dition 2023<\/h5>\n<p><strong>Dates : 25-26 f\u00e9vrier 2023<\/strong><\/p>\n<p><a href=\"http:\/\/top16montreux.com\/\">Site officiel<\/a><\/p>\n<p><a href=\"https:\/\/www.ticketmaster.ch\/artist\/ccb-europe-top-16-cup-montreux-billets\/991115?language=fr-ch\">Billeterie<\/a><\/p>\n<p><a href=\"https:\/\/go.swissvolunteers.ch\/volunteers.core\/publicdiscoverevents\/vieweventforlink?utm_source=newsletter&amp;utm_medium=email&amp;utm_campaign=Newsletter_2022_12_FR&amp;hash=64ef4e066c3b95ad31ebc556d98f399d6711933a\">Devenir b\u00e9n\u00e9vole<\/a><\/p>\n<h5>\u00c9dition 2022<\/h5>\n<p><strong>Dates: 26-27 f\u00e9vrier 2022<\/strong><\/p>\n<p><a href=\"http:\/\/www.top16montreux.com\/de\/index.php\" target=\"_blank\" rel=\"noopener\">Site officiel<\/a><\/p>\n<p>&nbsp;<\/p>\n<p><strong>News<\/strong><\/p>\n<p><a href=\"https:\/\/www.swisstabletennistest.ch\/fr\/?s=top16&amp;lang=fr\">Archive<\/a><\/p>\n","protected":false},"excerpt":{"rendered":"<p>Le CCB Europe Top16 Montreux est un tournoi de tennis de table annuel qui voit s&rsquo;affronter les 16 meilleurs joueurs&hellip;<\/p>\n","protected":false},"author":16,"featured_media":13256,"parent":0,"menu_order":0,"comment_status":"closed","ping_status":"closed","template":"","meta":{"_monsterinsights_skip_tracking":false,"_monsterinsights_sitenote_active":false,"_monsterinsights_sitenote_note":"","_monsterinsights_sitenote_category":0,"footnotes":""},"class_list":["post-2727","page","type-page","status-publish","has-post-thumbnail","hentry"],"_links":{"self":[{"href":"https:\/\/www.swisstabletennistest.ch\/fr\/wp-json\/wp\/v2\/pages\/2727","targetHints":{"allow":["GET"]}}],"collection":[{"href":"https:\/\/www.swisstabletennistest.ch\/fr\/wp-json\/wp\/v2\/pages"}],"about":[{"href":"https:\/\/www.swisstabletennistest.ch\/fr\/wp-json\/wp\/v2\/types\/page"}],"author":[{"embeddable":true,"href":"https:\/\/www.swisstabletennistest.ch\/fr\/wp-json\/wp\/v2\/users\/16"}],"replies":[{"embeddable":true,"href":"https:\/\/www.swisstabletennistest.ch\/fr\/wp-json\/wp\/v2\/comments?post=2727"}],"version-history":[{"count":0,"href":"https:\/\/www.swisstabletennistest.ch\/fr\/wp-json\/wp\/v2\/pages\/2727\/revisions"}],"wp:featuredmedia":[{"embeddable":true,"href":"https:\/\/www.swisstabletennistest.ch\/fr\/wp-json\/wp\/v2\/media\/13256"}],"wp:attachment":[{"href":"https:\/\/www.swisstabletennistest.ch\/fr\/wp-json\/wp\/v2\/media?parent=2727"}],"curies":[{"name":"wp","href":"https:\/\/api.w.org\/{rel}","templated":true}]}}