{"id":2690,"date":"2022-06-14T12:49:40","date_gmt":"2022-06-14T11:49:40","guid":{"rendered":"https:\/\/swisstabletennis.ch\/neu\/assemblee-des-delegues\/"},"modified":"2023-07-20T10:32:08","modified_gmt":"2023-07-20T08:32:08","slug":"assemblee-des-delegues","status":"publish","type":"page","link":"https:\/\/www.swisstabletennistest.ch\/fr\/assemblee-des-delegues\/","title":{"rendered":"Assembl\u00e9e des d\u00e9l\u00e9gu\u00e9s"},"content":{"rendered":"<p><strong><a href=\"https:\/\/www.swisstabletennistest.ch\/fr\/events\/assemblee-des-delegues\/\">Prochaine assembl\u00e9e des d\u00e9l\u00e9gu\u00e9s le 23.09.2023 \u00e0 15.00<\/a><\/strong><\/p>\n<p><strong>Assembl\u00e9e extraordinaire des d\u00e9l\u00e9gu\u00e9s du samedi 24.06.2023, 10.00 (assembl\u00e9e virtuelle)<\/strong><\/p>\n<p><a href=\"https:\/\/www.swisstabletennistest.ch\/wp-content\/uploads\/2023\/07\/24.06.2023-Protokoll-ao-DV_f.pdf\">24.06.2023 &#8211; Proc\u00e8s Verbal<\/a><\/p>\n<p><a href=\"https:\/\/www.swisstabletennistest.ch\/wp-content\/uploads\/2023\/05\/Invitation-AD-2023-06-24.pdf\">Invitation AD 2023-06-24<\/a><\/p>\n<p><a href=\"https:\/\/www.swisstabletennistest.ch\/fr\/projet-sttl\/\">Info<\/a><\/p>\n<p><a href=\"https:\/\/www.swisstabletennistest.ch\/wp-content\/uploads\/2023\/04\/NLA-Reform.pdf\">Reforme NLA<\/a><\/p>\n<p><a href=\"https:\/\/www.swisstabletennistest.ch\/wp-content\/uploads\/2023\/04\/Aenderungen-der-Statuten-mit-Kommentar-F-AD.pdf\">Annexe point 3 &#8211; Approbation des statuts<\/a><\/p>\n<p><strong>Assembl\u00e9e extraordinaire des d\u00e9l\u00e9gu\u00e9s du lundi 23.01.2023, 20.00 (assembl\u00e9e virtuelle)<\/strong><\/p>\n<p><a href=\"https:\/\/www.swisstabletennistest.ch\/wp-content\/uploads\/2023\/02\/23.01.2023-Protokoll-ao-DV-2023_f.pdf\">Proc\u00e8s Verbal<\/a><\/p>\n<p><a href=\"https:\/\/www.swisstabletennistest.ch\/wp-content\/uploads\/2023\/01\/00_Invitation-AD-2023-01-23.pdf\">00_Invitation AD<\/a>\u00a0 \u00a0\/ \u00a0 <a href=\"https:\/\/www.swisstabletennistest.ch\/wp-content\/uploads\/2023\/01\/00_AD_Informations-dorganisation.pdf\">Informations d&rsquo;organisation<\/a><\/p>\n<p>02_<a href=\"https:\/\/www.swisstabletennistest.ch\/wp-content\/uploads\/2022\/10\/24.09.2022-Protokoll-Herbst-DV-2022_f.pdf\">Proc\u00e8s-verbal<\/a><\/p>\n<p><a href=\"https:\/\/www.swisstabletennistest.ch\/wp-content\/uploads\/2023\/01\/GPK-Kandidaturen_D_F.pdf\">03_CCG<\/a><\/p>\n<p><a href=\"https:\/\/www.swisstabletennistest.ch\/wp-content\/uploads\/2022\/12\/04_Abstimmung-1.pdf\">04_Abstimmung<\/a>\u00a0 \u00a0 \/\u00a0 \u00a0 <a href=\"https:\/\/www.swisstabletennistest.ch\/wp-content\/uploads\/2022\/12\/04_Stellungnahme-SpoKo-Antraege-Sporteglement-SM-NW-RLT_f_OK-RM.pdf\">04_Prise de position SPOKO \/ CC<\/a>\u00a0 \u00a0 \u00a0\/\u00a0 \u00a0 <a href=\"https:\/\/www.swisstabletennistest.ch\/wp-content\/uploads\/2022\/12\/04_Proposition-de-modification-du-reglement-sportif-STT_32.4.pdf\">04_Prise de position AGTT<\/a><\/p>\n<p><a href=\"https:\/\/www.swisstabletennistest.ch\/wp-content\/uploads\/2022\/12\/05_STTL-1.pdf\">05_STTL<\/a><\/p>\n<p><a href=\"https:\/\/www.swisstabletennistest.ch\/wp-content\/uploads\/2023\/01\/Prasentation-a.o.-DV-2023.pdf\">Pr\u00e9sentation de l&rsquo;assembl\u00e9e extraordinaire des d\u00e9l\u00e9gu\u00e9s<\/a><\/p>\n<p><strong>Assembl\u00e9e des d\u00e9l\u00e9gu\u00e9s d&rsquo;automne du 24 septembre 2022 \u00e0 Ittigen\/BE<\/strong><\/p>\n<p><a href=\"https:\/\/www.swisstabletennistest.ch\/wp-content\/uploads\/2023\/07\/24.09.2022-Protokoll-Herbst-DV-2022_f.pdf\">Proc\u00e8s-verbal<\/a><\/p>\n<p><a href=\"https:\/\/www.swisstabletennistest.ch\/wp-content\/uploads\/2022\/08\/Invitation_AD_2022-09-24.pdf\">Invitation et ordre du jour<\/a><\/p>\n<p><a href=\"https:\/\/www.swisstabletennistest.ch\/wp-content\/uploads\/2022\/08\/Annexe_03-04.pdf\">Annexe 03-04<\/a> \/ <a href=\"https:\/\/www.swisstabletennistest.ch\/wp-content\/uploads\/2022\/08\/Annexe_12.pdf\">Annexe 12<\/a> \/ <a href=\"https:\/\/www.swisstabletennistest.ch\/wp-content\/uploads\/2022\/08\/Beilage_Traktandum_5_-_Jahresbericht.pdf\">Annexe 05 comptes annuels<\/a><\/p>\n<p><a href=\"https:\/\/www.swisstabletennistest.ch\/wp-content\/uploads\/2022\/10\/Beilage_10_-_Engagement_Georg_Silberschmimdt.pdf\">Annexe 10 Engagement Georg Silberschmimdt<\/a> \/ <a href=\"https:\/\/www.swisstabletennistest.ch\/wp-content\/uploads\/2022\/10\/ZV-CC_-_1.pdf\">07-CC_01<\/a> \/ <a href=\"https:\/\/www.swisstabletennistest.ch\/wp-content\/uploads\/2022\/10\/GPK_-_CCG_240922.pdf\">Annexe 08<\/a><\/p>\n<p><strong>Assembl\u00e9e extraordinaire des d\u00e9l\u00e9gu\u00e9s du 02 juillet 2022 (assembl\u00e9e virtuelle)<\/strong><\/p>\n<p><a class=\"wf_file\" title=\"1._Invitation_AD_ext._2022-07-02.pdf\" href=\"https:\/\/www.swisstabletennistest.ch\/wp-content\/uploads\/2022\/07\/02.07.2022-Proces-verbal-AD-extraordinaire-2022.pdf\" target=\"_blank\" rel=\"noopener\"><span class=\"wf_file_text\">Proc\u00e8s-verbal<\/span><\/a><\/p>\n<p><a class=\"wf_file\" title=\"1._Invitation_AD_ext._2022-07-02.pdf\" href=\"https:\/\/www.swisstabletennistest.ch\/wp-content\/uploads\/2022\/05\/1._Invitation_AD_ext._2022-07-02.pdf\" target=\"_blank\" rel=\"noopener\"><span class=\"wf_file_text\">Invitation et ordre du jour<\/span><\/a><\/p>\n<p><a class=\"wf_file\" title=\"2._Proc\u00e8s-verbal_printemps_AD_2022.pdf\" href=\"https:\/\/www.swisstabletennistest.ch\/wp-content\/uploads\/2022\/05\/2._Proces-verbal_printemps_AD_2022.pdf\" target=\"_blank\" rel=\"noopener\"><span class=\"wf_file_text\">Annexe point 2<\/span><\/a><\/p>\n<p><a class=\"wf_file\" title=\"Annexe_point_3.pdf\" href=\"https:\/\/www.swisstabletennistest.ch\/wp-content\/uploads\/2022\/05\/Annexe_point_3.pdf\" target=\"_blank\" rel=\"noopener\"><span class=\"wf_file_text\">Annexe point 3<\/span><\/a><\/p>\n<p>&nbsp;<\/p>\n<p><strong>Assembl\u00e9e des d\u00e9l\u00e9gu\u00e9s de printemps du 5 mars 2022 \u00e0 Crissier\/VD<\/strong><\/p>\n<p><a class=\"wf_file\" href=\"https:\/\/www.swisstabletennistest.ch\/wp-content\/uploads\/2022\/07\/05.03.2022-Proces-verbal-printemps-AD-2022.pdf\" target=\"_blank\" rel=\"noopener\"><span class=\"wf_file_text\">Proc\u00e8s-verbal<\/span><\/a><\/p>\n<p><a class=\"wf_file\" href=\"https:\/\/www.swisstabletennistest.ch\/wp-content\/uploads\/2022\/05\/Invitation_AD_03_2022.pdf\" target=\"_blank\" rel=\"noopener\"><span class=\"wf_file_text\">Invitation et ordre du jour<\/span><\/a><\/p>\n<p><a class=\"wf_file\" href=\"https:\/\/www.swisstabletennistest.ch\/wp-content\/uploads\/2022\/05\/Beilage_annexe_3-Budget.pdf\" target=\"_blank\" rel=\"noopener\"><span class=\"wf_file_text\">Annexe point 3<\/span><\/a>\u00a0\/\u00a0<a class=\"wf_file\" href=\"https:\/\/www.swisstabletennistest.ch\/wp-content\/uploads\/2022\/05\/Annexe_4_proposition__contre_proposition_reglement_sportif.pdf\" target=\"_blank\" rel=\"noopener\"><span class=\"wf_file_text\">Annexe point 4<\/span><\/a>\u00a0\/\u00a0<a class=\"wf_file\" href=\"https:\/\/www.swisstabletennistest.ch\/wp-content\/uploads\/2022\/05\/STT_Reformestructurelle_03_2022.pdf\" target=\"_blank\" rel=\"noopener\"><span class=\"wf_file_text\">Annexe point 5<\/span><\/a><\/p>\n<p>&nbsp;<\/p>\n<p><strong>Assembl\u00e9e des d\u00e9l\u00e9gu\u00e9s d&rsquo;automne du 25 septembre 2021 \u00e0 Macolin\/BE<\/strong><\/p>\n<p><a class=\"wf_file\" href=\"https:\/\/www.swisstabletennistest.ch\/wp-content\/uploads\/2022\/05\/25.09.2021_-_Protokoll_Herbst_DV_2021_f.pdf\" target=\"_blank\" rel=\"noopener\"><span class=\"wf_file_text\">Proc\u00e8s-verbal<\/span><\/a><\/p>\n<p><a class=\"wf_file\" href=\"https:\/\/www.swisstabletennistest.ch\/wp-content\/uploads\/2022\/05\/Invitation_AD_2021-09-25.pdf\" target=\"_blank\" rel=\"noopener\"><span class=\"wf_file_text\">Invitation et ordre du jour<\/span><\/a><\/p>\n<p><a class=\"wf_file\" href=\"https:\/\/www.swisstabletennistest.ch\/wp-content\/uploads\/2022\/05\/Praesentation_Herbst_DV_2021.pdf\" target=\"_blank\" rel=\"noopener\"><span class=\"wf_file_text\">Pr\u00e9sentation<\/span><\/a><\/p>\n<p><a class=\"wf_file\" href=\"https:\/\/www.swisstabletennistest.ch\/wp-content\/uploads\/2022\/05\/Rapports_annuels_2020-21_v2.pdf\" target=\"_blank\" rel=\"noopener\"><span class=\"wf_file_text\">Annexe points 3 et 4<\/span><\/a> \/ <a class=\"wf_file\" href=\"https:\/\/www.swisstabletennistest.ch\/wp-content\/uploads\/2022\/05\/Beilage_Annexe_5.pdf\" target=\"_blank\" rel=\"noopener\"><span class=\"wf_file_text\">Annexe point 5<\/span><\/a> \/ <a class=\"wf_file\" href=\"https:\/\/www.swisstabletennistest.ch\/wp-content\/uploads\/2022\/05\/Beilage_Annexe_7-8.pdf\" target=\"_blank\" rel=\"noopener\"><span class=\"wf_file_text\">Annexe points 7 et 8<\/span><\/a> \/ <a class=\"wf_file\" href=\"https:\/\/www.swisstabletennistest.ch\/wp-content\/uploads\/2022\/05\/Annexe_13.pdf\" target=\"_blank\" rel=\"noopener\">Annexe point 13<\/a><\/p>\n<p>&nbsp;<\/p>\n<p><strong>Assembl\u00e9e des d\u00e9l\u00e9gu\u00e9s de printemps du 6 mars 2021 (assembl\u00e9e virtuelle)<\/strong><\/p>\n<p><a class=\"wf_file\" href=\"https:\/\/www.swisstabletennistest.ch\/wp-content\/uploads\/2022\/05\/06.03.2021_-_Protokoll_Fruehling_DV_2021_f.pdf\" target=\"_blank\" rel=\"noopener\"><span class=\"wf_file_text\">Proc\u00e8s-verbal<\/span><\/a><\/p>\n<p><a class=\"wf_file\" href=\"https:\/\/www.swisstabletennistest.ch\/wp-content\/uploads\/2022\/05\/Invitation.pdf\" target=\"_blank\" rel=\"noopener\"><span class=\"wf_file_text\">Invitation et ordre du jour<\/span><\/a><\/p>\n<p><a class=\"wf_file\" href=\"https:\/\/www.swisstabletennistest.ch\/wp-content\/uploads\/2022\/05\/Praesentation_DV_2021-03-06.pdf\" target=\"_blank\" rel=\"noopener\"><span class=\"wf_file_text\">Pr\u00e9sentation<\/span><\/a><\/p>\n<p><a class=\"wf_file\" href=\"https:\/\/www.swisstabletennistest.ch\/wp-content\/uploads\/2022\/05\/Annexe_point_2_v2.pdf\" target=\"_blank\" rel=\"noopener\"><span class=\"wf_file_text\">Annexe point 2 <\/span><\/a>\/ <a class=\"wf_file\" href=\"https:\/\/www.swisstabletennistest.ch\/wp-content\/uploads\/2022\/05\/Beilage_Annexe_4.pdf\" target=\"_blank\" rel=\"noopener\"><span class=\"wf_file_text\">Annexe point 3<\/span><\/a> \/ <a class=\"wf_file\" href=\"https:\/\/www.swisstabletennistest.ch\/wp-content\/uploads\/2022\/05\/Beilage_Annexe_4_neu.pdf\" target=\"_blank\" rel=\"noopener\"><span class=\"wf_file_text\">Annexe point 4<\/span><\/a> \/\u00a0<a class=\"wf_file\" href=\"https:\/\/www.swisstabletennistest.ch\/wp-content\/uploads\/2022\/05\/Annexes_5-7_avec_contre-propositions.pdf\" target=\"_blank\" rel=\"noopener\"><span class=\"wf_file_text\">Annexe points 5-7 avec contre-propositions<\/span><\/a><\/p>\n<p>&nbsp;<\/p>\n<p><strong>Assembl\u00e9e des d\u00e9l\u00e9gu\u00e9s d&rsquo;automne du\u00a026 septembre 2020 \u00e0 Ittigen\/BE<\/strong><\/p>\n<p><a class=\"wf_file\" href=\"https:\/\/www.swisstabletennistest.ch\/wp-content\/uploads\/2022\/05\/26.09.2020_-_Protokoll_Herbst_DV_2020_f.pdf\" target=\"_blank\" rel=\"noopener\"><span class=\"wf_file_text\">Proc\u00e8s-verbal<\/span><\/a><\/p>\n<p><a class=\"wf_file\" href=\"https:\/\/www.swisstabletennistest.ch\/wp-content\/uploads\/2022\/05\/Praesentation_Herbst_DV_2020.pdf\" target=\"_blank\" rel=\"noopener\"><span class=\"wf_file_text\">Pr\u00e9sentation<\/span><\/a><\/p>\n<p><a class=\"wf_file\" href=\"https:\/\/www.swisstabletennistest.ch\/wp-content\/uploads\/2022\/05\/Invitation_AD_2020-09-26.pdf\" target=\"_blank\" rel=\"noopener\"><span class=\"wf_file_text\">Invitation et ordre du jour<\/span><\/a><\/p>\n<p><a class=\"wf_file\" href=\"https:\/\/www.swisstabletennistest.ch\/wp-content\/uploads\/2022\/05\/Rapports_annuels_2019-20_fr.pdf\" target=\"_blank\" rel=\"noopener\"><span class=\"wf_file_text\">Annexe points 3 et 4<\/span> <\/a>\/ <a class=\"wf_file\" href=\"https:\/\/www.swisstabletennistest.ch\/wp-content\/uploads\/2022\/05\/Beilage_5_Jahresrechnung.pdf\" target=\"_blank\" rel=\"noopener\"><span class=\"wf_file_text\">Annexe point 5<\/span><\/a> \/ <a class=\"wf_file\" href=\"https:\/\/www.swisstabletennistest.ch\/wp-content\/uploads\/2022\/05\/Beilage_7_ZVA.pdf\" target=\"_blank\" rel=\"noopener\"><span class=\"wf_file_text\">Annexe point 7<\/span><\/a> \/ <a class=\"wf_file\" href=\"https:\/\/www.swisstabletennistest.ch\/wp-content\/uploads\/2022\/05\/Annexe_9_propositions_Covid-19_v3.pdf\" target=\"_blank\" rel=\"noopener\"><span class=\"wf_file_text\">Annexe point 9<\/span><\/a>\u00a0\/ <a class=\"wf_file\" href=\"https:\/\/www.swisstabletennistest.ch\/wp-content\/uploads\/2022\/05\/Annexe_12_autres_propositions.pdf\" target=\"_blank\" rel=\"noopener\"><span class=\"wf_file_text\">Annexe point 12<\/span><\/a><\/p>\n<p>&nbsp;<\/p>\n<p><strong>Assembl\u00e9e des d\u00e9l\u00e9gu\u00e9s de printemps du 29 f\u00e9vrier 2020 \u00e0 Jona\/SG<\/strong><\/p>\n<p><a class=\"wf_file\" href=\"https:\/\/www.swisstabletennistest.ch\/wp-content\/uploads\/2022\/05\/2020.02.29_Rapperswil_Protokoll_V2_f.pdf\" target=\"_blank\" rel=\"noopener\"><span class=\"wf_file_text\">Proc\u00e8s-verbal<\/span><\/a><\/p>\n<p><a class=\"wf_file\" href=\"https:\/\/www.swisstabletennistest.ch\/wp-content\/uploads\/2022\/05\/Praesentation_DV_2020-02-29.pdf\" target=\"_blank\" rel=\"noopener\"><span class=\"wf_file_text\">Pr\u00e9sentation<\/span><\/a><\/p>\n<p><a class=\"wf_file\" href=\"https:\/\/www.swisstabletennistest.ch\/wp-content\/uploads\/2022\/05\/Praesentation_GPK_Fruehjahres-DV_2020.pdf\" target=\"_blank\" rel=\"noopener\"><span class=\"wf_file_text\">Pr\u00e9sentation CCG ad hoc<\/span><\/a><\/p>\n<p><a class=\"wf_file\" href=\"https:\/\/www.swisstabletennistest.ch\/wp-content\/uploads\/2022\/05\/Invitation.pdf\" target=\"_blank\" rel=\"noopener\"><span class=\"wf_file_text\">Invitation et ordre du jour<\/span><\/a><\/p>\n<p><a class=\"wf_file\" href=\"https:\/\/www.swisstabletennistest.ch\/wp-content\/uploads\/2022\/05\/Beilage_Annexe_3_Budget_2020-21_v3.pdf\" target=\"_blank\" rel=\"noopener\"><span class=\"wf_file_text\">Annexe point 3<\/span><\/a> \/ <a class=\"wf_file\" href=\"https:\/\/www.swisstabletennistest.ch\/wp-content\/uploads\/2022\/05\/Annexe_5_Propositions_Reglement_Sportif.pdf\" target=\"_blank\" rel=\"noopener\"><span class=\"wf_file_text\">Annexe point 5<\/span><\/a><\/p>\n<p>&nbsp;<\/p>\n<p><strong>Assembl\u00e9e des d\u00e9l\u00e9gu\u00e9s d&rsquo;automne du 21 septembre 2019 \u00e0 Ittigen\/BE<\/strong><\/p>\n<p><a class=\"wf_file\" href=\"https:\/\/www.swisstabletennistest.ch\/wp-content\/uploads\/2022\/05\/Protokoll_Herbst_DV_2019_f.pdf\" target=\"_blank\" rel=\"noopener\"><span class=\"wf_file_text\">Proc\u00e8s-verbal<\/span><\/a><\/p>\n<p><a class=\"wf_file\" href=\"https:\/\/www.swisstabletennistest.ch\/wp-content\/uploads\/2022\/05\/Praesentation_Herbst_DV_2019.pdf\" target=\"_blank\" rel=\"noopener\"><span class=\"wf_file_text\">Pr\u00e9sentation<\/span><\/a><\/p>\n<p><strong>Assembl\u00e9e des d\u00e9l\u00e9gu\u00e9s de printemps du 2 mars 2019 \u00e0 Ch\u00e2telaine (Vernier)<br \/>\n<\/strong><\/p>\n<p><a class=\"wf_file\" title=\"Proc\u00e8s-verbal\" href=\"https:\/\/www.swisstabletennistest.ch\/wp-content\/uploads\/2022\/05\/Protokoll_Fruehjahres_DV_2019_f_-_Definitiv.pdf\" target=\"_blank\" rel=\"noopener\"><span class=\"wf_file_text\">Proc\u00e8s-verbal <\/span><\/a><\/p>\n<p><strong>Assembl\u00e9e des d\u00e9l\u00e9gu\u00e9s d&rsquo;automne du 29 septembre 2018 \u00e0 Ittigen\/BE<\/strong><\/p>\n<p><a class=\"wf_file\" href=\"https:\/\/www.swisstabletennistest.ch\/wp-content\/uploads\/2022\/05\/Protokoll_Herbst_DV_2018_f_CorrNi.pdf\" target=\"_blank\" rel=\"noopener\"><span class=\"wf_file_text\">Proc\u00e8s-verbal<\/span><\/a><\/p>\n<p><strong>Assembl\u00e9e des d\u00e9l\u00e9gu\u00e9s de printemps du 3 mars 2018 \u00e0 Neuch\u00e2tel\/NE<\/strong><\/p>\n<p><a class=\"wf_file\" href=\"https:\/\/www.swisstabletennistest.ch\/wp-content\/uploads\/2022\/05\/Protokoll_Fruehjahres_DV_2018_f.pdf\" target=\"_blank\" rel=\"noopener\"><span class=\"wf_file_text\">Proc\u00e8s-verbal <\/span><\/a><\/p>\n<p><strong>Assembl\u00e9e des d\u00e9l\u00e9gu\u00e9s d&rsquo;automne du 23 septembre 2017 \u00e0 Ittigen\/BE<\/strong><\/p>\n<p><a class=\"wf_file\" href=\"https:\/\/www.swisstabletennistest.ch\/wp-content\/uploads\/2022\/05\/Protokoll_Herbst_DV_2017_f_Corr_Ni.pdf\" target=\"_blank\" rel=\"noopener\"><span class=\"wf_file_text\">Proc\u00e8s-verbal<\/span><\/a><\/p>\n<p><strong>Assembl\u00e9e des d\u00e9l\u00e9gu\u00e9s de printemps du 4 mars 2017 \u00e0 Bienne\/BE<\/strong><\/p>\n<p><a class=\"wf_file\" href=\"https:\/\/www.swisstabletennistest.ch\/wp-content\/uploads\/2022\/05\/Protokoll_Fruehjahres_DV_2017_f.pdf\" target=\"_blank\" rel=\"noopener noreferrer\"><span class=\"wf_file_text\">Proc\u00e8s-verbal<\/span><\/a><\/p>\n<p><strong>Assembl\u00e9e des d\u00e9l\u00e9gu\u00e9s d&rsquo;automne du 24 septembre 2016 \u00e0 Ittigen\/BE<\/strong><\/p>\n<p><a class=\"wf_file\" href=\"https:\/\/www.swisstabletennistest.ch\/wp-content\/uploads\/2022\/05\/Protokoll_Herbst_DV_2016_f.pdf\" target=\"_blank\" rel=\"noopener\"><span class=\"wf_file_text\">Proc\u00e8s-verbal<\/span><\/a><\/p>\n<p><strong>Assembl\u00e9e des d\u00e9l\u00e9gu\u00e9s de printemps du 19 mars 2016 \u00e0 Tenero\/TI<\/strong><\/p>\n<p><a class=\"wf_file\" href=\"https:\/\/www.swisstabletennistest.ch\/wp-content\/uploads\/2022\/05\/Protokoll_Fruehjahres_DV_2016_f.pdf\" target=\"_blank\" rel=\"noopener\"><span class=\"wf_file_text\">Proc\u00e8s-verbal<\/span><\/a><\/p>\n<p><strong>Assembl\u00e9e des d\u00e9l\u00e9gu\u00e9s d&rsquo;automne du 26 septembre 2015 \u00e0 Ittigen\/BE<\/strong><\/p>\n<p><a class=\"wf_file\" href=\"https:\/\/www.swisstabletennistest.ch\/wp-content\/uploads\/2022\/05\/Protokoll_Herbst_DV_2015_f.pdf\" target=\"_blank\" rel=\"noopener\"><span class=\"wf_file_text\">Proc\u00e8s-verbal<\/span><\/a><\/p>\n<p><strong>Assembl\u00e9e des d\u00e9l\u00e9gu\u00e9s de printemps du 28 f\u00e9vrier 2015 \u00e0 Zug\/ZG<\/strong><\/p>\n<p><a class=\"wf_file\" title=\"proc\u00e8s-verbal\" href=\"https:\/\/www.swisstabletennistest.ch\/wp-content\/uploads\/2022\/05\/Protokoll_Fruehjahres_DV_2015_f.pdf\" target=\"_blank\" rel=\"noopener\"><span class=\"wf_file_text\">Proc\u00e8s-verbal<\/span><\/a><\/p>\n<p><strong>Assembl\u00e9e des d\u00e9l\u00e9gu\u00e9s d&rsquo;automne du 20 septembre 2014 \u00e0 Ittigen\/BE<\/strong><\/p>\n<p><a class=\"wf_file\" href=\"https:\/\/www.swisstabletennistest.ch\/wp-content\/uploads\/2022\/05\/Protokoll_Herbst_DV_2014_f.pdf\" target=\"_blank\" rel=\"noopener\"><span class=\"wf_file_text\">Proc\u00e8s-verbal<\/span><\/a><\/p>\n<p><strong>Assembl\u00e9e des d\u00e9l\u00e9gu\u00e9s de printemps du 1 mars 2014 \u00e0 Muttenz\/BL<\/strong><\/p>\n<p><a class=\"wf_file\" href=\"https:\/\/www.swisstabletennistest.ch\/wp-content\/uploads\/2022\/05\/Protokoll_Fruehjahres_DV_2014_f.pdf\" target=\"_blank\" rel=\"noopener\"><span class=\"wf_file_text\">Proc\u00e8s-verbal<\/span><\/a><\/p>\n<p><strong>Assembl\u00e9e des d\u00e9l\u00e9gu\u00e9s d&rsquo;automne du 28 septembre 2013 \u00e0 Ittigen\/BE<\/strong><\/p>\n<p><a class=\"wf_file\" href=\"https:\/\/www.swisstabletennistest.ch\/wp-content\/uploads\/2022\/05\/Protokoll_Herbst_DV_2013_f.pdf\" target=\"_blank\" rel=\"noopener\"><span class=\"wf_file_text\">Proc\u00e8s-verbal<\/span><\/a><\/p>\n<p><strong>Assembl\u00e9e des d\u00e9l\u00e9gu\u00e9s de printemps du 2 mars 2013 \u00e0 Ch\u00e2telaine\/GE<\/strong><br \/>\n<a class=\"wf_file\" href=\"https:\/\/www.swisstabletennistest.ch\/wp-content\/uploads\/2022\/05\/Protokoll_Fruehjahres_DV_2013_f.pdf\" target=\"_blank\" rel=\"noopener\"><span class=\"wf_file_text\">Proc\u00e8s-verbal<\/span><\/a><\/p>\n<p><strong>Assembl\u00e9e des d\u00e9l\u00e9gu\u00e9s d&rsquo;automne du 29 septembre 2012 \u00e0 Ittigen\/BE<\/strong><\/p>\n<p><a class=\"wf_file\" href=\"https:\/\/www.swisstabletennistest.ch\/wp-content\/uploads\/2022\/05\/Protokoll_Herbst_DV_2012_f.pdf\" target=\"_blank\" rel=\"noopener\"><span class=\"wf_file_text\">Proc\u00e8s-verbal<\/span><\/a><\/p>\n<p><strong><span class=\"wf_file_text\">Assembl\u00e9e des d\u00e9l\u00e9gu\u00e9s de printemps du 3 mars 2012 \u00e0 Muttenz\/BL<\/span><\/strong><\/p>\n<p><span class=\"wf_file_text\"><a class=\"wf_file\" href=\"https:\/\/www.swisstabletennistest.ch\/wp-content\/uploads\/2022\/05\/Protokoll_Fruehjahres_DV_2012_f.pdf\" target=\"_blank\" rel=\"noopener\">Proc\u00e8s-verbal<\/a><\/span><\/p>\n<p><strong><span class=\"wf_file_text\">Assembl\u00e9e des d\u00e9l\u00e9gu\u00e9s d&rsquo;automne du 24 septembre 2011 \u00e0 Ittigen\/BE<\/span><\/strong><\/p>\n<p><a class=\"wf_file\" href=\"https:\/\/www.swisstabletennistest.ch\/wp-content\/uploads\/2022\/05\/Protokoll_Herbst_DV_2011_f.pdf\" target=\"_blank\" rel=\"noopener\"><span class=\"wf_file_text\">Proc\u00e8s-verbal<\/span><\/a><\/p>\n<p><strong><span class=\"wf_file_text\">Assembl\u00e9e des d\u00e9l\u00e9gues de printemps du 5 mars 2011 \u00e0 Wil\/SG<\/span><\/strong><\/p>\n<p><a class=\"wf_file\" href=\"https:\/\/www.swisstabletennistest.ch\/wp-content\/uploads\/2022\/05\/Protokoll_Fruehjahres_DV_2011_f.pdf\" target=\"_blank\" rel=\"noopener\"><span class=\"wf_file_text\">Proc\u00e8s-verbal<\/span><\/a><\/p>\n<p><strong><span class=\"wf_file_text\">Assembl\u00e9e des d\u00e9l\u00e9gu\u00e9s d&rsquo;automne du 25 septembre 2010 \u00e0 Ittigen\/BE<\/span><\/strong><\/p>\n<p><a class=\"wf_file\" href=\"https:\/\/www.swisstabletennistest.ch\/wp-content\/uploads\/2022\/05\/Protokoll__Herbst_DV_2010_f.pdf\" target=\"_blank\" rel=\"noopener\"><span class=\"wf_file_text\">Proc\u00e8s-verbal<\/span><\/a><\/p>\n<p><strong><span class=\"wf_file_text\">Assembl\u00e9e des d\u00e9l\u00e9gues de printemps du 6 mars 2010 \u00e0 Crissier\/VD<\/span><\/strong><\/p>\n<p><span class=\"wf_file_text\"><a class=\"wf_file\" href=\"https:\/\/www.swisstabletennistest.ch\/wp-content\/uploads\/2022\/05\/Protokoll_Fruehjahres_DV_2010_f.pdf\" target=\"_blank\" rel=\"noopener\">Proc\u00e8s-verbal<\/a><\/span><\/p>\n","protected":false},"excerpt":{"rendered":"<p>Prochaine assembl\u00e9e des d\u00e9l\u00e9gu\u00e9s le 23.09.2023 \u00e0 15.00 Assembl\u00e9e extraordinaire des d\u00e9l\u00e9gu\u00e9s du samedi 24.06.2023, 10.00 (assembl\u00e9e virtuelle) 24.06.2023 &#8211;&hellip;<\/p>\n","protected":false},"author":16,"featured_media":9064,"parent":0,"menu_order":0,"comment_status":"closed","ping_status":"closed","template":"","meta":{"_monsterinsights_skip_tracking":false,"_monsterinsights_sitenote_active":false,"_monsterinsights_sitenote_note":"","_monsterinsights_sitenote_category":0,"footnotes":""},"class_list":["post-2690","page","type-page","status-publish","has-post-thumbnail","hentry"],"_links":{"self":[{"href":"https:\/\/www.swisstabletennistest.ch\/fr\/wp-json\/wp\/v2\/pages\/2690","targetHints":{"allow":["GET"]}}],"collection":[{"href":"https:\/\/www.swisstabletennistest.ch\/fr\/wp-json\/wp\/v2\/pages"}],"about":[{"href":"https:\/\/www.swisstabletennistest.ch\/fr\/wp-json\/wp\/v2\/types\/page"}],"author":[{"embeddable":true,"href":"https:\/\/www.swisstabletennistest.ch\/fr\/wp-json\/wp\/v2\/users\/16"}],"replies":[{"embeddable":true,"href":"https:\/\/www.swisstabletennistest.ch\/fr\/wp-json\/wp\/v2\/comments?post=2690"}],"version-history":[{"count":0,"href":"https:\/\/www.swisstabletennistest.ch\/fr\/wp-json\/wp\/v2\/pages\/2690\/revisions"}],"wp:featuredmedia":[{"embeddable":true,"href":"https:\/\/www.swisstabletennistest.ch\/fr\/wp-json\/wp\/v2\/media\/9064"}],"wp:attachment":[{"href":"https:\/\/www.swisstabletennistest.ch\/fr\/wp-json\/wp\/v2\/media?parent=2690"}],"curies":[{"name":"wp","href":"https:\/\/api.w.org\/{rel}","templated":true}]}}