{"id":2149,"date":"2022-06-02T11:12:48","date_gmt":"2022-06-02T10:12:48","guid":{"rendered":"https:\/\/swisstabletennis.ch\/neu\/cm-elite\/"},"modified":"2023-02-02T12:30:13","modified_gmt":"2023-02-02T11:30:13","slug":"cs-elite","status":"publish","type":"page","link":"https:\/\/www.swisstabletennistest.ch\/fr\/cs-elite\/","title":{"rendered":"CS Elite"},"content":{"rendered":"\r\n<p><strong>CS Elite du 23\/24 mars 2024 <\/strong><\/p>\r\n<p><strong>CS Elite du 25\/26 mars 2023 \u00e0 Burgdorf<\/strong><\/p>\r\n<p><a href=\"https:\/\/www.burgdorf2023.ch\/\">Site web<\/a><\/p>\r\n<p><a href=\"https:\/\/www.swisstabletennistest.ch\/wp-content\/uploads\/2023\/02\/Invitation-CS-elite-2023-.pdf\">Invitation CS \u00e9lite 2023<\/a><\/p>\r\n<p>Les invitations pour les joueurs qualifi\u00e9s ont \u00e9t\u00e9 envoy\u00e9es le vendredi 27 janvier. (<em>Les conditions d&rsquo;\u00e9ligibilit\u00e9 pour participer au CS Elite sont bas\u00e9es sur les articles du <a href=\"https:\/\/www.swisstabletennistest.ch\/wp-content\/uploads\/2023\/01\/Sportreglement_Stand-25.01.23_F.pdf\">r\u00e8glement sportif<\/a> de l&rsquo;article 31.3 \u00e0 31.10<\/em>)<\/p>\r\n<p>Le d\u00e9lai d&rsquo;inscription est fix\u00e9 au <strong>28 f\u00e9vrier 2023<\/strong><\/p>\r\n<p>&nbsp;<\/p>\r\n<p><strong>CS \u00e9lite du 5\/6 mars 2022 \u00e0 Crissier<\/strong><\/p>\r\n<p>Mots de bienvenue<\/p>\r\n<p><a class=\"wf_file\" href=\"https:\/\/www.swisstabletennistest.ch\/wp-content\/uploads\/2022\/06\/Discours_president_STT_f.pdf\" target=\"_blank\" rel=\"noopener\">Pr\u00e9sident STT<\/a><\/p>\r\n<p><a class=\"wf_file\" href=\"https:\/\/www.swisstabletennistest.ch\/wp-content\/uploads\/2022\/06\/Mot_du_president_AVVF_-_championnats_suisses_elite_2022_f.pdf\" target=\"_blank\" rel=\"noopener\">Pr\u00e9sident AVVF<\/a><\/p>\r\n<p><a class=\"wf_file\" href=\"https:\/\/www.swisstabletennistest.ch\/wp-content\/uploads\/2022\/06\/Mot_du_president_du_comite_dorganisation_f.pdf\" target=\"_blank\" rel=\"noopener\">Pr\u00e9sident CO<\/a><\/p>\r\n<p><a class=\"wf_file\" href=\"https:\/\/www.swisstabletennistest.ch\/wp-content\/uploads\/2022\/06\/Plaquette_TTC_f.pdf\" target=\"_blank\" rel=\"noopener\">Syndic<\/a><\/p>\r\n<p><a class=\"wf_file\" href=\"https:\/\/www.swisstabletennistest.ch\/wp-content\/uploads\/2022\/04\/Flyer_le_CS_2022.pdf\" target=\"_blank\" rel=\"noopener\"><span class=\"wf_file_text\">Flyer<\/span><\/a><\/p>\r\n<p><a class=\"wf_file\" href=\"https:\/\/www.swisstabletennistest.ch\/wp-content\/uploads\/2022\/04\/2022_Comite_dorganisation.pdf\" target=\"_blank\" rel=\"noopener\">Organisation<\/a><\/p>\r\n<p>&nbsp;<\/p>\r\n<p><a href=\"https:\/\/pyngpong.info\/stt-elite-2022\">R\u00e9sultat<\/a><\/p>\r\n<p>&nbsp;<\/p>\r\n<p>Tirages au sort<\/p>\r\n<p><a class=\"wf_file\" href=\"https:\/\/www.swisstabletennistest.ch\/wp-content\/uploads\/2022\/04\/HerrenEinzel-1.pdf\" target=\"_blank\" rel=\"noopener\">Simples Messieurs<\/a><\/p>\r\n<p><a class=\"wf_file\" href=\"https:\/\/www.swisstabletennistest.ch\/wp-content\/uploads\/2022\/04\/DamenEinzel-1.pdf\" target=\"_blank\" rel=\"noopener\">Simples\u00a0<span class=\"wf_file_text\">Dames nouveau<\/span><\/a><\/p>\r\n<p><a class=\"wf_file\" href=\"https:\/\/www.swisstabletennistest.ch\/wp-content\/uploads\/2022\/04\/HerrenDoppel-1.pdf\" target=\"_blank\" rel=\"noopener\">Doubles Messieurs<\/a><\/p>\r\n<p><a class=\"wf_file\" href=\"https:\/\/www.swisstabletennistest.ch\/wp-content\/uploads\/2022\/04\/DamenDoppel-1.pdf\" target=\"_blank\" rel=\"noopener\"><span class=\"wf_file_text\">Doubles Dames nouveau<\/span><\/a><\/p>\r\n<p><a class=\"wf_file\" href=\"https:\/\/www.swisstabletennistest.ch\/wp-content\/uploads\/2022\/04\/MixedDoppel-1.pdf\" target=\"_blank\" rel=\"noopener\"><span class=\"wf_file_text\">Mixte nouveau<\/span><\/a>\u00a0<\/p>\r\n<p>&nbsp;<\/p>\r\n<p><a class=\"wf_file\" href=\"https:\/\/www.swisstabletennistest.ch\/wp-content\/uploads\/2022\/04\/Teilnehmerliste_21-22.pdf\" target=\"_blank\" rel=\"noopener\">Participant(e)s<\/a><\/p>\r\n<p><a class=\"wf_file\" href=\"https:\/\/www.swisstabletennistest.ch\/wp-content\/uploads\/2022\/04\/Zeitplan.pdf\" target=\"_blank\" rel=\"noopener\">Horaire<\/a><\/p>\r\n<p><a class=\"wf_file\" href=\"https:\/\/www.swisstabletennistest.ch\/wp-content\/uploads\/2022\/06\/Wichtige_Informationen_f.pdf\" target=\"_blank\" rel=\"noopener\"><span class=\"wf_file_text\">Informations importantes<\/span><\/a><\/p>\r\n<p><a class=\"wf_file\" href=\"https:\/\/www.swisstabletennistest.ch\/wp-content\/uploads\/2022\/04\/Hotels_conseilles.pdf\" target=\"_blank\" rel=\"noopener\">Propositions d&rsquo;h\u00f4tels<\/a><\/p>\r\n<p><a class=\"wf_file\" href=\"https:\/\/www.swisstabletennistest.ch\/wp-content\/uploads\/2022\/04\/2022_Plan_acces_salle_de_Marcolet.jpg\" target=\"_blank\" rel=\"noopener\">Plan de situation<\/a><\/p>\r\n<p><a class=\"wf_file\" href=\"https:\/\/www.swisstabletennistest.ch\/wp-content\/uploads\/2022\/04\/Liste_de_prix_buvette.pdf\" target=\"_blank\" rel=\"noopener\">Restauration<\/a><\/p>\r\n<p><a class=\"wf_file\" href=\"https:\/\/www.swisstabletennistest.ch\/wp-content\/uploads\/2022\/04\/2022_Liste_sponsors_et_donateurs_pour_Newsletter.pdf\" target=\"_blank\" rel=\"noopener\">S<span class=\"wf_file_text\">ponsors \/ donateurs<\/span><\/a>\u00a0<\/p>\r\n<p>&nbsp;<\/p>\r\n<p><strong>CS \u00e9lite du 6\/7 mars 2021 repouss\u00e9s aux 12\/13 juin 2021 sont finalement annul\u00e9s<\/strong><\/p>\r\n<p><a href=\"https:\/\/www.swisstabletennistest.ch\/cs-elite-2021\/?lang=fr\">News<\/a><\/p>\r\n<p>&nbsp;<\/p>\r\n<p><strong>CS \u00e9lite du 29 f\u00e9vrier\/1er mars 2020 \u00e0 Rapperswil<\/strong><\/p>\r\n<p><a href=\"https:\/\/smtt2020.ch\/\">Site web officiel<\/a><\/p>\r\n<p><a href=\"https:\/\/pyngpong.info\/events\/competition\/?event=CSELITE2020\">R\u00e9sultats Elite<\/a><\/p>\r\n<p><a href=\"https:\/\/pyngpong.info\/events\/competition\/?event=PARASTT2020\">R\u00e9sultats Para<\/a><\/p>\r\n<p>&nbsp;<\/p>\r\n<p><strong>CS \u00e9lite du 2\/3 mars 2019 \u00e0 Ch\u00e2telaine<\/strong><\/p>\r\n<p><a href=\"https:\/\/www.sttelite2019.ch\/\" target=\"_blank\" rel=\"noopener\">Site web officiel<\/a><\/p>\r\n<p><a href=\"https:\/\/pyngpong.info\/events\/competition\/?event=CSELITE2019&amp;serie=SM\">R\u00e9sultats<\/a><\/p>\r\n<p>&nbsp;<\/p>\r\n<p><strong>CS \u00e9lite du 3\/4 mars 2018 \u00e0 Neuch\u00e2tel<\/strong><\/p>\r\n<p><a href=\"https:\/\/www.sttelite2018.ch\/\">Site web officiel<\/a><\/p>\r\n<p>R\u00e9sultats\u00a0<a class=\"wf_file\" href=\"https:\/\/www.swisstabletennistest.ch\/wp-content\/uploads\/images\/3_Spielbetrieb\/Schweizermeisterschaften\/Resultate_2018\/HerrenEinzel-4.pdf\" target=\"_blank\" rel=\"noopener\">Simple Messieurs<\/a><\/p>\r\n<p>R\u00e9sultats\u00a0<a class=\"wf_file\" href=\"https:\/\/www.swisstabletennistest.ch\/wp-content\/uploads\/images\/3_Spielbetrieb\/Schweizermeisterschaften\/Resultate_2018\/DamenEinzel-4.pdf\" target=\"_blank\" rel=\"noopener\"><span class=\"wf_file_text\">Simple Dames<\/span><\/a><\/p>\r\n<p>R\u00e9sultats\u00a0<a class=\"wf_file\" href=\"https:\/\/www.swisstabletennistest.ch\/wp-content\/uploads\/images\/3_Spielbetrieb\/Schweizermeisterschaften\/Resultate_2018\/HerrenDoppel-4.pdf\" target=\"_blank\" rel=\"noopener\">Double Messieurs<\/a><\/p>\r\n<p>R\u00e9sultats\u00a0<a class=\"wf_file\" href=\"https:\/\/www.swisstabletennistest.ch\/wp-content\/uploads\/images\/3_Spielbetrieb\/Schweizermeisterschaften\/Resultate_2018\/DamenDoppel-4.pdf\" target=\"_blank\" rel=\"noopener\"><span class=\"wf_file_text\">Double Dames<\/span><\/a><\/p>\r\n<p>R\u00e9sultats\u00a0<a class=\"wf_file\" href=\"https:\/\/www.swisstabletennistest.ch\/wp-content\/uploads\/images\/3_Spielbetrieb\/Schweizermeisterschaften\/Resultate_2018\/MixedDoppel-4.pdf\" target=\"_blank\" rel=\"noopener\">Double Mixte<\/a><\/p>\r\n<p>&nbsp;<\/p>\r\n<p><strong>CS \u00e9lite\u00a0du 4\/5 mars 2017\u00a0\u00e0 Bienne (CTT Port)<\/strong><\/p>\r\n<p>R\u00e9sultats\u00a0<a class=\"wf_file\" href=\"https:\/\/www.swisstabletennistest.ch\/wp-content\/uploads\/2022\/04\/Herren_Einzel_-_Simple_messieurs.pdf\" target=\"_blank\" rel=\"noopener\"><span class=\"wf_file_text\">Simple Messieurs<\/span><\/a><\/p>\r\n<p>R\u00e9sultats\u00a0<a class=\"wf_file\" href=\"https:\/\/www.swisstabletennistest.ch\/wp-content\/uploads\/2022\/04\/Damen_Einzel_-_Simple_dames.pdf\" target=\"_blank\" rel=\"noopener\"><span class=\"wf_file_text\">Simple Dames<\/span><\/a><\/p>\r\n<p>R\u00e9sultats\u00a0<a class=\"wf_file\" href=\"https:\/\/www.swisstabletennistest.ch\/wp-content\/uploads\/2022\/04\/Herren_Doppel_-_Double_messieurs.pdf\" target=\"_blank\" rel=\"noopener\">Double Messieurs<\/a><\/p>\r\n<p>R\u00e9sultats\u00a0<a class=\"wf_file\" href=\"https:\/\/www.swisstabletennistest.ch\/wp-content\/uploads\/2022\/04\/Damen_Doppel_-_Double_dames.pdf\" target=\"_blank\" rel=\"noopener\"><span class=\"wf_file_text\">Double Dames<\/span><\/a><\/p>\r\n<p>R\u00e9sultats\u00a0<a class=\"wf_file\" href=\"https:\/\/www.swisstabletennistest.ch\/wp-content\/uploads\/2022\/04\/Mixed_-_mixte.pdf\" target=\"_blank\" rel=\"noopener\"><span class=\"wf_file_text\">Double Mixte<\/span><\/a><\/p>\r\n<p>&nbsp;<\/p>\r\n<p><strong>CS \u00e9lite du 19\/20 mars 2016 \u00e0 Tenero<\/strong><\/p>\r\n<p>R\u00e9sultats\u00a0<a class=\"wf_file\" href=\"https:\/\/www.swisstabletennistest.ch\/wp-content\/uploads\/2022\/04\/HerrenEinzel-2.pdf\" target=\"_blank\" rel=\"noopener\"><span class=\"wf_file_text\">Simple Messieurs<\/span><\/a><\/p>\r\n<p>R\u00e9sultats\u00a0<a class=\"wf_file\" href=\"https:\/\/www.swisstabletennistest.ch\/wp-content\/uploads\/2022\/04\/DamenEinzel-2.pdf\" target=\"_blank\" rel=\"noopener\"><span class=\"wf_file_text\">Simple Dames<\/span><\/a><\/p>\r\n<p>R\u00e9sultats\u00a0<a class=\"wf_file\" href=\"https:\/\/www.swisstabletennistest.ch\/wp-content\/uploads\/2022\/04\/HerrenDoppel-2.pdf\"><span class=\"wf_file_text\">Double Messieurs<\/span><\/a><\/p>\r\n<p>R\u00e9sultats\u00a0<a class=\"wf_file\" href=\"https:\/\/www.swisstabletennistest.ch\/wp-content\/uploads\/2022\/04\/DamenDoppel-2.pdf\" target=\"_blank\" rel=\"noopener\"><span class=\"wf_file_text\">Double Dames<\/span><\/a><\/p>\r\n<p>R\u00e9sultats\u00a0<a class=\"wf_file\" href=\"https:\/\/www.swisstabletennistest.ch\/wp-content\/uploads\/2022\/04\/MixedDoppel-2.pdf\"><span class=\"wf_file_text\">Double Mixte<\/span><\/a><\/p>\r\n<p>&nbsp;<\/p>\r\n<p><strong>CS \u00e9lite du 28 f\u00e9vrier\/1er mars 2015 \u00e0 Zoug<\/strong><\/p>\r\n<p><a href=\"http:\/\/www.tt-schweizermeisterschaft.ch\/\">Site web officiel<\/a><\/p>\r\n<p><a href=\"http:\/\/www.tt-schweizermeisterschaft.ch\/resultate\/index.html\">R\u00e9sultats<\/a><\/p>\r\n","protected":false},"excerpt":{"rendered":"<p>CS Elite du 23\/24 mars 2024 CS Elite du 25\/26 mars 2023 \u00e0 Burgdorf Site web Invitation CS \u00e9lite 2023&hellip;<\/p>\n","protected":false},"author":16,"featured_media":1408,"parent":0,"menu_order":0,"comment_status":"closed","ping_status":"closed","template":"","meta":{"_monsterinsights_skip_tracking":false,"_monsterinsights_sitenote_active":false,"_monsterinsights_sitenote_note":"","_monsterinsights_sitenote_category":0,"footnotes":""},"class_list":["post-2149","page","type-page","status-publish","has-post-thumbnail","hentry"],"_links":{"self":[{"href":"https:\/\/www.swisstabletennistest.ch\/fr\/wp-json\/wp\/v2\/pages\/2149","targetHints":{"allow":["GET"]}}],"collection":[{"href":"https:\/\/www.swisstabletennistest.ch\/fr\/wp-json\/wp\/v2\/pages"}],"about":[{"href":"https:\/\/www.swisstabletennistest.ch\/fr\/wp-json\/wp\/v2\/types\/page"}],"author":[{"embeddable":true,"href":"https:\/\/www.swisstabletennistest.ch\/fr\/wp-json\/wp\/v2\/users\/16"}],"replies":[{"embeddable":true,"href":"https:\/\/www.swisstabletennistest.ch\/fr\/wp-json\/wp\/v2\/comments?post=2149"}],"version-history":[{"count":0,"href":"https:\/\/www.swisstabletennistest.ch\/fr\/wp-json\/wp\/v2\/pages\/2149\/revisions"}],"wp:featuredmedia":[{"embeddable":true,"href":"https:\/\/www.swisstabletennistest.ch\/fr\/wp-json\/wp\/v2\/media\/1408"}],"wp:attachment":[{"href":"https:\/\/www.swisstabletennistest.ch\/fr\/wp-json\/wp\/v2\/media?parent=2149"}],"curies":[{"name":"wp","href":"https:\/\/api.w.org\/{rel}","templated":true}]}}