{"id":21138,"date":"2023-03-23T11:27:27","date_gmt":"2023-03-23T10:27:27","guid":{"rendered":"https:\/\/www.swisstabletennis.ch\/?page_id=21138"},"modified":"2023-07-20T13:22:30","modified_gmt":"2023-07-20T11:22:30","slug":"projet-sttl","status":"publish","type":"page","link":"https:\/\/www.swisstabletennistest.ch\/fr\/projet-sttl\/","title":{"rendered":"Projet STTL"},"content":{"rendered":"<p style=\"text-align: center;\"><img fetchpriority=\"high\" decoding=\"async\" class=\"alignnone size-medium wp-image-22394\" src=\"https:\/\/www.swisstabletennistest.ch\/wp-content\/uploads\/2023\/05\/Men_RGB_STTL-1-300x176.jpg\" alt=\"\" width=\"300\" height=\"176\" srcset=\"https:\/\/www.swisstabletennistest.ch\/wp-content\/uploads\/2023\/05\/Men_RGB_STTL-1-300x176.jpg 300w, https:\/\/www.swisstabletennistest.ch\/wp-content\/uploads\/2023\/05\/Men_RGB_STTL-1-1024x602.jpg 1024w, https:\/\/www.swisstabletennistest.ch\/wp-content\/uploads\/2023\/05\/Men_RGB_STTL-1-768x452.jpg 768w, https:\/\/www.swisstabletennistest.ch\/wp-content\/uploads\/2023\/05\/Men_RGB_STTL-1-1536x903.jpg 1536w, https:\/\/www.swisstabletennistest.ch\/wp-content\/uploads\/2023\/05\/Men_RGB_STTL-1-370x218.jpg 370w, https:\/\/www.swisstabletennistest.ch\/wp-content\/uploads\/2023\/05\/Men_RGB_STTL-1-818x481.jpg 818w, https:\/\/www.swisstabletennistest.ch\/wp-content\/uploads\/2023\/05\/Men_RGB_STTL-1-406x239.jpg 406w, https:\/\/www.swisstabletennistest.ch\/wp-content\/uploads\/2023\/05\/Men_RGB_STTL-1-600x353.jpg 600w, https:\/\/www.swisstabletennistest.ch\/wp-content\/uploads\/2023\/05\/Men_RGB_STTL-1-500x294.jpg 500w, https:\/\/www.swisstabletennistest.ch\/wp-content\/uploads\/2023\/05\/Men_RGB_STTL-1-400x235.jpg 400w, https:\/\/www.swisstabletennistest.ch\/wp-content\/uploads\/2023\/05\/Men_RGB_STTL-1-32x19.jpg 32w, https:\/\/www.swisstabletennistest.ch\/wp-content\/uploads\/2023\/05\/Men_RGB_STTL-1.jpg 2000w\" sizes=\"(max-width: 300px) 100vw, 300px\" \/>\u00a0 \u00a0 \u00a0 <img decoding=\"async\" class=\"alignnone size-medium wp-image-22392\" src=\"https:\/\/www.swisstabletennistest.ch\/wp-content\/uploads\/2023\/05\/Women_RGB_STTL-300x176.jpg\" alt=\"\" width=\"300\" height=\"176\" srcset=\"https:\/\/www.swisstabletennistest.ch\/wp-content\/uploads\/2023\/05\/Women_RGB_STTL-300x176.jpg 300w, https:\/\/www.swisstabletennistest.ch\/wp-content\/uploads\/2023\/05\/Women_RGB_STTL-1024x602.jpg 1024w, https:\/\/www.swisstabletennistest.ch\/wp-content\/uploads\/2023\/05\/Women_RGB_STTL-768x452.jpg 768w, https:\/\/www.swisstabletennistest.ch\/wp-content\/uploads\/2023\/05\/Women_RGB_STTL-1536x903.jpg 1536w, https:\/\/www.swisstabletennistest.ch\/wp-content\/uploads\/2023\/05\/Women_RGB_STTL-370x218.jpg 370w, https:\/\/www.swisstabletennistest.ch\/wp-content\/uploads\/2023\/05\/Women_RGB_STTL-818x481.jpg 818w, https:\/\/www.swisstabletennistest.ch\/wp-content\/uploads\/2023\/05\/Women_RGB_STTL-406x239.jpg 406w, https:\/\/www.swisstabletennistest.ch\/wp-content\/uploads\/2023\/05\/Women_RGB_STTL-600x353.jpg 600w, https:\/\/www.swisstabletennistest.ch\/wp-content\/uploads\/2023\/05\/Women_RGB_STTL-500x294.jpg 500w, https:\/\/www.swisstabletennistest.ch\/wp-content\/uploads\/2023\/05\/Women_RGB_STTL-400x235.jpg 400w, https:\/\/www.swisstabletennistest.ch\/wp-content\/uploads\/2023\/05\/Women_RGB_STTL-32x19.jpg 32w, https:\/\/www.swisstabletennistest.ch\/wp-content\/uploads\/2023\/05\/Women_RGB_STTL.jpg 2000w\" sizes=\"(max-width: 300px) 100vw, 300px\" \/><\/p>\n<p><strong>Les \u00e9tapes importantes :<\/strong><\/p>\n<ul>\n<li>02.07.2022 L&rsquo;assembl\u00e9e des d\u00e9l\u00e9gu\u00e9s a d\u00e9finitivement approuv\u00e9 la nouvelle structure de STT. Dans ce contexte, la prochaine \u00e9tape du processus de r\u00e9forme est l&rsquo;ind\u00e9pendance de la LNA. (STTL &#8211; Swiss Table Tennis League)<\/li>\n<li>24.09.2022 Assembl\u00e9e de la Ligue nationale : vote de la d\u00e9cision de principe de s\u00e9parer la LNA de la LNB et de la LNC, et aussi attribution du mandat au comit\u00e9 de la ligue nationale.<\/li>\n<li>26.10.2022 Le comit\u00e9 central se prononce en faveur d&rsquo;un accord avec Ringier Sport pour la commercialisation de la STTL.<\/li>\n<li>09.01.2023 Le comit\u00e9 central approuve le premier projet de contrat de coop\u00e9ration entre STT et STTL.<\/li>\n<li>23.01.2023 L&rsquo;AD extraordinaire de STT a vot\u00e9 \u00e0 une grande majorit\u00e9 qu&rsquo;\u00e0 l&rsquo;avenir, la LNA sera g\u00e9r\u00e9e comme la STTL et comme un organe ind\u00e9pendant.<\/li>\n<li>21.03.2023 Le projet de collaboration avec Ringier Sport a \u00e9t\u00e9 formellement approuv\u00e9 par le comit\u00e9 de la LN, qui a \u00e9galement approuv\u00e9 le projet de contrat de collaboration avec STT.<\/li>\n<li>24.03.2023 Le projet de collaboration avec Ringier Sport est pr\u00e9sent\u00e9 au comit\u00e9 central, qui l&rsquo;approuve avec enthousiasme. Les modifications du contrat de coop\u00e9ration avec STT sont \u00e9galement approuv\u00e9es.<\/li>\n<li>25.03.2023 L&rsquo;ensemble du projet est pr\u00e9sent\u00e9 \u00e0 la CPA, qui l&rsquo;\u00e9value positivement apr\u00e8s quelques clarifications (contenues dans la FAQ ci-dessous) (formellement, elle n&rsquo;a pas le droit de vote sur cette question).<\/li>\n<li>03\/11.04.2023 La CSRS adapte le projet de modification des statuts r\u00e9dig\u00e9 l&rsquo;\u00e9t\u00e9 dernier aux d\u00e9cisions prises entre-temps par les diff\u00e9rents comit\u00e9s.<\/li>\n<li>12-20.04.2023 Traduction des modifications des statuts en fran\u00e7ais.<\/li>\n<li>24.06.2023 Premi\u00e8re chambre-STTL, approbation des statuts et \u00e9lection du comit\u00e9.<\/li>\n<\/ul>\n<p>Documents :<\/p>\n<ul>\n<li><a href=\"https:\/\/www.swisstabletennistest.ch\/wp-content\/uploads\/2023\/04\/02.07.2022-Proces-verbal-AD-extraordinaire-2022.pdf\">02.07.2022-Proc\u00e8s-verbal de l\u2019assembl\u00e9e extraordinaire des d\u00e9l\u00e9gu\u00e9s<\/a><\/li>\n<li><a href=\"https:\/\/www.swisstabletennistest.ch\/wp-content\/uploads\/2023\/04\/PV_ALN_24.09.2022.pdf\">24.09.2022 &#8211; Proc\u00e8s-verbal de l\u2019assembl\u00e9e LN<\/a><\/li>\n<li><a href=\"https:\/\/www.swisstabletennistest.ch\/wp-content\/uploads\/2023\/04\/23.01.2023-Protokoll-ao-DV-2023_f.pdf\">23.01.2023-Proc\u00e8s-verbal de l\u2019assembl\u00e9e extraordinaire des d\u00e9l\u00e9gu\u00e9s<\/a><\/li>\n<li><a href=\"https:\/\/www.swisstabletennistest.ch\/wp-content\/uploads\/2023\/04\/Organigramm-nouvelle-structure.pdf\">Organigramme de STT apr\u00e8s la cr\u00e9ation de la STTL<\/a><\/li>\n<li><a href=\"https:\/\/www.swisstabletennistest.ch\/wp-content\/uploads\/2023\/04\/230317_swisstabletennsleague_sidespin_vers_Stephan-komprimiert-1.pdf\">Pr\u00e9sentation Collaboration avec Ringier-Sport<\/a><\/li>\n<li><a href=\"https:\/\/www.swisstabletennistest.ch\/wp-content\/uploads\/2023\/04\/NLA-Reform-1.pdf\">Reforme NLA<\/a><\/li>\n<li><a href=\"https:\/\/www.swisstabletennistest.ch\/wp-content\/uploads\/2023\/05\/Budget-2023-24-STTL.pdf\">Budget 2023-24 STTL<\/a><\/li>\n<li>Projet de directives STTL -&gt; Il sera d\u00e9velopp\u00e9 au cours de la prochaine saison<\/li>\n<li><a href=\"https:\/\/www.swisstabletennistest.ch\/wp-content\/uploads\/2023\/06\/STTL-Vereinstatuten_Stand-15.05.2023_f.pdf\">Projet Statuts STTL (Vote de la chambre STTL 24\/06\/2023)<\/a><\/li>\n<li><a href=\"https:\/\/www.swisstabletennistest.ch\/wp-content\/uploads\/2023\/06\/Kooperationsvertrag_-Stand-22.06.2023_f.pdf\">Projet Contrat de Collaboration STT-STTL<\/a><\/li>\n<li><a href=\"https:\/\/www.swisstabletennistest.ch\/wp-content\/uploads\/2023\/06\/Swiss-Table-Tennis-League-Spielsystem-Saison-23-24_OK.pdf\">Syst\u00e8me de jeu STTL<\/a><\/li>\n<\/ul>\n<p><strong>FAQ:<\/strong><\/p>\n<p><strong>R\u00e8glement sportif :<\/strong><\/p>\n<ul>\n<li>Syst\u00e8me de jeu (Saison 2023-24):\n<ul>\n<li>Premi\u00e8re partie de la saison: Comme la saison pr\u00e9c\u00e9dente<\/li>\n<li>Playoff \/ Playout:\n<ul>\n<li>5 Match:\n<ul>\n<li>Jeu 1 A-Y<\/li>\n<li>Jeu 2 B-X<\/li>\n<li>Jeu 3 C-Z<\/li>\n<li>Jeu 4 A-X<\/li>\n<li>Jeu 5 double (BC-YZ)<\/li>\n<\/ul>\n<\/li>\n<li>Points\n<ul>\n<li>5-0 \/ 4-1 = 3 Point<\/li>\n<li>3-2 = 2 Point gagnant \/ 1 Point perdant<\/li>\n<\/ul>\n<\/li>\n<\/ul>\n<\/li>\n<\/ul>\n<\/li>\n<li>Syst\u00e8me de jeu (Saison 2024-25 et les suivantes):\n<ul>\n<li>5 Match:\n<ul>\n<li>Jeu 1 A-Y<\/li>\n<li>Jeu 2 B-X<\/li>\n<li>Jeu 3 C-Z<\/li>\n<li>Jeu 4 A-X<\/li>\n<li>Jeu 5 double (BC-YZ)<\/li>\n<\/ul>\n<\/li>\n<li>Points\n<ul>\n<li>5-0 \/ 4-1 = 3 Point<\/li>\n<li>3-2 = 2 Point gagnant \/ 1 Point perdant<\/li>\n<\/ul>\n<\/li>\n<\/ul>\n<\/li>\n<li>Un joueur STTL peut-il aussi jouer en LNB ?\n<ul>\n<li>Les joueurs titulaires STTL ne peuvent pas jouer en LNB, le r\u00e8glement existant pour les joueurs titulaires et substituts s&rsquo;applique.<\/li>\n<\/ul>\n<\/li>\n<li>Dans quelle mesure les jeunes sont-ils favoris\u00e9s par la STTL ?\n<ul>\n<li>Des r\u00e8gles seront introduites pour favoriser l&rsquo;engagement de joueurs qui ont grandi dans les clubs. Cela s&rsquo;appliquera \u00e0 partir de la saison 2024-25, car plusieurs clubs ont d\u00e9j\u00e0 sign\u00e9 des contrats pour la saison 2023-24.<\/li>\n<\/ul>\n<\/li>\n<li>Promotion de la rel\u00e8ve : on veut promouvoir la rel\u00e8ve, mais que fait-on avec les \u00e9trangers qui ont une licence depuis longtemps ?\n<ul>\n<li>Les r\u00e8gles pour la promotion de la rel\u00e8ve seront d\u00e9velopp\u00e9es pendant la saison de transition 2023-24 et entreront en vigueur lors de la saison 2024-25.<\/li>\n<\/ul>\n<\/li>\n<\/ul>\n<p><strong>League-Lizenz:<\/strong><\/p>\n<ul>\n<li style=\"list-style-type: none;\">\n<ul>\n<li>La League-Lizenz ne peut \u00eatre attribu\u00e9e qu&rsquo;\u00e0 des joueurs en possession d&rsquo;une licence STT valable.<\/li>\n<li>La League-Lizenz est la m\u00eame pour les joueurs titulaires et les substituts.<\/li>\n<li>La demande de League-Lizenz\u00a0est examin\u00e9e et approuv\u00e9e par le secr\u00e9tariat de la STTL.<\/li>\n<li>Le montant de la League-Lizenz est factur\u00e9 au club par STT et ensuite transf\u00e9r\u00e9 de STT \u00e0 STTL. (Simplifie les processus dans click.tt)<\/li>\n<li>Le club demande la League-Lizenz pour les joueurs titulaires avant le 30.06.<\/li>\n<li>Pour les substituts, il doit s&rsquo;\u00e9couler un certain temps (3 jours) entre le moment o\u00f9 le club demande la League-Lizenz et le moment o\u00f9 ils peuvent jouer.<\/li>\n<li>Avant le 31 juillet le club indique quels joueurs poss\u00e9dant une League-Lizenz sont consid\u00e9r\u00e9s comme titulaires.<\/li>\n<li style=\"list-style-type: none;\"><\/li>\n<li>Les frais de d\u00e9part pour la League-Lizenz sont de 100 CHF.<\/li>\n<\/ul>\n<\/li>\n<\/ul>\n<p><strong>Finances:<\/strong><\/p>\n<ul>\n<li>Y a-t-il un budget minimum pour un club qui passe de la LNB \u00e0 la LNA ?\n<ul>\n<li>Non<\/li>\n<\/ul>\n<\/li>\n<li>A quels frais suppl\u00e9mentaires le club doit-il s&rsquo;attendre ?\n<ul>\n<li>Le co\u00fbt de la LL (100,- par joueur, y compris les rempla\u00e7ants).<\/li>\n<li>Le co\u00fbt de la cam\u00e9ra<\/li>\n<li>\u00c9ventuellement un abonnement au Wifi<\/li>\n<\/ul>\n<\/li>\n<li>Les clubs pourront-ils d\u00e9j\u00e0 profiter des revenus de la STTL ?\n<ul>\n<li>Dans un premier temps, la STTL doit devenir financi\u00e8rement autonome. Ensuite, la chambre STTL d\u00e9cidera de ce qu&rsquo;il adviendra des \u00e9ventuels b\u00e9n\u00e9fices. Sans la structure de STTL, il n&rsquo;est actuellement pas possible de signer des contrats pour les sponsors.<\/li>\n<\/ul>\n<\/li>\n<\/ul>\n<p><strong>Live-Streaming \/ Infrastruktur:<\/strong><\/p>\n<ul>\n<li>Quelles ressources suppl\u00e9mentaires le club doit-il mettre \u00e0 disposition ?\n<ul>\n<li>D\u00e8s le d\u00e9but du streaming en direct (play-offs Saison 2023-24), une personne qui saisira les points sur la plateforme pendant le match.<\/li>\n<\/ul>\n<\/li>\n<li>Quand est-ce que le streaming des matchs commencera ?\n<ul>\n<li>Le streaming en direct sera introduit progressivement jusqu&rsquo;\u00e0 ce que l&rsquo;objectif de la saison 2024-25 soit atteint, \u00e0 savoir la diffusion de tous les matchs en streaming en direct.<\/li>\n<\/ul>\n<\/li>\n<li>De quel type d&rsquo;infrastructure les clubs de LNA devraient-ils disposer ?\n<ul>\n<li>En plus de la table et des s\u00e9parations, il faudrait d&rsquo;un W-LAN et d&rsquo;une cam\u00e9ra de streaming appropri\u00e9e.<\/li>\n<\/ul>\n<\/li>\n<li>Quel type de cam\u00e9ra de streaming est n\u00e9cessaire ?\n<ul>\n<li>La cam\u00e9ra peut \u00eatre fixe ou mont\u00e9e sur roues. Elle est livr\u00e9e directement par Ringier-Sport, elle est donc d\u00e9j\u00e0 directement configur\u00e9e. L&rsquo;\u00e9quipement co\u00fbte environ 1500 &#8211; 3500.&#8211; par club. (selon l&rsquo;infrastructure de la salle)<\/li>\n<\/ul>\n<\/li>\n<li>Quelles sp\u00e9cifications techniques doit avoir la connexion Internet?\n<ul>\n<li>C&rsquo;est en cours de clarification -&gt; 09.2023<\/li>\n<\/ul>\n<\/li>\n<li>La ville de Gen\u00e8ve vient d&rsquo;installer deux puissantes cam\u00e9ras de streaming en direct. Sera-t-il possible de les utiliser et de ne pas cr\u00e9er de doublons ?\n<ul>\n<li>D\u00e8s que la structure STTL sera d\u00e9finitivement approuv\u00e9e par tous les comit\u00e9s, tous les clubs tests seront contact\u00e9s.<\/li>\n<\/ul>\n<\/li>\n<li>Est-il n\u00e9cessaire d&rsquo;avoir des collaborateurs disponibles lors du streaming en direct ?\n<ul>\n<li>Oui, pour la saisie manuelle des r\u00e9sultats.<\/li>\n<li>Des points individuels seront saisis, et non plus seulement les r\u00e9sultats \u00e0 la fin du match.<\/li>\n<\/ul>\n<\/li>\n<li>Quels sont les avantages du syst\u00e8me de streaming en direct pour les joueurs\/euses ?\n<ul>\n<li>Les matchs individuels sont analys\u00e9s. Des statistiques sont \u00e9tablies. Par exemple, il est possible de voir les r\u00e9sultats : Combien de fois le joueur X a-t-il marqu\u00e9 un point avec un revers ?<\/li>\n<\/ul>\n<\/li>\n<li>O\u00f9 sera-t-il possible de regarder les matchs de LNA ?\n<ul>\n<li>Sur la plate-forme Ringier-Sport RED en suivant ce lien : <a href=\"https:\/\/www.projectred.ch\/#platforms\">https:\/\/www.projectred.ch\/#platforms<\/a><\/li>\n<\/ul>\n<\/li>\n<li>Quand les matchs seront-ils disponibles en streaming ?\n<ul>\n<li>Lors de la saison normale 2023-24, il y aura quelques matchs tests. La mise en \u0153uvre compl\u00e8te commencera lors des playoffs de la saison 2023-24.<\/li>\n<\/ul>\n<\/li>\n<\/ul>\n<p><strong>Divers:<\/strong><\/p>\n<ul>\n<li>Un public sur place est-il attendu pour les matchs de LNA ?\n<ul>\n<li>Non<\/li>\n<\/ul>\n<\/li>\n<\/ul>\n<ul>\n<li style=\"list-style-type: none;\"><\/li>\n<\/ul>\n","protected":false},"excerpt":{"rendered":"<p>\u00a0 \u00a0 \u00a0 Les \u00e9tapes importantes : 02.07.2022 L&rsquo;assembl\u00e9e des d\u00e9l\u00e9gu\u00e9s a d\u00e9finitivement approuv\u00e9 la nouvelle structure de STT. Dans&hellip;<\/p>\n","protected":false},"author":16,"featured_media":24224,"parent":0,"menu_order":0,"comment_status":"closed","ping_status":"closed","template":"","meta":{"_monsterinsights_skip_tracking":false,"_monsterinsights_sitenote_active":false,"_monsterinsights_sitenote_note":"","_monsterinsights_sitenote_category":0,"footnotes":""},"class_list":["post-21138","page","type-page","status-publish","has-post-thumbnail","hentry"],"_links":{"self":[{"href":"https:\/\/www.swisstabletennistest.ch\/fr\/wp-json\/wp\/v2\/pages\/21138","targetHints":{"allow":["GET"]}}],"collection":[{"href":"https:\/\/www.swisstabletennistest.ch\/fr\/wp-json\/wp\/v2\/pages"}],"about":[{"href":"https:\/\/www.swisstabletennistest.ch\/fr\/wp-json\/wp\/v2\/types\/page"}],"author":[{"embeddable":true,"href":"https:\/\/www.swisstabletennistest.ch\/fr\/wp-json\/wp\/v2\/users\/16"}],"replies":[{"embeddable":true,"href":"https:\/\/www.swisstabletennistest.ch\/fr\/wp-json\/wp\/v2\/comments?post=21138"}],"version-history":[{"count":0,"href":"https:\/\/www.swisstabletennistest.ch\/fr\/wp-json\/wp\/v2\/pages\/21138\/revisions"}],"wp:featuredmedia":[{"embeddable":true,"href":"https:\/\/www.swisstabletennistest.ch\/fr\/wp-json\/wp\/v2\/media\/24224"}],"wp:attachment":[{"href":"https:\/\/www.swisstabletennistest.ch\/fr\/wp-json\/wp\/v2\/media?parent=21138"}],"curies":[{"name":"wp","href":"https:\/\/api.w.org\/{rel}","templated":true}]}}