{"id":17810,"date":"2022-11-09T15:41:39","date_gmt":"2022-11-09T14:41:39","guid":{"rendered":"https:\/\/www.swisstabletennis.ch\/?page_id=17810"},"modified":"2022-12-08T08:28:27","modified_gmt":"2022-12-08T07:28:27","slug":"ethique","status":"publish","type":"page","link":"https:\/\/www.swisstabletennistest.ch\/fr\/ethique\/","title":{"rendered":"Ethique"},"content":{"rendered":"<p style=\"text-align: justify;\"><strong>Swiss Table Tennis<\/strong> s\u2019engage pour un sport propre, respectueux, fair-play et performant. Elle applique ces valeurs en faisant preuve de respect envers les autres et en agissant et communiquant de mani\u00e8re transparente. Il en va de m\u00eame de ses organes et de ses membres.\u00a0<strong>Swiss Table Tennis<\/strong> reconna\u00eet l\u2019actuelle \u00ab Charte d\u2019\u00e9thique \u00bb du sport suisse et en diffuse les principes dans ses clubs.<\/p>\n<p style=\"text-align: justify;\">Le dopage est contraire aux principes fondamentaux du sport ainsi qu\u2019\u00e0 l\u2019\u00e9thique m\u00e9dicale et pr\u00e9sente un risque pour la sant\u00e9. Pour ces raisons, le dopage est interdit.\u00a0<strong>Swiss Table Tennis<\/strong> et ses membres sont soumis au Statut concernant le dopage de <strong>Swiss Olympic<\/strong> (ci-apr\u00e8s \u00ab Statut concernant le dopage \u00bb) et aux autres documents pr\u00e9cis\u00e9s. Est consid\u00e9r\u00e9 comme dopage toute violation de l\u2019article 2.1 et suivants du Statut concernant le dopage.<\/p>\n<p style=\"text-align: justify;\"><strong>Swiss Table Tennis<\/strong> est soumise aux Statuts en mati\u00e8re d\u2019\u00e9thique du sport suisse. Les Statuts en mati\u00e8re d\u2019\u00e9thique s\u2019appliquent \u00e0 la f\u00e9d\u00e9ration elle-m\u00eame, \u00e0 son personnel, aux membres de ses organes, \u00e0 ses membres, aux organisations qui lui sont subordonn\u00e9es (par exemple f\u00e9d\u00e9rations affili\u00e9es, r\u00e9gionales ou cantonales, sections), \u00e0 ses clubs ainsi qu\u2019aux organes, aux membres, au personnel, aux athl\u00e8tes, aux coaches, au personnel encadrant, aux m\u00e9decins et aux fonctionnaires de ceux-ci. <strong>Swiss Table Tennis<\/strong> veille \u00e0 ce que ses membres directs et indirects (par ex. f\u00e9d\u00e9rations affili\u00e9es, r\u00e9gionales ou cantonales, sections, clubs) int\u00e8grent \u00e9galement le r\u00e8glement et l\u2019imposent \u00e0 leurs membres, \u00e0 leur personnel et \u00e0 leurs mandataires.<\/p>\n<p style=\"text-align: justify;\">Les violations pr\u00e9sum\u00e9es des dispositions antidopage applicables et des Statuts en mati\u00e8re d\u2019\u00e9thique font l\u2019objet d\u2019une enqu\u00eate de <strong>Swiss Sport Integrity<\/strong>. La chambre disciplinaire du sport suisse (ci-apr\u00e8s \u00ab la chambre disciplinaire \u00bb) est comp\u00e9tente pour juger et sanctionner les violations constat\u00e9es des dispositions antidopage applicables et des Statuts en mati\u00e8re d\u2019\u00e9thique. La chambre disciplinaire applique ses r\u00e8gles de proc\u00e9dure et prononce les sanctions pr\u00e9vues dans le Statut concernant le dopage, le r\u00e8glement de la f\u00e9d\u00e9ration internationale \u00e9ventuellement comp\u00e9tente ou les Statuts en mati\u00e8re d\u2019\u00e9thique. Toute d\u00e9cision de la chambre disciplinaire peut faire l\u2019objet d\u2019un recours devant le <strong>Tribunal Arbitral du Sport<\/strong> (TAS), \u00e0 l\u2019exclusion de tout recours \u00e0 des tribunaux ordinaires, sous 21 jours \u00e0 compter de la r\u00e9ception de la d\u00e9cision motiv\u00e9e de la chambre disciplinaire.<\/p>\n<p style=\"text-align: justify;\"><strong>Code de conduite destin\u00e9 aux entra\u00eeneurs et moniteurs J+S<br \/>\n<\/strong>Les entra\u00eeneurs et les moniteurs J+S ont des positions tr\u00e8s importantes dans le club\u00a0: S\u2019il font un bon entra\u00eenement, les joueurs se sentent \u00e0 l\u2019aise dans votre club, ils participent aux entra\u00eenements et deviennent ou restent membres. En m\u00eame temps, l\u2019entra\u00eeneur est un ambassadeur du sport et du comportement sportif \u2013 et de votre club\u00a0! Il est donc essentiel que les entra\u00eeneurs et moniteurs J+S adaptent leur comportement en cons\u00e9quence. Les valeurs olympiques et la Charte d\u2019\u00e9thique du sport de Swiss Olympic sont le fondement d\u2019un comportement sportif et fair-play.<\/p>\n<p style=\"text-align: justify;\">Swiss Table Tennis a \u00e9labor\u00e9 sur cette base un <a href=\"https:\/\/www.swisstabletennistest.ch\/wp-content\/uploads\/2017\/01\/code_de_conduite_entraineurs.pdf\" target=\"_blank\" rel=\"noopener\">code de conduite destin\u00e9 aux entra\u00eeneurs et moniteurs J+S<\/a>. Ce code de conduite contient les valeurs et les lignes directrices principales r\u00e9gissant le quotidien sportif.<\/p>\n<p style=\"text-align: justify;\">Mentalement fort, physiquement sain, libre d&rsquo;exp\u00e9riences p\u00e9nibles ou blessantes, libre de tabac et d&rsquo;autres substances addictives. C&rsquo;est ainsi que les enfants et les jeunes doivent pouvoir \u00eatre dans un club sportif. C&rsquo;est ce que nous souhaitons atteindre avec les conseils aux clubs \u00ab\u00a0cool and clean\u00a0\u00bb et la campagne de Swiss Olympic \u00ab\u00a0Are you OK ? Tu peux aider : inscris ton club \u00e0 une consultation \u00a0\u00bb cool and clean \u00a0\u00bb et partage la campagne \u00a0\u00bb Are you OK \u00a0\u00bb dans ton entourage.<\/p>\n<p style=\"text-align: justify;\"><a href=\"https:\/\/coolandclean.ch\/fr\/\">Cool&amp;Clean<\/a><\/p>\n<p style=\"text-align: justify;\">Tu te bats et tu t\u2019entra\u00eenes dur pour atteindre tes objectifs. Malheureusement, il peut arriver que des limites soient franchies \u00e0 l\u2019entra\u00eenement, par exemple en raison de m\u00e9thodes d\u2019entra\u00eenement trop dures ou de la pression psychologique. Tu peux alors te sentir mal \u00e0 l\u2019aise, voir bless\u00e9(e) ou menac\u00e9(e), et ce n\u2019est pas acceptable. Parles-en et fais-toi aider ! Swiss Olympic te soutient pour que de telles situations ne se produisent plus dans le sport.<\/p>\n<p style=\"text-align: justify;\">Avec sa campagne \u00ab\u00a0Are you OK\u00a0?\u00a0\u00bb, Swiss Olympic et Swiss Sport Integrity attirent l\u2019attention sur les situations qui, dans le milieu du sport, peuvent \u00eatre \u00e9prouvantes ou blessantes. L\u2019accent est mis sur la question \u00ab\u00a0Are you OK\u00a0?\u00a0\u00bb et sur deux messages principaux\u00a0: \u00ab\u00a0Si quelque chose te semble anormal, informe-toi\u00a0\u00bb et \u00ab\u00a0Parles-en\u00a0\u00bb.<\/p>\n<p style=\"text-align: justify;\"><a href=\"https:\/\/www.swissolympic.ch\/fr\/athletes-entraineurs\/prevention\/consultation\">Campagne \u00ab\u00a0Are you OK?\u00a0\u00bb<\/a><\/p>\n<p style=\"text-align: justify;\"><strong>Liens utiles :<\/strong><\/p>\n<ul>\n<li style=\"text-align: justify;\"><a href=\"https:\/\/www.sportintegrity.ch\/fr\">Swiss Sport Integrity (anciennement Swiss Doping)<\/a><\/li>\n<li style=\"text-align: justify;\"><a href=\"https:\/\/www.swissolympic.ch\/fr\/federations\/valeurs-ethique\/charte-ethique\"> Charte d&rsquo;\u00e9thique de Swiss Olympic<\/a><\/li>\n<li style=\"text-align: justify;\"><a href=\"https:\/\/www.swisstabletennistest.ch\/wp-content\/uploads\/2022\/10\/Directives-dopage.pdf\">Directives dopage<\/a><\/li>\n<li style=\"text-align: justify;\"><a href=\"https:\/\/www.sportintegrity.ch\/fr\/news\/liste-des-interdictions-2023\">Liste des interdictions 2023<\/a><\/li>\n<\/ul>\n","protected":false},"excerpt":{"rendered":"<p>Swiss Table Tennis s\u2019engage pour un sport propre, respectueux, fair-play et performant. Elle applique ces valeurs en faisant preuve de&hellip;<\/p>\n","protected":false},"author":16,"featured_media":18402,"parent":0,"menu_order":0,"comment_status":"closed","ping_status":"closed","template":"","meta":{"_monsterinsights_skip_tracking":false,"_monsterinsights_sitenote_active":false,"_monsterinsights_sitenote_note":"","_monsterinsights_sitenote_category":0,"footnotes":""},"class_list":["post-17810","page","type-page","status-publish","has-post-thumbnail","hentry"],"_links":{"self":[{"href":"https:\/\/www.swisstabletennistest.ch\/fr\/wp-json\/wp\/v2\/pages\/17810","targetHints":{"allow":["GET"]}}],"collection":[{"href":"https:\/\/www.swisstabletennistest.ch\/fr\/wp-json\/wp\/v2\/pages"}],"about":[{"href":"https:\/\/www.swisstabletennistest.ch\/fr\/wp-json\/wp\/v2\/types\/page"}],"author":[{"embeddable":true,"href":"https:\/\/www.swisstabletennistest.ch\/fr\/wp-json\/wp\/v2\/users\/16"}],"replies":[{"embeddable":true,"href":"https:\/\/www.swisstabletennistest.ch\/fr\/wp-json\/wp\/v2\/comments?post=17810"}],"version-history":[{"count":0,"href":"https:\/\/www.swisstabletennistest.ch\/fr\/wp-json\/wp\/v2\/pages\/17810\/revisions"}],"wp:featuredmedia":[{"embeddable":true,"href":"https:\/\/www.swisstabletennistest.ch\/fr\/wp-json\/wp\/v2\/media\/18402"}],"wp:attachment":[{"href":"https:\/\/www.swisstabletennistest.ch\/fr\/wp-json\/wp\/v2\/media?parent=17810"}],"curies":[{"name":"wp","href":"https:\/\/api.w.org\/{rel}","templated":true}]}}