{"id":17149,"date":"2022-10-13T09:16:18","date_gmt":"2022-10-13T08:16:18","guid":{"rendered":"https:\/\/www.swisstabletennis.ch\/?page_id=17149"},"modified":"2023-07-17T16:48:45","modified_gmt":"2023-07-17T14:48:45","slug":"entraineurs-de-cadre-2","status":"publish","type":"page","link":"https:\/\/www.swisstabletennistest.ch\/fr\/entraineurs-de-cadre-2\/","title":{"rendered":"Entra\u00eeneurs de cadre"},"content":{"rendered":"\t\t<div data-elementor-type=\"wp-page\" data-elementor-id=\"17149\" class=\"elementor elementor-17149 elementor-17131\" data-elementor-post-type=\"page\">\n\t\t\t\t\t\t<section class=\"elementor-section elementor-top-section elementor-element elementor-element-b923923 elementor-section-boxed elementor-section-height-default elementor-section-height-default\" data-id=\"b923923\" data-element_type=\"section\">\n\t\t\t\t\t\t<div class=\"elementor-container elementor-column-gap-extended\">\n\t\t\t\t\t<div class=\"elementor-column elementor-col-33 elementor-top-column elementor-element elementor-element-d97ec80 sc_inner_width_none sc_layouts_column_icons_position_left\" data-id=\"d97ec80\" data-element_type=\"column\">\n\t\t\t<div class=\"elementor-widget-wrap elementor-element-populated\">\n\t\t\t\t\t\t<div class=\"elementor-element elementor-element-a168cea sc_fly_static elementor-widget elementor-widget-image\" data-id=\"a168cea\" data-element_type=\"widget\" data-widget_type=\"image.default\">\n\t\t\t\t<div class=\"elementor-widget-container\">\n\t\t\t\t\t\t\t\t\t\t\t\t\t\t\t<img decoding=\"async\" src=\"https:\/\/www.swisstabletennistest.ch\/wp-content\/uploads\/elementor\/thumbs\/Mulabdic_P-2021-2-scaled-pw57djhev0ft26vxyx6wcvaujvmveazygvtrmlh2rk.jpg\" title=\"Mulabdic_P 2021 (2)\" alt=\"Mulabdic_P 2021 (2)\" loading=\"lazy\" \/>\t\t\t\t\t\t\t\t\t\t\t\t\t\t\t<\/div>\n\t\t\t\t<\/div>\n\t\t\t\t<div class=\"elementor-element elementor-element-6d62dad sc_fly_static elementor-widget elementor-widget-text-editor\" data-id=\"6d62dad\" data-element_type=\"widget\" data-widget_type=\"text-editor.default\">\n\t\t\t\t<div class=\"elementor-widget-container\">\n\t\t\t\t\t\t\t\t\t<p><strong><big>Samir Mulabdic<\/big><\/strong><\/p><ul><li>Chef sport \u00e9lite<\/li><li>Responsable cadre E1\/T4<\/li><li>Entra\u00eeneur dipl\u00f4m\u00e9 Swiss Olympic <\/li><li>Titulaire d\u2019une licence A de la F\u00e9d\u00e9ration allemande de TT<\/li><li>Depuis 2006<\/li><li><span id=\"cloak0ad2f76cfd85c2c98875db31757dd3f6\"><a href=\"mailto:samir.mulabdic@swisstabletennis.ch\">samir.mulabdic#swisstabletennis.ch<\/a><\/span><\/li><\/ul>\t\t\t\t\t\t\t\t<\/div>\n\t\t\t\t<\/div>\n\t\t\t\t\t<\/div>\n\t\t<\/div>\n\t\t\t\t<div class=\"elementor-column elementor-col-33 elementor-top-column elementor-element elementor-element-0e4532d sc_inner_width_none sc_layouts_column_icons_position_left\" data-id=\"0e4532d\" data-element_type=\"column\">\n\t\t\t<div class=\"elementor-widget-wrap elementor-element-populated\">\n\t\t\t\t\t\t<div class=\"elementor-element elementor-element-e9ccd42 sc_fly_static elementor-widget elementor-widget-image\" data-id=\"e9ccd42\" data-element_type=\"widget\" data-widget_type=\"image.default\">\n\t\t\t\t<div class=\"elementor-widget-container\">\n\t\t\t\t\t\t\t\t\t\t\t\t\t\t\t<img decoding=\"async\" src=\"https:\/\/www.swisstabletennistest.ch\/wp-content\/uploads\/elementor\/thumbs\/Pelz-P_P-2021-1-scaled-pw57fsbj6rigsnmiuw4tbawhn0kfs9wvfzxiwe57wg.jpg\" title=\"Pelz P_P 2021 (1)\" alt=\"Pelz P_P 2021 (1)\" loading=\"lazy\" \/>\t\t\t\t\t\t\t\t\t\t\t\t\t\t\t<\/div>\n\t\t\t\t<\/div>\n\t\t\t\t<div class=\"elementor-element elementor-element-ca10e21 sc_fly_static elementor-widget elementor-widget-text-editor\" data-id=\"ca10e21\" data-element_type=\"widget\" data-widget_type=\"text-editor.default\">\n\t\t\t\t<div class=\"elementor-widget-container\">\n\t\t\t\t\t\t\t\t\t<p><big><strong>Pedro Pelz<\/strong><\/big><\/p><ul><li><p>Chef de la rel\u00e8ve<\/p><\/li><li>Entra\u00eeneur de cadre<\/li><li>Coordinateur cadre T2 (DE)<\/li><li>Entra\u00eeneur dipl\u00f4m\u00e9 Swiss Olympic<\/li><li>Titulaire d\u2019une licence A de la F\u00e9d\u00e9ration allemande de TT<\/li><li>Depuis 2007<\/li><li><span id=\"cloak6c2a3b7ee7f65c428122b9b0eac3769c\"><a href=\"mailto:pedro.pelz@swisstabletennis.ch\">pedro.pelz#swisstabletennis.ch<\/a><\/span><\/li><\/ul>\t\t\t\t\t\t\t\t<\/div>\n\t\t\t\t<\/div>\n\t\t\t\t\t<\/div>\n\t\t<\/div>\n\t\t\t\t<div class=\"elementor-column elementor-col-33 elementor-top-column elementor-element elementor-element-53284b7 sc_inner_width_none sc_layouts_column_icons_position_left\" data-id=\"53284b7\" data-element_type=\"column\">\n\t\t\t<div class=\"elementor-widget-wrap elementor-element-populated\">\n\t\t\t\t\t\t<div class=\"elementor-element elementor-element-196682d sc_fly_static elementor-widget elementor-widget-image\" data-id=\"196682d\" data-element_type=\"widget\" data-widget_type=\"image.default\">\n\t\t\t\t<div class=\"elementor-widget-container\">\n\t\t\t\t\t\t\t\t\t\t\t\t\t\t\t<img decoding=\"async\" src=\"https:\/\/www.swisstabletennistest.ch\/wp-content\/uploads\/elementor\/thumbs\/Yannick-Charmot-pw57h1fsat889xszjfmwmzim5ie21qvzm78txoabls.jpg\" title=\"Yannick Charmot\" alt=\"Yannick Charmot\" loading=\"lazy\" \/>\t\t\t\t\t\t\t\t\t\t\t\t\t\t\t<\/div>\n\t\t\t\t<\/div>\n\t\t\t\t<div class=\"elementor-element elementor-element-d9acb6c sc_fly_static elementor-widget elementor-widget-text-editor\" data-id=\"d9acb6c\" data-element_type=\"widget\" data-widget_type=\"text-editor.default\">\n\t\t\t\t<div class=\"elementor-widget-container\">\n\t\t\t\t\t\t\t\t\t<p><big><strong>Yannick Charmot<\/strong><\/big><\/p><ul><li>Entra\u00eeneur de cadre<\/li><li>Coordinateur cadre T3<\/li><li>Entra\u00eeneur dipl\u00f4m\u00e9 Swiss Olympic<\/li><li>Titulaire d\u2019une licence A de la F\u00e9d\u00e9ration fran\u00e7aise de TT<\/li><li>Depuis 2012<\/li><li><span id=\"cloak900f2b55a770735c5aaacfac0c2e539a\"><a href=\"mailto:yannick.charmot@swisstabletennis.ch\">yannick.charmot#swisstabletennis.ch<\/a><\/span><\/li><\/ul>\t\t\t\t\t\t\t\t<\/div>\n\t\t\t\t<\/div>\n\t\t\t\t\t<\/div>\n\t\t<\/div>\n\t\t\t\t\t<\/div>\n\t\t<\/section>\n\t\t\t\t<section class=\"elementor-section elementor-top-section elementor-element elementor-element-6583922 elementor-section-boxed elementor-section-height-default elementor-section-height-default\" data-id=\"6583922\" data-element_type=\"section\">\n\t\t\t\t\t\t<div class=\"elementor-container elementor-column-gap-extended\">\n\t\t\t\t\t<div class=\"elementor-column elementor-col-33 elementor-top-column elementor-element elementor-element-b071a17 sc_inner_width_none sc_layouts_column_icons_position_left\" data-id=\"b071a17\" data-element_type=\"column\">\n\t\t\t<div class=\"elementor-widget-wrap elementor-element-populated\">\n\t\t\t\t\t\t<div class=\"elementor-element elementor-element-5ccbaeb sc_fly_static elementor-widget elementor-widget-image\" data-id=\"5ccbaeb\" data-element_type=\"widget\" data-widget_type=\"image.default\">\n\t\t\t\t<div class=\"elementor-widget-container\">\n\t\t\t\t\t\t\t\t\t\t\t\t\t\t\t<img decoding=\"async\" src=\"https:\/\/www.swisstabletennistest.ch\/wp-content\/uploads\/elementor\/thumbs\/Christian-Mignot-pw57i23hpcmeuqbqldhcu89lbjdddxxir8orngryv4.jpg\" title=\"Christian Mignot\" alt=\"Christian Mignot\" loading=\"lazy\" \/>\t\t\t\t\t\t\t\t\t\t\t\t\t\t\t<\/div>\n\t\t\t\t<\/div>\n\t\t\t\t<div class=\"elementor-element elementor-element-ba021b3 sc_fly_static elementor-widget elementor-widget-text-editor\" data-id=\"ba021b3\" data-element_type=\"widget\" data-widget_type=\"text-editor.default\">\n\t\t\t\t<div class=\"elementor-widget-container\">\n\t\t\t\t\t\t\t\t\t<p><big><strong>Christian Mignot<br \/><\/strong><\/big><\/p><ul><li>Entra\u00eeneur de cadre<\/li><li>Coordinateur cadre T2 (FR)<\/li><li>Entra\u00eeneur A STT compl\u00e9ment sport de performance<\/li><li>J+S Sport des enfants<\/li><li>Depuis 2015<\/li><li><span id=\"cloakde1b1ed2ee2ea355c66e7c43f28763b5\"><a href=\"mailto:christian.mignot@swisstabletennis.ch\">christian.mignot#swisstabletennis.ch<\/a><\/span><\/li><\/ul>\t\t\t\t\t\t\t\t<\/div>\n\t\t\t\t<\/div>\n\t\t\t\t\t<\/div>\n\t\t<\/div>\n\t\t\t\t<div class=\"elementor-column elementor-col-33 elementor-top-column elementor-element elementor-element-3a0351d sc_inner_width_none sc_layouts_column_icons_position_left\" data-id=\"3a0351d\" data-element_type=\"column\">\n\t\t\t<div class=\"elementor-widget-wrap elementor-element-populated\">\n\t\t\t\t\t\t<div class=\"elementor-element elementor-element-8b805a8 sc_fly_static elementor-widget elementor-widget-image\" data-id=\"8b805a8\" data-element_type=\"widget\" data-widget_type=\"image.default\">\n\t\t\t\t<div class=\"elementor-widget-container\">\n\t\t\t\t\t\t\t\t\t\t\t\t\t\t\t<img decoding=\"async\" src=\"https:\/\/www.swisstabletennistest.ch\/wp-content\/uploads\/elementor\/thumbs\/Sonja-Wicki-pw57j1tcx1zb3wvussx6gz93w6hbifvbk5h7vzb0ao.jpg\" title=\"Sonja Wicki\" alt=\"Sonja Wicki\" loading=\"lazy\" \/>\t\t\t\t\t\t\t\t\t\t\t\t\t\t\t<\/div>\n\t\t\t\t<\/div>\n\t\t\t\t<div class=\"elementor-element elementor-element-c81041d sc_fly_static elementor-widget elementor-widget-text-editor\" data-id=\"c81041d\" data-element_type=\"widget\" data-widget_type=\"text-editor.default\">\n\t\t\t\t<div class=\"elementor-widget-container\">\n\t\t\t\t\t\t\t\t\t<p><big><strong>Sonja Wicki<br \/><\/strong><\/big><\/p><ul><li>Entra\u00eeneuse de cadre<\/li><li>Entra\u00eeneuse dipl\u00f4m\u00e9 Swiss Olympic<\/li><li>Depuis 2006<\/li><li><span id=\"cloak5bcc5d5aabe0e3f020b0945be73a4a55\"><a href=\"mailto:sonja.wicki@swisstabletennis.ch\">sonja.wicki#swisstabletennis.ch<\/a><\/span><\/li><\/ul>\t\t\t\t\t\t\t\t<\/div>\n\t\t\t\t<\/div>\n\t\t\t\t\t<\/div>\n\t\t<\/div>\n\t\t\t\t<div class=\"elementor-column elementor-col-33 elementor-top-column elementor-element elementor-element-e1c02c8 sc_inner_width_none sc_layouts_column_icons_position_left\" data-id=\"e1c02c8\" data-element_type=\"column\">\n\t\t\t<div class=\"elementor-widget-wrap\">\n\t\t\t\t\t\t\t<\/div>\n\t\t<\/div>\n\t\t\t\t\t<\/div>\n\t\t<\/section>\n\t\t\t\t<\/div>\n\t\t","protected":false},"excerpt":{"rendered":"<p>Samir Mulabdic Chef sport \u00e9lite Responsable cadre E1\/T4 Entra\u00eeneur dipl\u00f4m\u00e9 Swiss Olympic Titulaire d\u2019une licence A de la F\u00e9d\u00e9ration allemande&hellip;<\/p>\n","protected":false},"author":16,"featured_media":2432,"parent":0,"menu_order":0,"comment_status":"closed","ping_status":"closed","template":"","meta":{"_monsterinsights_skip_tracking":false,"_monsterinsights_sitenote_active":false,"_monsterinsights_sitenote_note":"","_monsterinsights_sitenote_category":0,"footnotes":""},"class_list":["post-17149","page","type-page","status-publish","has-post-thumbnail","hentry"],"_links":{"self":[{"href":"https:\/\/www.swisstabletennistest.ch\/fr\/wp-json\/wp\/v2\/pages\/17149","targetHints":{"allow":["GET"]}}],"collection":[{"href":"https:\/\/www.swisstabletennistest.ch\/fr\/wp-json\/wp\/v2\/pages"}],"about":[{"href":"https:\/\/www.swisstabletennistest.ch\/fr\/wp-json\/wp\/v2\/types\/page"}],"author":[{"embeddable":true,"href":"https:\/\/www.swisstabletennistest.ch\/fr\/wp-json\/wp\/v2\/users\/16"}],"replies":[{"embeddable":true,"href":"https:\/\/www.swisstabletennistest.ch\/fr\/wp-json\/wp\/v2\/comments?post=17149"}],"version-history":[{"count":0,"href":"https:\/\/www.swisstabletennistest.ch\/fr\/wp-json\/wp\/v2\/pages\/17149\/revisions"}],"wp:featuredmedia":[{"embeddable":true,"href":"https:\/\/www.swisstabletennistest.ch\/fr\/wp-json\/wp\/v2\/media\/2432"}],"wp:attachment":[{"href":"https:\/\/www.swisstabletennistest.ch\/fr\/wp-json\/wp\/v2\/media?parent=17149"}],"curies":[{"name":"wp","href":"https:\/\/api.w.org\/{rel}","templated":true}]}}