{"id":16779,"date":"2022-10-10T09:29:32","date_gmt":"2022-10-10T08:29:32","guid":{"rendered":"https:\/\/swisstabletennistest.ch\/?page_id=16779"},"modified":"2023-04-03T06:25:13","modified_gmt":"2023-04-03T05:25:13","slug":"commission-de-recours-cr","status":"publish","type":"page","link":"https:\/\/www.swisstabletennistest.ch\/fr\/commission-de-recours-cr\/","title":{"rendered":"Commission de recours (CR)"},"content":{"rendered":"\t\t<div data-elementor-type=\"wp-page\" data-elementor-id=\"16779\" class=\"elementor elementor-16779 elementor-16759\" data-elementor-post-type=\"page\">\n\t\t\t\t\t\t<section class=\"elementor-section elementor-top-section elementor-element elementor-element-e1bc02e elementor-section-boxed elementor-section-height-default elementor-section-height-default\" data-id=\"e1bc02e\" data-element_type=\"section\">\n\t\t\t\t\t\t<div class=\"elementor-container elementor-column-gap-extended\">\n\t\t\t\t\t<div class=\"elementor-column elementor-col-100 elementor-top-column elementor-element elementor-element-59291c1 sc_inner_width_none sc_layouts_column_icons_position_left\" data-id=\"59291c1\" data-element_type=\"column\">\n\t\t\t<div class=\"elementor-widget-wrap elementor-element-populated\">\n\t\t\t\t\t\t<div class=\"elementor-element elementor-element-f6cd9e9 sc_fly_static elementor-widget elementor-widget-text-editor\" data-id=\"f6cd9e9\" data-element_type=\"widget\" data-widget_type=\"text-editor.default\">\n\t\t\t\t<div class=\"elementor-widget-container\">\n\t\t\t\t\t\t\t\t\t<p>La CR est l\u2019organe judiciaire supr\u00eame de STT. Elle examine les recours portant sur l\u2019application des r\u00e8glements de STT et des AR.<\/p><p>L\u2019AD \u00e9lit les membres de la CR pour une p\u00e9riode de 2 ans. La r\u00e9\u00e9lection est possible, la dur\u00e9e globale du mandat est limit\u00e9e \u00e0 12 ans.<\/p><p>La CR est compos\u00e9e du pr\u00e9sident et de quatre membres. Elle se donne un r\u00e8glement qu\u2019elle soumet \u00e0 l\u2019AD pour approbation. La CR si\u00e8ge \u00e0 trois membres, dont le pr\u00e9sident, et statue \u00e0 la majorit\u00e9 des voix, conform\u00e9ment \u00e0 la proc\u00e9dure r\u00e9gie par le R\u00e8glement des recours STT.<\/p><p>Un membre de la CR ne peut pas juger un cas dans lequel il est lui-m\u00eame partie en qualit\u00e9 de personne, de joueur ou de membre d\u2019un club ou s\u2019il se r\u00e9cuse.<\/p>\t\t\t\t\t\t\t\t<\/div>\n\t\t\t\t<\/div>\n\t\t\t\t\t<\/div>\n\t\t<\/div>\n\t\t\t\t\t<\/div>\n\t\t<\/section>\n\t\t\t\t<section class=\"elementor-section elementor-top-section elementor-element elementor-element-3a9d7be5 elementor-section-boxed elementor-section-height-default elementor-section-height-default\" data-id=\"3a9d7be5\" data-element_type=\"section\">\n\t\t\t\t\t\t<div class=\"elementor-container elementor-column-gap-extended\">\n\t\t\t\t\t<div class=\"elementor-column elementor-col-25 elementor-top-column elementor-element elementor-element-7c89d7f sc_inner_width_none sc_layouts_column_icons_position_left\" data-id=\"7c89d7f\" data-element_type=\"column\">\n\t\t\t<div class=\"elementor-widget-wrap elementor-element-populated\">\n\t\t\t\t\t\t<div class=\"elementor-element elementor-element-444a5d90 sc_fly_static elementor-widget elementor-widget-image\" data-id=\"444a5d90\" data-element_type=\"widget\" data-widget_type=\"image.default\">\n\t\t\t\t<div class=\"elementor-widget-container\">\n\t\t\t\t\t\t\t\t\t\t\t\t\t\t\t<img decoding=\"async\" src=\"https:\/\/www.swisstabletennistest.ch\/wp-content\/uploads\/elementor\/thumbs\/Defaultpfp-pvvcvci0qvyh46op7w5vwv4mf4v51wz1hvzqlm3u4g.png\" title=\"Defaultpfp\" alt=\"Defaultpfp\" loading=\"lazy\" \/>\t\t\t\t\t\t\t\t\t\t\t\t\t\t\t<\/div>\n\t\t\t\t<\/div>\n\t\t\t\t<div class=\"elementor-element elementor-element-b03db15 sc_fly_static elementor-widget elementor-widget-text-editor\" data-id=\"b03db15\" data-element_type=\"widget\" data-widget_type=\"text-editor.default\">\n\t\t\t\t<div class=\"elementor-widget-container\">\n\t\t\t\t\t\t\t\t\t<p><big><strong>Semir Hermidas<\/strong><\/big><\/p><p>Pr\u00e4sident \/ <a href=\"mailto:semir.hermidas@swisstabletennis.ch\">E-mail<\/a><\/p>\t\t\t\t\t\t\t\t<\/div>\n\t\t\t\t<\/div>\n\t\t\t\t\t<\/div>\n\t\t<\/div>\n\t\t\t\t<div class=\"elementor-column elementor-col-25 elementor-top-column elementor-element elementor-element-70a2795c sc_inner_width_none sc_layouts_column_icons_position_left\" data-id=\"70a2795c\" data-element_type=\"column\">\n\t\t\t<div class=\"elementor-widget-wrap elementor-element-populated\">\n\t\t\t\t\t\t<div class=\"elementor-element elementor-element-3a527b83 sc_fly_static elementor-widget elementor-widget-image\" data-id=\"3a527b83\" data-element_type=\"widget\" data-widget_type=\"image.default\">\n\t\t\t\t<div class=\"elementor-widget-container\">\n\t\t\t\t\t\t\t\t\t\t\t\t\t\t\t<img decoding=\"async\" src=\"https:\/\/www.swisstabletennistest.ch\/wp-content\/uploads\/elementor\/thumbs\/Defaultpfp-pvvcvci0qvyh46op7w5vwv4mf4v51wz1hvzqlm3u4g.png\" title=\"Defaultpfp\" alt=\"Defaultpfp\" loading=\"lazy\" \/>\t\t\t\t\t\t\t\t\t\t\t\t\t\t\t<\/div>\n\t\t\t\t<\/div>\n\t\t\t\t<div class=\"elementor-element elementor-element-8e5bce2 sc_fly_static elementor-widget elementor-widget-text-editor\" data-id=\"8e5bce2\" data-element_type=\"widget\" data-widget_type=\"text-editor.default\">\n\t\t\t\t<div class=\"elementor-widget-container\">\n\t\t\t\t\t\t\t\t\t<p><big><strong>Daniel Luder<\/strong><\/big><\/p><p><a href=\"mailto:daniel.luder@swisstabletennis.ch\">E-mail<\/a><\/p>\t\t\t\t\t\t\t\t<\/div>\n\t\t\t\t<\/div>\n\t\t\t\t\t<\/div>\n\t\t<\/div>\n\t\t\t\t<div class=\"elementor-column elementor-col-25 elementor-top-column elementor-element elementor-element-2dc57179 sc_inner_width_none sc_layouts_column_icons_position_left\" data-id=\"2dc57179\" data-element_type=\"column\">\n\t\t\t<div class=\"elementor-widget-wrap elementor-element-populated\">\n\t\t\t\t\t\t<div class=\"elementor-element elementor-element-e8a3456 sc_fly_static elementor-widget elementor-widget-image\" data-id=\"e8a3456\" data-element_type=\"widget\" data-widget_type=\"image.default\">\n\t\t\t\t<div class=\"elementor-widget-container\">\n\t\t\t\t\t\t\t\t\t\t\t\t\t\t\t<img decoding=\"async\" src=\"https:\/\/www.swisstabletennistest.ch\/wp-content\/uploads\/elementor\/thumbs\/Defaultpfp-pvvcvci0qvyh46op7w5vwv4mf4v51wz1hvzqlm3u4g.png\" title=\"Defaultpfp\" alt=\"Defaultpfp\" loading=\"lazy\" \/>\t\t\t\t\t\t\t\t\t\t\t\t\t\t\t<\/div>\n\t\t\t\t<\/div>\n\t\t\t\t<div class=\"elementor-element elementor-element-7dcbb99 sc_fly_static elementor-widget elementor-widget-text-editor\" data-id=\"7dcbb99\" data-element_type=\"widget\" data-widget_type=\"text-editor.default\">\n\t\t\t\t<div class=\"elementor-widget-container\">\n\t\t\t\t\t\t\t\t\t<p><strong><big>Claude Diethelm<\/big><\/strong><\/p><p><a href=\"mailto:diag1@bluewin.ch\">E-mail<\/a><\/p>\t\t\t\t\t\t\t\t<\/div>\n\t\t\t\t<\/div>\n\t\t\t\t\t<\/div>\n\t\t<\/div>\n\t\t\t\t<div class=\"elementor-column elementor-col-25 elementor-top-column elementor-element elementor-element-1456b5c sc_inner_width_none sc_layouts_column_icons_position_left\" data-id=\"1456b5c\" data-element_type=\"column\">\n\t\t\t<div class=\"elementor-widget-wrap elementor-element-populated\">\n\t\t\t\t\t\t<div class=\"elementor-element elementor-element-1b5018a5 sc_fly_static elementor-widget elementor-widget-image\" data-id=\"1b5018a5\" data-element_type=\"widget\" data-widget_type=\"image.default\">\n\t\t\t\t<div class=\"elementor-widget-container\">\n\t\t\t\t\t\t\t\t\t\t\t\t\t\t\t<img decoding=\"async\" src=\"https:\/\/www.swisstabletennistest.ch\/wp-content\/uploads\/elementor\/thumbs\/Defaultpfp-pvvcvci0qvyh46op7w5vwv4mf4v51wz1hvzqlm3u4g.png\" title=\"Defaultpfp\" alt=\"Defaultpfp\" loading=\"lazy\" \/>\t\t\t\t\t\t\t\t\t\t\t\t\t\t\t<\/div>\n\t\t\t\t<\/div>\n\t\t\t\t<div class=\"elementor-element elementor-element-4032ff1b sc_fly_static elementor-widget elementor-widget-text-editor\" data-id=\"4032ff1b\" data-element_type=\"widget\" data-widget_type=\"text-editor.default\">\n\t\t\t\t<div class=\"elementor-widget-container\">\n\t\t\t\t\t\t\t\t\t<p><big><strong>Reto Scarpatetti<\/strong><\/big><\/p>\t\t\t\t\t\t\t\t<\/div>\n\t\t\t\t<\/div>\n\t\t\t\t\t<\/div>\n\t\t<\/div>\n\t\t\t\t\t<\/div>\n\t\t<\/section>\n\t\t\t\t<section class=\"elementor-section elementor-top-section elementor-element elementor-element-25c2d3ce elementor-section-boxed elementor-section-height-default elementor-section-height-default\" data-id=\"25c2d3ce\" data-element_type=\"section\">\n\t\t\t\t\t\t<div class=\"elementor-container elementor-column-gap-extended\">\n\t\t\t\t\t<div class=\"elementor-column elementor-col-25 elementor-top-column elementor-element elementor-element-13f16ea1 sc_inner_width_none sc_layouts_column_icons_position_left\" data-id=\"13f16ea1\" data-element_type=\"column\">\n\t\t\t<div class=\"elementor-widget-wrap elementor-element-populated\">\n\t\t\t\t\t\t<div class=\"elementor-element elementor-element-593d9865 sc_fly_static elementor-widget elementor-widget-image\" data-id=\"593d9865\" data-element_type=\"widget\" data-widget_type=\"image.default\">\n\t\t\t\t<div class=\"elementor-widget-container\">\n\t\t\t\t\t\t\t\t\t\t\t\t\t\t\t<img decoding=\"async\" src=\"https:\/\/www.swisstabletennistest.ch\/wp-content\/uploads\/elementor\/thumbs\/Defaultpfp-pvvcvci0qvyh46op7w5vwv4mf4v51wz1hvzqlm3u4g.png\" title=\"Defaultpfp\" alt=\"Defaultpfp\" loading=\"lazy\" \/>\t\t\t\t\t\t\t\t\t\t\t\t\t\t\t<\/div>\n\t\t\t\t<\/div>\n\t\t\t\t<div class=\"elementor-element elementor-element-739c8f49 sc_fly_static elementor-widget elementor-widget-text-editor\" data-id=\"739c8f49\" data-element_type=\"widget\" data-widget_type=\"text-editor.default\">\n\t\t\t\t<div class=\"elementor-widget-container\">\n\t\t\t\t\t\t\t\t\t<p><strong><big>C\u00e9line Reust<\/big><\/strong><\/p><p><a href=\"mailto:reustc@icloud.com\">E-Mail<\/a><\/p>\t\t\t\t\t\t\t\t<\/div>\n\t\t\t\t<\/div>\n\t\t\t\t\t<\/div>\n\t\t<\/div>\n\t\t\t\t<div class=\"elementor-column elementor-col-25 elementor-top-column elementor-element elementor-element-1d85258 sc_inner_width_none sc_layouts_column_icons_position_left\" data-id=\"1d85258\" data-element_type=\"column\">\n\t\t\t<div class=\"elementor-widget-wrap\">\n\t\t\t\t\t\t\t<\/div>\n\t\t<\/div>\n\t\t\t\t<div class=\"elementor-column elementor-col-25 elementor-top-column elementor-element elementor-element-317bd612 sc_inner_width_none sc_layouts_column_icons_position_left\" data-id=\"317bd612\" data-element_type=\"column\">\n\t\t\t<div class=\"elementor-widget-wrap\">\n\t\t\t\t\t\t\t<\/div>\n\t\t<\/div>\n\t\t\t\t<div class=\"elementor-column elementor-col-25 elementor-top-column elementor-element elementor-element-6294841b sc_inner_width_none sc_layouts_column_icons_position_left\" data-id=\"6294841b\" data-element_type=\"column\">\n\t\t\t<div class=\"elementor-widget-wrap\">\n\t\t\t\t\t\t\t<\/div>\n\t\t<\/div>\n\t\t\t\t\t<\/div>\n\t\t<\/section>\n\t\t\t\t<\/div>\n\t\t","protected":false},"excerpt":{"rendered":"<p>La CR est l\u2019organe judiciaire supr\u00eame de STT. Elle examine les recours portant sur l\u2019application des r\u00e8glements de STT et&hellip;<\/p>\n","protected":false},"author":16,"featured_media":9064,"parent":0,"menu_order":0,"comment_status":"closed","ping_status":"closed","template":"","meta":{"_monsterinsights_skip_tracking":false,"_monsterinsights_sitenote_active":false,"_monsterinsights_sitenote_note":"","_monsterinsights_sitenote_category":0,"footnotes":""},"class_list":["post-16779","page","type-page","status-publish","has-post-thumbnail","hentry"],"_links":{"self":[{"href":"https:\/\/www.swisstabletennistest.ch\/fr\/wp-json\/wp\/v2\/pages\/16779","targetHints":{"allow":["GET"]}}],"collection":[{"href":"https:\/\/www.swisstabletennistest.ch\/fr\/wp-json\/wp\/v2\/pages"}],"about":[{"href":"https:\/\/www.swisstabletennistest.ch\/fr\/wp-json\/wp\/v2\/types\/page"}],"author":[{"embeddable":true,"href":"https:\/\/www.swisstabletennistest.ch\/fr\/wp-json\/wp\/v2\/users\/16"}],"replies":[{"embeddable":true,"href":"https:\/\/www.swisstabletennistest.ch\/fr\/wp-json\/wp\/v2\/comments?post=16779"}],"version-history":[{"count":0,"href":"https:\/\/www.swisstabletennistest.ch\/fr\/wp-json\/wp\/v2\/pages\/16779\/revisions"}],"wp:featuredmedia":[{"embeddable":true,"href":"https:\/\/www.swisstabletennistest.ch\/fr\/wp-json\/wp\/v2\/media\/9064"}],"wp:attachment":[{"href":"https:\/\/www.swisstabletennistest.ch\/fr\/wp-json\/wp\/v2\/media?parent=16779"}],"curies":[{"name":"wp","href":"https:\/\/api.w.org\/{rel}","templated":true}]}}