{"id":16743,"date":"2022-10-10T08:21:42","date_gmt":"2022-10-10T07:21:42","guid":{"rendered":"https:\/\/swisstabletennistest.ch\/?page_id=16743"},"modified":"2023-04-03T06:23:45","modified_gmt":"2023-04-03T05:23:45","slug":"commission-de-controle-de-gestion-ccg","status":"publish","type":"page","link":"https:\/\/www.swisstabletennistest.ch\/fr\/commission-de-controle-de-gestion-ccg\/","title":{"rendered":"Commission de contr\u00f4le de gestion (CCG)"},"content":{"rendered":"\t\t<div data-elementor-type=\"wp-page\" data-elementor-id=\"16743\" class=\"elementor elementor-16743 elementor-16737\" data-elementor-post-type=\"page\">\n\t\t\t\t\t\t<section class=\"elementor-section elementor-top-section elementor-element elementor-element-a5a93f7 elementor-section-boxed elementor-section-height-default elementor-section-height-default\" data-id=\"a5a93f7\" data-element_type=\"section\">\n\t\t\t\t\t\t<div class=\"elementor-container elementor-column-gap-extended\">\n\t\t\t\t\t<div class=\"elementor-column elementor-col-100 elementor-top-column elementor-element elementor-element-729ddc2 sc_inner_width_none sc_layouts_column_icons_position_left\" data-id=\"729ddc2\" data-element_type=\"column\">\n\t\t\t<div class=\"elementor-widget-wrap elementor-element-populated\">\n\t\t\t\t\t\t<div class=\"elementor-element elementor-element-12212b8 sc_fly_static elementor-widget elementor-widget-text-editor\" data-id=\"12212b8\" data-element_type=\"widget\" data-widget_type=\"text-editor.default\">\n\t\t\t\t<div class=\"elementor-widget-container\">\n\t\t\t\t\t\t\t\t\t<p>La commission de Contr\u00f4le de Gestion est un organe de contr\u00f4le interne pr\u00e9vu par les statuts, qui<br \/>re\u00e7oit et examine les plaintes des clubs et des associations r\u00e9gionales, entre autres. La commission<br \/>de Contr\u00f4le de Gestion doit \u00eatre compos\u00e9e d\u2019un pr\u00e9sident et de quatre membres.<\/p><p><br \/>Les personnes int\u00e9ress\u00e9es \u00e0 si\u00e9ger \u00e0 la commission de Contr\u00f4le de Gestion sont pri\u00e9es de contacter<br \/>la Direction<\/p>\t\t\t\t\t\t\t\t<\/div>\n\t\t\t\t<\/div>\n\t\t\t\t\t<\/div>\n\t\t<\/div>\n\t\t\t\t\t<\/div>\n\t\t<\/section>\n\t\t\t\t<section class=\"elementor-section elementor-top-section elementor-element elementor-element-46e5c7a4 elementor-section-boxed elementor-section-height-default elementor-section-height-default\" data-id=\"46e5c7a4\" data-element_type=\"section\">\n\t\t\t\t\t\t<div class=\"elementor-container elementor-column-gap-extended\">\n\t\t\t\t\t<div class=\"elementor-column elementor-col-25 elementor-top-column elementor-element elementor-element-7d0fd0f3 sc_inner_width_none sc_layouts_column_icons_position_left\" data-id=\"7d0fd0f3\" data-element_type=\"column\">\n\t\t\t<div class=\"elementor-widget-wrap elementor-element-populated\">\n\t\t\t\t\t\t<div class=\"elementor-element elementor-element-111c7903 sc_fly_static elementor-widget elementor-widget-image\" data-id=\"111c7903\" data-element_type=\"widget\" data-widget_type=\"image.default\">\n\t\t\t\t<div class=\"elementor-widget-container\">\n\t\t\t\t\t\t\t\t\t\t\t\t\t\t\t<img decoding=\"async\" src=\"https:\/\/www.swisstabletennistest.ch\/wp-content\/uploads\/elementor\/thumbs\/RolfNick-q16cjcmiwnnoxe9dw07ezjls2ck3133xvyhb2hsrwg.jpg\" title=\"RolfNick\" alt=\"RolfNick\" loading=\"lazy\" \/>\t\t\t\t\t\t\t\t\t\t\t\t\t\t\t<\/div>\n\t\t\t\t<\/div>\n\t\t\t\t<div class=\"elementor-element elementor-element-4ebc43e2 sc_fly_static elementor-widget elementor-widget-text-editor\" data-id=\"4ebc43e2\" data-element_type=\"widget\" data-widget_type=\"text-editor.default\">\n\t\t\t\t<div class=\"elementor-widget-container\">\n\t\t\t\t\t\t\t\t\t<p><big><strong>Rolf Nick<\/strong><\/big><\/p>\t\t\t\t\t\t\t\t<\/div>\n\t\t\t\t<\/div>\n\t\t\t\t<div class=\"elementor-element elementor-element-7525610 sc_fly_static elementor-widget elementor-widget-text-editor\" data-id=\"7525610\" data-element_type=\"widget\" data-widget_type=\"text-editor.default\">\n\t\t\t\t<div class=\"elementor-widget-container\">\n\t\t\t\t\t\t\t\t\t<p><small><big>Pr\u00e9sident CCG<\/big><\/small><\/p>\t\t\t\t\t\t\t\t<\/div>\n\t\t\t\t<\/div>\n\t\t\t\t\t<\/div>\n\t\t<\/div>\n\t\t\t\t<div class=\"elementor-column elementor-col-25 elementor-top-column elementor-element elementor-element-414e3bd6 sc_inner_width_none sc_layouts_column_icons_position_left\" data-id=\"414e3bd6\" data-element_type=\"column\">\n\t\t\t<div class=\"elementor-widget-wrap elementor-element-populated\">\n\t\t\t\t\t\t<div class=\"elementor-element elementor-element-2f46066 sc_fly_static elementor-widget elementor-widget-image\" data-id=\"2f46066\" data-element_type=\"widget\" data-widget_type=\"image.default\">\n\t\t\t\t<div class=\"elementor-widget-container\">\n\t\t\t\t\t\t\t\t\t\t\t\t\t\t\t<img decoding=\"async\" src=\"https:\/\/www.swisstabletennistest.ch\/wp-content\/uploads\/elementor\/thumbs\/BlessingMiriam-q16cjhbputu4jg2k4k8ju0f319wx3kmlklqqgvlt1c.png\" title=\"BlessingMiriam\" alt=\"BlessingMiriam\" loading=\"lazy\" \/>\t\t\t\t\t\t\t\t\t\t\t\t\t\t\t<\/div>\n\t\t\t\t<\/div>\n\t\t\t\t<div class=\"elementor-element elementor-element-09e75d2 sc_fly_static elementor-widget elementor-widget-text-editor\" data-id=\"09e75d2\" data-element_type=\"widget\" data-widget_type=\"text-editor.default\">\n\t\t\t\t<div class=\"elementor-widget-container\">\n\t\t\t\t\t\t\t\t\t<p><strong style=\"font-size: 16.1px; background-color: transparent; letter-spacing: 0.26px;\">Miriam Blessing<\/strong><\/p>\t\t\t\t\t\t\t\t<\/div>\n\t\t\t\t<\/div>\n\t\t\t\t\t<\/div>\n\t\t<\/div>\n\t\t\t\t<div class=\"elementor-column elementor-col-25 elementor-top-column elementor-element elementor-element-17da2ba1 sc_inner_width_none sc_layouts_column_icons_position_left\" data-id=\"17da2ba1\" data-element_type=\"column\">\n\t\t\t<div class=\"elementor-widget-wrap elementor-element-populated\">\n\t\t\t\t\t\t<div class=\"elementor-element elementor-element-47da605 sc_fly_static elementor-widget elementor-widget-image\" data-id=\"47da605\" data-element_type=\"widget\" data-widget_type=\"image.default\">\n\t\t\t\t<div class=\"elementor-widget-container\">\n\t\t\t\t\t\t\t\t\t\t\t\t\t\t\t<img decoding=\"async\" src=\"https:\/\/www.swisstabletennistest.ch\/wp-content\/uploads\/elementor\/thumbs\/BlatterChristophe-q16bt157jnmnughnkmnh66p59ya3i6mi9ovvbktm4g.jpg\" title=\"BlatterChristophe\" alt=\"BlatterChristophe\" loading=\"lazy\" \/>\t\t\t\t\t\t\t\t\t\t\t\t\t\t\t<\/div>\n\t\t\t\t<\/div>\n\t\t\t\t<div class=\"elementor-element elementor-element-7d903529 sc_fly_static elementor-widget elementor-widget-text-editor\" data-id=\"7d903529\" data-element_type=\"widget\" data-widget_type=\"text-editor.default\">\n\t\t\t\t<div class=\"elementor-widget-container\">\n\t\t\t\t\t\t\t\t\t<p><strong style=\"font-size: 16.1px; background-color: transparent; letter-spacing: 0.26px;\">Christophe Blatter<\/strong><\/p>\t\t\t\t\t\t\t\t<\/div>\n\t\t\t\t<\/div>\n\t\t\t\t\t<\/div>\n\t\t<\/div>\n\t\t\t\t<div class=\"elementor-column elementor-col-25 elementor-top-column elementor-element elementor-element-f237504 sc_inner_width_none sc_layouts_column_icons_position_left\" data-id=\"f237504\" data-element_type=\"column\">\n\t\t\t<div class=\"elementor-widget-wrap elementor-element-populated\">\n\t\t\t\t\t\t<div class=\"elementor-element elementor-element-2837fb23 sc_fly_static elementor-widget elementor-widget-image\" data-id=\"2837fb23\" data-element_type=\"widget\" data-widget_type=\"image.default\">\n\t\t\t\t<div class=\"elementor-widget-container\">\n\t\t\t\t\t\t\t\t\t\t\t\t\t\t\t<img decoding=\"async\" src=\"https:\/\/www.swisstabletennistest.ch\/wp-content\/uploads\/elementor\/thumbs\/FurlerDominik-q16c1q5grhj58luzsvy8qhpn39fbpe54gq4k4pxikg.png\" title=\"FurlerDominik\" alt=\"FurlerDominik\" loading=\"lazy\" \/>\t\t\t\t\t\t\t\t\t\t\t\t\t\t\t<\/div>\n\t\t\t\t<\/div>\n\t\t\t\t<div class=\"elementor-element elementor-element-1d0af1ee sc_fly_static elementor-widget elementor-widget-text-editor\" data-id=\"1d0af1ee\" data-element_type=\"widget\" data-widget_type=\"text-editor.default\">\n\t\t\t\t<div class=\"elementor-widget-container\">\n\t\t\t\t\t\t\t\t\t<p><big><strong>Dominik Furler<\/strong><\/big><\/p>\t\t\t\t\t\t\t\t<\/div>\n\t\t\t\t<\/div>\n\t\t\t\t\t<\/div>\n\t\t<\/div>\n\t\t\t\t\t<\/div>\n\t\t<\/section>\n\t\t\t\t<\/div>\n\t\t","protected":false},"excerpt":{"rendered":"<p>La commission de Contr\u00f4le de Gestion est un organe de contr\u00f4le interne pr\u00e9vu par les statuts, quire\u00e7oit et examine les&hellip;<\/p>\n","protected":false},"author":16,"featured_media":9064,"parent":0,"menu_order":0,"comment_status":"closed","ping_status":"closed","template":"","meta":{"_monsterinsights_skip_tracking":false,"_monsterinsights_sitenote_active":false,"_monsterinsights_sitenote_note":"","_monsterinsights_sitenote_category":0,"footnotes":""},"class_list":["post-16743","page","type-page","status-publish","has-post-thumbnail","hentry"],"_links":{"self":[{"href":"https:\/\/www.swisstabletennistest.ch\/fr\/wp-json\/wp\/v2\/pages\/16743","targetHints":{"allow":["GET"]}}],"collection":[{"href":"https:\/\/www.swisstabletennistest.ch\/fr\/wp-json\/wp\/v2\/pages"}],"about":[{"href":"https:\/\/www.swisstabletennistest.ch\/fr\/wp-json\/wp\/v2\/types\/page"}],"author":[{"embeddable":true,"href":"https:\/\/www.swisstabletennistest.ch\/fr\/wp-json\/wp\/v2\/users\/16"}],"replies":[{"embeddable":true,"href":"https:\/\/www.swisstabletennistest.ch\/fr\/wp-json\/wp\/v2\/comments?post=16743"}],"version-history":[{"count":0,"href":"https:\/\/www.swisstabletennistest.ch\/fr\/wp-json\/wp\/v2\/pages\/16743\/revisions"}],"wp:featuredmedia":[{"embeddable":true,"href":"https:\/\/www.swisstabletennistest.ch\/fr\/wp-json\/wp\/v2\/media\/9064"}],"wp:attachment":[{"href":"https:\/\/www.swisstabletennistest.ch\/fr\/wp-json\/wp\/v2\/media?parent=16743"}],"curies":[{"name":"wp","href":"https:\/\/api.w.org\/{rel}","templated":true}]}}