{"id":16137,"date":"2022-08-30T14:17:17","date_gmt":"2022-08-30T13:17:17","guid":{"rendered":"https:\/\/swisstabletennis.ch\/neu\/?page_id=16137"},"modified":"2023-01-24T15:59:46","modified_gmt":"2023-01-24T14:59:46","slug":"musee","status":"publish","type":"page","link":"https:\/\/www.swisstabletennistest.ch\/fr\/musee\/","title":{"rendered":"Mus\u00e9e"},"content":{"rendered":"<p><strong>Le mus\u00e9e sera exceptionnellement ouvert le samedi du Top16 de 14h00 \u00e0 18h00.<\/strong><\/p>\n<p>STT rassemble ses objets d&rsquo;exposition dans une ville qui accueille un \u00e9v\u00e9nement important pour le tennis de table : Montreux.<\/p>\n<p>Montreux accueille r\u00e9guli\u00e8rement le tournoi international du \u00ab\u00a0Top 16\u00a0\u00bb.<\/p>\n<p>Le mus\u00e9e rassemble des objets provenant du mus\u00e9e du sport de B\u00e2le, qui ont \u00e9t\u00e9 int\u00e9gr\u00e9s au fil des ans.<\/p>\n<p><a href=\"https:\/\/www.swisstabletennistest.ch\/wp-content\/uploads\/2022\/06\/ExpoSTT-Montreux-scaled.jpg\"><img fetchpriority=\"high\" decoding=\"async\" class=\"alignnone wp-image-13453\" src=\"https:\/\/www.swisstabletennistest.ch\/wp-content\/uploads\/2022\/06\/ExpoSTT-Montreux-scaled.jpg\" alt=\"\" width=\"1200\" height=\"900\" srcset=\"https:\/\/www.swisstabletennistest.ch\/wp-content\/uploads\/2022\/06\/ExpoSTT-Montreux-scaled.jpg 2560w, https:\/\/www.swisstabletennistest.ch\/wp-content\/uploads\/2022\/06\/ExpoSTT-Montreux-scaled-600x450.jpg 600w\" sizes=\"(max-width: 1200px) 100vw, 1200px\" \/><\/a><\/p>\n<p>Swiss Table Tennis remercie Claude Diethelm pour son travail en faveur du mus\u00e9e.<\/p>\n<p><a href=\"https:\/\/museemontreux.ch\/\">https:\/\/museemontreux.ch\/<\/a><\/p>\n","protected":false},"excerpt":{"rendered":"<p>Le mus\u00e9e sera exceptionnellement ouvert le samedi du Top16 de 14h00 \u00e0 18h00. STT rassemble ses objets d&rsquo;exposition dans une&hellip;<\/p>\n","protected":false},"author":16,"featured_media":9064,"parent":0,"menu_order":0,"comment_status":"closed","ping_status":"closed","template":"","meta":{"_monsterinsights_skip_tracking":false,"_monsterinsights_sitenote_active":false,"_monsterinsights_sitenote_note":"","_monsterinsights_sitenote_category":0,"footnotes":""},"class_list":["post-16137","page","type-page","status-publish","has-post-thumbnail","hentry"],"_links":{"self":[{"href":"https:\/\/www.swisstabletennistest.ch\/fr\/wp-json\/wp\/v2\/pages\/16137","targetHints":{"allow":["GET"]}}],"collection":[{"href":"https:\/\/www.swisstabletennistest.ch\/fr\/wp-json\/wp\/v2\/pages"}],"about":[{"href":"https:\/\/www.swisstabletennistest.ch\/fr\/wp-json\/wp\/v2\/types\/page"}],"author":[{"embeddable":true,"href":"https:\/\/www.swisstabletennistest.ch\/fr\/wp-json\/wp\/v2\/users\/16"}],"replies":[{"embeddable":true,"href":"https:\/\/www.swisstabletennistest.ch\/fr\/wp-json\/wp\/v2\/comments?post=16137"}],"version-history":[{"count":0,"href":"https:\/\/www.swisstabletennistest.ch\/fr\/wp-json\/wp\/v2\/pages\/16137\/revisions"}],"wp:featuredmedia":[{"embeddable":true,"href":"https:\/\/www.swisstabletennistest.ch\/fr\/wp-json\/wp\/v2\/media\/9064"}],"wp:attachment":[{"href":"https:\/\/www.swisstabletennistest.ch\/fr\/wp-json\/wp\/v2\/media?parent=16137"}],"curies":[{"name":"wp","href":"https:\/\/api.w.org\/{rel}","templated":true}]}}