{"id":15206,"date":"2022-07-29T12:05:12","date_gmt":"2022-07-29T11:05:12","guid":{"rendered":"https:\/\/swisstabletennis.ch\/neu\/?page_id=15206"},"modified":"2023-07-19T10:02:06","modified_gmt":"2023-07-19T08:02:06","slug":"centres-dentrainement-stt","status":"publish","type":"page","link":"https:\/\/www.swisstabletennistest.ch\/fr\/centres-dentrainement-stt\/","title":{"rendered":"Centres d&rsquo;entra\u00eenement STT"},"content":{"rendered":"<h4 style=\"text-align: justify;\">Centres d&rsquo;entra\u00eenement STT<\/h4>\n<p style=\"text-align: justify;\">Afin de promouvoir des clubs ax\u00e9s sur la performance sportive, Swiss Table Tennis attribue le label de la f\u00e9d\u00e9ration \u00ab <strong>Centres d\u2019entra\u00eenements<\/strong> \u00bb. Les centres d\u2019entra\u00eenements reconnus sont soutenus financi\u00e8rement par Swiss Table Tennis et peuvent, \u00e0 condition qu\u2019ils r\u00e9pondent aux crit\u00e8res Swiss Olympic, b\u00e9n\u00e9ficier de la promotion de la rel\u00e8ve de Swiss Olympic.<\/p>\n<p style=\"text-align: justify;\">Les centres d\u2019entra\u00eenements ont \u00e9t\u00e9 introduits promouvoir des jeunes joueurs\/-ses talentueux et d\u00e9sireux de s\u2019entra\u00eener avec des personnes partageant les m\u00eames id\u00e9es. Les crit\u00e8res sont uniformes et fix\u00e9s par l\u2019entra\u00eeneur national et le plan d\u2019entra\u00eenements.<\/p>\n<p style=\"text-align: justify;\">Le label de la f\u00e9d\u00e9ration \u00a0\u00bb Centre d&rsquo;entra\u00eenement STT \u00a0\u00bb seront toujours attribu\u00e9s pour une p\u00e9riode de 2 ans, c\u2019est-\u00e0-dire du 01.01.2022 au 31.12.2023 et ensuite du 01.01.2024 au 31.12.2025.<br \/>\n<a href=\"https:\/\/www.swisstabletennistest.ch\/wp-content\/uploads\/2023\/07\/Stuetzpunkte-STT-2022-2023-17.07.2023-1.pdf\">Centres d&rsquo;entra\u00eenements STT reconnus jusqu&rsquo;au 31.12.2023<\/a><\/p>\n<p style=\"text-align: justify;\">Tous les centres d\u2019entra\u00eenements remplissent au moment de la reconnaissance les crit\u00e8res suivants et s\u2019engagent \u00e0 remplir les crit\u00e8res sans interruption pendant la dur\u00e9e du label :<\/p>\n<p style=\"text-align: justify;\"><strong>C<\/strong><strong>rit\u00e8res \u00e0 remplir par les centres de promotion de la rel\u00e8ve<\/strong><\/p>\n<ol style=\"text-align: justify;\">\n<li>Le centre d\u2019entra\u00eenement dirige des entra\u00eenements adapt\u00e9s au sport d\u2019\u00e9lite. Il offre un entra\u00eenement de qualit\u00e9 d\u2019une dur\u00e9e de 2.5 heures pendant au moins 35 semaines par ann\u00e9e.<\/li>\n<li>L\u2019entra\u00eeneur principal doit avoir termin\u00e9 avec succ\u00e8s une formation d\u2019entra\u00eeneur professionnel en Suisse (formation d\u2019entra\u00eeneur professionnel ou formation d\u2019entra\u00eeneur dipl\u00f4m\u00e9) ou disposer d\u2019une reconnaissance d\u2019\u00e9quivalence pour une formation \u00e0 l\u2019\u00e9tranger.<\/li>\n<li>L\u2019entra\u00eeneur doit \u00eatre employ\u00e9 ou mandat\u00e9 \u00e0 hauteur d&rsquo;au moins 10%. Un engagement b\u00e9n\u00e9vole n\u2019est pas suffisant.<\/li>\n<li>Le centre d\u2019entra\u00eenement est pr\u00eat \u00e0 coop\u00e9rer \u00e9troitement avec un r\u00e9seau d\u2019institutions de formation permettant la pratique du sport d\u2019\u00e9lite (par exemple Swiss Olympic Sport\/Partner School, classes sportives, gymnase sportif, devoirs surveill\u00e9s, etc.<\/li>\n<li>L\u2019entra\u00eeneur principal ou un repr\u00e9sentant participe aux r\u00e9unions d\u2019entra\u00eeneurs de Swiss Table Tennis et veille au maintien de sa reconnaissance d\u2019entra\u00eeneur.<\/li>\n<li>Au moins 5 joueurs d\u2019un cadre STT (cadres T4, T3 et T2) participent r\u00e9guli\u00e8rement aux entra\u00eenements ax\u00e9s sur le sport d\u2019\u00e9lite. Aux entra\u00eenements des associations r\u00e9gionales doivent participer des joueurs d\u2019au moins deux clubs diff\u00e9rents.<\/li>\n<li>Un joueur de cadre ne peut pas participer plus de 3 heures par jour aux entra\u00eenements des centres de promotion.<\/li>\n<li>Les centres d&rsquo;entra\u00eenement organisent leurs entra\u00eenements ax\u00e9s sur le sport d\u2019\u00e9lite en respectant les directives de l&rsquo;entra\u00eeneur en chef de STT et en suivant le plan d&rsquo;entra\u00eenement cadre de STT.<\/li>\n<li>Le centre d\u2019entra\u00eenement invite r\u00e9guli\u00e8rement des partenaires d\u2019entra\u00eenement disposant d\u2019un niveau appropri\u00e9, en particulier pour les joueurs T4.<\/li>\n<li>Le centre d\u2019entra\u00eenement s\u2019engage \u00e0 respecter la <a href=\"https:\/\/www.swissolympic.ch\/fr\/federations\/valeurs-ethique\/charte-ethique\">Charte \u00e9thique de Swiss Olympic<\/a> ainsi que le <a href=\"https:\/\/www.swisstabletennistest.ch\/wp-content\/uploads\/2022\/07\/Code-de-conduite.pdf\">Code of Conduct<\/a> de Swiss Table Tennis et \u00e0 en vivre les principes au sein du centre.<\/li>\n<li>Le centre d\u2019entra\u00eenement oblige ses entra\u00eeneurs \u00e0 respecter le <a href=\"https:\/\/www.swisstabletennistest.ch\/wp-content\/uploads\/2022\/07\/code-de-conduite-entraineurs.pdf\">Code of conduct pour les entra\u00eeneurs de tennis de table<\/a>.<\/li>\n<li>Le centre d&rsquo;entra\u00eenement s&rsquo;efforce de permettre la participation de joueurs et joueuses de cadre actuels qui font usage de leur droit de s&rsquo;entra\u00eener dans un centre d&rsquo;entra\u00eenement STT reconnu de leur choix. Ceci pour autant que les places disponibles le permettent et que l&rsquo;inscription soit faite avant le 31 ao\u00fbt de l&rsquo;ann\u00e9e en cours.<\/li>\n<li>Le centre d&rsquo;entra\u00eenement est pr\u00eat \u00e0 collaborer avec Swiss Table Tennis. Le chef du sport d&rsquo;\u00e9lite et\/ou le chef de la rel\u00e8ve en fonction rendront ainsi visite \u00e0 chaque centre d&rsquo;entra\u00eenement une \u00e0 deux fois par saison.<\/li>\n<\/ol>\n<p style=\"text-align: justify;\"><strong>Centres de promotion de la rel\u00e8ve avec r\u00e9glementation d&rsquo;exception pour les associations r\u00e9gionales<\/strong><\/p>\n<p style=\"text-align: justify;\">Les associations r\u00e9gionales sont \u00e9galement reconnues comme centres d\u2019entra\u00eenement m\u00eame si elles ne remplissent pas les conditions ci-dessus concernant la formation et l\u2019emploi des entra\u00eeneurs (crit\u00e8re 2, 3) et le nombre de joueurs de cadres (crit\u00e8re f). Cette exception ne s\u2019applique que si l\u2019association r\u00e9gionale ne dispose pas du tout de centres d\u2019entra\u00eenement. Tous les autres crit\u00e8res pour les centres d\u2019entra\u00eenement (1, 4, 5, 7-13) doivent \u00eatre respect\u00e9s.<\/p>\n<p style=\"text-align: justify;\"><strong>Prestations de Swiss Table Tennis aux centres d&rsquo;entra\u00eenement<br \/>\n<\/strong><\/p>\n<ol style=\"text-align: justify;\">\n<li>Tous les centres d\u2019entra\u00eenement qui remplissent les crit\u00e8res sont inscrits dans la base de donn\u00e9es de Swiss Olympic. Ils b\u00e9n\u00e9ficient des subventions \u00ab contribution variable \u00bb de la promotion de la rel\u00e8ve de Swiss Olympic. Le montant de la contribution est bas\u00e9 sur le pourcentage d\u2019entra\u00eeneurs professionnels employ\u00e9 au centre d\u2019entra\u00eenement \u00e0 une date pr\u00e9d\u00e9finie (le 30.06.2022 pour la p\u00e9riode 2022-2023). Swiss Table Tennis transmet aux centres d\u2019entra\u00eenement la totalit\u00e9 de la contribution que Swiss Olympic leur attribue.<\/li>\n<li>Les centres d\u2019entra\u00eenement des associations r\u00e9gionales qui sont couverts par l\u2019exception ne re\u00e7oivent pas de subvention des contributions variables de la promotion de la rel\u00e8ve.<\/li>\n<li>Les centres d\u2019entra\u00eenement annoncent leurs entra\u00eenements (entra\u00eenements loisirs et \u00e9lite) \u00e0 J+S via leur coach J+S et re\u00e7oivent les subventions J+S directement de J+S. Les r\u00e8gles de J+S s&rsquo;appliquent pour l&rsquo;annonce et l&rsquo;indemnisation.<\/li>\n<li>Swiss Table Tennis distribue 50% des \u00ab contributions de base \u00bb pour la promotion de la rel\u00e8ve attribu\u00e9es par Swiss Olympic aux centres d\u2019entra\u00eenement selon les crit\u00e8res suivants :<\/li>\n<\/ol>\n<ul style=\"text-align: justify;\">\n<li>Chaque centre d\u2019entra\u00eenement re\u00e7oit un montant forfaitaire de CHF 1&rsquo;000.00. Les centres d\u2019entra\u00eenement avec une r\u00e8glementation d\u2019exception re\u00e7oivent un montant forfaitaire de CHF 500.00.<\/li>\n<li>La cotisation restante est r\u00e9partie proportionnellement entre les centres d\u2019entra\u00eenement : Le nombre d\u2019athl\u00e8tes du niveau T3 et T3 qui participent aux entra\u00eenements au moins pendant 28 semaines par saison est d\u00e9terminant. Les athl\u00e8tes T4 comptent double.<\/li>\n<li>Cette prestation de STT r\u00e9sulte de l\u2019augmentation des licences en faveur du sport d\u2019\u00e9lite d\u00e9cid\u00e9e en 2012<\/li>\n<\/ul>\n<p style=\"text-align: justify;\"><strong>Frais<\/strong><\/p>\n<ul style=\"text-align: justify;\">\n<li>Le club ou l&rsquo;association r\u00e9gionale organisateur d\u00e9cide s&rsquo;il souhaite facturer aux athl\u00e8tes une contribution de participation pouvant aller jusqu&rsquo;\u00e0 CHF 200.00 par saison.<\/li>\n<li>Dans les centres d&rsquo;entra\u00eenement o\u00f9 STT indemnise les entra\u00eeneurs et prend en charge les frais de location de la salle et les frais pour les balles, STT demande aux athl\u00e8tes une contribution de participation de CHF 200.00 par saison.<\/li>\n<li>Dans tous les autres centres d&rsquo;entra\u00eenement, STT ne demande pas de contribution aux athl\u00e8tes.<\/li>\n<\/ul>\n<p style=\"text-align: justify;\"><strong>S\u00e9lection des centres de promotion de la rel\u00e8ve<\/strong><\/p>\n<ul>\n<li style=\"text-align: justify;\">Les clubs et les associations r\u00e9gionales qui souhaitent obtenir le label \u00ab centre d\u2019entra\u00eenement STT \u00bb pour la p\u00e9riode du 01.01.2022 au 31.12.2023 doivent soumettre une demande \u00e9crite (\u00ab<a href=\"https:\/\/www.swisstabletennistest.ch\/wp-content\/uploads\/2022\/07\/Demande-centre-dentrainement-STT-2022-2023.doc\">Demande centre d\u2019entra\u00eenement STT<\/a>\u00bb) accompagn\u00e9e de toutes les informations pertinentes concernant leur(s) entra\u00eenement(s) de promotion de la rel\u00e8ve \u00e0 l\u2019Office central STT.<\/li>\n<li style=\"text-align: justify;\">La SPOKO d\u00e9cide de la reconnaissance du centre d\u2019entra\u00eenement selon les crit\u00e8res \u00e9num\u00e9r\u00e9s ci-dessus.<\/li>\n<li style=\"text-align: justify;\">Les centres d&rsquo;entra\u00eenement reconnus pour la p\u00e9riode du 01.01.2022 au 31.12.2023 sont par la suite communiqu\u00e9s \u00e0 Swiss Olympic.<\/li>\n<li style=\"text-align: justify;\">Si un centre d\u2019entra\u00eenement ne r\u00e9pond plus aux crit\u00e8res durant la p\u00e9riode de deux ans, Swiss Table Tennis peut r\u00e9duire ou annuler les prestations de la f\u00e9d\u00e9ration.<\/li>\n<li style=\"text-align: justify;\">Pour l&rsquo;annonce de la qualification des entra\u00eeneurs et des pourcentages de postes, la date de r\u00e9f\u00e9rence est le 30.06.2022 ; cela signifie que tous les entra\u00eeneurs professionnels seront annonc\u00e9s avec leurs pourcentages de postes au 30.06.2022 sur le formulaire de demande de centre d&rsquo;entra\u00eenement. Il est recommand\u00e9 aux centres d&rsquo;entra\u00eenement qui pr\u00e9voient d&rsquo;engager un entra\u00eeneur qualifi\u00e9 au 01.07.2022 de l&rsquo;engager d\u00e8s le 01.06.2022 afin de profiter des subventions accord\u00e9es aux entra\u00eeneurs (pour 2 ans). Pass\u00e9 cette date, il ne sera plus possible d&rsquo;annoncer d&rsquo;autres entra\u00eeneurs \u00e0 Swiss Olympic pendant 2 ans. Les centres d&rsquo;entra\u00eenement dont l&rsquo;entra\u00eeneur suit une formation d&rsquo;entra\u00eeneur professionnel ou d&rsquo;entra\u00eeneur dipl\u00f4m\u00e9 ou une proc\u00e9dure de reconnaissance pour entra\u00eeneurs \u00e9trangers doivent \u00e9galement l&rsquo;annoncer dans leur demande de centre d&rsquo;entra\u00eenement.<\/li>\n<\/ul>\n","protected":false},"excerpt":{"rendered":"<p>Centres d&rsquo;entra\u00eenement STT Afin de promouvoir des clubs ax\u00e9s sur la performance sportive, Swiss Table Tennis attribue le label de&hellip;<\/p>\n","protected":false},"author":16,"featured_media":15205,"parent":0,"menu_order":0,"comment_status":"closed","ping_status":"closed","template":"","meta":{"_monsterinsights_skip_tracking":false,"_monsterinsights_sitenote_active":false,"_monsterinsights_sitenote_note":"","_monsterinsights_sitenote_category":0,"footnotes":""},"class_list":["post-15206","page","type-page","status-publish","has-post-thumbnail","hentry"],"_links":{"self":[{"href":"https:\/\/www.swisstabletennistest.ch\/fr\/wp-json\/wp\/v2\/pages\/15206","targetHints":{"allow":["GET"]}}],"collection":[{"href":"https:\/\/www.swisstabletennistest.ch\/fr\/wp-json\/wp\/v2\/pages"}],"about":[{"href":"https:\/\/www.swisstabletennistest.ch\/fr\/wp-json\/wp\/v2\/types\/page"}],"author":[{"embeddable":true,"href":"https:\/\/www.swisstabletennistest.ch\/fr\/wp-json\/wp\/v2\/users\/16"}],"replies":[{"embeddable":true,"href":"https:\/\/www.swisstabletennistest.ch\/fr\/wp-json\/wp\/v2\/comments?post=15206"}],"version-history":[{"count":0,"href":"https:\/\/www.swisstabletennistest.ch\/fr\/wp-json\/wp\/v2\/pages\/15206\/revisions"}],"wp:featuredmedia":[{"embeddable":true,"href":"https:\/\/www.swisstabletennistest.ch\/fr\/wp-json\/wp\/v2\/media\/15205"}],"wp:attachment":[{"href":"https:\/\/www.swisstabletennistest.ch\/fr\/wp-json\/wp\/v2\/media?parent=15206"}],"curies":[{"name":"wp","href":"https:\/\/api.w.org\/{rel}","templated":true}]}}