{"id":14488,"date":"2022-07-11T11:36:07","date_gmt":"2022-07-11T10:36:07","guid":{"rendered":"https:\/\/swisstabletennis.ch\/neu\/?page_id=14488"},"modified":"2023-05-25T12:10:25","modified_gmt":"2023-05-25T10:10:25","slug":"plan-des-cours-de-formation-js","status":"publish","type":"page","link":"https:\/\/www.swisstabletennistest.ch\/fr\/plan-des-cours-de-formation-js\/","title":{"rendered":"Plan des cours de formation J+S"},"content":{"rendered":"\t\t<div data-elementor-type=\"wp-page\" data-elementor-id=\"14488\" class=\"elementor elementor-14488 elementor-2118\" data-elementor-post-type=\"page\">\n\t\t\t\t\t\t<section class=\"elementor-section elementor-top-section elementor-element elementor-element-4331f136 elementor-section-boxed elementor-section-height-default elementor-section-height-default\" data-id=\"4331f136\" data-element_type=\"section\">\n\t\t\t\t\t\t<div class=\"elementor-container elementor-column-gap-extended\">\n\t\t\t\t\t<div class=\"elementor-column elementor-col-100 elementor-top-column elementor-element elementor-element-680a37bf sc_inner_width_none sc_layouts_column_icons_position_left\" data-id=\"680a37bf\" data-element_type=\"column\">\n\t\t\t<div class=\"elementor-widget-wrap elementor-element-populated\">\n\t\t\t\t\t\t<div class=\"elementor-element elementor-element-60b7a83d sc_fly_static elementor-widget elementor-widget-text-editor\" data-id=\"60b7a83d\" data-element_type=\"widget\" data-widget_type=\"text-editor.default\">\n\t\t\t\t<div class=\"elementor-widget-container\">\n\t\t\t\t\t\t\t\t\t<p><strong>Formation des entra\u00eeneurs dans le sport de la rel\u00e8ve et le sport de comp\u00e9tition<\/strong><\/p><p>La formation des entra\u00eeneurs de Swiss Table Tennis (STT) est organis\u00e9e en collaboration avec Jeunesse et Sport (J+S) (sport de la rel\u00e8ve) et Swiss Olympic (sport de comp\u00e9tition). Il est possible de commencer la formation de base d\u00e8s l&rsquo;\u00e2ge de 17 ans. La formation se d\u00e9roule sous forme de modules sur plusieurs niveaux, de la formation de base (cours de moniteurs J+S) \u00e0 la formation d&rsquo;entra\u00eeneur professionnel (entra\u00eeneur professionnel Swiss Olympic et entra\u00eeneur dipl\u00f4m\u00e9), en passant par les formations continues 1 (entra\u00eeneur C et entra\u00eeneur B) et 2 (entra\u00eeneur A) et les sp\u00e9cialisations (entra\u00eeneur A sport de performance ou expert).<\/p><p>Chaque moniteur J+S doit suivre un cours de formation continue tous les deux ans afin de conserver sa reconnaissance.<\/p><p>Vous trouverez de plus amples informations sur les diff\u00e9rents modules pour les entra\u00eeneurs de tennis de table sur le site <a href=\"https:\/\/www.jugendundsport.ch\/fr\/sportarten\/tischtennis-uebersicht.html\">Internet de Jeunesse + Sport<\/a>.<\/p><p>Vous trouverez des informations d\u00e9taill\u00e9es sur la formation d&rsquo;entra\u00eeneur professionnel sur le site de <a href=\"https:\/\/www.baspo.admin.ch\/fr\/bildung-und-forschung\/trainerbildung.html\">l&rsquo;Office f\u00e9d\u00e9ral du sport<\/a>.<\/p><p>L&rsquo;inscription aux formations et formations continues des entra\u00eeneurs passe toujours par le coach J+S du club.<br \/>Vous trouverez <a href=\"https:\/\/www.apps.baspo.admin.ch\/ndbjs\/kursprogramm\/kursplan.aspx?spr=f&amp;sportartcode=781\">ici<\/a> le plan actuel des cours.<\/p>\t\t\t\t\t\t\t\t<\/div>\n\t\t\t\t<\/div>\n\t\t\t\t<div class=\"elementor-element elementor-element-d609dd8 sc_fly_static elementor-widget elementor-widget-spacer\" data-id=\"d609dd8\" data-element_type=\"widget\" data-widget_type=\"spacer.default\">\n\t\t\t\t<div class=\"elementor-widget-container\">\n\t\t\t\t\t\t\t<div class=\"elementor-spacer\">\n\t\t\t<div class=\"elementor-spacer-inner\"><\/div>\n\t\t<\/div>\n\t\t\t\t\t\t<\/div>\n\t\t\t\t<\/div>\n\t\t\t\t\t<\/div>\n\t\t<\/div>\n\t\t\t\t\t<\/div>\n\t\t<\/section>\n\t\t\t\t<section class=\"elementor-section elementor-top-section elementor-element elementor-element-416d359 elementor-section-boxed elementor-section-height-default elementor-section-height-default\" data-id=\"416d359\" data-element_type=\"section\" data-settings=\"{&quot;background_background&quot;:&quot;classic&quot;}\">\n\t\t\t\t\t\t<div class=\"elementor-container elementor-column-gap-extended\">\n\t\t\t\t\t<div class=\"elementor-column elementor-col-100 elementor-top-column elementor-element elementor-element-cb96859 sc_inner_width_none sc_layouts_column_icons_position_left\" data-id=\"cb96859\" data-element_type=\"column\" data-settings=\"{&quot;background_background&quot;:&quot;classic&quot;}\">\n\t\t\t<div class=\"elementor-widget-wrap elementor-element-populated\">\n\t\t\t\t\t\t<div class=\"elementor-element elementor-element-423abd9 sc_fly_static elementor-widget elementor-widget-text-editor\" data-id=\"423abd9\" data-element_type=\"widget\" data-widget_type=\"text-editor.default\">\n\t\t\t\t<div class=\"elementor-widget-container\">\n\t\t\t\t\t\t\t\t\t<p><strong>STT entra\u00eeneur C<\/strong><\/p><ul><li>J+S Cours de moniteurs (5-6 jours)<\/li><li>Technique (1 jour)<\/li><\/ul>\t\t\t\t\t\t\t\t<\/div>\n\t\t\t\t<\/div>\n\t\t\t\t\t<\/div>\n\t\t<\/div>\n\t\t\t\t\t<\/div>\n\t\t<\/section>\n\t\t\t\t<section class=\"elementor-section elementor-top-section elementor-element elementor-element-2cfa858 elementor-section-boxed elementor-section-height-default elementor-section-height-default\" data-id=\"2cfa858\" data-element_type=\"section\" data-settings=\"{&quot;background_background&quot;:&quot;classic&quot;}\">\n\t\t\t\t\t\t<div class=\"elementor-container elementor-column-gap-extended\">\n\t\t\t\t\t<div class=\"elementor-column elementor-col-100 elementor-top-column elementor-element elementor-element-c517f29 sc_inner_width_none sc_layouts_column_icons_position_left\" data-id=\"c517f29\" data-element_type=\"column\" data-settings=\"{&quot;background_background&quot;:&quot;classic&quot;}\">\n\t\t\t<div class=\"elementor-widget-wrap elementor-element-populated\">\n\t\t\t\t\t\t<div class=\"elementor-element elementor-element-fd87762 sc_fly_static elementor-widget elementor-widget-text-editor\" data-id=\"fd87762\" data-element_type=\"widget\" data-widget_type=\"text-editor.default\">\n\t\t\t\t<div class=\"elementor-widget-container\">\n\t\t\t\t\t\t\t\t\t<p><strong>STT entra\u00eeneur B<\/strong><\/p><ul><li>Entra\u00eeneur de club (4 jours)<\/li><li>2 Modules \u00e0 option obligatoires (2&#215;2 jours)<ul><li>Physique<\/li><li>Psychique<\/li><li>Coaching<\/li><li>Formes de jeu<\/li><\/ul><\/li><\/ul>\t\t\t\t\t\t\t\t<\/div>\n\t\t\t\t<\/div>\n\t\t\t\t\t<\/div>\n\t\t<\/div>\n\t\t\t\t\t<\/div>\n\t\t<\/section>\n\t\t\t\t<section class=\"elementor-section elementor-top-section elementor-element elementor-element-5dfd5bd elementor-section-boxed elementor-section-height-default elementor-section-height-default\" data-id=\"5dfd5bd\" data-element_type=\"section\" data-settings=\"{&quot;background_background&quot;:&quot;classic&quot;}\">\n\t\t\t\t\t\t<div class=\"elementor-container elementor-column-gap-extended\">\n\t\t\t\t\t<div class=\"elementor-column elementor-col-100 elementor-top-column elementor-element elementor-element-3bcef12 sc_inner_width_none sc_layouts_column_icons_position_left\" data-id=\"3bcef12\" data-element_type=\"column\">\n\t\t\t<div class=\"elementor-widget-wrap elementor-element-populated\">\n\t\t\t\t\t\t<div class=\"elementor-element elementor-element-5e0e1c3 sc_fly_static elementor-widget elementor-widget-text-editor\" data-id=\"5e0e1c3\" data-element_type=\"widget\" data-widget_type=\"text-editor.default\">\n\t\t\t\t<div class=\"elementor-widget-container\">\n\t\t\t\t\t\t\t\t\t<p><strong>STT entra\u00eeneur A<\/strong><\/p><ul><li>Entra\u00eeneur\/entra\u00eeneuse pour joueurs\/joueuses du cadre T2 (4 jours)<\/li><li>Travail de dipl\u00f4me (env. 3 mois)<\/li><li>Examen (2 jours)<\/li><\/ul>\t\t\t\t\t\t\t\t<\/div>\n\t\t\t\t<\/div>\n\t\t\t\t\t<\/div>\n\t\t<\/div>\n\t\t\t\t\t<\/div>\n\t\t<\/section>\n\t\t\t\t<section class=\"elementor-section elementor-top-section elementor-element elementor-element-40ad55a elementor-section-boxed elementor-section-height-default elementor-section-height-default\" data-id=\"40ad55a\" data-element_type=\"section\" data-settings=\"{&quot;background_background&quot;:&quot;classic&quot;}\">\n\t\t\t\t\t\t<div class=\"elementor-container elementor-column-gap-extended\">\n\t\t\t\t\t<div class=\"elementor-column elementor-col-100 elementor-top-column elementor-element elementor-element-3a1e795 sc_inner_width_none sc_layouts_column_icons_position_left\" data-id=\"3a1e795\" data-element_type=\"column\">\n\t\t\t<div class=\"elementor-widget-wrap elementor-element-populated\">\n\t\t\t\t\t\t<div class=\"elementor-element elementor-element-6ecf231 sc_fly_static elementor-widget elementor-widget-text-editor\" data-id=\"6ecf231\" data-element_type=\"widget\" data-widget_type=\"text-editor.default\">\n\t\t\t\t<div class=\"elementor-widget-container\">\n\t\t\t\t\t\t\t\t\t<p><strong>STT entra\u00eeneur A sport d&rsquo;\u00e9lite<\/strong><\/p><ul><li>Introduction au sport de comp\u00e9tition (4-6 jours)<\/li><li>ComPass (1-2 jours)<\/li><\/ul>\t\t\t\t\t\t\t\t<\/div>\n\t\t\t\t<\/div>\n\t\t\t\t\t<\/div>\n\t\t<\/div>\n\t\t\t\t\t<\/div>\n\t\t<\/section>\n\t\t\t\t<\/div>\n\t\t","protected":false},"excerpt":{"rendered":"<p>Formation des entra\u00eeneurs dans le sport de la rel\u00e8ve et le sport de comp\u00e9tition La formation des entra\u00eeneurs de Swiss&hellip;<\/p>\n","protected":false},"author":16,"featured_media":9064,"parent":0,"menu_order":0,"comment_status":"closed","ping_status":"closed","template":"","meta":{"_monsterinsights_skip_tracking":false,"_monsterinsights_sitenote_active":false,"_monsterinsights_sitenote_note":"","_monsterinsights_sitenote_category":0,"footnotes":""},"class_list":["post-14488","page","type-page","status-publish","has-post-thumbnail","hentry"],"_links":{"self":[{"href":"https:\/\/www.swisstabletennistest.ch\/fr\/wp-json\/wp\/v2\/pages\/14488","targetHints":{"allow":["GET"]}}],"collection":[{"href":"https:\/\/www.swisstabletennistest.ch\/fr\/wp-json\/wp\/v2\/pages"}],"about":[{"href":"https:\/\/www.swisstabletennistest.ch\/fr\/wp-json\/wp\/v2\/types\/page"}],"author":[{"embeddable":true,"href":"https:\/\/www.swisstabletennistest.ch\/fr\/wp-json\/wp\/v2\/users\/16"}],"replies":[{"embeddable":true,"href":"https:\/\/www.swisstabletennistest.ch\/fr\/wp-json\/wp\/v2\/comments?post=14488"}],"version-history":[{"count":0,"href":"https:\/\/www.swisstabletennistest.ch\/fr\/wp-json\/wp\/v2\/pages\/14488\/revisions"}],"wp:featuredmedia":[{"embeddable":true,"href":"https:\/\/www.swisstabletennistest.ch\/fr\/wp-json\/wp\/v2\/media\/9064"}],"wp:attachment":[{"href":"https:\/\/www.swisstabletennistest.ch\/fr\/wp-json\/wp\/v2\/media?parent=14488"}],"curies":[{"name":"wp","href":"https:\/\/api.w.org\/{rel}","templated":true}]}}