{"id":14255,"date":"2022-07-04T12:04:38","date_gmt":"2022-07-04T11:04:38","guid":{"rendered":"https:\/\/swisstabletennis.ch\/neu\/?page_id=14255"},"modified":"2023-07-17T12:51:17","modified_gmt":"2023-07-17T10:51:17","slug":"instructions-click-tt","status":"publish","type":"page","link":"https:\/\/www.swisstabletennistest.ch\/fr\/instructions-click-tt\/","title":{"rendered":"Instructions click-tt"},"content":{"rendered":"<p><strong>Acc\u00e8s <a href=\"http:\/\/click-tt.ch\/index.htm.fr\">au domaine public et au domaine des clubs<\/a><\/strong><\/p>\n<p><strong>Manuels (update 9 juin 2023)<br \/>\n<\/strong><\/p>\n<ul>\n<li><a class=\"wf_file\" href=\"https:\/\/www.swisstabletennistest.ch\/wp-content\/uploads\/2019\/06\/1001-acces_des_clubs.pdf\" target=\"_blank\" rel=\"noopener\"><img decoding=\"async\" width=\"20\" height=\"20\" class=\" size-full wp-image-3202\" style=\"border: 0px currentColor; vertical-align: middle;\" src=\"https:\/\/www.swisstabletennistest.ch\/wp-content\/uploads\/2012\/12\/pdf.png\" alt=\"pdf\" \/><span class=\"wf_file_text\">1001-Acc\u00e8s des clubs<\/span><\/a><\/li>\n<li><a class=\"wf_file\" href=\"https:\/\/www.swisstabletennistest.ch\/wp-content\/uploads\/2019\/06\/1301F-inscriptions_des_equipes.pdf\" target=\"_blank\" rel=\"noopener\"><img decoding=\"async\" width=\"20\" height=\"20\" class=\" size-full wp-image-3202\" style=\"border: 0px; vertical-align: middle;\" src=\"https:\/\/www.swisstabletennistest.ch\/wp-content\/uploads\/2012\/12\/pdf.png\" alt=\"pdf\" \/><span class=\"wf_file_text\">1301-Inscriptions des \u00e9quipes<\/span><\/a><\/li>\n<li><a class=\"wf_file\" href=\"https:\/\/www.swisstabletennistest.ch\/wp-content\/uploads\/2019\/06\/1301_BF-annonce_de_dates_apres_la_creation_du_calendrier.pdf\" target=\"_blank\" rel=\"noopener\"><img decoding=\"async\" width=\"20\" height=\"20\" class=\" size-full wp-image-3202\" style=\"border: 0px; vertical-align: middle; max-width: inherit;\" src=\"https:\/\/www.swisstabletennistest.ch\/wp-content\/uploads\/2012\/12\/pdf.png\" alt=\"pdf\" \/><span class=\"wf_file_text\">1301B-Annonce des dates apr\u00e8s la cr\u00e9ation du calendrier<\/span><\/a><\/li>\n<li><a href=\"https:\/\/www.swisstabletennistest.ch\/wp-content\/uploads\/2023\/06\/1302F-autorisation-des-joueurs-par-les-clubs.pdf\" target=\"_blank\" rel=\"noopener\"><img loading=\"lazy\" decoding=\"async\" class=\"alignnone wp-image-3202 size-full\" style=\"border: 0px; vertical-align: middle;\" src=\"https:\/\/www.swisstabletennistest.ch\/wp-content\/uploads\/2012\/12\/pdf.png\" alt=\"pdf\" width=\"20\" height=\"20\" \/><\/a><span class=\"wf_file_text\"><a href=\"https:\/\/www.swisstabletennistest.ch\/wp-content\/uploads\/2023\/06\/1302F-autorisation-des-joueurs-par-les-clubs.pdf\">1302-Autorisation des joueurs par les clubs<\/a> (AR <\/span>\u00e0 partir de la page 8)<\/li>\n<li><a class=\"wf_file\" href=\"https:\/\/www.swisstabletennistest.ch\/wp-content\/uploads\/2019\/06\/1303F-annonce_des_joueurs_titulaires.pdf\" target=\"_blank\" rel=\"noopener\"><img decoding=\"async\" width=\"20\" height=\"20\" class=\" size-full wp-image-3202\" style=\"border: 0px; vertical-align: middle;\" src=\"https:\/\/www.swisstabletennistest.ch\/wp-content\/uploads\/2012\/12\/pdf.png\" alt=\"pdf\" \/><span class=\"wf_file_text\">1303-Annonce des joueurs titulaires<\/span><\/a><\/li>\n<li><a class=\"wf_file\" href=\"https:\/\/www.swisstabletennistest.ch\/wp-content\/uploads\/2023\/07\/1304-Suppression-de-licences-deja-approuvees_f.pdf\" target=\"_blank\" rel=\"noopener\"><img loading=\"lazy\" decoding=\"async\" class=\"alignnone wp-image-3202 size-full\" src=\"https:\/\/www.swisstabletennistest.ch\/wp-content\/uploads\/2012\/12\/pdf.png\" alt=\"pdf\" width=\"20\" height=\"20\" \/><\/a><a href=\"https:\/\/www.swisstabletennistest.ch\/wp-content\/uploads\/2023\/07\/1304-Suppression-de-licences-deja-approuvees_f.pdf\">1304-Suppression de licences d\u00e9j\u00e0 approuv\u00e9es<\/a><\/li>\n<li><a class=\"wf_file\" href=\"https:\/\/www.swisstabletennistest.ch\/wp-content\/uploads\/2019\/06\/1401F-saisie_resultats.pdf\" target=\"_blank\" rel=\"noopener\"><img decoding=\"async\" width=\"20\" height=\"20\" class=\" size-full wp-image-3202\" style=\"border: 0px; vertical-align: middle;\" src=\"https:\/\/www.swisstabletennistest.ch\/wp-content\/uploads\/2012\/12\/pdf.png\" alt=\"pdf\" \/><span class=\"wf_file_text\">1401-Saisie des r\u00e9sultats<\/span><\/a><\/li>\n<li><a class=\"wf_file\" href=\"https:\/\/www.swisstabletennistest.ch\/wp-content\/uploads\/2019\/06\/1401F_Saisie_resultats_-_regle_des_50_LN.pdf\" target=\"_blank\" rel=\"noopener\"><img decoding=\"async\" width=\"20\" height=\"20\" class=\" size-full wp-image-3202\" style=\"border: 0px; vertical-align: middle; max-width: inherit;\" src=\"https:\/\/www.swisstabletennistest.ch\/wp-content\/uploads\/2012\/12\/pdf.png\" alt=\"pdf\" \/><span class=\"wf_file_text\">1401-Saisie des r\u00e9sultats-r\u00e8gle de 50% en ligue nationale<\/span><\/a><\/li>\n<li><a class=\"wf_file\" href=\"https:\/\/www.swisstabletennistest.ch\/wp-content\/uploads\/2019\/06\/1601F-Tournois.pdf\" target=\"_blank\" rel=\"noopener\"><img decoding=\"async\" width=\"20\" height=\"20\" class=\" size-full wp-image-3202\" style=\"border: 0px; vertical-align: middle;\" src=\"https:\/\/www.swisstabletennistest.ch\/wp-content\/uploads\/2012\/12\/pdf.png\" alt=\"pdf\" \/><span class=\"wf_file_text\">1601-Tournois<\/span><\/a><\/li>\n<li><a class=\"wf_file\" href=\"https:\/\/www.swisstabletennistest.ch\/wp-content\/uploads\/2019\/06\/2101F-championnat_nouvelle_saison_f.pdf\" target=\"_blank\" rel=\"noopener\"><img decoding=\"async\" width=\"20\" height=\"20\" class=\" size-full wp-image-3202\" style=\"border: 0px currentColor; vertical-align: middle;\" src=\"https:\/\/www.swisstabletennistest.ch\/wp-content\/uploads\/2012\/12\/pdf.png\" alt=\"pdf\" \/><span class=\"wf_file_text\">2101-Championnat nouvelle saison<\/span><\/a><\/li>\n<li><a class=\"wf_file\" href=\"https:\/\/www.swisstabletennistest.ch\/wp-content\/uploads\/2019\/06\/2101aF-configuration_du_double_championnat.pdf\" target=\"_blank\" rel=\"noopener\"><img decoding=\"async\" width=\"20\" height=\"20\" class=\" size-full wp-image-3202\" style=\"border: 0px; vertical-align: middle; max-width: inherit;\" src=\"https:\/\/www.swisstabletennistest.ch\/wp-content\/uploads\/2012\/12\/pdf.png\" alt=\"pdf\" \/><span class=\"wf_file_text\">2101A-Configuration du double championnat<\/span><\/a><\/li>\n<li><a class=\"wf_file\" href=\"https:\/\/www.swisstabletennistest.ch\/wp-content\/uploads\/2019\/06\/2102-Gliederung_MM-structure_Ligues.pdf\" target=\"_blank\" rel=\"noopener\"><img decoding=\"async\" width=\"20\" height=\"20\" class=\" size-full wp-image-3202\" style=\"border: 0px; vertical-align: middle;\" src=\"https:\/\/www.swisstabletennistest.ch\/wp-content\/uploads\/2012\/12\/pdf.png\" alt=\"pdf\" \/><span class=\"wf_file_text\">2102-Structure du championnat par \u00e9quipes<\/span><\/a><\/li>\n<li><a class=\"wf_file\" href=\"https:\/\/www.swisstabletennistest.ch\/wp-content\/uploads\/2019\/06\/2111F-Coupe_Regionale.pdf\" target=\"_blank\" rel=\"noopener\"><img decoding=\"async\" width=\"20\" height=\"20\" class=\" size-full wp-image-3202\" style=\"border: 0px; vertical-align: middle;\" src=\"https:\/\/www.swisstabletennistest.ch\/wp-content\/uploads\/2012\/12\/pdf.png\" alt=\"pdf\" \/><span class=\"wf_file_text\">2111-Coupe r\u00e9gionale<\/span><\/a><\/li>\n<li><a class=\"wf_file\" href=\"https:\/\/www.swisstabletennistest.ch\/wp-content\/uploads\/2019\/06\/2201F-Inscription_des_equipes_nouvelle_saison.pdf\" target=\"_blank\" rel=\"noopener\"><img decoding=\"async\" width=\"20\" height=\"20\" class=\" size-full wp-image-3202\" style=\"border: 0px; vertical-align: middle;\" src=\"https:\/\/www.swisstabletennistest.ch\/wp-content\/uploads\/2012\/12\/pdf.png\" alt=\"pdf\" \/><span class=\"wf_file_text\">2201-Inscription des \u00e9quipes nouvelle saison<\/span><\/a><\/li>\n<li><a class=\"wf_file\" href=\"https:\/\/www.swisstabletennistest.ch\/wp-content\/uploads\/2019\/06\/2301A_F-calendrier_automatique.pdf\" target=\"_blank\" rel=\"noopener\"><img decoding=\"async\" width=\"20\" height=\"20\" class=\" size-full wp-image-3202\" style=\"border: 0px; vertical-align: middle; max-width: inherit;\" src=\"https:\/\/www.swisstabletennistest.ch\/wp-content\/uploads\/2012\/12\/pdf.png\" alt=\"pdf\" \/><span class=\"wf_file_text\">2301A-Calendrier automatique (standard, avec annonce de dates)<\/span><\/a><\/li>\n<li><a class=\"wf_file\" href=\"https:\/\/www.swisstabletennistest.ch\/wp-content\/uploads\/2019\/06\/2301B_F-calendrier_sans_annonce_de_dates.pdf\" target=\"_blank\" rel=\"noopener\"><img decoding=\"async\" width=\"20\" height=\"20\" class=\" size-full wp-image-3202\" style=\"border: 0px; vertical-align: middle; max-width: inherit;\" src=\"https:\/\/www.swisstabletennistest.ch\/wp-content\/uploads\/2012\/12\/pdf.png\" alt=\"pdf\" \/><span class=\"wf_file_text\">2301B-Calendrier automatique sans annonce de dates<\/span><\/a><\/li>\n<li><a class=\"wf_file\" href=\"https:\/\/www.swisstabletennistest.ch\/wp-content\/uploads\/2019\/06\/2302-Modifications_calendrier_-_fin_de_saison.pdf\" target=\"_blank\" rel=\"noopener\"><img decoding=\"async\" width=\"20\" height=\"20\" class=\" size-full wp-image-3202\" style=\"border: 0px currentColor; vertical-align: middle;\" src=\"https:\/\/www.swisstabletennistest.ch\/wp-content\/uploads\/2012\/12\/pdf.png\" alt=\"pdf\" \/><span class=\"wf_file_text\">2302-Modifications calendrier &#8211; fin de saison<\/span><\/a><\/li>\n<li><a class=\"wf_file\" href=\"https:\/\/www.swisstabletennistest.ch\/wp-content\/uploads\/2019\/06\/2305F-Planification_manuelle_des_matchs.pdf\" target=\"_blank\" rel=\"noopener\"><img decoding=\"async\" width=\"20\" height=\"20\" class=\" size-full wp-image-3202\" style=\"border: 0px; vertical-align: middle; max-width: inherit;\" src=\"https:\/\/www.swisstabletennistest.ch\/wp-content\/uploads\/2012\/12\/pdf.png\" alt=\"pdf\" \/><span class=\"wf_file_text\">2305-Planification manuelle des matchs<\/span><\/a><\/li>\n<li><a class=\"wf_file\" href=\"https:\/\/www.swisstabletennistest.ch\/wp-content\/uploads\/2019\/06\/2303F-liberation_dames.pdf\" target=\"_blank\" rel=\"noopener\"><img decoding=\"async\" width=\"20\" height=\"20\" class=\" size-full wp-image-3202\" style=\"border: 0px; vertical-align: middle;\" src=\"https:\/\/www.swisstabletennistest.ch\/wp-content\/uploads\/2012\/12\/pdf.png\" alt=\"pdf\" \/><span class=\"wf_file_text\">2602-Lib\u00e9ration dames<\/span><\/a><\/li>\n<li><a class=\"wf_file\" href=\"https:\/\/www.swisstabletennistest.ch\/wp-content\/uploads\/2019\/06\/2381F-Tournoi_de_classement.pdf\" target=\"_blank\" rel=\"noopener\"><img decoding=\"async\" width=\"20\" height=\"20\" class=\" size-full wp-image-3202\" style=\"border: 0px currentColor; vertical-align: middle;\" src=\"https:\/\/www.swisstabletennistest.ch\/wp-content\/uploads\/2012\/12\/pdf.png\" alt=\"pdf\" \/><span class=\"wf_file_text\">2381-Tournoi de classement <\/span><\/a><\/li>\n<li><a class=\"wf_file\" href=\"https:\/\/www.swisstabletennistest.ch\/wp-content\/uploads\/2019\/06\/2601F-autorisations_de_jouer.pdf\" target=\"_blank\" rel=\"noopener\"><img decoding=\"async\" width=\"20\" height=\"20\" class=\" size-full wp-image-3202\" style=\"border: 0px; vertical-align: middle;\" src=\"https:\/\/www.swisstabletennistest.ch\/wp-content\/uploads\/2012\/12\/pdf.png\" alt=\"pdf\" \/><span class=\"wf_file_text\">2601-Autorisations de jouer<\/span><\/a><\/li>\n<li><a class=\"wf_file\" href=\"https:\/\/www.swisstabletennistest.ch\/wp-content\/uploads\/2019\/06\/3301F-Bussenkatalog.pdf\" target=\"_blank\" rel=\"noopener\"><img decoding=\"async\" width=\"20\" height=\"20\" class=\" size-full wp-image-3202\" style=\"border: 0px; vertical-align: middle;\" src=\"https:\/\/www.swisstabletennistest.ch\/wp-content\/uploads\/2012\/12\/pdf.png\" alt=\"pdf\" \/><span class=\"wf_file_text\">3301-Catalogue des amendes<\/span><\/a><\/li>\n<\/ul>\n<p><strong>Contributions sur le dev\u00e9loppement de click-tt.ch<\/strong><\/p>\n<ul>\n<li><a class=\"wf_file\" href=\"https:\/\/www.swisstabletennistest.ch\/wp-content\/uploads\/2019\/06\/Sidespin_November14_ZR_f.pdf\" target=\"_blank\" rel=\"noopener\"><img decoding=\"async\" width=\"20\" height=\"20\" class=\" size-full wp-image-3202\" style=\"border: 0px; vertical-align: middle;\" src=\"https:\/\/www.swisstabletennistest.ch\/wp-content\/uploads\/2012\/12\/pdf.png\" alt=\"pdf\" \/><span class=\"wf_file_text\">Interview avec le \u00ab\u00a0p\u00e9re\u00a0\u00bb du registre central (Novembre, Sidespin)<\/span><\/a><\/li>\n<li><a class=\"wf_file\" href=\"https:\/\/www.swisstabletennistest.ch\/wp-content\/uploads\/2019\/06\/Praesentation_Herbst-DV2014.pdf\" target=\"_blank\" rel=\"noopener\"><img decoding=\"async\" width=\"20\" height=\"20\" class=\" size-full wp-image-3202\" style=\"border: 0px; vertical-align: middle;\" src=\"https:\/\/www.swisstabletennistest.ch\/wp-content\/uploads\/2012\/12\/pdf.png\" alt=\"pdf\" \/><span class=\"wf_file_text\">Pr\u00e9sentation AD automne 2014 (20 septembre 2014)<\/span><\/a><\/li>\n<li><a class=\"wf_file\" href=\"https:\/\/www.swisstabletennistest.ch\/wp-content\/uploads\/2019\/06\/click-tt.ch_-_information_du_5_septembre.pdf\" target=\"_blank\" rel=\"noopener\"><img decoding=\"async\" width=\"20\" height=\"20\" class=\" size-full wp-image-3202\" style=\"border: 0px; vertical-align: middle;\" src=\"https:\/\/www.swisstabletennistest.ch\/wp-content\/uploads\/2012\/12\/pdf.png\" alt=\"pdf\" \/><span class=\"wf_file_text\">Information du 5 septembre 2014<\/span><\/a><\/li>\n<li><a class=\"wf_file\" href=\"https:\/\/www.swisstabletennistest.ch\/wp-content\/uploads\/2019\/06\/click-tt.ch_-_information_du_25_juillet.pdf\" target=\"_blank\" rel=\"noopener\"><img decoding=\"async\" width=\"20\" height=\"20\" class=\" size-full wp-image-3202\" style=\"border: 0px; vertical-align: middle;\" src=\"https:\/\/www.swisstabletennistest.ch\/wp-content\/uploads\/2012\/12\/pdf.png\" alt=\"pdf\" \/><span class=\"wf_file_text\">Information du 25 juillet 2014<\/span><\/a><\/li>\n<li><a class=\"wf_file\" href=\"https:\/\/www.swisstabletennistest.ch\/wp-content\/uploads\/2019\/06\/FAQs_f.pdf\"><img decoding=\"async\" width=\"20\" height=\"20\" class=\" size-full wp-image-3202\" style=\"border: 0px; vertical-align: middle;\" src=\"https:\/\/www.swisstabletennistest.ch\/wp-content\/uploads\/2012\/12\/pdf.png\" alt=\"pdf\" \/><span class=\"wf_file_text\">FAQs (Juillet 2014)<\/span><\/a><\/li>\n<li><a class=\"wf_file\" href=\"https:\/\/www.swisstabletennistest.ch\/wp-content\/uploads\/2019\/06\/Informationen_Clubs_f_Mai_2014.pdf\" target=\"_blank\" rel=\"noopener\"><img decoding=\"async\" width=\"20\" height=\"20\" class=\" size-full wp-image-3202\" style=\"border: 0px; vertical-align: middle;\" src=\"https:\/\/www.swisstabletennistest.ch\/wp-content\/uploads\/2012\/12\/pdf.png\" alt=\"pdf\" \/><span class=\"wf_file_text\">Informations pour les clubs (Mai 2014)<\/span><\/a><\/li>\n<li><a class=\"wf_file\" href=\"https:\/\/www.swisstabletennistest.ch\/wp-content\/uploads\/2019\/06\/Click_weiter_f.pdf\" target=\"_blank\" rel=\"noopener\"><img decoding=\"async\" width=\"20\" height=\"20\" class=\" size-full wp-image-3202\" style=\"border: 0px; vertical-align: middle;\" src=\"https:\/\/www.swisstabletennistest.ch\/wp-content\/uploads\/2012\/12\/pdf.png\" alt=\"pdf\" \/><span class=\"wf_file_text\">Click-tt.ch avance d&rsquo;un nouveau click (Avril 2014)<\/span><\/a><\/li>\n<li><a class=\"wf_file\" href=\"https:\/\/www.swisstabletennistest.ch\/wp-content\/uploads\/2019\/06\/Praesentation_Fruehlings-DV_2014.pdf\" target=\"_blank\" rel=\"noopener\"><img decoding=\"async\" width=\"20\" height=\"20\" class=\" size-full wp-image-3202\" style=\"border: 0px; vertical-align: middle;\" src=\"https:\/\/www.swisstabletennistest.ch\/wp-content\/uploads\/2012\/12\/pdf.png\" alt=\"pdf\" \/><span class=\"wf_file_text\">Pr\u00e9sentation lors de l&rsquo;AD du printemps (Mars 2014)<\/span><\/a><\/li>\n<li><a class=\"wf_file\" href=\"https:\/\/www.swisstabletennistest.ch\/wp-content\/uploads\/2019\/06\/click-tt.ch_Februar14_f.pdf\" target=\"_blank\" rel=\"noopener\"><img decoding=\"async\" width=\"20\" height=\"20\" class=\" size-full wp-image-3202\" style=\"border: 0px; vertical-align: middle;\" src=\"https:\/\/www.swisstabletennistest.ch\/wp-content\/uploads\/2012\/12\/pdf.png\" alt=\"pdf\" \/><span class=\"wf_file_text\">Information g\u00e9n\u00e9rale (F\u00e9vrier 2014, Sidespin)<\/span><\/a><\/li>\n<li><a class=\"wf_file\" href=\"https:\/\/www.swisstabletennistest.ch\/wp-content\/uploads\/2019\/06\/Kick-off_Meeting.pdf\" target=\"_blank\" rel=\"noopener\"><img decoding=\"async\" width=\"20\" height=\"20\" class=\" size-full wp-image-3202\" style=\"border: 0px; vertical-align: middle;\" src=\"https:\/\/www.swisstabletennistest.ch\/wp-content\/uploads\/2012\/12\/pdf.png\" alt=\"pdf\" \/><span class=\"wf_file_text\">S\u00e9ance de lancement (Novembre 2013)<\/span><\/a><br \/>\n<a class=\"wf_file\" href=\"https:\/\/www.swisstabletennistest.ch\/wp-content\/uploads\/2019\/06\/Praesentation_Backbone_DV09_2013_df.pdf\" target=\"_blank\" rel=\"noopener\"><img decoding=\"async\" width=\"20\" height=\"20\" class=\" size-full wp-image-3202\" style=\"border: 0px; vertical-align: middle;\" src=\"https:\/\/www.swisstabletennistest.ch\/wp-content\/uploads\/2012\/12\/pdf.png\" alt=\"pdf\" \/><span class=\"wf_file_text\">\u00c9tat du projet au 28 septembre 2013<\/span><\/a><\/li>\n<li><a class=\"wf_file\" href=\"https:\/\/www.swisstabletennistest.ch\/wp-content\/uploads\/2019\/06\/Backbone_II_Wettbewerb_f.pdf\" target=\"_blank\" rel=\"noopener\"><img decoding=\"async\" width=\"20\" height=\"20\" class=\" size-full wp-image-3202\" style=\"border: 0px; vertical-align: middle;\" src=\"https:\/\/www.swisstabletennistest.ch\/wp-content\/uploads\/2012\/12\/pdf.png\" alt=\"pdf\" \/><span class=\"wf_file_text\">Concours (Ao\u00fbt 2013)<\/span><\/a><\/li>\n<li><a class=\"wf_file\" href=\"https:\/\/www.swisstabletennistest.ch\/wp-content\/uploads\/2019\/06\/Infoveranstaltung_Juni_2013_f.pdf\" target=\"_blank\" rel=\"noopener\"><img decoding=\"async\" width=\"20\" height=\"20\" class=\" size-full wp-image-3202\" style=\"border: 0px; vertical-align: middle;\" src=\"https:\/\/www.swisstabletennistest.ch\/wp-content\/uploads\/2012\/12\/pdf.png\" alt=\"pdf\" \/><span class=\"wf_file_text\">Manifestation d&rsquo;information (Juin 2013)<\/span><\/a><\/li>\n<li><a class=\"wf_file\" href=\"https:\/\/www.swisstabletennistest.ch\/wp-content\/uploads\/2019\/06\/Workshop_V_Mai_2013_f.pdf\" target=\"_blank\" rel=\"noopener\"><img decoding=\"async\" width=\"20\" height=\"20\" class=\" size-full wp-image-3202\" style=\"border: 0px; vertical-align: middle;\" src=\"https:\/\/www.swisstabletennistest.ch\/wp-content\/uploads\/2012\/12\/pdf.png\" alt=\"pdf\" \/><span class=\"wf_file_text\">Workshop 5 (Mai 2013)<\/span><\/a><\/li>\n<li><a class=\"wf_file\" href=\"https:\/\/www.swisstabletennistest.ch\/wp-content\/uploads\/2019\/06\/Workshop_IIII_April_2013_f.pdf\" target=\"_blank\" rel=\"noopener\"><img decoding=\"async\" width=\"20\" height=\"20\" class=\" size-full wp-image-3202\" style=\"border: 0px; vertical-align: middle;\" src=\"https:\/\/www.swisstabletennistest.ch\/wp-content\/uploads\/2012\/12\/pdf.png\" alt=\"pdf\" \/><span class=\"wf_file_text\">Workshop 4 (Avril 2013)<\/span><\/a><\/li>\n<li><span class=\"wf_file_text\"><a class=\"wf_file\" href=\"https:\/\/www.swisstabletennistest.ch\/wp-content\/uploads\/2019\/06\/Interview_Urs_Schaerrer_Sidespin_April_13_f.pdf\" target=\"_blank\" rel=\"noopener\"><img decoding=\"async\" width=\"20\" height=\"20\" class=\" size-full wp-image-3202\" style=\"border: 0px; vertical-align: middle;\" src=\"https:\/\/www.swisstabletennistest.ch\/wp-content\/uploads\/2012\/12\/pdf.png\" alt=\"pdf\" \/><span class=\"wf_file_text\">Interview avec le chef de projet (Avril 2013, Sidespin)<\/span><\/a><\/span><\/li>\n<li><span class=\"wf_file_text\"><span class=\"wf_file_text\"><a class=\"wf_file\" href=\"https:\/\/www.swisstabletennistest.ch\/wp-content\/uploads\/2019\/06\/Workshop_III_April_2013_f.pdf\" target=\"_blank\" rel=\"noopener\"><img decoding=\"async\" width=\"20\" height=\"20\" class=\" size-full wp-image-3202\" style=\"border: 0px; vertical-align: middle;\" src=\"https:\/\/www.swisstabletennistest.ch\/wp-content\/uploads\/2012\/12\/pdf.png\" alt=\"pdf\" \/><span class=\"wf_file_text\">Workshop 3 (Avril 2013)<\/span><\/a><\/span><\/span><\/li>\n<li><a class=\"wf_file\" href=\"https:\/\/www.swisstabletennistest.ch\/wp-content\/uploads\/2019\/06\/Workshop_II_Maerz_13_f.pdf\" target=\"_blank\" rel=\"noopener\"><img decoding=\"async\" width=\"20\" height=\"20\" class=\" size-full wp-image-3202\" style=\"border: 0px; vertical-align: middle;\" src=\"https:\/\/www.swisstabletennistest.ch\/wp-content\/uploads\/2012\/12\/pdf.png\" alt=\"pdf\" \/><span class=\"wf_file_text\">Workshop 2 (Mars 2013)<\/span><\/a><\/li>\n<li><a class=\"wf_file\" href=\"https:\/\/www.swisstabletennistest.ch\/wp-content\/uploads\/2019\/06\/Workshop_I_Maerz_13_f.pdf\" target=\"_blank\" rel=\"noopener\"><img decoding=\"async\" width=\"20\" height=\"20\" class=\" size-full wp-image-3202\" style=\"border: 0px; vertical-align: middle;\" src=\"https:\/\/www.swisstabletennistest.ch\/wp-content\/uploads\/2012\/12\/pdf.png\" alt=\"pdf\" \/><span class=\"wf_file_text\">Workshop 1 (Mars 2013)<\/span><\/a><\/li>\n<li><a class=\"wf_file\" href=\"https:\/\/www.swisstabletennistest.ch\/wp-content\/uploads\/2019\/06\/Vorinformation_November_12_fr.pdf\" target=\"_blank\" rel=\"noopener\"><img decoding=\"async\" width=\"20\" height=\"20\" class=\" size-full wp-image-3202\" style=\"border: 0px; vertical-align: middle;\" src=\"https:\/\/www.swisstabletennistest.ch\/wp-content\/uploads\/2012\/12\/pdf.png\" alt=\"pdf\" \/><span class=\"wf_file_text\">Information g\u00e9n\u00e9ral (Novembre 2012)<\/span><\/a><\/li>\n<\/ul>\n","protected":false},"excerpt":{"rendered":"<p>Acc\u00e8s au domaine public et au domaine des clubs Manuels (update 9 juin 2023) 1001-Acc\u00e8s des clubs 1301-Inscriptions des \u00e9quipes&hellip;<\/p>\n","protected":false},"author":16,"featured_media":9064,"parent":0,"menu_order":0,"comment_status":"closed","ping_status":"closed","template":"","meta":{"_monsterinsights_skip_tracking":false,"_monsterinsights_sitenote_active":false,"_monsterinsights_sitenote_note":"","_monsterinsights_sitenote_category":0,"footnotes":""},"class_list":["post-14255","page","type-page","status-publish","has-post-thumbnail","hentry"],"_links":{"self":[{"href":"https:\/\/www.swisstabletennistest.ch\/fr\/wp-json\/wp\/v2\/pages\/14255","targetHints":{"allow":["GET"]}}],"collection":[{"href":"https:\/\/www.swisstabletennistest.ch\/fr\/wp-json\/wp\/v2\/pages"}],"about":[{"href":"https:\/\/www.swisstabletennistest.ch\/fr\/wp-json\/wp\/v2\/types\/page"}],"author":[{"embeddable":true,"href":"https:\/\/www.swisstabletennistest.ch\/fr\/wp-json\/wp\/v2\/users\/16"}],"replies":[{"embeddable":true,"href":"https:\/\/www.swisstabletennistest.ch\/fr\/wp-json\/wp\/v2\/comments?post=14255"}],"version-history":[{"count":0,"href":"https:\/\/www.swisstabletennistest.ch\/fr\/wp-json\/wp\/v2\/pages\/14255\/revisions"}],"wp:featuredmedia":[{"embeddable":true,"href":"https:\/\/www.swisstabletennistest.ch\/fr\/wp-json\/wp\/v2\/media\/9064"}],"wp:attachment":[{"href":"https:\/\/www.swisstabletennistest.ch\/fr\/wp-json\/wp\/v2\/media?parent=14255"}],"curies":[{"name":"wp","href":"https:\/\/api.w.org\/{rel}","templated":true}]}}